{"id":18119,"date":"2025-03-07T09:07:30","date_gmt":"2025-03-07T09:07:36","guid":{"rendered":"https:\/\/www.paytec.eu\/?post_type=product&#038;p=18119"},"modified":"2025-03-12T08:26:19","modified_gmt":"2025-03-12T08:26:19","slug":"four-exe-mdb-10-5-20-50-10pzs","status":"publish","type":"product","link":"https:\/\/www.paytec.eu\/es\/prodotto\/four-exe-mdb-10-5-20-50-10pzs\/","title":{"rendered":"FOUR EXE-MDB 10-5-20-50 &#8211; KIT 10 Pzs."},"content":{"rendered":"<p>El monedero MDB con 4 tubos FOUR ofrece al operador una soluci\u00f3n completa, confiable y conveniente, ideal para ubicaciones donde se requiere una menor variedad de cambio. El producto es robusto y fiable y permite una optimizaci\u00f3n significativa de los costos, de los inversi\u00f3n y del circulante.<\/p>\n<p>Se puede tambi\u00e9n integrar un lector de billetes u otros perif\u00e9ricos cashless, como por ejemplo un lector de tarjetas bancarias o una App de pago. <strong>Se transforma adem\u00e1s en un sistema cashless completosimplemente conectandoun lector de llaves\/tarjetas Caiman<\/strong>.<\/p>\n<p>La <strong>pantalla de serie <\/strong>en el monedero facilita el diagn\u00f3stico.<\/p>\n","protected":false},"excerpt":{"rendered":"<p><strong>Oferta especial: PARTIDAS de 10 piezas con 40% de descuento<\/strong><\/p>\n<p><em>(precio de lista \u20ac545.00)<\/em><\/p>\n<p>***<\/p>\n<p>El monedero FOUR representa el compromiso ideal entre rendimiento y comodidad, garantizando siempre versatilidad y flexibilidad a lo largo del tiempo.<\/p>\n<p>Configuraci\u00f3n tubos: 10-5-20-50<\/p>\n","protected":false},"featured_media":18147,"template":"","meta":[],"product_cat":[151,1099],"product_tag":[],"class_list":["post-18119","product","type-product","status-publish","has-post-thumbnail","hentry","product_cat-occasiones","product_cat-kit10-es"],"acf":[],"yoast_head":"<!-- This site is optimized with the Yoast SEO plugin v21.1 - https:\/\/yoast.com\/wordpress\/plugins\/seo\/ -->\n<title>Monedero MDB a 4 tubos FOUR EXE MDB de Paytec<\/title>\n<meta name=\"description\" content=\"El monedero MDB de cuatro tubos de Paytec es el monedero ideal para instalaciones donde se requiere una menor variedad de resto.\" \/>\n<meta name=\"robots\" content=\"index, follow, max-snippet:-1, max-image-preview:large, max-video-preview:-1\" \/>\n<link rel=\"canonical\" href=\"https:\/\/www.paytec.eu\/es\/prodotto\/four-exe-mdb-10-5-20-50-10pzs\/\" \/>\n<meta property=\"og:locale\" content=\"es_ES\" \/>\n<meta property=\"og:type\" content=\"article\" \/>\n<meta property=\"og:title\" content=\"Monedero MDB a 4 tubos FOUR EXE MDB de Paytec\" \/>\n<meta property=\"og:description\" content=\"El monedero MDB de cuatro tubos de Paytec es el monedero ideal para instalaciones donde se requiere una menor variedad de resto.\" \/>\n<meta property=\"og:url\" content=\"https:\/\/www.paytec.eu\/es\/prodotto\/four-exe-mdb-10-5-20-50-10pzs\/\" \/>\n<meta property=\"og:site_name\" content=\"Paytec\" \/>\n<meta property=\"article:modified_time\" content=\"2025-03-12T08:26:19+00:00\" \/>\n<meta property=\"og:image\" content=\"https:\/\/www.paytec.eu\/wp-content\/uploads\/2025\/03\/kit10four.png\" \/>\n\t<meta property=\"og:image:width\" content=\"539\" \/>\n\t<meta property=\"og:image:height\" content=\"567\" \/>\n\t<meta property=\"og:image:type\" content=\"image\/png\" \/>\n<meta name=\"twitter:card\" content=\"summary_large_image\" \/>\n<meta name=\"twitter:label1\" content=\"Tiempo de lectura\" \/>\n\t<meta name=\"twitter:data1\" content=\"1 minuto\" \/>\n<script type=\"application\/ld+json\" class=\"yoast-schema-graph\">{\"@context\":\"https:\/\/schema.org\",\"@graph\":[{\"@type\":\"WebPage\",\"@id\":\"https:\/\/www.paytec.eu\/es\/prodotto\/four-exe-mdb-10-5-20-50-10pzs\/\",\"url\":\"https:\/\/www.paytec.eu\/es\/prodotto\/four-exe-mdb-10-5-20-50-10pzs\/\",\"name\":\"Monedero MDB a 4 tubos FOUR EXE MDB de Paytec\",\"isPartOf\":{\"@id\":\"https:\/\/www.paytec.eu\/#website\"},\"datePublished\":\"2025-03-07T09:07:36+00:00\",\"dateModified\":\"2025-03-12T08:26:19+00:00\",\"description\":\"El monedero MDB de cuatro tubos de Paytec es el monedero ideal para instalaciones donde se requiere una menor variedad de resto.\",\"breadcrumb\":{\"@id\":\"https:\/\/www.paytec.eu\/es\/prodotto\/four-exe-mdb-10-5-20-50-10pzs\/#breadcrumb\"},\"inLanguage\":\"es\",\"potentialAction\":[{\"@type\":\"ReadAction\",\"target\":[\"https:\/\/www.paytec.eu\/es\/prodotto\/four-exe-mdb-10-5-20-50-10pzs\/\"]}]},{\"@type\":\"BreadcrumbList\",\"@id\":\"https:\/\/www.paytec.eu\/es\/prodotto\/four-exe-mdb-10-5-20-50-10pzs\/#breadcrumb\",\"itemListElement\":[{\"@type\":\"ListItem\",\"position\":1,\"name\":\"Home\",\"item\":\"https:\/\/www.paytec.eu\/es\/\"},{\"@type\":\"ListItem\",\"position\":2,\"name\":\"Tienda\",\"item\":\"https:\/\/www.paytec.eu\/shop\/\"},{\"@type\":\"ListItem\",\"position\":3,\"name\":\"Ocasiones\",\"item\":\"https:\/\/www.paytec.eu\/es\/categoria-prodotto\/occasiones\/\"},{\"@type\":\"ListItem\",\"position\":4,\"name\":\"Kit10_SP\",\"item\":\"https:\/\/www.paytec.eu\/es\/categoria-prodotto\/occasiones\/kit10-es\/\"},{\"@type\":\"ListItem\",\"position\":5,\"name\":\"FOUR EXE-MDB 10-5-20-50 &#8211; KIT 10 Pzs.\"}]},{\"@type\":\"WebSite\",\"@id\":\"https:\/\/www.paytec.eu\/#website\",\"url\":\"https:\/\/www.paytec.eu\/\",\"name\":\"Paytec\",\"description\":\"Smart Payments for Vending\",\"potentialAction\":[{\"@type\":\"SearchAction\",\"target\":{\"@type\":\"EntryPoint\",\"urlTemplate\":\"https:\/\/www.paytec.eu\/?s={search_term_string}\"},\"query-input\":\"required name=search_term_string\"}],\"inLanguage\":\"es\"}]}<\/script>\n<!-- \/ Yoast SEO plugin. -->","yoast_head_json":{"title":"Monedero MDB a 4 tubos FOUR EXE MDB de Paytec","description":"El monedero MDB de cuatro tubos de Paytec es el monedero ideal para instalaciones donde se requiere una menor variedad de resto.","robots":{"index":"index","follow":"follow","max-snippet":"max-snippet:-1","max-image-preview":"max-image-preview:large","max-video-preview":"max-video-preview:-1"},"canonical":"https:\/\/www.paytec.eu\/es\/prodotto\/four-exe-mdb-10-5-20-50-10pzs\/","og_locale":"es_ES","og_type":"article","og_title":"Monedero MDB a 4 tubos FOUR EXE MDB de Paytec","og_description":"El monedero MDB de cuatro tubos de Paytec es el monedero ideal para instalaciones donde se requiere una menor variedad de resto.","og_url":"https:\/\/www.paytec.eu\/es\/prodotto\/four-exe-mdb-10-5-20-50-10pzs\/","og_site_name":"Paytec","article_modified_time":"2025-03-12T08:26:19+00:00","og_image":[{"width":539,"height":567,"url":"https:\/\/www.paytec.eu\/wp-content\/uploads\/2025\/03\/kit10four.png","type":"image\/png"}],"twitter_card":"summary_large_image","twitter_misc":{"Tiempo de lectura":"1 minuto"},"schema":{"@context":"https:\/\/schema.org","@graph":[{"@type":"WebPage","@id":"https:\/\/www.paytec.eu\/es\/prodotto\/four-exe-mdb-10-5-20-50-10pzs\/","url":"https:\/\/www.paytec.eu\/es\/prodotto\/four-exe-mdb-10-5-20-50-10pzs\/","name":"Monedero MDB a 4 tubos FOUR EXE MDB de Paytec","isPartOf":{"@id":"https:\/\/www.paytec.eu\/#website"},"datePublished":"2025-03-07T09:07:36+00:00","dateModified":"2025-03-12T08:26:19+00:00","description":"El monedero MDB de cuatro tubos de Paytec es el monedero ideal para instalaciones donde se requiere una menor variedad de resto.","breadcrumb":{"@id":"https:\/\/www.paytec.eu\/es\/prodotto\/four-exe-mdb-10-5-20-50-10pzs\/#breadcrumb"},"inLanguage":"es","potentialAction":[{"@type":"ReadAction","target":["https:\/\/www.paytec.eu\/es\/prodotto\/four-exe-mdb-10-5-20-50-10pzs\/"]}]},{"@type":"BreadcrumbList","@id":"https:\/\/www.paytec.eu\/es\/prodotto\/four-exe-mdb-10-5-20-50-10pzs\/#breadcrumb","itemListElement":[{"@type":"ListItem","position":1,"name":"Home","item":"https:\/\/www.paytec.eu\/es\/"},{"@type":"ListItem","position":2,"name":"Tienda","item":"https:\/\/www.paytec.eu\/shop\/"},{"@type":"ListItem","position":3,"name":"Ocasiones","item":"https:\/\/www.paytec.eu\/es\/categoria-prodotto\/occasiones\/"},{"@type":"ListItem","position":4,"name":"Kit10_SP","item":"https:\/\/www.paytec.eu\/es\/categoria-prodotto\/occasiones\/kit10-es\/"},{"@type":"ListItem","position":5,"name":"FOUR EXE-MDB 10-5-20-50 &#8211; KIT 10 Pzs."}]},{"@type":"WebSite","@id":"https:\/\/www.paytec.eu\/#website","url":"https:\/\/www.paytec.eu\/","name":"Paytec","description":"Smart Payments for Vending","potentialAction":[{"@type":"SearchAction","target":{"@type":"EntryPoint","urlTemplate":"https:\/\/www.paytec.eu\/?s={search_term_string}"},"query-input":"required name=search_term_string"}],"inLanguage":"es"}]}},"_links":{"self":[{"href":"https:\/\/www.paytec.eu\/es\/wp-json\/wp\/v2\/product\/18119","targetHints":{"allow":["GET"]}}],"collection":[{"href":"https:\/\/www.paytec.eu\/es\/wp-json\/wp\/v2\/product"}],"about":[{"href":"https:\/\/www.paytec.eu\/es\/wp-json\/wp\/v2\/types\/product"}],"wp:featuredmedia":[{"embeddable":true,"href":"https:\/\/www.paytec.eu\/es\/wp-json\/wp\/v2\/media\/18147"}],"wp:attachment":[{"href":"https:\/\/www.paytec.eu\/es\/wp-json\/wp\/v2\/media?parent=18119"}],"wp:term":[{"taxonomy":"product_cat","embeddable":true,"href":"https:\/\/www.paytec.eu\/es\/wp-json\/wp\/v2\/product_cat?post=18119"},{"taxonomy":"product_tag","embeddable":true,"href":"https:\/\/www.paytec.eu\/es\/wp-json\/wp\/v2\/product_tag?post=18119"}],"curies":[{"name":"wp","href":"https:\/\/api.w.org\/{rel}","templated":true}]}}