{"id":19579,"date":"2025-05-23T09:57:24","date_gmt":"2025-05-23T09:57:24","guid":{"rendered":"https:\/\/www.paytec.eu\/prodotto\/paybox-giody\/"},"modified":"2025-05-26T09:21:26","modified_gmt":"2025-05-26T09:21:26","slug":"paybox-giody","status":"publish","type":"product","link":"https:\/\/www.paytec.eu\/es\/prodotto\/paybox-giody\/","title":{"rendered":"PAYBOX GIODY"},"content":{"rendered":"<p>Construida en metal y con un cierre mec\u00e1nico, PayBox es una soluci\u00f3n robusta y est\u00e9ticamente agradable, y se adapta a la gran mayor\u00eda de las m\u00e1quinas disponibles en el mercado.<br \/>\nPayBox es disponible en tres versiones, seg\u00fan el sistema de pago que desee instalar. Dispone de un puerto MDB para la conexi\u00f3n a la m\u00e1quina. Su dise\u00f1o totalmente modular permite colocar el m\u00f3dulo a la derecha o a la izquierda de la m\u00e1quina de caf\u00e9.<\/p>\n<p>PayBox GIODY tiene un panel frontal preparado para la instalaci\u00f3n de un validador Giody. Incluye colector de monedas y pantalla espec\u00edfica.<\/p>\n<p><em>Nota: Sistemas de pago no incluidos<\/em><\/p>\n","protected":false},"excerpt":{"rendered":"<p>Los m\u00f3dulos de pago PayBox se han dise\u00f1ado para ofrecer la opci\u00f3n de pagar con<br \/>\nm\u00e1quinas tabletops y cafeteras superautom\u00e1ticas que no est\u00e1n preparadas para la<br \/>\ninstalaci\u00f3n de un sistema de pago.<\/p>\n","protected":false},"featured_media":19565,"template":"","meta":[],"product_cat":[137],"product_tag":[],"class_list":["post-19579","product","type-product","status-publish","has-post-thumbnail","hentry","product_cat-accesorios-y-repuestos"],"acf":[],"yoast_head":"<!-- This site is optimized with the Yoast SEO plugin v21.1 - https:\/\/yoast.com\/wordpress\/plugins\/seo\/ -->\n<title>PAYBOX GIODY - Paytec<\/title>\n<meta name=\"robots\" content=\"index, follow, max-snippet:-1, max-image-preview:large, max-video-preview:-1\" \/>\n<link rel=\"canonical\" href=\"https:\/\/www.paytec.eu\/fr\/prodotto\/paybox-giody\/\" \/>\n<meta property=\"og:locale\" content=\"es_ES\" \/>\n<meta property=\"og:type\" content=\"article\" \/>\n<meta property=\"og:title\" content=\"PAYBOX GIODY - Paytec\" \/>\n<meta property=\"og:description\" content=\"Los m\u00f3dulos de pago PayBox se han dise\u00f1ado para ofrecer la opci\u00f3n de pagar con m\u00e1quinas tabletops y cafeteras superautom\u00e1ticas que no est\u00e1n preparadas para la instalaci\u00f3n de un sistema de pago.\" \/>\n<meta property=\"og:url\" content=\"https:\/\/www.paytec.eu\/fr\/prodotto\/paybox-giody\/\" \/>\n<meta property=\"og:site_name\" content=\"Paytec\" \/>\n<meta property=\"article:modified_time\" content=\"2025-05-26T09:21:26+00:00\" \/>\n<meta property=\"og:image\" content=\"https:\/\/www.paytec.eu\/wp-content\/uploads\/2025\/05\/paybox_giody.png\" \/>\n\t<meta property=\"og:image:width\" content=\"330\" \/>\n\t<meta property=\"og:image:height\" content=\"460\" \/>\n\t<meta property=\"og:image:type\" content=\"image\/png\" \/>\n<meta name=\"twitter:card\" content=\"summary_large_image\" \/>\n<meta name=\"twitter:label1\" content=\"Tiempo de lectura\" \/>\n\t<meta name=\"twitter:data1\" content=\"1 minuto\" \/>\n<script type=\"application\/ld+json\" class=\"yoast-schema-graph\">{\"@context\":\"https:\/\/schema.org\",\"@graph\":[{\"@type\":\"WebPage\",\"@id\":\"https:\/\/www.paytec.eu\/fr\/prodotto\/paybox-giody\/\",\"url\":\"https:\/\/www.paytec.eu\/fr\/prodotto\/paybox-giody\/\",\"name\":\"PAYBOX GIODY - Paytec\",\"isPartOf\":{\"@id\":\"https:\/\/www.paytec.eu\/#website\"},\"datePublished\":\"2025-05-23T09:57:24+00:00\",\"dateModified\":\"2025-05-26T09:21:26+00:00\",\"breadcrumb\":{\"@id\":\"https:\/\/www.paytec.eu\/fr\/prodotto\/paybox-giody\/#breadcrumb\"},\"inLanguage\":\"es\",\"potentialAction\":[{\"@type\":\"ReadAction\",\"target\":[\"https:\/\/www.paytec.eu\/fr\/prodotto\/paybox-giody\/\"]}]},{\"@type\":\"BreadcrumbList\",\"@id\":\"https:\/\/www.paytec.eu\/fr\/prodotto\/paybox-giody\/#breadcrumb\",\"itemListElement\":[{\"@type\":\"ListItem\",\"position\":1,\"name\":\"Home\",\"item\":\"https:\/\/www.paytec.eu\/es\/\"},{\"@type\":\"ListItem\",\"position\":2,\"name\":\"Tienda\",\"item\":\"https:\/\/www.paytec.eu\/shop\/\"},{\"@type\":\"ListItem\",\"position\":3,\"name\":\"Accesorios y Repuestos\",\"item\":\"https:\/\/www.paytec.eu\/es\/categoria-prodotto\/accesorios-y-repuestos\/\"},{\"@type\":\"ListItem\",\"position\":4,\"name\":\"PAYBOX GIODY\"}]},{\"@type\":\"WebSite\",\"@id\":\"https:\/\/www.paytec.eu\/#website\",\"url\":\"https:\/\/www.paytec.eu\/\",\"name\":\"Paytec\",\"description\":\"Smart Payments for Vending\",\"potentialAction\":[{\"@type\":\"SearchAction\",\"target\":{\"@type\":\"EntryPoint\",\"urlTemplate\":\"https:\/\/www.paytec.eu\/?s={search_term_string}\"},\"query-input\":\"required name=search_term_string\"}],\"inLanguage\":\"es\"}]}<\/script>\n<!-- \/ Yoast SEO plugin. -->","yoast_head_json":{"title":"PAYBOX GIODY - Paytec","robots":{"index":"index","follow":"follow","max-snippet":"max-snippet:-1","max-image-preview":"max-image-preview:large","max-video-preview":"max-video-preview:-1"},"canonical":"https:\/\/www.paytec.eu\/fr\/prodotto\/paybox-giody\/","og_locale":"es_ES","og_type":"article","og_title":"PAYBOX GIODY - Paytec","og_description":"Los m\u00f3dulos de pago PayBox se han dise\u00f1ado para ofrecer la opci\u00f3n de pagar con m\u00e1quinas tabletops y cafeteras superautom\u00e1ticas que no est\u00e1n preparadas para la instalaci\u00f3n de un sistema de pago.","og_url":"https:\/\/www.paytec.eu\/fr\/prodotto\/paybox-giody\/","og_site_name":"Paytec","article_modified_time":"2025-05-26T09:21:26+00:00","og_image":[{"width":330,"height":460,"url":"https:\/\/www.paytec.eu\/wp-content\/uploads\/2025\/05\/paybox_giody.png","type":"image\/png"}],"twitter_card":"summary_large_image","twitter_misc":{"Tiempo de lectura":"1 minuto"},"schema":{"@context":"https:\/\/schema.org","@graph":[{"@type":"WebPage","@id":"https:\/\/www.paytec.eu\/fr\/prodotto\/paybox-giody\/","url":"https:\/\/www.paytec.eu\/fr\/prodotto\/paybox-giody\/","name":"PAYBOX GIODY - Paytec","isPartOf":{"@id":"https:\/\/www.paytec.eu\/#website"},"datePublished":"2025-05-23T09:57:24+00:00","dateModified":"2025-05-26T09:21:26+00:00","breadcrumb":{"@id":"https:\/\/www.paytec.eu\/fr\/prodotto\/paybox-giody\/#breadcrumb"},"inLanguage":"es","potentialAction":[{"@type":"ReadAction","target":["https:\/\/www.paytec.eu\/fr\/prodotto\/paybox-giody\/"]}]},{"@type":"BreadcrumbList","@id":"https:\/\/www.paytec.eu\/fr\/prodotto\/paybox-giody\/#breadcrumb","itemListElement":[{"@type":"ListItem","position":1,"name":"Home","item":"https:\/\/www.paytec.eu\/es\/"},{"@type":"ListItem","position":2,"name":"Tienda","item":"https:\/\/www.paytec.eu\/shop\/"},{"@type":"ListItem","position":3,"name":"Accesorios y Repuestos","item":"https:\/\/www.paytec.eu\/es\/categoria-prodotto\/accesorios-y-repuestos\/"},{"@type":"ListItem","position":4,"name":"PAYBOX GIODY"}]},{"@type":"WebSite","@id":"https:\/\/www.paytec.eu\/#website","url":"https:\/\/www.paytec.eu\/","name":"Paytec","description":"Smart Payments for Vending","potentialAction":[{"@type":"SearchAction","target":{"@type":"EntryPoint","urlTemplate":"https:\/\/www.paytec.eu\/?s={search_term_string}"},"query-input":"required name=search_term_string"}],"inLanguage":"es"}]}},"_links":{"self":[{"href":"https:\/\/www.paytec.eu\/es\/wp-json\/wp\/v2\/product\/19579","targetHints":{"allow":["GET"]}}],"collection":[{"href":"https:\/\/www.paytec.eu\/es\/wp-json\/wp\/v2\/product"}],"about":[{"href":"https:\/\/www.paytec.eu\/es\/wp-json\/wp\/v2\/types\/product"}],"wp:featuredmedia":[{"embeddable":true,"href":"https:\/\/www.paytec.eu\/es\/wp-json\/wp\/v2\/media\/19565"}],"wp:attachment":[{"href":"https:\/\/www.paytec.eu\/es\/wp-json\/wp\/v2\/media?parent=19579"}],"wp:term":[{"taxonomy":"product_cat","embeddable":true,"href":"https:\/\/www.paytec.eu\/es\/wp-json\/wp\/v2\/product_cat?post=19579"},{"taxonomy":"product_tag","embeddable":true,"href":"https:\/\/www.paytec.eu\/es\/wp-json\/wp\/v2\/product_tag?post=19579"}],"curies":[{"name":"wp","href":"https:\/\/api.w.org\/{rel}","templated":true}]}}