{"id":19806,"date":"2025-07-24T13:33:56","date_gmt":"2025-07-24T13:34:03","guid":{"rendered":"https:\/\/www.paytec.eu\/?post_type=product&#038;p=19806"},"modified":"2025-07-25T08:08:49","modified_gmt":"2025-07-25T08:08:49","slug":"sigma","status":"publish","type":"product","link":"https:\/\/www.paytec.eu\/es\/prodotto\/sigma\/","title":{"rendered":"SIGMA"},"content":{"rendered":"<p>Desarrollado con Android 11, SIGMA ofrece una experiencia intuitiva y permite la integraci\u00f3n de nuevas aplicaciones. La pantalla t\u00e1ctil de 5\u201d con certificaci\u00f3n IP65 e IK08 garantiza la resistencia al desgaste y a los agentes clim\u00e1ticos. Gracias a la tecnolog\u00eda PIN-onscreen, permite aceptar todos tipos de transacciones, independientemente del valor.<br \/>\nSIGMA est\u00e1 equipado con conexiones Wi-Fi, 4G y LAN, as\u00ed como con una tarjeta SIM multioperador, lo que garantiza una conectividad estable en cualquier situaci\u00f3n. Trabaja en nivel MDB1 (\u00abcr\u00e9dito primero\u00bb) y MDB3 (\u00abselecci\u00f3n primero\u00bb) y puede funcionar como cashless #1 o #2.<br \/>\nEn combinaci\u00f3n con una unidad central Caiman, tambi\u00e9n permite recargar cr\u00e9dito en llaves\/tarjetas tradicionales, ampliando as\u00ed la oferta de pago a disposici\u00f3n del usuario.<br \/>\nEl proceso de alta online es sencillo y r\u00e1pido, permitiendo la puesta en marcha del terminal en pocos d\u00edas. Un marco de instalaci\u00f3n espec\u00edfico y una antena 4G garantizan la m\u00e1xima flexibilidad. El portal del operador permite una gesti\u00f3n completa de las transacciones, informes personalizados y reembolsos con un solo clic.<\/p>\n","protected":false},"excerpt":{"rendered":"<p>El lector de tarjetas SIGMA es un terminal avanzado para pagos electr\u00f3nicos con tarjetas sin contacto, tarjetas de banda magn\u00e9tica, chips y digitales.<\/p>\n","protected":false},"featured_media":16631,"template":"","meta":[],"product_cat":[171],"product_tag":[],"class_list":["post-19806","product","type-product","status-publish","has-post-thumbnail","hentry","product_cat-digital-es"],"acf":[],"yoast_head":"<!-- This site is optimized with the Yoast SEO plugin v21.1 - https:\/\/yoast.com\/wordpress\/plugins\/seo\/ -->\n<title>Lector de tarjetas bancarias para el Vending SIGMA - Paytec<\/title>\n<meta name=\"description\" content=\"El lector de tarjetas bancarias Paytec SIGMA es un TPV desarrollado espec\u00edficamente para Vending y operativo de forma inmediata.\" \/>\n<meta name=\"robots\" content=\"index, follow, max-snippet:-1, max-image-preview:large, max-video-preview:-1\" \/>\n<link rel=\"canonical\" href=\"https:\/\/www.paytec.eu\/es\/prodotto\/sigma\/\" \/>\n<meta property=\"og:locale\" content=\"es_ES\" \/>\n<meta property=\"og:type\" content=\"article\" \/>\n<meta property=\"og:title\" content=\"Lector de tarjetas bancarias para el Vending SIGMA - Paytec\" \/>\n<meta property=\"og:description\" content=\"El lector de tarjetas bancarias Paytec SIGMA es un TPV desarrollado espec\u00edficamente para Vending y operativo de forma inmediata.\" \/>\n<meta property=\"og:url\" content=\"https:\/\/www.paytec.eu\/es\/prodotto\/sigma\/\" \/>\n<meta property=\"og:site_name\" content=\"Paytec\" \/>\n<meta property=\"article:modified_time\" content=\"2025-07-25T08:08:49+00:00\" \/>\n<meta property=\"og:image\" content=\"https:\/\/www.paytec.eu\/wp-content\/uploads\/2024\/11\/SIGM_standby_EN-1024x817.png\" \/>\n\t<meta property=\"og:image:width\" content=\"1024\" \/>\n\t<meta property=\"og:image:height\" content=\"817\" \/>\n\t<meta property=\"og:image:type\" content=\"image\/png\" \/>\n<meta name=\"twitter:card\" content=\"summary_large_image\" \/>\n<meta name=\"twitter:label1\" content=\"Tiempo de lectura\" \/>\n\t<meta name=\"twitter:data1\" content=\"1 minuto\" \/>\n<script type=\"application\/ld+json\" class=\"yoast-schema-graph\">{\"@context\":\"https:\/\/schema.org\",\"@graph\":[{\"@type\":\"WebPage\",\"@id\":\"https:\/\/www.paytec.eu\/es\/prodotto\/sigma\/\",\"url\":\"https:\/\/www.paytec.eu\/es\/prodotto\/sigma\/\",\"name\":\"Lector de tarjetas bancarias para el Vending SIGMA - Paytec\",\"isPartOf\":{\"@id\":\"https:\/\/www.paytec.eu\/#website\"},\"datePublished\":\"2025-07-24T13:34:03+00:00\",\"dateModified\":\"2025-07-25T08:08:49+00:00\",\"description\":\"El lector de tarjetas bancarias Paytec SIGMA es un TPV desarrollado espec\u00edficamente para Vending y operativo de forma inmediata.\",\"breadcrumb\":{\"@id\":\"https:\/\/www.paytec.eu\/es\/prodotto\/sigma\/#breadcrumb\"},\"inLanguage\":\"es\",\"potentialAction\":[{\"@type\":\"ReadAction\",\"target\":[\"https:\/\/www.paytec.eu\/es\/prodotto\/sigma\/\"]}]},{\"@type\":\"BreadcrumbList\",\"@id\":\"https:\/\/www.paytec.eu\/es\/prodotto\/sigma\/#breadcrumb\",\"itemListElement\":[{\"@type\":\"ListItem\",\"position\":1,\"name\":\"Home\",\"item\":\"https:\/\/www.paytec.eu\/es\/\"},{\"@type\":\"ListItem\",\"position\":2,\"name\":\"Tienda\",\"item\":\"https:\/\/www.paytec.eu\/shop\/\"},{\"@type\":\"ListItem\",\"position\":3,\"name\":\"Digitali\",\"item\":\"https:\/\/www.paytec.eu\/categoria-prodotto\/digitali\/\"},{\"@type\":\"ListItem\",\"position\":4,\"name\":\"SIGMA\"}]},{\"@type\":\"WebSite\",\"@id\":\"https:\/\/www.paytec.eu\/#website\",\"url\":\"https:\/\/www.paytec.eu\/\",\"name\":\"Paytec\",\"description\":\"Smart Payments for Vending\",\"potentialAction\":[{\"@type\":\"SearchAction\",\"target\":{\"@type\":\"EntryPoint\",\"urlTemplate\":\"https:\/\/www.paytec.eu\/?s={search_term_string}\"},\"query-input\":\"required name=search_term_string\"}],\"inLanguage\":\"es\"}]}<\/script>\n<!-- \/ Yoast SEO plugin. -->","yoast_head_json":{"title":"Lector de tarjetas bancarias para el Vending SIGMA - Paytec","description":"El lector de tarjetas bancarias Paytec SIGMA es un TPV desarrollado espec\u00edficamente para Vending y operativo de forma inmediata.","robots":{"index":"index","follow":"follow","max-snippet":"max-snippet:-1","max-image-preview":"max-image-preview:large","max-video-preview":"max-video-preview:-1"},"canonical":"https:\/\/www.paytec.eu\/es\/prodotto\/sigma\/","og_locale":"es_ES","og_type":"article","og_title":"Lector de tarjetas bancarias para el Vending SIGMA - Paytec","og_description":"El lector de tarjetas bancarias Paytec SIGMA es un TPV desarrollado espec\u00edficamente para Vending y operativo de forma inmediata.","og_url":"https:\/\/www.paytec.eu\/es\/prodotto\/sigma\/","og_site_name":"Paytec","article_modified_time":"2025-07-25T08:08:49+00:00","og_image":[{"width":1024,"height":817,"url":"https:\/\/www.paytec.eu\/wp-content\/uploads\/2024\/11\/SIGM_standby_EN-1024x817.png","type":"image\/png"}],"twitter_card":"summary_large_image","twitter_misc":{"Tiempo de lectura":"1 minuto"},"schema":{"@context":"https:\/\/schema.org","@graph":[{"@type":"WebPage","@id":"https:\/\/www.paytec.eu\/es\/prodotto\/sigma\/","url":"https:\/\/www.paytec.eu\/es\/prodotto\/sigma\/","name":"Lector de tarjetas bancarias para el Vending SIGMA - Paytec","isPartOf":{"@id":"https:\/\/www.paytec.eu\/#website"},"datePublished":"2025-07-24T13:34:03+00:00","dateModified":"2025-07-25T08:08:49+00:00","description":"El lector de tarjetas bancarias Paytec SIGMA es un TPV desarrollado espec\u00edficamente para Vending y operativo de forma inmediata.","breadcrumb":{"@id":"https:\/\/www.paytec.eu\/es\/prodotto\/sigma\/#breadcrumb"},"inLanguage":"es","potentialAction":[{"@type":"ReadAction","target":["https:\/\/www.paytec.eu\/es\/prodotto\/sigma\/"]}]},{"@type":"BreadcrumbList","@id":"https:\/\/www.paytec.eu\/es\/prodotto\/sigma\/#breadcrumb","itemListElement":[{"@type":"ListItem","position":1,"name":"Home","item":"https:\/\/www.paytec.eu\/es\/"},{"@type":"ListItem","position":2,"name":"Tienda","item":"https:\/\/www.paytec.eu\/shop\/"},{"@type":"ListItem","position":3,"name":"Digitali","item":"https:\/\/www.paytec.eu\/categoria-prodotto\/digitali\/"},{"@type":"ListItem","position":4,"name":"SIGMA"}]},{"@type":"WebSite","@id":"https:\/\/www.paytec.eu\/#website","url":"https:\/\/www.paytec.eu\/","name":"Paytec","description":"Smart Payments for Vending","potentialAction":[{"@type":"SearchAction","target":{"@type":"EntryPoint","urlTemplate":"https:\/\/www.paytec.eu\/?s={search_term_string}"},"query-input":"required name=search_term_string"}],"inLanguage":"es"}]}},"_links":{"self":[{"href":"https:\/\/www.paytec.eu\/es\/wp-json\/wp\/v2\/product\/19806","targetHints":{"allow":["GET"]}}],"collection":[{"href":"https:\/\/www.paytec.eu\/es\/wp-json\/wp\/v2\/product"}],"about":[{"href":"https:\/\/www.paytec.eu\/es\/wp-json\/wp\/v2\/types\/product"}],"wp:featuredmedia":[{"embeddable":true,"href":"https:\/\/www.paytec.eu\/es\/wp-json\/wp\/v2\/media\/16631"}],"wp:attachment":[{"href":"https:\/\/www.paytec.eu\/es\/wp-json\/wp\/v2\/media?parent=19806"}],"wp:term":[{"taxonomy":"product_cat","embeddable":true,"href":"https:\/\/www.paytec.eu\/es\/wp-json\/wp\/v2\/product_cat?post=19806"},{"taxonomy":"product_tag","embeddable":true,"href":"https:\/\/www.paytec.eu\/es\/wp-json\/wp\/v2\/product_tag?post=19806"}],"curies":[{"name":"wp","href":"https:\/\/api.w.org\/{rel}","templated":true}]}}