{"id":6672,"date":"2021-12-31T17:41:51","date_gmt":"2022-01-03T20:53:27","guid":{"rendered":"https:\/\/www.paytec.eu\/prodotto\/llave-de-datos-128k-negro\/"},"modified":"2023-10-17T13:48:13","modified_gmt":"2023-10-17T13:48:13","slug":"llave-datos-vending","status":"publish","type":"product","link":"https:\/\/www.paytec.eu\/es\/prodotto\/llave-datos-vending\/","title":{"rendered":"LLAVE DE DATOS 128K NEGRO"},"content":{"rendered":"<p>Con 128 Kb de memoria y una bater\u00eda de litio integrada, la Llave de Datos Paytec permite una considerable practicidad y autonom\u00eda en el campo.<br \/>\nLuego, la Llave de Datos es le\u00edda por el programador especial de Caiman, que transfiere los datos a una PC para su posterior procesamiento.<br \/>\nLa recopilaci\u00f3n de datos tambi\u00e9n puede tener lugar en el modo de auditor\u00eda ampliado.<br \/>\nLa Llave de Datos y la Tarjeta de Datos tambi\u00e9n permiten la configuraci\u00f3n de los sistemas Caiman en el campo.<\/p>\n","protected":false},"excerpt":{"rendered":"<p>A trav\u00e9s de la Llave de Datos es posible tomar datos de auditor\u00eda de uno o m\u00e1s sistemas de pago de Caiman PIT.<\/p>\n","protected":false},"featured_media":6127,"template":"","meta":[],"product_cat":[137],"product_tag":[],"class_list":["post-6672","product","type-product","status-publish","has-post-thumbnail","hentry","tipologia-accessorios-cashless-es","product_cat-accesorios-y-repuestos"],"acf":[],"yoast_head":"<!-- This site is optimized with the Yoast SEO plugin v21.1 - https:\/\/yoast.com\/wordpress\/plugins\/seo\/ -->\n<title>Llave de datos para sistemas de pago Paytec<\/title>\n<meta name=\"description\" content=\"La Llave de datos le permite tomar datos de auditor\u00eda de los lectores de llaves instalados en las m\u00e1quinas expendedoras. Disponible en www.paytec.eu.\" \/>\n<meta name=\"robots\" content=\"index, follow, max-snippet:-1, max-image-preview:large, max-video-preview:-1\" \/>\n<link rel=\"canonical\" href=\"https:\/\/www.paytec.eu\/fr\/prodotto\/cle-donnees-vending\/\" \/>\n<meta property=\"og:locale\" content=\"es_ES\" \/>\n<meta property=\"og:type\" content=\"article\" \/>\n<meta property=\"og:title\" content=\"Llave de datos para sistemas de pago Paytec\" \/>\n<meta property=\"og:description\" content=\"La Llave de datos le permite tomar datos de auditor\u00eda de los lectores de llaves instalados en las m\u00e1quinas expendedoras. Disponible en www.paytec.eu.\" \/>\n<meta property=\"og:url\" content=\"https:\/\/www.paytec.eu\/fr\/prodotto\/cle-donnees-vending\/\" \/>\n<meta property=\"og:site_name\" content=\"Paytec\" \/>\n<meta property=\"article:modified_time\" content=\"2023-10-17T13:48:13+00:00\" \/>\n<meta property=\"og:image\" content=\"https:\/\/www.paytec.eu\/wp-content\/uploads\/2021\/12\/data-key-128k-nera.jpg\" \/>\n\t<meta property=\"og:image:width\" content=\"744\" \/>\n\t<meta property=\"og:image:height\" content=\"800\" \/>\n\t<meta property=\"og:image:type\" content=\"image\/jpeg\" \/>\n<meta name=\"twitter:card\" content=\"summary_large_image\" \/>\n<script type=\"application\/ld+json\" class=\"yoast-schema-graph\">{\"@context\":\"https:\/\/schema.org\",\"@graph\":[{\"@type\":\"WebPage\",\"@id\":\"https:\/\/www.paytec.eu\/fr\/prodotto\/cle-donnees-vending\/\",\"url\":\"https:\/\/www.paytec.eu\/fr\/prodotto\/cle-donnees-vending\/\",\"name\":\"Llave de datos para sistemas de pago Paytec\",\"isPartOf\":{\"@id\":\"https:\/\/www.paytec.eu\/#website\"},\"datePublished\":\"2022-01-03T20:53:27+00:00\",\"dateModified\":\"2023-10-17T13:48:13+00:00\",\"description\":\"La Llave de datos le permite tomar datos de auditor\u00eda de los lectores de llaves instalados en las m\u00e1quinas expendedoras. Disponible en www.paytec.eu.\",\"breadcrumb\":{\"@id\":\"https:\/\/www.paytec.eu\/fr\/prodotto\/cle-donnees-vending\/#breadcrumb\"},\"inLanguage\":\"es\",\"potentialAction\":[{\"@type\":\"ReadAction\",\"target\":[\"https:\/\/www.paytec.eu\/fr\/prodotto\/cle-donnees-vending\/\"]}]},{\"@type\":\"BreadcrumbList\",\"@id\":\"https:\/\/www.paytec.eu\/fr\/prodotto\/cle-donnees-vending\/#breadcrumb\",\"itemListElement\":[{\"@type\":\"ListItem\",\"position\":1,\"name\":\"Home\",\"item\":\"https:\/\/www.paytec.eu\/es\/\"},{\"@type\":\"ListItem\",\"position\":2,\"name\":\"Tienda\",\"item\":\"https:\/\/www.paytec.eu\/shop\/\"},{\"@type\":\"ListItem\",\"position\":3,\"name\":\"Accesorios y Repuestos\",\"item\":\"https:\/\/www.paytec.eu\/es\/categoria-prodotto\/accesorios-y-repuestos\/\"},{\"@type\":\"ListItem\",\"position\":4,\"name\":\"LLAVE DE DATOS 128K NEGRO\"}]},{\"@type\":\"WebSite\",\"@id\":\"https:\/\/www.paytec.eu\/#website\",\"url\":\"https:\/\/www.paytec.eu\/\",\"name\":\"Paytec\",\"description\":\"Smart Payments for Vending\",\"potentialAction\":[{\"@type\":\"SearchAction\",\"target\":{\"@type\":\"EntryPoint\",\"urlTemplate\":\"https:\/\/www.paytec.eu\/?s={search_term_string}\"},\"query-input\":\"required name=search_term_string\"}],\"inLanguage\":\"es\"}]}<\/script>\n<!-- \/ Yoast SEO plugin. -->","yoast_head_json":{"title":"Llave de datos para sistemas de pago Paytec","description":"La Llave de datos le permite tomar datos de auditor\u00eda de los lectores de llaves instalados en las m\u00e1quinas expendedoras. Disponible en www.paytec.eu.","robots":{"index":"index","follow":"follow","max-snippet":"max-snippet:-1","max-image-preview":"max-image-preview:large","max-video-preview":"max-video-preview:-1"},"canonical":"https:\/\/www.paytec.eu\/fr\/prodotto\/cle-donnees-vending\/","og_locale":"es_ES","og_type":"article","og_title":"Llave de datos para sistemas de pago Paytec","og_description":"La Llave de datos le permite tomar datos de auditor\u00eda de los lectores de llaves instalados en las m\u00e1quinas expendedoras. Disponible en www.paytec.eu.","og_url":"https:\/\/www.paytec.eu\/fr\/prodotto\/cle-donnees-vending\/","og_site_name":"Paytec","article_modified_time":"2023-10-17T13:48:13+00:00","og_image":[{"width":744,"height":800,"url":"https:\/\/www.paytec.eu\/wp-content\/uploads\/2021\/12\/data-key-128k-nera.jpg","type":"image\/jpeg"}],"twitter_card":"summary_large_image","schema":{"@context":"https:\/\/schema.org","@graph":[{"@type":"WebPage","@id":"https:\/\/www.paytec.eu\/fr\/prodotto\/cle-donnees-vending\/","url":"https:\/\/www.paytec.eu\/fr\/prodotto\/cle-donnees-vending\/","name":"Llave de datos para sistemas de pago Paytec","isPartOf":{"@id":"https:\/\/www.paytec.eu\/#website"},"datePublished":"2022-01-03T20:53:27+00:00","dateModified":"2023-10-17T13:48:13+00:00","description":"La Llave de datos le permite tomar datos de auditor\u00eda de los lectores de llaves instalados en las m\u00e1quinas expendedoras. Disponible en www.paytec.eu.","breadcrumb":{"@id":"https:\/\/www.paytec.eu\/fr\/prodotto\/cle-donnees-vending\/#breadcrumb"},"inLanguage":"es","potentialAction":[{"@type":"ReadAction","target":["https:\/\/www.paytec.eu\/fr\/prodotto\/cle-donnees-vending\/"]}]},{"@type":"BreadcrumbList","@id":"https:\/\/www.paytec.eu\/fr\/prodotto\/cle-donnees-vending\/#breadcrumb","itemListElement":[{"@type":"ListItem","position":1,"name":"Home","item":"https:\/\/www.paytec.eu\/es\/"},{"@type":"ListItem","position":2,"name":"Tienda","item":"https:\/\/www.paytec.eu\/shop\/"},{"@type":"ListItem","position":3,"name":"Accesorios y Repuestos","item":"https:\/\/www.paytec.eu\/es\/categoria-prodotto\/accesorios-y-repuestos\/"},{"@type":"ListItem","position":4,"name":"LLAVE DE DATOS 128K NEGRO"}]},{"@type":"WebSite","@id":"https:\/\/www.paytec.eu\/#website","url":"https:\/\/www.paytec.eu\/","name":"Paytec","description":"Smart Payments for Vending","potentialAction":[{"@type":"SearchAction","target":{"@type":"EntryPoint","urlTemplate":"https:\/\/www.paytec.eu\/?s={search_term_string}"},"query-input":"required name=search_term_string"}],"inLanguage":"es"}]}},"_links":{"self":[{"href":"https:\/\/www.paytec.eu\/es\/wp-json\/wp\/v2\/product\/6672","targetHints":{"allow":["GET"]}}],"collection":[{"href":"https:\/\/www.paytec.eu\/es\/wp-json\/wp\/v2\/product"}],"about":[{"href":"https:\/\/www.paytec.eu\/es\/wp-json\/wp\/v2\/types\/product"}],"wp:featuredmedia":[{"embeddable":true,"href":"https:\/\/www.paytec.eu\/es\/wp-json\/wp\/v2\/media\/6127"}],"wp:attachment":[{"href":"https:\/\/www.paytec.eu\/es\/wp-json\/wp\/v2\/media?parent=6672"}],"wp:term":[{"taxonomy":"product_cat","embeddable":true,"href":"https:\/\/www.paytec.eu\/es\/wp-json\/wp\/v2\/product_cat?post=6672"},{"taxonomy":"product_tag","embeddable":true,"href":"https:\/\/www.paytec.eu\/es\/wp-json\/wp\/v2\/product_tag?post=6672"}],"curies":[{"name":"wp","href":"https:\/\/api.w.org\/{rel}","templated":true}]}}