{"id":6673,"date":"2021-12-31T17:40:03","date_gmt":"2022-01-03T20:54:18","guid":{"rendered":"https:\/\/www.paytec.eu\/prodotto\/cable-de-interfaz-tritech\/"},"modified":"2023-10-17T13:39:07","modified_gmt":"2023-10-17T13:39:07","slug":"cable-tritech","status":"publish","type":"product","link":"https:\/\/www.paytec.eu\/es\/prodotto\/cable-tritech\/","title":{"rendered":"CABLE DE INTERFAZ TRITECH"},"content":{"rendered":"<p>El cable TriTech le permite interconectar las m\u00e1quinas de la familia \u00abTriTech\u00bb producidas por FAS con los sistemas cashless Caiman de Paytec. De esta forma las llaves se cargan con cr\u00e9ditos especiales correspondientes a la trituraci\u00f3n de los vasos, que se pueden canjear posteriormente.<\/p>\n","protected":false},"excerpt":{"rendered":"<p>El cable TriTech permite conectar m\u00e1quinas de la serie \u201cTriTech\u201d de FAS con los sistemas cashless Caiman de Paytec. De esta manera las llaves Paytec se pueden cargar cr\u00e9ditos especiales derivados de la trituraci\u00f3n de los vasos. Los cr\u00e9ditos pueden ser utilizados en un segundo momento para nuevas compras.<\/p>\n","protected":false},"featured_media":6121,"template":"","meta":[],"product_cat":[137],"product_tag":[],"class_list":["post-6673","product","type-product","status-publish","has-post-thumbnail","hentry","tipologia-accessorios-cashless-es","product_cat-accesorios-y-repuestos"],"acf":[],"yoast_head":"<!-- This site is optimized with the Yoast SEO plugin v21.1 - https:\/\/yoast.com\/wordpress\/plugins\/seo\/ -->\n<title>Cable Paytec TriTech para m\u00e1quinas expendedoras FAS<\/title>\n<meta name=\"description\" content=\"El cable TriTech le permite interconectar las m\u00e1quinas expendedoras de la familia FAS &quot;TriTech&quot; con los sistemas cashless Caiman de Paytec.\" \/>\n<meta name=\"robots\" content=\"index, follow, max-snippet:-1, max-image-preview:large, max-video-preview:-1\" \/>\n<link rel=\"canonical\" href=\"https:\/\/www.paytec.eu\/prodotto\/cavo-tritech\/\" \/>\n<meta property=\"og:locale\" content=\"es_ES\" \/>\n<meta property=\"og:type\" content=\"article\" \/>\n<meta property=\"og:title\" content=\"Cable Paytec TriTech para m\u00e1quinas expendedoras FAS\" \/>\n<meta property=\"og:description\" content=\"El cable TriTech le permite interconectar las m\u00e1quinas expendedoras de la familia FAS &quot;TriTech&quot; con los sistemas cashless Caiman de Paytec.\" \/>\n<meta property=\"og:url\" content=\"https:\/\/www.paytec.eu\/prodotto\/cavo-tritech\/\" \/>\n<meta property=\"og:site_name\" content=\"Paytec\" \/>\n<meta property=\"article:modified_time\" content=\"2023-10-17T13:39:07+00:00\" \/>\n<meta property=\"og:image\" content=\"https:\/\/www.paytec.eu\/wp-content\/uploads\/2021\/12\/cavo-interfaccia-tritech.jpg\" \/>\n\t<meta property=\"og:image:width\" content=\"744\" \/>\n\t<meta property=\"og:image:height\" content=\"800\" \/>\n\t<meta property=\"og:image:type\" content=\"image\/jpeg\" \/>\n<meta name=\"twitter:card\" content=\"summary_large_image\" \/>\n<script type=\"application\/ld+json\" class=\"yoast-schema-graph\">{\"@context\":\"https:\/\/schema.org\",\"@graph\":[{\"@type\":\"WebPage\",\"@id\":\"https:\/\/www.paytec.eu\/prodotto\/cavo-tritech\/\",\"url\":\"https:\/\/www.paytec.eu\/prodotto\/cavo-tritech\/\",\"name\":\"Cable Paytec TriTech para m\u00e1quinas expendedoras FAS\",\"isPartOf\":{\"@id\":\"https:\/\/www.paytec.eu\/#website\"},\"datePublished\":\"2022-01-03T20:54:18+00:00\",\"dateModified\":\"2023-10-17T13:39:07+00:00\",\"description\":\"El cable TriTech le permite interconectar las m\u00e1quinas expendedoras de la familia FAS \\\"TriTech\\\" con los sistemas cashless Caiman de Paytec.\",\"breadcrumb\":{\"@id\":\"https:\/\/www.paytec.eu\/prodotto\/cavo-tritech\/#breadcrumb\"},\"inLanguage\":\"es\",\"potentialAction\":[{\"@type\":\"ReadAction\",\"target\":[\"https:\/\/www.paytec.eu\/prodotto\/cavo-tritech\/\"]}]},{\"@type\":\"BreadcrumbList\",\"@id\":\"https:\/\/www.paytec.eu\/prodotto\/cavo-tritech\/#breadcrumb\",\"itemListElement\":[{\"@type\":\"ListItem\",\"position\":1,\"name\":\"Home\",\"item\":\"https:\/\/www.paytec.eu\/es\/\"},{\"@type\":\"ListItem\",\"position\":2,\"name\":\"Tienda\",\"item\":\"https:\/\/www.paytec.eu\/shop\/\"},{\"@type\":\"ListItem\",\"position\":3,\"name\":\"Accesorios y Repuestos\",\"item\":\"https:\/\/www.paytec.eu\/es\/categoria-prodotto\/accesorios-y-repuestos\/\"},{\"@type\":\"ListItem\",\"position\":4,\"name\":\"CABLE DE INTERFAZ TRITECH\"}]},{\"@type\":\"WebSite\",\"@id\":\"https:\/\/www.paytec.eu\/#website\",\"url\":\"https:\/\/www.paytec.eu\/\",\"name\":\"Paytec\",\"description\":\"Smart Payments for Vending\",\"potentialAction\":[{\"@type\":\"SearchAction\",\"target\":{\"@type\":\"EntryPoint\",\"urlTemplate\":\"https:\/\/www.paytec.eu\/?s={search_term_string}\"},\"query-input\":\"required name=search_term_string\"}],\"inLanguage\":\"es\"}]}<\/script>\n<!-- \/ Yoast SEO plugin. -->","yoast_head_json":{"title":"Cable Paytec TriTech para m\u00e1quinas expendedoras FAS","description":"El cable TriTech le permite interconectar las m\u00e1quinas expendedoras de la familia FAS \"TriTech\" con los sistemas cashless Caiman de Paytec.","robots":{"index":"index","follow":"follow","max-snippet":"max-snippet:-1","max-image-preview":"max-image-preview:large","max-video-preview":"max-video-preview:-1"},"canonical":"https:\/\/www.paytec.eu\/prodotto\/cavo-tritech\/","og_locale":"es_ES","og_type":"article","og_title":"Cable Paytec TriTech para m\u00e1quinas expendedoras FAS","og_description":"El cable TriTech le permite interconectar las m\u00e1quinas expendedoras de la familia FAS \"TriTech\" con los sistemas cashless Caiman de Paytec.","og_url":"https:\/\/www.paytec.eu\/prodotto\/cavo-tritech\/","og_site_name":"Paytec","article_modified_time":"2023-10-17T13:39:07+00:00","og_image":[{"width":744,"height":800,"url":"https:\/\/www.paytec.eu\/wp-content\/uploads\/2021\/12\/cavo-interfaccia-tritech.jpg","type":"image\/jpeg"}],"twitter_card":"summary_large_image","schema":{"@context":"https:\/\/schema.org","@graph":[{"@type":"WebPage","@id":"https:\/\/www.paytec.eu\/prodotto\/cavo-tritech\/","url":"https:\/\/www.paytec.eu\/prodotto\/cavo-tritech\/","name":"Cable Paytec TriTech para m\u00e1quinas expendedoras FAS","isPartOf":{"@id":"https:\/\/www.paytec.eu\/#website"},"datePublished":"2022-01-03T20:54:18+00:00","dateModified":"2023-10-17T13:39:07+00:00","description":"El cable TriTech le permite interconectar las m\u00e1quinas expendedoras de la familia FAS \"TriTech\" con los sistemas cashless Caiman de Paytec.","breadcrumb":{"@id":"https:\/\/www.paytec.eu\/prodotto\/cavo-tritech\/#breadcrumb"},"inLanguage":"es","potentialAction":[{"@type":"ReadAction","target":["https:\/\/www.paytec.eu\/prodotto\/cavo-tritech\/"]}]},{"@type":"BreadcrumbList","@id":"https:\/\/www.paytec.eu\/prodotto\/cavo-tritech\/#breadcrumb","itemListElement":[{"@type":"ListItem","position":1,"name":"Home","item":"https:\/\/www.paytec.eu\/es\/"},{"@type":"ListItem","position":2,"name":"Tienda","item":"https:\/\/www.paytec.eu\/shop\/"},{"@type":"ListItem","position":3,"name":"Accesorios y Repuestos","item":"https:\/\/www.paytec.eu\/es\/categoria-prodotto\/accesorios-y-repuestos\/"},{"@type":"ListItem","position":4,"name":"CABLE DE INTERFAZ TRITECH"}]},{"@type":"WebSite","@id":"https:\/\/www.paytec.eu\/#website","url":"https:\/\/www.paytec.eu\/","name":"Paytec","description":"Smart Payments for Vending","potentialAction":[{"@type":"SearchAction","target":{"@type":"EntryPoint","urlTemplate":"https:\/\/www.paytec.eu\/?s={search_term_string}"},"query-input":"required name=search_term_string"}],"inLanguage":"es"}]}},"_links":{"self":[{"href":"https:\/\/www.paytec.eu\/es\/wp-json\/wp\/v2\/product\/6673","targetHints":{"allow":["GET"]}}],"collection":[{"href":"https:\/\/www.paytec.eu\/es\/wp-json\/wp\/v2\/product"}],"about":[{"href":"https:\/\/www.paytec.eu\/es\/wp-json\/wp\/v2\/types\/product"}],"wp:featuredmedia":[{"embeddable":true,"href":"https:\/\/www.paytec.eu\/es\/wp-json\/wp\/v2\/media\/6121"}],"wp:attachment":[{"href":"https:\/\/www.paytec.eu\/es\/wp-json\/wp\/v2\/media?parent=6673"}],"wp:term":[{"taxonomy":"product_cat","embeddable":true,"href":"https:\/\/www.paytec.eu\/es\/wp-json\/wp\/v2\/product_cat?post=6673"},{"taxonomy":"product_tag","embeddable":true,"href":"https:\/\/www.paytec.eu\/es\/wp-json\/wp\/v2\/product_tag?post=6673"}],"curies":[{"name":"wp","href":"https:\/\/api.w.org\/{rel}","templated":true}]}}