{"id":6677,"date":"2021-12-23T16:01:34","date_gmt":"2022-01-03T21:12:15","guid":{"rendered":"https:\/\/www.paytec.eu\/prodotto\/four-plus-mifare-exe-mdb-eur-10-5-20-50\/"},"modified":"2025-06-09T10:23:59","modified_gmt":"2025-06-09T10:23:59","slug":"four-plus-mifare-exe-mdb-eur-10-5-20-50","status":"publish","type":"product","link":"https:\/\/www.paytec.eu\/es\/prodotto\/four-plus-mifare-exe-mdb-eur-10-5-20-50\/","title":{"rendered":"FOUR PLUS MiFare\u00ae"},"content":{"rendered":"<p>La combinaci\u00f3n robusta y confiable del monedero FOUR EXE y el lector cashless Caiman ofrece al operador una soluci\u00f3n completa, ideal para <strong>instalaciones donde se requiere una menor variedad de cambio<\/strong>.<\/p>\n<p>El monedero FOUR EXE de 4 tubos gestiona directamente el lector de llaves\/tarjetas Caiman que lo completa con todas las funciones de un avanzado sistema cashless, permitiendo una lectura\/escritura r\u00e1pida y segura de las llaves Paytec (PIT o Mifare\u00ae). Es posible conectar otros perif\u00e9ricos cashless MDB (p.e. lector de tarjeta de cr\u00e9dito o App de pago), para obtener un sistema de pago a\u00fan m\u00e1s completo.<\/p>\n<p>La <strong>pantalla de serie<\/strong>en el monedero facilita el diagn\u00f3stico.<\/p>\n<p>El sistema Paytec FOUR Plus es <strong>una soluci\u00f3n integrada para el operador que quiere ofrecer una variedad de pago de manera sencilla y eficaz<\/strong>.<\/p>\n","protected":false},"excerpt":{"rendered":"<p>El sistema FOUR Plus permite una optimizaci\u00f3n significativa de costes, inversiones y capital circulante, garantizando al mismo tiempo todas las posibilidades de pago Cash &amp; Cashless.<\/p>\n","protected":false},"featured_media":5995,"template":"","meta":[],"product_cat":[142],"product_tag":[],"class_list":["post-6677","product","type-product","status-publish","has-post-thumbnail","hentry","protocollo-exe-es","protocollo-mdb-es","tipologia-lector-llaves-es","tipologia-master-es","tipologia-monederos-es","pagamento-chiave-es","pagamento-moneta-es","product_cat-cash-es"],"acf":[],"yoast_head":"<!-- This site is optimized with the Yoast SEO plugin v21.1 - https:\/\/yoast.com\/wordpress\/plugins\/seo\/ -->\n<title>Monedero EXE con lector Mifare FOUR PLUS Mifare - Paytec<\/title>\n<meta name=\"description\" content=\"El monedero EXE con lector Mifare FOUR PLUS Mifare combina las ventajas de FOUR con un lector CAIMAN para la lectura\/escritura segura de llaves Paytec\" \/>\n<meta name=\"robots\" content=\"index, follow, max-snippet:-1, max-image-preview:large, max-video-preview:-1\" \/>\n<link rel=\"canonical\" href=\"https:\/\/www.paytec.eu\/es\/prodotto\/four-plus-mifare-exe-mdb-eur-10-5-20-50\/\" \/>\n<meta property=\"og:locale\" content=\"es_ES\" \/>\n<meta property=\"og:type\" content=\"article\" \/>\n<meta property=\"og:title\" content=\"Monedero EXE con lector Mifare FOUR PLUS Mifare - Paytec\" \/>\n<meta property=\"og:description\" content=\"El monedero EXE con lector Mifare FOUR PLUS Mifare combina las ventajas de FOUR con un lector CAIMAN para la lectura\/escritura segura de llaves Paytec\" \/>\n<meta property=\"og:url\" content=\"https:\/\/www.paytec.eu\/es\/prodotto\/four-plus-mifare-exe-mdb-eur-10-5-20-50\/\" \/>\n<meta property=\"og:site_name\" content=\"Paytec\" \/>\n<meta property=\"article:modified_time\" content=\"2025-06-09T10:23:59+00:00\" \/>\n<meta property=\"og:image\" content=\"https:\/\/www.paytec.eu\/wp-content\/uploads\/2021\/12\/four_plus_mifare.png\" \/>\n\t<meta property=\"og:image:width\" content=\"454\" \/>\n\t<meta property=\"og:image:height\" content=\"511\" \/>\n\t<meta property=\"og:image:type\" content=\"image\/png\" \/>\n<meta name=\"twitter:card\" content=\"summary_large_image\" \/>\n<meta name=\"twitter:label1\" content=\"Tiempo de lectura\" \/>\n\t<meta name=\"twitter:data1\" content=\"1 minuto\" \/>\n<script type=\"application\/ld+json\" class=\"yoast-schema-graph\">{\"@context\":\"https:\/\/schema.org\",\"@graph\":[{\"@type\":\"WebPage\",\"@id\":\"https:\/\/www.paytec.eu\/es\/prodotto\/four-plus-mifare-exe-mdb-eur-10-5-20-50\/\",\"url\":\"https:\/\/www.paytec.eu\/es\/prodotto\/four-plus-mifare-exe-mdb-eur-10-5-20-50\/\",\"name\":\"Monedero EXE con lector Mifare FOUR PLUS Mifare - Paytec\",\"isPartOf\":{\"@id\":\"https:\/\/www.paytec.eu\/#website\"},\"datePublished\":\"2022-01-03T21:12:15+00:00\",\"dateModified\":\"2025-06-09T10:23:59+00:00\",\"description\":\"El monedero EXE con lector Mifare FOUR PLUS Mifare combina las ventajas de FOUR con un lector CAIMAN para la lectura\/escritura segura de llaves Paytec\",\"breadcrumb\":{\"@id\":\"https:\/\/www.paytec.eu\/es\/prodotto\/four-plus-mifare-exe-mdb-eur-10-5-20-50\/#breadcrumb\"},\"inLanguage\":\"es\",\"potentialAction\":[{\"@type\":\"ReadAction\",\"target\":[\"https:\/\/www.paytec.eu\/es\/prodotto\/four-plus-mifare-exe-mdb-eur-10-5-20-50\/\"]}]},{\"@type\":\"BreadcrumbList\",\"@id\":\"https:\/\/www.paytec.eu\/es\/prodotto\/four-plus-mifare-exe-mdb-eur-10-5-20-50\/#breadcrumb\",\"itemListElement\":[{\"@type\":\"ListItem\",\"position\":1,\"name\":\"Home\",\"item\":\"https:\/\/www.paytec.eu\/es\/\"},{\"@type\":\"ListItem\",\"position\":2,\"name\":\"Tienda\",\"item\":\"https:\/\/www.paytec.eu\/shop\/\"},{\"@type\":\"ListItem\",\"position\":3,\"name\":\"Cash\",\"item\":\"https:\/\/www.paytec.eu\/categoria-prodotto\/cash\/\"},{\"@type\":\"ListItem\",\"position\":4,\"name\":\"FOUR PLUS MiFare\u00ae\"}]},{\"@type\":\"WebSite\",\"@id\":\"https:\/\/www.paytec.eu\/#website\",\"url\":\"https:\/\/www.paytec.eu\/\",\"name\":\"Paytec\",\"description\":\"Smart Payments for Vending\",\"potentialAction\":[{\"@type\":\"SearchAction\",\"target\":{\"@type\":\"EntryPoint\",\"urlTemplate\":\"https:\/\/www.paytec.eu\/?s={search_term_string}\"},\"query-input\":\"required name=search_term_string\"}],\"inLanguage\":\"es\"}]}<\/script>\n<!-- \/ Yoast SEO plugin. -->","yoast_head_json":{"title":"Monedero EXE con lector Mifare FOUR PLUS Mifare - Paytec","description":"El monedero EXE con lector Mifare FOUR PLUS Mifare combina las ventajas de FOUR con un lector CAIMAN para la lectura\/escritura segura de llaves Paytec","robots":{"index":"index","follow":"follow","max-snippet":"max-snippet:-1","max-image-preview":"max-image-preview:large","max-video-preview":"max-video-preview:-1"},"canonical":"https:\/\/www.paytec.eu\/es\/prodotto\/four-plus-mifare-exe-mdb-eur-10-5-20-50\/","og_locale":"es_ES","og_type":"article","og_title":"Monedero EXE con lector Mifare FOUR PLUS Mifare - Paytec","og_description":"El monedero EXE con lector Mifare FOUR PLUS Mifare combina las ventajas de FOUR con un lector CAIMAN para la lectura\/escritura segura de llaves Paytec","og_url":"https:\/\/www.paytec.eu\/es\/prodotto\/four-plus-mifare-exe-mdb-eur-10-5-20-50\/","og_site_name":"Paytec","article_modified_time":"2025-06-09T10:23:59+00:00","og_image":[{"width":454,"height":511,"url":"https:\/\/www.paytec.eu\/wp-content\/uploads\/2021\/12\/four_plus_mifare.png","type":"image\/png"}],"twitter_card":"summary_large_image","twitter_misc":{"Tiempo de lectura":"1 minuto"},"schema":{"@context":"https:\/\/schema.org","@graph":[{"@type":"WebPage","@id":"https:\/\/www.paytec.eu\/es\/prodotto\/four-plus-mifare-exe-mdb-eur-10-5-20-50\/","url":"https:\/\/www.paytec.eu\/es\/prodotto\/four-plus-mifare-exe-mdb-eur-10-5-20-50\/","name":"Monedero EXE con lector Mifare FOUR PLUS Mifare - Paytec","isPartOf":{"@id":"https:\/\/www.paytec.eu\/#website"},"datePublished":"2022-01-03T21:12:15+00:00","dateModified":"2025-06-09T10:23:59+00:00","description":"El monedero EXE con lector Mifare FOUR PLUS Mifare combina las ventajas de FOUR con un lector CAIMAN para la lectura\/escritura segura de llaves Paytec","breadcrumb":{"@id":"https:\/\/www.paytec.eu\/es\/prodotto\/four-plus-mifare-exe-mdb-eur-10-5-20-50\/#breadcrumb"},"inLanguage":"es","potentialAction":[{"@type":"ReadAction","target":["https:\/\/www.paytec.eu\/es\/prodotto\/four-plus-mifare-exe-mdb-eur-10-5-20-50\/"]}]},{"@type":"BreadcrumbList","@id":"https:\/\/www.paytec.eu\/es\/prodotto\/four-plus-mifare-exe-mdb-eur-10-5-20-50\/#breadcrumb","itemListElement":[{"@type":"ListItem","position":1,"name":"Home","item":"https:\/\/www.paytec.eu\/es\/"},{"@type":"ListItem","position":2,"name":"Tienda","item":"https:\/\/www.paytec.eu\/shop\/"},{"@type":"ListItem","position":3,"name":"Cash","item":"https:\/\/www.paytec.eu\/categoria-prodotto\/cash\/"},{"@type":"ListItem","position":4,"name":"FOUR PLUS MiFare\u00ae"}]},{"@type":"WebSite","@id":"https:\/\/www.paytec.eu\/#website","url":"https:\/\/www.paytec.eu\/","name":"Paytec","description":"Smart Payments for Vending","potentialAction":[{"@type":"SearchAction","target":{"@type":"EntryPoint","urlTemplate":"https:\/\/www.paytec.eu\/?s={search_term_string}"},"query-input":"required name=search_term_string"}],"inLanguage":"es"}]}},"_links":{"self":[{"href":"https:\/\/www.paytec.eu\/es\/wp-json\/wp\/v2\/product\/6677","targetHints":{"allow":["GET"]}}],"collection":[{"href":"https:\/\/www.paytec.eu\/es\/wp-json\/wp\/v2\/product"}],"about":[{"href":"https:\/\/www.paytec.eu\/es\/wp-json\/wp\/v2\/types\/product"}],"wp:featuredmedia":[{"embeddable":true,"href":"https:\/\/www.paytec.eu\/es\/wp-json\/wp\/v2\/media\/5995"}],"wp:attachment":[{"href":"https:\/\/www.paytec.eu\/es\/wp-json\/wp\/v2\/media?parent=6677"}],"wp:term":[{"taxonomy":"product_cat","embeddable":true,"href":"https:\/\/www.paytec.eu\/es\/wp-json\/wp\/v2\/product_cat?post=6677"},{"taxonomy":"product_tag","embeddable":true,"href":"https:\/\/www.paytec.eu\/es\/wp-json\/wp\/v2\/product_tag?post=6677"}],"curies":[{"name":"wp","href":"https:\/\/api.w.org\/{rel}","templated":true}]}}