{"id":6679,"date":"2021-12-23T15:55:03","date_gmt":"2022-01-03T21:14:39","guid":{"rendered":"https:\/\/www.paytec.eu\/prodotto\/eagle-premium-mifare\/"},"modified":"2025-05-08T12:44:16","modified_gmt":"2025-05-08T12:44:16","slug":"master-monedero-6-tubos-mifare","status":"publish","type":"product","link":"https:\/\/www.paytec.eu\/es\/prodotto\/master-monedero-6-tubos-mifare\/","title":{"rendered":"EAGLE Premium Mifare\u00ae"},"content":{"rendered":"<p>El control y la gesti\u00f3n del sistema Eagle Premium Mifare, compuesto por un Master y un monedero de cambio Mifare de 6 tubos, se conf\u00edan a la unidad master Caiman probada que, adem\u00e1s de gestionar directamente la parte cashless a trav\u00e9s del lector Caiman, controla el EAGLE Smart.<\/p>\n<p>De esta forma, <strong>la informaci\u00f3n de auditor\u00eda y configuraci\u00f3n queda almacenada y disponible en la unidad Caiman y no en el monedero<\/strong>.<\/p>\n<p>A su vez <strong>Caiman puede gestionar otros perif\u00e9ricos MDB<\/strong>(como por ejemplo un lector de billetes, un lector de tarjetas bancarias, una aplicaci\u00f3n de pago) para lograr un sistema de pago aun m\u00e1s completo.<\/p>\n<p>El monedero de cambio EAGLE Smart dispone de una consolidada tecnolog\u00eda de discriminaci\u00f3n y separaci\u00f3n de las monedas y de optimizaci\u00f3n del cambio. La versatilidad de la configuraci\u00f3n est\u00e1 garantizada tanto por la caja de tubos extra\u00edble como por los tubos mismos, f\u00e1cilmente sustituibles.<\/p>\n<p>Por su lado, el lector Caiman integrado en el sisteema master con monedero de cambio Mifare de 6 tubos permite una <strong>lectura\/escritura r\u00e1pida y segura de llaves Paytec Mifare\u00ae<\/strong>.<\/p>\n<p>&nbsp;<\/p>\n","protected":false},"excerpt":{"rendered":"<p>El sistema Paytec EAGLE Premium es una soluci\u00f3n integrada y al mismo tiempo f\u00e1cilmente extensible para hacer frente a nuevas demandas del mercado en cuanto a medios de pago.<\/p>\n","protected":false},"featured_media":14623,"template":"","meta":[],"product_cat":[142],"product_tag":[],"class_list":["post-6679","product","type-product","status-publish","has-post-thumbnail","hentry","protocollo-exe-es","protocollo-mdb-es","tipologia-lector-llaves-es","tipologia-master-es","tipologia-monederos-es","pagamento-chiave-es","pagamento-moneta-es","product_cat-cash-es"],"acf":[],"yoast_head":"<!-- This site is optimized with the Yoast SEO plugin v21.1 - https:\/\/yoast.com\/wordpress\/plugins\/seo\/ -->\n<title>Master con monedero de cambio 6 tubos EAGLE PREMIUM MIFARE - Paytec<\/title>\n<meta name=\"description\" content=\"EAGLE Premium Mifare, compuesto por un Master con monedero de cambio Mifare 6 tubos y lector Caiman permite una lectura\/escritura r\u00e1pida y segura de claves Mifare.\" \/>\n<meta name=\"robots\" content=\"index, follow, max-snippet:-1, max-image-preview:large, max-video-preview:-1\" \/>\n<link rel=\"canonical\" href=\"https:\/\/www.paytec.eu\/es\/prodotto\/master-monedero-6-tubos-mifare\/\" \/>\n<meta property=\"og:locale\" content=\"es_ES\" \/>\n<meta property=\"og:type\" content=\"article\" \/>\n<meta property=\"og:title\" content=\"Master con monedero de cambio 6 tubos EAGLE PREMIUM MIFARE - Paytec\" \/>\n<meta property=\"og:description\" content=\"EAGLE Premium Mifare, compuesto por un Master con monedero de cambio Mifare 6 tubos y lector Caiman permite una lectura\/escritura r\u00e1pida y segura de claves Mifare.\" \/>\n<meta property=\"og:url\" content=\"https:\/\/www.paytec.eu\/es\/prodotto\/master-monedero-6-tubos-mifare\/\" \/>\n<meta property=\"og:site_name\" content=\"Paytec\" \/>\n<meta property=\"article:modified_time\" content=\"2025-05-08T12:44:16+00:00\" \/>\n<meta property=\"og:image\" content=\"https:\/\/www.paytec.eu\/wp-content\/uploads\/2021\/12\/Eagle-Premium-mifare2.jpg\" \/>\n\t<meta property=\"og:image:width\" content=\"502\" \/>\n\t<meta property=\"og:image:height\" content=\"506\" \/>\n\t<meta property=\"og:image:type\" content=\"image\/jpeg\" \/>\n<meta name=\"twitter:card\" content=\"summary_large_image\" \/>\n<meta name=\"twitter:label1\" content=\"Tiempo de lectura\" \/>\n\t<meta name=\"twitter:data1\" content=\"1 minuto\" \/>\n<script type=\"application\/ld+json\" class=\"yoast-schema-graph\">{\"@context\":\"https:\/\/schema.org\",\"@graph\":[{\"@type\":\"WebPage\",\"@id\":\"https:\/\/www.paytec.eu\/es\/prodotto\/master-monedero-6-tubos-mifare\/\",\"url\":\"https:\/\/www.paytec.eu\/es\/prodotto\/master-monedero-6-tubos-mifare\/\",\"name\":\"Master con monedero de cambio 6 tubos EAGLE PREMIUM MIFARE - Paytec\",\"isPartOf\":{\"@id\":\"https:\/\/www.paytec.eu\/#website\"},\"datePublished\":\"2022-01-03T21:14:39+00:00\",\"dateModified\":\"2025-05-08T12:44:16+00:00\",\"description\":\"EAGLE Premium Mifare, compuesto por un Master con monedero de cambio Mifare 6 tubos y lector Caiman permite una lectura\/escritura r\u00e1pida y segura de claves Mifare.\",\"breadcrumb\":{\"@id\":\"https:\/\/www.paytec.eu\/es\/prodotto\/master-monedero-6-tubos-mifare\/#breadcrumb\"},\"inLanguage\":\"es\",\"potentialAction\":[{\"@type\":\"ReadAction\",\"target\":[\"https:\/\/www.paytec.eu\/es\/prodotto\/master-monedero-6-tubos-mifare\/\"]}]},{\"@type\":\"BreadcrumbList\",\"@id\":\"https:\/\/www.paytec.eu\/es\/prodotto\/master-monedero-6-tubos-mifare\/#breadcrumb\",\"itemListElement\":[{\"@type\":\"ListItem\",\"position\":1,\"name\":\"Home\",\"item\":\"https:\/\/www.paytec.eu\/es\/\"},{\"@type\":\"ListItem\",\"position\":2,\"name\":\"Tienda\",\"item\":\"https:\/\/www.paytec.eu\/shop\/\"},{\"@type\":\"ListItem\",\"position\":3,\"name\":\"Cash\",\"item\":\"https:\/\/www.paytec.eu\/categoria-prodotto\/cash\/\"},{\"@type\":\"ListItem\",\"position\":4,\"name\":\"EAGLE Premium Mifare\u00ae\"}]},{\"@type\":\"WebSite\",\"@id\":\"https:\/\/www.paytec.eu\/#website\",\"url\":\"https:\/\/www.paytec.eu\/\",\"name\":\"Paytec\",\"description\":\"Smart Payments for Vending\",\"potentialAction\":[{\"@type\":\"SearchAction\",\"target\":{\"@type\":\"EntryPoint\",\"urlTemplate\":\"https:\/\/www.paytec.eu\/?s={search_term_string}\"},\"query-input\":\"required name=search_term_string\"}],\"inLanguage\":\"es\"}]}<\/script>\n<!-- \/ Yoast SEO plugin. -->","yoast_head_json":{"title":"Master con monedero de cambio 6 tubos EAGLE PREMIUM MIFARE - Paytec","description":"EAGLE Premium Mifare, compuesto por un Master con monedero de cambio Mifare 6 tubos y lector Caiman permite una lectura\/escritura r\u00e1pida y segura de claves Mifare.","robots":{"index":"index","follow":"follow","max-snippet":"max-snippet:-1","max-image-preview":"max-image-preview:large","max-video-preview":"max-video-preview:-1"},"canonical":"https:\/\/www.paytec.eu\/es\/prodotto\/master-monedero-6-tubos-mifare\/","og_locale":"es_ES","og_type":"article","og_title":"Master con monedero de cambio 6 tubos EAGLE PREMIUM MIFARE - Paytec","og_description":"EAGLE Premium Mifare, compuesto por un Master con monedero de cambio Mifare 6 tubos y lector Caiman permite una lectura\/escritura r\u00e1pida y segura de claves Mifare.","og_url":"https:\/\/www.paytec.eu\/es\/prodotto\/master-monedero-6-tubos-mifare\/","og_site_name":"Paytec","article_modified_time":"2025-05-08T12:44:16+00:00","og_image":[{"width":502,"height":506,"url":"https:\/\/www.paytec.eu\/wp-content\/uploads\/2021\/12\/Eagle-Premium-mifare2.jpg","type":"image\/jpeg"}],"twitter_card":"summary_large_image","twitter_misc":{"Tiempo de lectura":"1 minuto"},"schema":{"@context":"https:\/\/schema.org","@graph":[{"@type":"WebPage","@id":"https:\/\/www.paytec.eu\/es\/prodotto\/master-monedero-6-tubos-mifare\/","url":"https:\/\/www.paytec.eu\/es\/prodotto\/master-monedero-6-tubos-mifare\/","name":"Master con monedero de cambio 6 tubos EAGLE PREMIUM MIFARE - Paytec","isPartOf":{"@id":"https:\/\/www.paytec.eu\/#website"},"datePublished":"2022-01-03T21:14:39+00:00","dateModified":"2025-05-08T12:44:16+00:00","description":"EAGLE Premium Mifare, compuesto por un Master con monedero de cambio Mifare 6 tubos y lector Caiman permite una lectura\/escritura r\u00e1pida y segura de claves Mifare.","breadcrumb":{"@id":"https:\/\/www.paytec.eu\/es\/prodotto\/master-monedero-6-tubos-mifare\/#breadcrumb"},"inLanguage":"es","potentialAction":[{"@type":"ReadAction","target":["https:\/\/www.paytec.eu\/es\/prodotto\/master-monedero-6-tubos-mifare\/"]}]},{"@type":"BreadcrumbList","@id":"https:\/\/www.paytec.eu\/es\/prodotto\/master-monedero-6-tubos-mifare\/#breadcrumb","itemListElement":[{"@type":"ListItem","position":1,"name":"Home","item":"https:\/\/www.paytec.eu\/es\/"},{"@type":"ListItem","position":2,"name":"Tienda","item":"https:\/\/www.paytec.eu\/shop\/"},{"@type":"ListItem","position":3,"name":"Cash","item":"https:\/\/www.paytec.eu\/categoria-prodotto\/cash\/"},{"@type":"ListItem","position":4,"name":"EAGLE Premium Mifare\u00ae"}]},{"@type":"WebSite","@id":"https:\/\/www.paytec.eu\/#website","url":"https:\/\/www.paytec.eu\/","name":"Paytec","description":"Smart Payments for Vending","potentialAction":[{"@type":"SearchAction","target":{"@type":"EntryPoint","urlTemplate":"https:\/\/www.paytec.eu\/?s={search_term_string}"},"query-input":"required name=search_term_string"}],"inLanguage":"es"}]}},"_links":{"self":[{"href":"https:\/\/www.paytec.eu\/es\/wp-json\/wp\/v2\/product\/6679","targetHints":{"allow":["GET"]}}],"collection":[{"href":"https:\/\/www.paytec.eu\/es\/wp-json\/wp\/v2\/product"}],"about":[{"href":"https:\/\/www.paytec.eu\/es\/wp-json\/wp\/v2\/types\/product"}],"wp:featuredmedia":[{"embeddable":true,"href":"https:\/\/www.paytec.eu\/es\/wp-json\/wp\/v2\/media\/14623"}],"wp:attachment":[{"href":"https:\/\/www.paytec.eu\/es\/wp-json\/wp\/v2\/media?parent=6679"}],"wp:term":[{"taxonomy":"product_cat","embeddable":true,"href":"https:\/\/www.paytec.eu\/es\/wp-json\/wp\/v2\/product_cat?post=6679"},{"taxonomy":"product_tag","embeddable":true,"href":"https:\/\/www.paytec.eu\/es\/wp-json\/wp\/v2\/product_tag?post=6679"}],"curies":[{"name":"wp","href":"https:\/\/api.w.org\/{rel}","templated":true}]}}