{"id":6691,"date":"2021-12-21T14:39:14","date_gmt":"2022-01-03T21:26:49","guid":{"rendered":"https:\/\/www.paytec.eu\/prodotto\/cv3516-eur-12-24-vdc-con-panel-frontal\/"},"modified":"2025-05-08T13:00:49","modified_gmt":"2025-05-08T13:00:49","slug":"validador-de-monedas-cv3516","status":"publish","type":"product","link":"https:\/\/www.paytec.eu\/es\/prodotto\/validador-de-monedas-cv3516\/","title":{"rendered":"CV3516 EUR 12\/24 VDC con panel frontal"},"content":{"rendered":"<p>Las funciones avanzadas del validador de monedas CV3516, incluida la alta velocidad de procesamiento, garantizan altos est\u00e1ndares de eficiencia y seguridad para ofrecer una tecnolog\u00eda de validaci\u00f3n de monedas que cumple con los requisitos m\u00e1s estrictos.<br \/>\nSistemas de anti pesca y anti atasco hacen que el validador de monedas CV3516 sea un dispositivo fiable y seguro. Adem\u00e1s integra una tecnolog\u00eda especifica para reconocer monedas bicolores, caracter\u00edstica necesaria para el Euro y otras divisas. Con la funci\u00f3n de autoaprendizaje es posible programar nuevas monedas y fichas, sin recurrir a herramientas de programaci\u00f3n adicionales. La funci\u00f3n de autodiagn\u00f3stico permite un mantenimiento optimo.<\/p>\n","protected":false},"excerpt":{"rendered":"<p>El selector Paytec <strong>CV3516 <\/strong>integra un innovador sistema de medici\u00f3n de las monedas para asegurar el m\u00e1ximo nivel en cuanto a aceptaci\u00f3n de monedas y rechazo de falsos.<\/p>\n","protected":false},"featured_media":5533,"template":"","meta":[],"product_cat":[142],"product_tag":[],"class_list":["post-6691","product","type-product","status-publish","has-post-thumbnail","hentry","protocollo-estandar-paralelo-12-24vdc-es","tipologia-validador-es","pagamento-moneta-es","product_cat-cash-es"],"acf":[],"yoast_head":"<!-- This site is optimized with the Yoast SEO plugin v21.1 - https:\/\/yoast.com\/wordpress\/plugins\/seo\/ -->\n<title>Validador de monedas CV3516 - Paytec<\/title>\n<meta name=\"description\" content=\"El validador de monedas CV3516 garantiza los m\u00e1s altos niveles de precisi\u00f3n en la aceptaci\u00f3n de monedas y el rechazo de monedas falsas. \u00a1C\u00f3mpralo en paytec.eu!\" \/>\n<meta name=\"robots\" content=\"index, follow, max-snippet:-1, max-image-preview:large, max-video-preview:-1\" \/>\n<link rel=\"canonical\" href=\"https:\/\/www.paytec.eu\/fr\/prodotto\/validateur-de-pieces-cv3516\/\" \/>\n<meta property=\"og:locale\" content=\"es_ES\" \/>\n<meta property=\"og:type\" content=\"article\" \/>\n<meta property=\"og:title\" content=\"Validador de monedas CV3516 - Paytec\" \/>\n<meta property=\"og:description\" content=\"El validador de monedas CV3516 garantiza los m\u00e1s altos niveles de precisi\u00f3n en la aceptaci\u00f3n de monedas y el rechazo de monedas falsas. \u00a1C\u00f3mpralo en paytec.eu!\" \/>\n<meta property=\"og:url\" content=\"https:\/\/www.paytec.eu\/fr\/prodotto\/validateur-de-pieces-cv3516\/\" \/>\n<meta property=\"og:site_name\" content=\"Paytec\" \/>\n<meta property=\"article:modified_time\" content=\"2025-05-08T13:00:49+00:00\" \/>\n<meta property=\"og:image\" content=\"https:\/\/www.paytec.eu\/wp-content\/uploads\/2021\/12\/cv3516-eur-1224-vdc-con-frontalino.jpg\" \/>\n\t<meta property=\"og:image:width\" content=\"744\" \/>\n\t<meta property=\"og:image:height\" content=\"800\" \/>\n\t<meta property=\"og:image:type\" content=\"image\/jpeg\" \/>\n<meta name=\"twitter:card\" content=\"summary_large_image\" \/>\n<meta name=\"twitter:label1\" content=\"Tiempo de lectura\" \/>\n\t<meta name=\"twitter:data1\" content=\"1 minuto\" \/>\n<script type=\"application\/ld+json\" class=\"yoast-schema-graph\">{\"@context\":\"https:\/\/schema.org\",\"@graph\":[{\"@type\":\"WebPage\",\"@id\":\"https:\/\/www.paytec.eu\/fr\/prodotto\/validateur-de-pieces-cv3516\/\",\"url\":\"https:\/\/www.paytec.eu\/fr\/prodotto\/validateur-de-pieces-cv3516\/\",\"name\":\"Validador de monedas CV3516 - Paytec\",\"isPartOf\":{\"@id\":\"https:\/\/www.paytec.eu\/#website\"},\"datePublished\":\"2022-01-03T21:26:49+00:00\",\"dateModified\":\"2025-05-08T13:00:49+00:00\",\"description\":\"El validador de monedas CV3516 garantiza los m\u00e1s altos niveles de precisi\u00f3n en la aceptaci\u00f3n de monedas y el rechazo de monedas falsas. \u00a1C\u00f3mpralo en paytec.eu!\",\"breadcrumb\":{\"@id\":\"https:\/\/www.paytec.eu\/fr\/prodotto\/validateur-de-pieces-cv3516\/#breadcrumb\"},\"inLanguage\":\"es\",\"potentialAction\":[{\"@type\":\"ReadAction\",\"target\":[\"https:\/\/www.paytec.eu\/fr\/prodotto\/validateur-de-pieces-cv3516\/\"]}]},{\"@type\":\"BreadcrumbList\",\"@id\":\"https:\/\/www.paytec.eu\/fr\/prodotto\/validateur-de-pieces-cv3516\/#breadcrumb\",\"itemListElement\":[{\"@type\":\"ListItem\",\"position\":1,\"name\":\"Home\",\"item\":\"https:\/\/www.paytec.eu\/es\/\"},{\"@type\":\"ListItem\",\"position\":2,\"name\":\"Tienda\",\"item\":\"https:\/\/www.paytec.eu\/shop\/\"},{\"@type\":\"ListItem\",\"position\":3,\"name\":\"Cash\",\"item\":\"https:\/\/www.paytec.eu\/es\/categoria-prodotto\/cash-es\/\"},{\"@type\":\"ListItem\",\"position\":4,\"name\":\"CV3516 EUR 12\/24 VDC con panel frontal\"}]},{\"@type\":\"WebSite\",\"@id\":\"https:\/\/www.paytec.eu\/#website\",\"url\":\"https:\/\/www.paytec.eu\/\",\"name\":\"Paytec\",\"description\":\"Smart Payments for Vending\",\"potentialAction\":[{\"@type\":\"SearchAction\",\"target\":{\"@type\":\"EntryPoint\",\"urlTemplate\":\"https:\/\/www.paytec.eu\/?s={search_term_string}\"},\"query-input\":\"required name=search_term_string\"}],\"inLanguage\":\"es\"}]}<\/script>\n<!-- \/ Yoast SEO plugin. -->","yoast_head_json":{"title":"Validador de monedas CV3516 - Paytec","description":"El validador de monedas CV3516 garantiza los m\u00e1s altos niveles de precisi\u00f3n en la aceptaci\u00f3n de monedas y el rechazo de monedas falsas. \u00a1C\u00f3mpralo en paytec.eu!","robots":{"index":"index","follow":"follow","max-snippet":"max-snippet:-1","max-image-preview":"max-image-preview:large","max-video-preview":"max-video-preview:-1"},"canonical":"https:\/\/www.paytec.eu\/fr\/prodotto\/validateur-de-pieces-cv3516\/","og_locale":"es_ES","og_type":"article","og_title":"Validador de monedas CV3516 - Paytec","og_description":"El validador de monedas CV3516 garantiza los m\u00e1s altos niveles de precisi\u00f3n en la aceptaci\u00f3n de monedas y el rechazo de monedas falsas. \u00a1C\u00f3mpralo en paytec.eu!","og_url":"https:\/\/www.paytec.eu\/fr\/prodotto\/validateur-de-pieces-cv3516\/","og_site_name":"Paytec","article_modified_time":"2025-05-08T13:00:49+00:00","og_image":[{"width":744,"height":800,"url":"https:\/\/www.paytec.eu\/wp-content\/uploads\/2021\/12\/cv3516-eur-1224-vdc-con-frontalino.jpg","type":"image\/jpeg"}],"twitter_card":"summary_large_image","twitter_misc":{"Tiempo de lectura":"1 minuto"},"schema":{"@context":"https:\/\/schema.org","@graph":[{"@type":"WebPage","@id":"https:\/\/www.paytec.eu\/fr\/prodotto\/validateur-de-pieces-cv3516\/","url":"https:\/\/www.paytec.eu\/fr\/prodotto\/validateur-de-pieces-cv3516\/","name":"Validador de monedas CV3516 - Paytec","isPartOf":{"@id":"https:\/\/www.paytec.eu\/#website"},"datePublished":"2022-01-03T21:26:49+00:00","dateModified":"2025-05-08T13:00:49+00:00","description":"El validador de monedas CV3516 garantiza los m\u00e1s altos niveles de precisi\u00f3n en la aceptaci\u00f3n de monedas y el rechazo de monedas falsas. \u00a1C\u00f3mpralo en paytec.eu!","breadcrumb":{"@id":"https:\/\/www.paytec.eu\/fr\/prodotto\/validateur-de-pieces-cv3516\/#breadcrumb"},"inLanguage":"es","potentialAction":[{"@type":"ReadAction","target":["https:\/\/www.paytec.eu\/fr\/prodotto\/validateur-de-pieces-cv3516\/"]}]},{"@type":"BreadcrumbList","@id":"https:\/\/www.paytec.eu\/fr\/prodotto\/validateur-de-pieces-cv3516\/#breadcrumb","itemListElement":[{"@type":"ListItem","position":1,"name":"Home","item":"https:\/\/www.paytec.eu\/es\/"},{"@type":"ListItem","position":2,"name":"Tienda","item":"https:\/\/www.paytec.eu\/shop\/"},{"@type":"ListItem","position":3,"name":"Cash","item":"https:\/\/www.paytec.eu\/es\/categoria-prodotto\/cash-es\/"},{"@type":"ListItem","position":4,"name":"CV3516 EUR 12\/24 VDC con panel frontal"}]},{"@type":"WebSite","@id":"https:\/\/www.paytec.eu\/#website","url":"https:\/\/www.paytec.eu\/","name":"Paytec","description":"Smart Payments for Vending","potentialAction":[{"@type":"SearchAction","target":{"@type":"EntryPoint","urlTemplate":"https:\/\/www.paytec.eu\/?s={search_term_string}"},"query-input":"required name=search_term_string"}],"inLanguage":"es"}]}},"_links":{"self":[{"href":"https:\/\/www.paytec.eu\/es\/wp-json\/wp\/v2\/product\/6691","targetHints":{"allow":["GET"]}}],"collection":[{"href":"https:\/\/www.paytec.eu\/es\/wp-json\/wp\/v2\/product"}],"about":[{"href":"https:\/\/www.paytec.eu\/es\/wp-json\/wp\/v2\/types\/product"}],"wp:featuredmedia":[{"embeddable":true,"href":"https:\/\/www.paytec.eu\/es\/wp-json\/wp\/v2\/media\/5533"}],"wp:attachment":[{"href":"https:\/\/www.paytec.eu\/es\/wp-json\/wp\/v2\/media?parent=6691"}],"wp:term":[{"taxonomy":"product_cat","embeddable":true,"href":"https:\/\/www.paytec.eu\/es\/wp-json\/wp\/v2\/product_cat?post=6691"},{"taxonomy":"product_tag","embeddable":true,"href":"https:\/\/www.paytec.eu\/es\/wp-json\/wp\/v2\/product_tag?post=6691"}],"curies":[{"name":"wp","href":"https:\/\/api.w.org\/{rel}","templated":true}]}}