{"id":6693,"date":"2021-12-21T14:35:31","date_gmt":"2022-01-03T21:32:15","guid":{"rendered":"https:\/\/www.paytec.eu\/prodotto\/cv2406-validatore-eur\/"},"modified":"2025-05-08T13:00:22","modified_gmt":"2025-05-08T13:00:22","slug":"selector-cv2406","status":"publish","type":"product","link":"https:\/\/www.paytec.eu\/es\/prodotto\/selector-cv2406\/","title":{"rendered":"CV2406 SELECTOR EUR"},"content":{"rendered":"<p>La versatilidad del selector para el Vending CV2406 se demuestra por su funcionamiento tanto con 12V como con 24V, sus 24 canales monedas programables y su configuraci\u00f3n a trav\u00e9s de Configurador y DIP switch. Se pueden programar monedas y fichas sin la necesidad de otras herramientas. Un adaptador est\u00e1 disponible como opci\u00f3n para que el selector asuma las dimensiones de un monedero de cambio para que sea instalado f\u00e1cilmente en las m\u00e1quinas vending.<\/p>\n","protected":false},"excerpt":{"rendered":"<p>El selector <strong>CV2406 <\/strong>es conocido por su fiabilidad y precisi\u00f3n en la validaci\u00f3n de las monedas.<\/p>\n","protected":false},"featured_media":5525,"template":"","meta":[],"product_cat":[142],"product_tag":[],"class_list":["post-6693","product","type-product","status-publish","has-post-thumbnail","hentry","protocollo-estandar-paralelo-12-24vdc-es","tipologia-validador-es","pagamento-moneta-es","product_cat-cash-es"],"acf":[],"yoast_head":"<!-- This site is optimized with the Yoast SEO plugin v21.1 - https:\/\/yoast.com\/wordpress\/plugins\/seo\/ -->\n<title>Selector de monedas para el Vending CV2406 - Paytec<\/title>\n<meta name=\"description\" content=\"El selector de monedas CV2406 es reconocido por su confiabilidad y precisi\u00f3n en la discriminaci\u00f3n de monedas.\" \/>\n<meta name=\"robots\" content=\"index, follow, max-snippet:-1, max-image-preview:large, max-video-preview:-1\" \/>\n<link rel=\"canonical\" href=\"https:\/\/www.paytec.eu\/fr\/prodotto\/validateur-de-pieces-cv2406\/\" \/>\n<meta property=\"og:locale\" content=\"es_ES\" \/>\n<meta property=\"og:type\" content=\"article\" \/>\n<meta property=\"og:title\" content=\"Selector de monedas para el Vending CV2406 - Paytec\" \/>\n<meta property=\"og:description\" content=\"El selector de monedas CV2406 es reconocido por su confiabilidad y precisi\u00f3n en la discriminaci\u00f3n de monedas.\" \/>\n<meta property=\"og:url\" content=\"https:\/\/www.paytec.eu\/fr\/prodotto\/validateur-de-pieces-cv2406\/\" \/>\n<meta property=\"og:site_name\" content=\"Paytec\" \/>\n<meta property=\"article:modified_time\" content=\"2025-05-08T13:00:22+00:00\" \/>\n<meta property=\"og:image\" content=\"https:\/\/www.paytec.eu\/wp-content\/uploads\/2021\/12\/cv2406-validatore-eur.jpg\" \/>\n\t<meta property=\"og:image:width\" content=\"744\" \/>\n\t<meta property=\"og:image:height\" content=\"800\" \/>\n\t<meta property=\"og:image:type\" content=\"image\/jpeg\" \/>\n<meta name=\"twitter:card\" content=\"summary_large_image\" \/>\n<meta name=\"twitter:label1\" content=\"Tiempo de lectura\" \/>\n\t<meta name=\"twitter:data1\" content=\"1 minuto\" \/>\n<script type=\"application\/ld+json\" class=\"yoast-schema-graph\">{\"@context\":\"https:\/\/schema.org\",\"@graph\":[{\"@type\":\"WebPage\",\"@id\":\"https:\/\/www.paytec.eu\/fr\/prodotto\/validateur-de-pieces-cv2406\/\",\"url\":\"https:\/\/www.paytec.eu\/fr\/prodotto\/validateur-de-pieces-cv2406\/\",\"name\":\"Selector de monedas para el Vending CV2406 - Paytec\",\"isPartOf\":{\"@id\":\"https:\/\/www.paytec.eu\/#website\"},\"datePublished\":\"2022-01-03T21:32:15+00:00\",\"dateModified\":\"2025-05-08T13:00:22+00:00\",\"description\":\"El selector de monedas CV2406 es reconocido por su confiabilidad y precisi\u00f3n en la discriminaci\u00f3n de monedas.\",\"breadcrumb\":{\"@id\":\"https:\/\/www.paytec.eu\/fr\/prodotto\/validateur-de-pieces-cv2406\/#breadcrumb\"},\"inLanguage\":\"es\",\"potentialAction\":[{\"@type\":\"ReadAction\",\"target\":[\"https:\/\/www.paytec.eu\/fr\/prodotto\/validateur-de-pieces-cv2406\/\"]}]},{\"@type\":\"BreadcrumbList\",\"@id\":\"https:\/\/www.paytec.eu\/fr\/prodotto\/validateur-de-pieces-cv2406\/#breadcrumb\",\"itemListElement\":[{\"@type\":\"ListItem\",\"position\":1,\"name\":\"Home\",\"item\":\"https:\/\/www.paytec.eu\/es\/\"},{\"@type\":\"ListItem\",\"position\":2,\"name\":\"Tienda\",\"item\":\"https:\/\/www.paytec.eu\/shop\/\"},{\"@type\":\"ListItem\",\"position\":3,\"name\":\"Cash\",\"item\":\"https:\/\/www.paytec.eu\/es\/categoria-prodotto\/cash-es\/\"},{\"@type\":\"ListItem\",\"position\":4,\"name\":\"CV2406 SELECTOR EUR\"}]},{\"@type\":\"WebSite\",\"@id\":\"https:\/\/www.paytec.eu\/#website\",\"url\":\"https:\/\/www.paytec.eu\/\",\"name\":\"Paytec\",\"description\":\"Smart Payments for Vending\",\"potentialAction\":[{\"@type\":\"SearchAction\",\"target\":{\"@type\":\"EntryPoint\",\"urlTemplate\":\"https:\/\/www.paytec.eu\/?s={search_term_string}\"},\"query-input\":\"required name=search_term_string\"}],\"inLanguage\":\"es\"}]}<\/script>\n<!-- \/ Yoast SEO plugin. -->","yoast_head_json":{"title":"Selector de monedas para el Vending CV2406 - Paytec","description":"El selector de monedas CV2406 es reconocido por su confiabilidad y precisi\u00f3n en la discriminaci\u00f3n de monedas.","robots":{"index":"index","follow":"follow","max-snippet":"max-snippet:-1","max-image-preview":"max-image-preview:large","max-video-preview":"max-video-preview:-1"},"canonical":"https:\/\/www.paytec.eu\/fr\/prodotto\/validateur-de-pieces-cv2406\/","og_locale":"es_ES","og_type":"article","og_title":"Selector de monedas para el Vending CV2406 - Paytec","og_description":"El selector de monedas CV2406 es reconocido por su confiabilidad y precisi\u00f3n en la discriminaci\u00f3n de monedas.","og_url":"https:\/\/www.paytec.eu\/fr\/prodotto\/validateur-de-pieces-cv2406\/","og_site_name":"Paytec","article_modified_time":"2025-05-08T13:00:22+00:00","og_image":[{"width":744,"height":800,"url":"https:\/\/www.paytec.eu\/wp-content\/uploads\/2021\/12\/cv2406-validatore-eur.jpg","type":"image\/jpeg"}],"twitter_card":"summary_large_image","twitter_misc":{"Tiempo de lectura":"1 minuto"},"schema":{"@context":"https:\/\/schema.org","@graph":[{"@type":"WebPage","@id":"https:\/\/www.paytec.eu\/fr\/prodotto\/validateur-de-pieces-cv2406\/","url":"https:\/\/www.paytec.eu\/fr\/prodotto\/validateur-de-pieces-cv2406\/","name":"Selector de monedas para el Vending CV2406 - Paytec","isPartOf":{"@id":"https:\/\/www.paytec.eu\/#website"},"datePublished":"2022-01-03T21:32:15+00:00","dateModified":"2025-05-08T13:00:22+00:00","description":"El selector de monedas CV2406 es reconocido por su confiabilidad y precisi\u00f3n en la discriminaci\u00f3n de monedas.","breadcrumb":{"@id":"https:\/\/www.paytec.eu\/fr\/prodotto\/validateur-de-pieces-cv2406\/#breadcrumb"},"inLanguage":"es","potentialAction":[{"@type":"ReadAction","target":["https:\/\/www.paytec.eu\/fr\/prodotto\/validateur-de-pieces-cv2406\/"]}]},{"@type":"BreadcrumbList","@id":"https:\/\/www.paytec.eu\/fr\/prodotto\/validateur-de-pieces-cv2406\/#breadcrumb","itemListElement":[{"@type":"ListItem","position":1,"name":"Home","item":"https:\/\/www.paytec.eu\/es\/"},{"@type":"ListItem","position":2,"name":"Tienda","item":"https:\/\/www.paytec.eu\/shop\/"},{"@type":"ListItem","position":3,"name":"Cash","item":"https:\/\/www.paytec.eu\/es\/categoria-prodotto\/cash-es\/"},{"@type":"ListItem","position":4,"name":"CV2406 SELECTOR EUR"}]},{"@type":"WebSite","@id":"https:\/\/www.paytec.eu\/#website","url":"https:\/\/www.paytec.eu\/","name":"Paytec","description":"Smart Payments for Vending","potentialAction":[{"@type":"SearchAction","target":{"@type":"EntryPoint","urlTemplate":"https:\/\/www.paytec.eu\/?s={search_term_string}"},"query-input":"required name=search_term_string"}],"inLanguage":"es"}]}},"_links":{"self":[{"href":"https:\/\/www.paytec.eu\/es\/wp-json\/wp\/v2\/product\/6693","targetHints":{"allow":["GET"]}}],"collection":[{"href":"https:\/\/www.paytec.eu\/es\/wp-json\/wp\/v2\/product"}],"about":[{"href":"https:\/\/www.paytec.eu\/es\/wp-json\/wp\/v2\/types\/product"}],"wp:featuredmedia":[{"embeddable":true,"href":"https:\/\/www.paytec.eu\/es\/wp-json\/wp\/v2\/media\/5525"}],"wp:attachment":[{"href":"https:\/\/www.paytec.eu\/es\/wp-json\/wp\/v2\/media?parent=6693"}],"wp:term":[{"taxonomy":"product_cat","embeddable":true,"href":"https:\/\/www.paytec.eu\/es\/wp-json\/wp\/v2\/product_cat?post=6693"},{"taxonomy":"product_tag","embeddable":true,"href":"https:\/\/www.paytec.eu\/es\/wp-json\/wp\/v2\/product_tag?post=6693"}],"curies":[{"name":"wp","href":"https:\/\/api.w.org\/{rel}","templated":true}]}}