{"id":6706,"date":"2021-12-21T14:51:48","date_gmt":"2022-01-03T21:49:40","guid":{"rendered":"https:\/\/www.paytec.eu\/prodotto\/llaves-pit-autoprogrammables\/"},"modified":"2025-05-08T14:09:40","modified_gmt":"2025-05-08T14:09:40","slug":"llaves-pit-autoprogrammables","status":"publish","type":"product","link":"https:\/\/www.paytec.eu\/es\/prodotto\/llaves-pit-autoprogrammables\/","title":{"rendered":"Llaves PIT2 Autoprogrammables"},"content":{"rendered":"<p>Con m\u00e1s de 15 millones de unidades vendidas, las llaves PIT (Transpondedor de identificaci\u00f3n programable) se han convertido en un elemento indispensable para muchos operadores de Vending.<br \/>\nLas funciones de venta disponibles hacen de las llaves una importante herramientas de marketing ya que no solamente facilitan el pago, aumentando as\u00ed las ventas, si no que permiten una mayor fidelizaci\u00f3n de los usuarios con soluciones f\u00e1cilmente configurables (precios diferenciados, ventas gratuitas, cr\u00e9ditos gratuitos, franjas horarias, etc).<br \/>\nLas llaves PIT se caracterizan por la variedad de colores y por su f\u00e1cil personalizaci\u00f3n. Mientras el v\u00e1stago es siempre negro, la empu\u00f1adura est\u00e1 disponible en rojo, verde, amarillo, azul, negro, transparente y naranja transparente.<br \/>\nLas llaves llevan marcado con laser el n\u00famero de serie para ser distinguibles de manera univoca.<br \/>\nBajo petici\u00f3n es posible personalizar la etiqueta adhesiva con el logo del operador o del cliente, proporcionando un elemento adicional de fidelizaci\u00f3n.<br \/>\nLa configuraci\u00f3n de las llaves autoprogrammables se puede realizar con el Programador Caiman PIT o directamente en el sistema de pago gracias al sistema de auto-programaci\u00f3n de la llave en su primera inserci\u00f3n.<\/p>\n","protected":false},"excerpt":{"rendered":"<p>La <strong>tecnolog\u00eda sin contacto PIT patentada por Paytec <\/strong>asegura el m\u00e1ximo control t\u00e9cnico de la soluci\u00f3n, mientras que al mismo tiempo garantiza su confiabilidad, seguridad y versatilidad.<\/p>\n","protected":false},"featured_media":11912,"template":"","meta":[],"product_cat":[407],"product_tag":[],"class_list":["post-6706","product","type-product","status-publish","has-post-thumbnail","hentry","tipologia-llaves-pit-es","pagamento-chiave-es","product_cat-chiavi-carte-es"],"acf":[],"yoast_head":"<!-- This site is optimized with the Yoast SEO plugin v21.1 - https:\/\/yoast.com\/wordpress\/plugins\/seo\/ -->\n<title>Llaves PIT autoprogrammables para el Vending<\/title>\n<meta name=\"description\" content=\"Las llaves PIT autoprogramables utilizan tecnolog\u00eda PIT sin contacto para facilitar los pagos, aumentando las ventas de forma segura y flexible\" \/>\n<meta name=\"robots\" content=\"index, follow, max-snippet:-1, max-image-preview:large, max-video-preview:-1\" \/>\n<link rel=\"canonical\" href=\"https:\/\/www.paytec.eu\/es\/prodotto\/llaves-pit-autoprogrammables\/\" \/>\n<meta property=\"og:locale\" content=\"es_ES\" \/>\n<meta property=\"og:type\" content=\"article\" \/>\n<meta property=\"og:title\" content=\"Llaves PIT autoprogrammables para el Vending\" \/>\n<meta property=\"og:description\" content=\"Las llaves PIT autoprogramables utilizan tecnolog\u00eda PIT sin contacto para facilitar los pagos, aumentando las ventas de forma segura y flexible\" \/>\n<meta property=\"og:url\" content=\"https:\/\/www.paytec.eu\/es\/prodotto\/llaves-pit-autoprogrammables\/\" \/>\n<meta property=\"og:site_name\" content=\"Paytec\" \/>\n<meta property=\"article:modified_time\" content=\"2025-05-08T14:09:40+00:00\" \/>\n<meta property=\"og:image\" content=\"https:\/\/www.paytec.eu\/wp-content\/uploads\/2021\/12\/PIT2-row.png\" \/>\n\t<meta property=\"og:image:width\" content=\"800\" \/>\n\t<meta property=\"og:image:height\" content=\"363\" \/>\n\t<meta property=\"og:image:type\" content=\"image\/png\" \/>\n<meta name=\"twitter:card\" content=\"summary_large_image\" \/>\n<meta name=\"twitter:label1\" content=\"Tiempo de lectura\" \/>\n\t<meta name=\"twitter:data1\" content=\"1 minuto\" \/>\n<script type=\"application\/ld+json\" class=\"yoast-schema-graph\">{\"@context\":\"https:\/\/schema.org\",\"@graph\":[{\"@type\":\"WebPage\",\"@id\":\"https:\/\/www.paytec.eu\/es\/prodotto\/llaves-pit-autoprogrammables\/\",\"url\":\"https:\/\/www.paytec.eu\/es\/prodotto\/llaves-pit-autoprogrammables\/\",\"name\":\"Llaves PIT autoprogrammables para el Vending\",\"isPartOf\":{\"@id\":\"https:\/\/www.paytec.eu\/#website\"},\"datePublished\":\"2022-01-03T21:49:40+00:00\",\"dateModified\":\"2025-05-08T14:09:40+00:00\",\"description\":\"Las llaves PIT autoprogramables utilizan tecnolog\u00eda PIT sin contacto para facilitar los pagos, aumentando las ventas de forma segura y flexible\",\"breadcrumb\":{\"@id\":\"https:\/\/www.paytec.eu\/es\/prodotto\/llaves-pit-autoprogrammables\/#breadcrumb\"},\"inLanguage\":\"es\",\"potentialAction\":[{\"@type\":\"ReadAction\",\"target\":[\"https:\/\/www.paytec.eu\/es\/prodotto\/llaves-pit-autoprogrammables\/\"]}]},{\"@type\":\"BreadcrumbList\",\"@id\":\"https:\/\/www.paytec.eu\/es\/prodotto\/llaves-pit-autoprogrammables\/#breadcrumb\",\"itemListElement\":[{\"@type\":\"ListItem\",\"position\":1,\"name\":\"Home\",\"item\":\"https:\/\/www.paytec.eu\/es\/\"},{\"@type\":\"ListItem\",\"position\":2,\"name\":\"Tienda\",\"item\":\"https:\/\/www.paytec.eu\/shop\/\"},{\"@type\":\"ListItem\",\"position\":3,\"name\":\"Chiavi \/ Carte\",\"item\":\"https:\/\/www.paytec.eu\/categoria-prodotto\/chiavi-carte\/\"},{\"@type\":\"ListItem\",\"position\":4,\"name\":\"Llaves PIT2 Autoprogrammables\"}]},{\"@type\":\"WebSite\",\"@id\":\"https:\/\/www.paytec.eu\/#website\",\"url\":\"https:\/\/www.paytec.eu\/\",\"name\":\"Paytec\",\"description\":\"Smart Payments for Vending\",\"potentialAction\":[{\"@type\":\"SearchAction\",\"target\":{\"@type\":\"EntryPoint\",\"urlTemplate\":\"https:\/\/www.paytec.eu\/?s={search_term_string}\"},\"query-input\":\"required name=search_term_string\"}],\"inLanguage\":\"es\"}]}<\/script>\n<!-- \/ Yoast SEO plugin. -->","yoast_head_json":{"title":"Llaves PIT autoprogrammables para el Vending","description":"Las llaves PIT autoprogramables utilizan tecnolog\u00eda PIT sin contacto para facilitar los pagos, aumentando las ventas de forma segura y flexible","robots":{"index":"index","follow":"follow","max-snippet":"max-snippet:-1","max-image-preview":"max-image-preview:large","max-video-preview":"max-video-preview:-1"},"canonical":"https:\/\/www.paytec.eu\/es\/prodotto\/llaves-pit-autoprogrammables\/","og_locale":"es_ES","og_type":"article","og_title":"Llaves PIT autoprogrammables para el Vending","og_description":"Las llaves PIT autoprogramables utilizan tecnolog\u00eda PIT sin contacto para facilitar los pagos, aumentando las ventas de forma segura y flexible","og_url":"https:\/\/www.paytec.eu\/es\/prodotto\/llaves-pit-autoprogrammables\/","og_site_name":"Paytec","article_modified_time":"2025-05-08T14:09:40+00:00","og_image":[{"url":"https:\/\/www.paytec.eu\/wp-content\/uploads\/2021\/12\/PIT2-row.png","width":800,"height":363,"type":"image\/png"}],"twitter_card":"summary_large_image","twitter_misc":{"Tiempo de lectura":"1 minuto"},"schema":{"@context":"https:\/\/schema.org","@graph":[{"@type":"WebPage","@id":"https:\/\/www.paytec.eu\/es\/prodotto\/llaves-pit-autoprogrammables\/","url":"https:\/\/www.paytec.eu\/es\/prodotto\/llaves-pit-autoprogrammables\/","name":"Llaves PIT autoprogrammables para el Vending","isPartOf":{"@id":"https:\/\/www.paytec.eu\/#website"},"datePublished":"2022-01-03T21:49:40+00:00","dateModified":"2025-05-08T14:09:40+00:00","description":"Las llaves PIT autoprogramables utilizan tecnolog\u00eda PIT sin contacto para facilitar los pagos, aumentando las ventas de forma segura y flexible","breadcrumb":{"@id":"https:\/\/www.paytec.eu\/es\/prodotto\/llaves-pit-autoprogrammables\/#breadcrumb"},"inLanguage":"es","potentialAction":[{"@type":"ReadAction","target":["https:\/\/www.paytec.eu\/es\/prodotto\/llaves-pit-autoprogrammables\/"]}]},{"@type":"BreadcrumbList","@id":"https:\/\/www.paytec.eu\/es\/prodotto\/llaves-pit-autoprogrammables\/#breadcrumb","itemListElement":[{"@type":"ListItem","position":1,"name":"Home","item":"https:\/\/www.paytec.eu\/es\/"},{"@type":"ListItem","position":2,"name":"Tienda","item":"https:\/\/www.paytec.eu\/shop\/"},{"@type":"ListItem","position":3,"name":"Chiavi \/ Carte","item":"https:\/\/www.paytec.eu\/categoria-prodotto\/chiavi-carte\/"},{"@type":"ListItem","position":4,"name":"Llaves PIT2 Autoprogrammables"}]},{"@type":"WebSite","@id":"https:\/\/www.paytec.eu\/#website","url":"https:\/\/www.paytec.eu\/","name":"Paytec","description":"Smart Payments for Vending","potentialAction":[{"@type":"SearchAction","target":{"@type":"EntryPoint","urlTemplate":"https:\/\/www.paytec.eu\/?s={search_term_string}"},"query-input":"required name=search_term_string"}],"inLanguage":"es"}]}},"_links":{"self":[{"href":"https:\/\/www.paytec.eu\/es\/wp-json\/wp\/v2\/product\/6706","targetHints":{"allow":["GET"]}}],"collection":[{"href":"https:\/\/www.paytec.eu\/es\/wp-json\/wp\/v2\/product"}],"about":[{"href":"https:\/\/www.paytec.eu\/es\/wp-json\/wp\/v2\/types\/product"}],"wp:featuredmedia":[{"embeddable":true,"href":"https:\/\/www.paytec.eu\/es\/wp-json\/wp\/v2\/media\/11912"}],"wp:attachment":[{"href":"https:\/\/www.paytec.eu\/es\/wp-json\/wp\/v2\/media?parent=6706"}],"wp:term":[{"taxonomy":"product_cat","embeddable":true,"href":"https:\/\/www.paytec.eu\/es\/wp-json\/wp\/v2\/product_cat?post=6706"},{"taxonomy":"product_tag","embeddable":true,"href":"https:\/\/www.paytec.eu\/es\/wp-json\/wp\/v2\/product_tag?post=6706"}],"curies":[{"name":"wp","href":"https:\/\/api.w.org\/{rel}","templated":true}]}}