{"id":6723,"date":"2021-12-21T14:45:35","date_gmt":"2022-01-03T21:58:28","guid":{"rendered":"https:\/\/www.paytec.eu\/prodotto\/caiman-lite-mifare-mdb-eur\/"},"modified":"2023-10-13T10:20:32","modified_gmt":"2023-10-13T10:20:32","slug":"lector-claves-mifare-mdb","status":"publish","type":"product","link":"https:\/\/www.paytec.eu\/es\/prodotto\/lector-claves-mifare-mdb\/","title":{"rendered":"CAIMAN LITE MIFARE\u00ae MDB EUR"},"content":{"rendered":"<p>El lector de claves Mifare Caiman Lite MDB es reconocido por el mercado por su compacidad y practicidad tanto en el uso como en la instalaci\u00f3n.<br \/>\nCaiman Lite MDB se conecta directamente a la m\u00e1quina expendedora MDB o a cualquier monedero de cambio como un perif\u00e9rico MDB.<br \/>\nAdem\u00e1s de la cl\u00e1sica gesti\u00f3n del cr\u00e9dito presente en las claves\/tarjetas Paytec, el lector de claves Mifare Caim\u00e1n Lite MDB permite la gesti\u00f3n de precios y descuentos diferenciados, la creaci\u00f3n de franjas horarias especificas, la posibilidad de venta gratuita, la gesti\u00f3n de cr\u00e9ditos gratuitos o de un esquema de fidelizaci\u00f3n, as\u00ed como la gesti\u00f3n de una lista negra para claves\/tarjetas a excluir del sistema<br \/>\nCaiman Lite est\u00e1 disponible en una versi\u00f3n para leer\/escribir claves Paytec PIT y en una versi\u00f3n adecuada para leer\/escribir soportes Mifare\u00ae.<\/p>\n<p>&nbsp;<\/p>\n","protected":false},"excerpt":{"rendered":"<p>F\u00e1cil de instalar y programar, la gama Caiman Lite es una soluci\u00f3n ideal para los operadores que desean introducir un sistema cashless en los monederos o expendedoras exclusivamente sin efectivo.<\/p>\n","protected":false},"featured_media":5545,"template":"","meta":[],"product_cat":[143],"product_tag":[],"class_list":["post-6723","product","type-product","status-publish","has-post-thumbnail","hentry","protocollo-mdb-es","tipologia-lector-llaves-es","pagamento-chiave-es","product_cat-cashless-es"],"acf":[],"yoast_head":"<!-- This site is optimized with the Yoast SEO plugin v21.1 - https:\/\/yoast.com\/wordpress\/plugins\/seo\/ -->\n<title>Lector claves Mifare Caiman Lite MDB - Paytec<\/title>\n<meta name=\"description\" content=\"El lector claves Mifare CAIMAN Lite MDB de Paytec es el sistema sin efectivo m\u00e1s conveniente que existe para leer\/escribir claves Mifare.\" \/>\n<meta name=\"robots\" content=\"index, follow, max-snippet:-1, max-image-preview:large, max-video-preview:-1\" \/>\n<link rel=\"canonical\" href=\"https:\/\/www.paytec.eu\/fr\/prodotto\/lecteur-cles-mifare-mdb\/\" \/>\n<meta property=\"og:locale\" content=\"es_ES\" \/>\n<meta property=\"og:type\" content=\"article\" \/>\n<meta property=\"og:title\" content=\"Lector claves Mifare Caiman Lite MDB - Paytec\" \/>\n<meta property=\"og:description\" content=\"El lector claves Mifare CAIMAN Lite MDB de Paytec es el sistema sin efectivo m\u00e1s conveniente que existe para leer\/escribir claves Mifare.\" \/>\n<meta property=\"og:url\" content=\"https:\/\/www.paytec.eu\/fr\/prodotto\/lecteur-cles-mifare-mdb\/\" \/>\n<meta property=\"og:site_name\" content=\"Paytec\" \/>\n<meta property=\"article:modified_time\" content=\"2023-10-13T10:20:32+00:00\" \/>\n<meta property=\"og:image\" content=\"https:\/\/www.paytec.eu\/wp-content\/uploads\/2021\/12\/caiman-lite-mifare-mdb-eur.jpg\" \/>\n\t<meta property=\"og:image:width\" content=\"744\" \/>\n\t<meta property=\"og:image:height\" content=\"800\" \/>\n\t<meta property=\"og:image:type\" content=\"image\/jpeg\" \/>\n<meta name=\"twitter:card\" content=\"summary_large_image\" \/>\n<meta name=\"twitter:label1\" content=\"Tiempo de lectura\" \/>\n\t<meta name=\"twitter:data1\" content=\"1 minuto\" \/>\n<script type=\"application\/ld+json\" class=\"yoast-schema-graph\">{\"@context\":\"https:\/\/schema.org\",\"@graph\":[{\"@type\":\"WebPage\",\"@id\":\"https:\/\/www.paytec.eu\/fr\/prodotto\/lecteur-cles-mifare-mdb\/\",\"url\":\"https:\/\/www.paytec.eu\/fr\/prodotto\/lecteur-cles-mifare-mdb\/\",\"name\":\"Lector claves Mifare Caiman Lite MDB - Paytec\",\"isPartOf\":{\"@id\":\"https:\/\/www.paytec.eu\/#website\"},\"datePublished\":\"2022-01-03T21:58:28+00:00\",\"dateModified\":\"2023-10-13T10:20:32+00:00\",\"description\":\"El lector claves Mifare CAIMAN Lite MDB de Paytec es el sistema sin efectivo m\u00e1s conveniente que existe para leer\/escribir claves Mifare.\",\"breadcrumb\":{\"@id\":\"https:\/\/www.paytec.eu\/fr\/prodotto\/lecteur-cles-mifare-mdb\/#breadcrumb\"},\"inLanguage\":\"es\",\"potentialAction\":[{\"@type\":\"ReadAction\",\"target\":[\"https:\/\/www.paytec.eu\/fr\/prodotto\/lecteur-cles-mifare-mdb\/\"]}]},{\"@type\":\"BreadcrumbList\",\"@id\":\"https:\/\/www.paytec.eu\/fr\/prodotto\/lecteur-cles-mifare-mdb\/#breadcrumb\",\"itemListElement\":[{\"@type\":\"ListItem\",\"position\":1,\"name\":\"Home\",\"item\":\"https:\/\/www.paytec.eu\/es\/\"},{\"@type\":\"ListItem\",\"position\":2,\"name\":\"Tienda\",\"item\":\"https:\/\/www.paytec.eu\/shop\/\"},{\"@type\":\"ListItem\",\"position\":3,\"name\":\"Cashless\",\"item\":\"https:\/\/www.paytec.eu\/es\/categoria-prodotto\/cashless-es\/\"},{\"@type\":\"ListItem\",\"position\":4,\"name\":\"CAIMAN LITE MIFARE\u00ae MDB EUR\"}]},{\"@type\":\"WebSite\",\"@id\":\"https:\/\/www.paytec.eu\/#website\",\"url\":\"https:\/\/www.paytec.eu\/\",\"name\":\"Paytec\",\"description\":\"Smart Payments for Vending\",\"potentialAction\":[{\"@type\":\"SearchAction\",\"target\":{\"@type\":\"EntryPoint\",\"urlTemplate\":\"https:\/\/www.paytec.eu\/?s={search_term_string}\"},\"query-input\":\"required name=search_term_string\"}],\"inLanguage\":\"es\"}]}<\/script>\n<!-- \/ Yoast SEO plugin. -->","yoast_head_json":{"title":"Lector claves Mifare Caiman Lite MDB - Paytec","description":"El lector claves Mifare CAIMAN Lite MDB de Paytec es el sistema sin efectivo m\u00e1s conveniente que existe para leer\/escribir claves Mifare.","robots":{"index":"index","follow":"follow","max-snippet":"max-snippet:-1","max-image-preview":"max-image-preview:large","max-video-preview":"max-video-preview:-1"},"canonical":"https:\/\/www.paytec.eu\/fr\/prodotto\/lecteur-cles-mifare-mdb\/","og_locale":"es_ES","og_type":"article","og_title":"Lector claves Mifare Caiman Lite MDB - Paytec","og_description":"El lector claves Mifare CAIMAN Lite MDB de Paytec es el sistema sin efectivo m\u00e1s conveniente que existe para leer\/escribir claves Mifare.","og_url":"https:\/\/www.paytec.eu\/fr\/prodotto\/lecteur-cles-mifare-mdb\/","og_site_name":"Paytec","article_modified_time":"2023-10-13T10:20:32+00:00","og_image":[{"width":744,"height":800,"url":"https:\/\/www.paytec.eu\/wp-content\/uploads\/2021\/12\/caiman-lite-mifare-mdb-eur.jpg","type":"image\/jpeg"}],"twitter_card":"summary_large_image","twitter_misc":{"Tiempo de lectura":"1 minuto"},"schema":{"@context":"https:\/\/schema.org","@graph":[{"@type":"WebPage","@id":"https:\/\/www.paytec.eu\/fr\/prodotto\/lecteur-cles-mifare-mdb\/","url":"https:\/\/www.paytec.eu\/fr\/prodotto\/lecteur-cles-mifare-mdb\/","name":"Lector claves Mifare Caiman Lite MDB - Paytec","isPartOf":{"@id":"https:\/\/www.paytec.eu\/#website"},"datePublished":"2022-01-03T21:58:28+00:00","dateModified":"2023-10-13T10:20:32+00:00","description":"El lector claves Mifare CAIMAN Lite MDB de Paytec es el sistema sin efectivo m\u00e1s conveniente que existe para leer\/escribir claves Mifare.","breadcrumb":{"@id":"https:\/\/www.paytec.eu\/fr\/prodotto\/lecteur-cles-mifare-mdb\/#breadcrumb"},"inLanguage":"es","potentialAction":[{"@type":"ReadAction","target":["https:\/\/www.paytec.eu\/fr\/prodotto\/lecteur-cles-mifare-mdb\/"]}]},{"@type":"BreadcrumbList","@id":"https:\/\/www.paytec.eu\/fr\/prodotto\/lecteur-cles-mifare-mdb\/#breadcrumb","itemListElement":[{"@type":"ListItem","position":1,"name":"Home","item":"https:\/\/www.paytec.eu\/es\/"},{"@type":"ListItem","position":2,"name":"Tienda","item":"https:\/\/www.paytec.eu\/shop\/"},{"@type":"ListItem","position":3,"name":"Cashless","item":"https:\/\/www.paytec.eu\/es\/categoria-prodotto\/cashless-es\/"},{"@type":"ListItem","position":4,"name":"CAIMAN LITE MIFARE\u00ae MDB EUR"}]},{"@type":"WebSite","@id":"https:\/\/www.paytec.eu\/#website","url":"https:\/\/www.paytec.eu\/","name":"Paytec","description":"Smart Payments for Vending","potentialAction":[{"@type":"SearchAction","target":{"@type":"EntryPoint","urlTemplate":"https:\/\/www.paytec.eu\/?s={search_term_string}"},"query-input":"required name=search_term_string"}],"inLanguage":"es"}]}},"_links":{"self":[{"href":"https:\/\/www.paytec.eu\/es\/wp-json\/wp\/v2\/product\/6723","targetHints":{"allow":["GET"]}}],"collection":[{"href":"https:\/\/www.paytec.eu\/es\/wp-json\/wp\/v2\/product"}],"about":[{"href":"https:\/\/www.paytec.eu\/es\/wp-json\/wp\/v2\/types\/product"}],"wp:featuredmedia":[{"embeddable":true,"href":"https:\/\/www.paytec.eu\/es\/wp-json\/wp\/v2\/media\/5545"}],"wp:attachment":[{"href":"https:\/\/www.paytec.eu\/es\/wp-json\/wp\/v2\/media?parent=6723"}],"wp:term":[{"taxonomy":"product_cat","embeddable":true,"href":"https:\/\/www.paytec.eu\/es\/wp-json\/wp\/v2\/product_cat?post=6723"},{"taxonomy":"product_tag","embeddable":true,"href":"https:\/\/www.paytec.eu\/es\/wp-json\/wp\/v2\/product_tag?post=6723"}],"curies":[{"name":"wp","href":"https:\/\/api.w.org\/{rel}","templated":true}]}}