{"id":6724,"date":"2021-12-21T14:44:03","date_gmt":"2022-01-03T22:00:00","guid":{"rendered":"https:\/\/www.paytec.eu\/prodotto\/caiman-lite-mifare-exe-eur\/"},"modified":"2025-05-08T13:07:17","modified_gmt":"2025-05-08T13:07:17","slug":"lector-llaves-mifare-caiman-exe","status":"publish","type":"product","link":"https:\/\/www.paytec.eu\/es\/prodotto\/lector-llaves-mifare-caiman-exe\/","title":{"rendered":"CAIMAN LITE MIFARE\u00ae EXE EUR"},"content":{"rendered":"<p>El lector de llaves Mifare Caiman Lite EXE es reconocida por el mercado por su <strong>compacidad y practicidad <\/strong>tanto en el uso como en la instalaci\u00f3n.<\/p>\n<p>El sistema opera en modo Price Holding con 100 precios pero tambi\u00e9n puede delegar la gesti\u00f3n de precios a la m\u00e1quina expendedora. Es posible conectar un validador de monedas en modo impulsivo.<\/p>\n<p>Adem\u00e1s de la cl\u00e1sica gesti\u00f3n del cr\u00e9dito presente en las llaves\/tarjetas Paytec, el lector de llaves Mifare Caim\u00e1n Lite EXE permite la gesti\u00f3n de precios y descuentos diferenciados, la creaci\u00f3n de franjas horarias especificas, la posibilidad de venta gratuita, la gesti\u00f3n de cr\u00e9ditos gratuitos o de un esquema de fidelizaci\u00f3n, as\u00ed como la gesti\u00f3n de una lista negra para llaves\/tarjetas a excluir del sistema.<\/p>\n<p>El lector de llaves Caiman Lite est\u00e1 disponible tambi\u00e9n en una versi\u00f3n para leer\/escribir <strong>llaves Paytec PIT<\/strong>.<\/p>\n","protected":false},"excerpt":{"rendered":"<p>La gama cashless <strong>Caiman Lite EXE<\/strong> es reconocida por el mercado por su compacidad y practicidad tanto en el uso como en la instalaci\u00f3n.<\/p>\n","protected":false},"featured_media":5541,"template":"","meta":[],"product_cat":[143],"product_tag":[],"class_list":["post-6724","product","type-product","status-publish","has-post-thumbnail","hentry","protocollo-exe-es","tipologia-lector-llaves-es","tipologia-master-es","pagamento-chiave-es","product_cat-cashless-es"],"acf":[],"yoast_head":"<!-- This site is optimized with the Yoast SEO plugin v21.1 - https:\/\/yoast.com\/wordpress\/plugins\/seo\/ -->\n<title>lector de llaves Mifare CAIMAN EXE - Paytec<\/title>\n<meta name=\"description\" content=\"El lector de llaves Mifare CAIMAN EXE de Paytec es el sistema cashless para lectura\/escritura de llaves Mifare m\u00e1s c\u00f3modo que existe.\" \/>\n<meta name=\"robots\" content=\"index, follow, max-snippet:-1, max-image-preview:large, max-video-preview:-1\" \/>\n<link rel=\"canonical\" href=\"https:\/\/www.paytec.eu\/fr\/prodotto\/lecteur-cles-mifare-caiman-exe\/\" \/>\n<meta property=\"og:locale\" content=\"es_ES\" \/>\n<meta property=\"og:type\" content=\"article\" \/>\n<meta property=\"og:title\" content=\"lector de llaves Mifare CAIMAN EXE - Paytec\" \/>\n<meta property=\"og:description\" content=\"El lector de llaves Mifare CAIMAN EXE de Paytec es el sistema cashless para lectura\/escritura de llaves Mifare m\u00e1s c\u00f3modo que existe.\" \/>\n<meta property=\"og:url\" content=\"https:\/\/www.paytec.eu\/fr\/prodotto\/lecteur-cles-mifare-caiman-exe\/\" \/>\n<meta property=\"og:site_name\" content=\"Paytec\" \/>\n<meta property=\"article:modified_time\" content=\"2025-05-08T13:07:17+00:00\" \/>\n<meta property=\"og:image\" content=\"https:\/\/www.paytec.eu\/wp-content\/uploads\/2021\/12\/caiman-lite-mifare-exe-eur.jpg\" \/>\n\t<meta property=\"og:image:width\" content=\"744\" \/>\n\t<meta property=\"og:image:height\" content=\"800\" \/>\n\t<meta property=\"og:image:type\" content=\"image\/jpeg\" \/>\n<meta name=\"twitter:card\" content=\"summary_large_image\" \/>\n<meta name=\"twitter:label1\" content=\"Tiempo de lectura\" \/>\n\t<meta name=\"twitter:data1\" content=\"1 minuto\" \/>\n<script type=\"application\/ld+json\" class=\"yoast-schema-graph\">{\"@context\":\"https:\/\/schema.org\",\"@graph\":[{\"@type\":\"WebPage\",\"@id\":\"https:\/\/www.paytec.eu\/fr\/prodotto\/lecteur-cles-mifare-caiman-exe\/\",\"url\":\"https:\/\/www.paytec.eu\/fr\/prodotto\/lecteur-cles-mifare-caiman-exe\/\",\"name\":\"lector de llaves Mifare CAIMAN EXE - Paytec\",\"isPartOf\":{\"@id\":\"https:\/\/www.paytec.eu\/#website\"},\"datePublished\":\"2022-01-03T22:00:00+00:00\",\"dateModified\":\"2025-05-08T13:07:17+00:00\",\"description\":\"El lector de llaves Mifare CAIMAN EXE de Paytec es el sistema cashless para lectura\/escritura de llaves Mifare m\u00e1s c\u00f3modo que existe.\",\"breadcrumb\":{\"@id\":\"https:\/\/www.paytec.eu\/fr\/prodotto\/lecteur-cles-mifare-caiman-exe\/#breadcrumb\"},\"inLanguage\":\"es\",\"potentialAction\":[{\"@type\":\"ReadAction\",\"target\":[\"https:\/\/www.paytec.eu\/fr\/prodotto\/lecteur-cles-mifare-caiman-exe\/\"]}]},{\"@type\":\"BreadcrumbList\",\"@id\":\"https:\/\/www.paytec.eu\/fr\/prodotto\/lecteur-cles-mifare-caiman-exe\/#breadcrumb\",\"itemListElement\":[{\"@type\":\"ListItem\",\"position\":1,\"name\":\"Home\",\"item\":\"https:\/\/www.paytec.eu\/es\/\"},{\"@type\":\"ListItem\",\"position\":2,\"name\":\"Tienda\",\"item\":\"https:\/\/www.paytec.eu\/shop\/\"},{\"@type\":\"ListItem\",\"position\":3,\"name\":\"Cashless\",\"item\":\"https:\/\/www.paytec.eu\/es\/categoria-prodotto\/cashless-es\/\"},{\"@type\":\"ListItem\",\"position\":4,\"name\":\"CAIMAN LITE MIFARE\u00ae EXE EUR\"}]},{\"@type\":\"WebSite\",\"@id\":\"https:\/\/www.paytec.eu\/#website\",\"url\":\"https:\/\/www.paytec.eu\/\",\"name\":\"Paytec\",\"description\":\"Smart Payments for Vending\",\"potentialAction\":[{\"@type\":\"SearchAction\",\"target\":{\"@type\":\"EntryPoint\",\"urlTemplate\":\"https:\/\/www.paytec.eu\/?s={search_term_string}\"},\"query-input\":\"required name=search_term_string\"}],\"inLanguage\":\"es\"}]}<\/script>\n<!-- \/ Yoast SEO plugin. -->","yoast_head_json":{"title":"lector de llaves Mifare CAIMAN EXE - Paytec","description":"El lector de llaves Mifare CAIMAN EXE de Paytec es el sistema cashless para lectura\/escritura de llaves Mifare m\u00e1s c\u00f3modo que existe.","robots":{"index":"index","follow":"follow","max-snippet":"max-snippet:-1","max-image-preview":"max-image-preview:large","max-video-preview":"max-video-preview:-1"},"canonical":"https:\/\/www.paytec.eu\/fr\/prodotto\/lecteur-cles-mifare-caiman-exe\/","og_locale":"es_ES","og_type":"article","og_title":"lector de llaves Mifare CAIMAN EXE - Paytec","og_description":"El lector de llaves Mifare CAIMAN EXE de Paytec es el sistema cashless para lectura\/escritura de llaves Mifare m\u00e1s c\u00f3modo que existe.","og_url":"https:\/\/www.paytec.eu\/fr\/prodotto\/lecteur-cles-mifare-caiman-exe\/","og_site_name":"Paytec","article_modified_time":"2025-05-08T13:07:17+00:00","og_image":[{"width":744,"height":800,"url":"https:\/\/www.paytec.eu\/wp-content\/uploads\/2021\/12\/caiman-lite-mifare-exe-eur.jpg","type":"image\/jpeg"}],"twitter_card":"summary_large_image","twitter_misc":{"Tiempo de lectura":"1 minuto"},"schema":{"@context":"https:\/\/schema.org","@graph":[{"@type":"WebPage","@id":"https:\/\/www.paytec.eu\/fr\/prodotto\/lecteur-cles-mifare-caiman-exe\/","url":"https:\/\/www.paytec.eu\/fr\/prodotto\/lecteur-cles-mifare-caiman-exe\/","name":"lector de llaves Mifare CAIMAN EXE - Paytec","isPartOf":{"@id":"https:\/\/www.paytec.eu\/#website"},"datePublished":"2022-01-03T22:00:00+00:00","dateModified":"2025-05-08T13:07:17+00:00","description":"El lector de llaves Mifare CAIMAN EXE de Paytec es el sistema cashless para lectura\/escritura de llaves Mifare m\u00e1s c\u00f3modo que existe.","breadcrumb":{"@id":"https:\/\/www.paytec.eu\/fr\/prodotto\/lecteur-cles-mifare-caiman-exe\/#breadcrumb"},"inLanguage":"es","potentialAction":[{"@type":"ReadAction","target":["https:\/\/www.paytec.eu\/fr\/prodotto\/lecteur-cles-mifare-caiman-exe\/"]}]},{"@type":"BreadcrumbList","@id":"https:\/\/www.paytec.eu\/fr\/prodotto\/lecteur-cles-mifare-caiman-exe\/#breadcrumb","itemListElement":[{"@type":"ListItem","position":1,"name":"Home","item":"https:\/\/www.paytec.eu\/es\/"},{"@type":"ListItem","position":2,"name":"Tienda","item":"https:\/\/www.paytec.eu\/shop\/"},{"@type":"ListItem","position":3,"name":"Cashless","item":"https:\/\/www.paytec.eu\/es\/categoria-prodotto\/cashless-es\/"},{"@type":"ListItem","position":4,"name":"CAIMAN LITE MIFARE\u00ae EXE EUR"}]},{"@type":"WebSite","@id":"https:\/\/www.paytec.eu\/#website","url":"https:\/\/www.paytec.eu\/","name":"Paytec","description":"Smart Payments for Vending","potentialAction":[{"@type":"SearchAction","target":{"@type":"EntryPoint","urlTemplate":"https:\/\/www.paytec.eu\/?s={search_term_string}"},"query-input":"required name=search_term_string"}],"inLanguage":"es"}]}},"_links":{"self":[{"href":"https:\/\/www.paytec.eu\/es\/wp-json\/wp\/v2\/product\/6724","targetHints":{"allow":["GET"]}}],"collection":[{"href":"https:\/\/www.paytec.eu\/es\/wp-json\/wp\/v2\/product"}],"about":[{"href":"https:\/\/www.paytec.eu\/es\/wp-json\/wp\/v2\/types\/product"}],"wp:featuredmedia":[{"embeddable":true,"href":"https:\/\/www.paytec.eu\/es\/wp-json\/wp\/v2\/media\/5541"}],"wp:attachment":[{"href":"https:\/\/www.paytec.eu\/es\/wp-json\/wp\/v2\/media?parent=6724"}],"wp:term":[{"taxonomy":"product_cat","embeddable":true,"href":"https:\/\/www.paytec.eu\/es\/wp-json\/wp\/v2\/product_cat?post=6724"},{"taxonomy":"product_tag","embeddable":true,"href":"https:\/\/www.paytec.eu\/es\/wp-json\/wp\/v2\/product_tag?post=6724"}],"curies":[{"name":"wp","href":"https:\/\/api.w.org\/{rel}","templated":true}]}}