{"id":6725,"date":"2021-12-21T14:42:29","date_gmt":"2022-01-03T22:01:43","guid":{"rendered":"https:\/\/www.paytec.eu\/prodotto\/caiman-lite-mdb-eur\/"},"modified":"2025-05-08T13:26:27","modified_gmt":"2025-05-08T13:26:27","slug":"lector-claves-pit-mdb","status":"publish","type":"product","link":"https:\/\/www.paytec.eu\/es\/prodotto\/lector-claves-pit-mdb\/","title":{"rendered":"CAIMAN LITE MDB EUR"},"content":{"rendered":"<p>El lector claves PIT Caiman Lite MDB es reconocida por el mercado por su <strong>compacidad y practicidad <\/strong>tanto en el uso como en la instalaci\u00f3n.<\/p>\n<p>Caiman Lite MDB conecta directamente a la m\u00e1quina expendedora MDB o a cualquier monedero de cambio como un perif\u00e9rico MDB.<\/p>\n<p>Adem\u00e1s de la cl\u00e1sica gesti\u00f3n del cr\u00e9dito presente en las claves\/tarjetas Paytec, el lector claves PIT Caim\u00e1n Lite MDB permite la gesti\u00f3n de precios y descuentos diferenciados, la creaci\u00f3n de franjas horarias especificas, la posibilidad de venta gratuita, la gesti\u00f3n de cr\u00e9ditos gratuitos o de un esquema de fidelizaci\u00f3n, as\u00ed como la gesti\u00f3n de una lista negra para llaves\/tarjetas a excluir del sistema<\/p>\n<p>Caiman Lite est\u00e1 disponible tambi\u00e9n en una versi\u00f3n para leer\/escribir <strong>claves Paytec Mifare<\/strong><strong>\u00ae<\/strong>.<\/p>\n","protected":false},"excerpt":{"rendered":"<p>F\u00e1cil de instalar y programar, la gama Caiman Lite es una soluci\u00f3n ideal para operadores que quieran introducir un sistema cashless en monederos de cambio o expendedoras exclusivamente cashless.<\/p>\n","protected":false},"featured_media":5537,"template":"","meta":[],"product_cat":[143],"product_tag":[],"class_list":["post-6725","product","type-product","status-publish","has-post-thumbnail","hentry","protocollo-mdb-es","tipologia-lector-llaves-es","pagamento-chiave-es","product_cat-cashless-es"],"acf":[],"yoast_head":"<!-- This site is optimized with the Yoast SEO plugin v21.1 - https:\/\/yoast.com\/wordpress\/plugins\/seo\/ -->\n<title>CAIMAN LITE MDB EUR - Paytec<\/title>\n<meta name=\"robots\" content=\"index, follow, max-snippet:-1, max-image-preview:large, max-video-preview:-1\" \/>\n<link rel=\"canonical\" href=\"https:\/\/www.paytec.eu\/fr\/prodotto\/lecteur-cles-pit-mdb\/\" \/>\n<meta property=\"og:locale\" content=\"es_ES\" \/>\n<meta property=\"og:type\" content=\"article\" \/>\n<meta property=\"og:title\" content=\"CAIMAN LITE MDB EUR - Paytec\" \/>\n<meta property=\"og:description\" content=\"F\u00e1cil de instalar y programar, la gama Caiman Lite es una soluci\u00f3n ideal para operadores que quieran introducir un sistema cashless en monederos de cambio o expendedoras exclusivamente cashless.\" \/>\n<meta property=\"og:url\" content=\"https:\/\/www.paytec.eu\/fr\/prodotto\/lecteur-cles-pit-mdb\/\" \/>\n<meta property=\"og:site_name\" content=\"Paytec\" \/>\n<meta property=\"article:modified_time\" content=\"2025-05-08T13:26:27+00:00\" \/>\n<meta property=\"og:image\" content=\"https:\/\/www.paytec.eu\/wp-content\/uploads\/2021\/12\/caiman-lite-mdb-eur.jpg\" \/>\n\t<meta property=\"og:image:width\" content=\"744\" \/>\n\t<meta property=\"og:image:height\" content=\"800\" \/>\n\t<meta property=\"og:image:type\" content=\"image\/jpeg\" \/>\n<meta name=\"twitter:card\" content=\"summary_large_image\" \/>\n<meta name=\"twitter:label1\" content=\"Tiempo de lectura\" \/>\n\t<meta name=\"twitter:data1\" content=\"1 minuto\" \/>\n<script type=\"application\/ld+json\" class=\"yoast-schema-graph\">{\"@context\":\"https:\/\/schema.org\",\"@graph\":[{\"@type\":\"WebPage\",\"@id\":\"https:\/\/www.paytec.eu\/fr\/prodotto\/lecteur-cles-pit-mdb\/\",\"url\":\"https:\/\/www.paytec.eu\/fr\/prodotto\/lecteur-cles-pit-mdb\/\",\"name\":\"CAIMAN LITE MDB EUR - Paytec\",\"isPartOf\":{\"@id\":\"https:\/\/www.paytec.eu\/#website\"},\"datePublished\":\"2022-01-03T22:01:43+00:00\",\"dateModified\":\"2025-05-08T13:26:27+00:00\",\"breadcrumb\":{\"@id\":\"https:\/\/www.paytec.eu\/fr\/prodotto\/lecteur-cles-pit-mdb\/#breadcrumb\"},\"inLanguage\":\"es\",\"potentialAction\":[{\"@type\":\"ReadAction\",\"target\":[\"https:\/\/www.paytec.eu\/fr\/prodotto\/lecteur-cles-pit-mdb\/\"]}]},{\"@type\":\"BreadcrumbList\",\"@id\":\"https:\/\/www.paytec.eu\/fr\/prodotto\/lecteur-cles-pit-mdb\/#breadcrumb\",\"itemListElement\":[{\"@type\":\"ListItem\",\"position\":1,\"name\":\"Home\",\"item\":\"https:\/\/www.paytec.eu\/es\/\"},{\"@type\":\"ListItem\",\"position\":2,\"name\":\"Tienda\",\"item\":\"https:\/\/www.paytec.eu\/shop\/\"},{\"@type\":\"ListItem\",\"position\":3,\"name\":\"Cashless\",\"item\":\"https:\/\/www.paytec.eu\/es\/categoria-prodotto\/cashless-es\/\"},{\"@type\":\"ListItem\",\"position\":4,\"name\":\"CAIMAN LITE MDB EUR\"}]},{\"@type\":\"WebSite\",\"@id\":\"https:\/\/www.paytec.eu\/#website\",\"url\":\"https:\/\/www.paytec.eu\/\",\"name\":\"Paytec\",\"description\":\"Smart Payments for Vending\",\"potentialAction\":[{\"@type\":\"SearchAction\",\"target\":{\"@type\":\"EntryPoint\",\"urlTemplate\":\"https:\/\/www.paytec.eu\/?s={search_term_string}\"},\"query-input\":\"required name=search_term_string\"}],\"inLanguage\":\"es\"}]}<\/script>\n<!-- \/ Yoast SEO plugin. -->","yoast_head_json":{"title":"CAIMAN LITE MDB EUR - Paytec","robots":{"index":"index","follow":"follow","max-snippet":"max-snippet:-1","max-image-preview":"max-image-preview:large","max-video-preview":"max-video-preview:-1"},"canonical":"https:\/\/www.paytec.eu\/fr\/prodotto\/lecteur-cles-pit-mdb\/","og_locale":"es_ES","og_type":"article","og_title":"CAIMAN LITE MDB EUR - Paytec","og_description":"F\u00e1cil de instalar y programar, la gama Caiman Lite es una soluci\u00f3n ideal para operadores que quieran introducir un sistema cashless en monederos de cambio o expendedoras exclusivamente cashless.","og_url":"https:\/\/www.paytec.eu\/fr\/prodotto\/lecteur-cles-pit-mdb\/","og_site_name":"Paytec","article_modified_time":"2025-05-08T13:26:27+00:00","og_image":[{"width":744,"height":800,"url":"https:\/\/www.paytec.eu\/wp-content\/uploads\/2021\/12\/caiman-lite-mdb-eur.jpg","type":"image\/jpeg"}],"twitter_card":"summary_large_image","twitter_misc":{"Tiempo de lectura":"1 minuto"},"schema":{"@context":"https:\/\/schema.org","@graph":[{"@type":"WebPage","@id":"https:\/\/www.paytec.eu\/fr\/prodotto\/lecteur-cles-pit-mdb\/","url":"https:\/\/www.paytec.eu\/fr\/prodotto\/lecteur-cles-pit-mdb\/","name":"CAIMAN LITE MDB EUR - Paytec","isPartOf":{"@id":"https:\/\/www.paytec.eu\/#website"},"datePublished":"2022-01-03T22:01:43+00:00","dateModified":"2025-05-08T13:26:27+00:00","breadcrumb":{"@id":"https:\/\/www.paytec.eu\/fr\/prodotto\/lecteur-cles-pit-mdb\/#breadcrumb"},"inLanguage":"es","potentialAction":[{"@type":"ReadAction","target":["https:\/\/www.paytec.eu\/fr\/prodotto\/lecteur-cles-pit-mdb\/"]}]},{"@type":"BreadcrumbList","@id":"https:\/\/www.paytec.eu\/fr\/prodotto\/lecteur-cles-pit-mdb\/#breadcrumb","itemListElement":[{"@type":"ListItem","position":1,"name":"Home","item":"https:\/\/www.paytec.eu\/es\/"},{"@type":"ListItem","position":2,"name":"Tienda","item":"https:\/\/www.paytec.eu\/shop\/"},{"@type":"ListItem","position":3,"name":"Cashless","item":"https:\/\/www.paytec.eu\/es\/categoria-prodotto\/cashless-es\/"},{"@type":"ListItem","position":4,"name":"CAIMAN LITE MDB EUR"}]},{"@type":"WebSite","@id":"https:\/\/www.paytec.eu\/#website","url":"https:\/\/www.paytec.eu\/","name":"Paytec","description":"Smart Payments for Vending","potentialAction":[{"@type":"SearchAction","target":{"@type":"EntryPoint","urlTemplate":"https:\/\/www.paytec.eu\/?s={search_term_string}"},"query-input":"required name=search_term_string"}],"inLanguage":"es"}]}},"_links":{"self":[{"href":"https:\/\/www.paytec.eu\/es\/wp-json\/wp\/v2\/product\/6725","targetHints":{"allow":["GET"]}}],"collection":[{"href":"https:\/\/www.paytec.eu\/es\/wp-json\/wp\/v2\/product"}],"about":[{"href":"https:\/\/www.paytec.eu\/es\/wp-json\/wp\/v2\/types\/product"}],"wp:featuredmedia":[{"embeddable":true,"href":"https:\/\/www.paytec.eu\/es\/wp-json\/wp\/v2\/media\/5537"}],"wp:attachment":[{"href":"https:\/\/www.paytec.eu\/es\/wp-json\/wp\/v2\/media?parent=6725"}],"wp:term":[{"taxonomy":"product_cat","embeddable":true,"href":"https:\/\/www.paytec.eu\/es\/wp-json\/wp\/v2\/product_cat?post=6725"},{"taxonomy":"product_tag","embeddable":true,"href":"https:\/\/www.paytec.eu\/es\/wp-json\/wp\/v2\/product_tag?post=6725"}],"curies":[{"name":"wp","href":"https:\/\/api.w.org\/{rel}","templated":true}]}}