{"id":6734,"date":"2021-12-31T17:28:56","date_gmt":"2022-01-03T22:10:04","guid":{"rendered":"https:\/\/www.paytec.eu\/prodotto\/frontal-lector-billetes-tornillos-kit-5-piezas\/"},"modified":"2023-10-17T12:48:27","modified_gmt":"2023-10-17T12:48:27","slug":"frontal-lector-billetes-tornillos-kit-5-pz-2","status":"publish","type":"product","link":"https:\/\/www.paytec.eu\/es\/prodotto\/frontal-lector-billetes-tornillos-kit-5-pz-2\/","title":{"rendered":"FRONTAL LECTOR BILLETES + TORNILLOS (KIT 5 PIEZAS)"},"content":{"rendered":"<p>Marco frontal de repuesto que permite la instalaci\u00f3n del lector de billetes <a href=\"https:\/\/www.paytec.eu\/prodotto\/lettore-banconote-apex7000\/\">Apex 7000<\/a> en m\u00e1quinas expendedoras que no dispongan de marco.<\/p>\n<p>Completo con tornillos. Se vende en kits de 5 piezas.<\/p>\n","protected":false},"excerpt":{"rendered":"<p>Marco frontal de repuesto que permite la instalaci\u00f3n del lector de billetes Apex 7000 en m\u00e1quinas expendedoras que no dispongan de marco. Completo con tornillos. Se vende en kits de 5 piezas.<\/p>\n","protected":false},"featured_media":6097,"template":"","meta":[],"product_cat":[137],"product_tag":[],"class_list":["post-6734","product","type-product","status-publish","has-post-thumbnail","hentry","tipologia-accessorios-cashless-es","product_cat-accesorios-y-repuestos"],"acf":[],"yoast_head":"<!-- This site is optimized with the Yoast SEO plugin v21.1 - https:\/\/yoast.com\/wordpress\/plugins\/seo\/ -->\n<title>Marco frontal para lector billetes Apex - Paytec<\/title>\n<meta name=\"description\" content=\"Marco frontal para instalaci\u00f3n de lectores de billetes Apex en m\u00e1quinas expendedoras. Repuesto tambi\u00e9n disponible en el sitio web paytec.eu\" \/>\n<meta name=\"robots\" content=\"index, follow, max-snippet:-1, max-image-preview:large, max-video-preview:-1\" \/>\n<link rel=\"canonical\" href=\"https:\/\/www.paytec.eu\/fr\/prodotto\/plaque-frontale-lecteur-billets\/\" \/>\n<meta property=\"og:locale\" content=\"es_ES\" \/>\n<meta property=\"og:type\" content=\"article\" \/>\n<meta property=\"og:title\" content=\"Marco frontal para lector billetes Apex - Paytec\" \/>\n<meta property=\"og:description\" content=\"Marco frontal para instalaci\u00f3n de lectores de billetes Apex en m\u00e1quinas expendedoras. Repuesto tambi\u00e9n disponible en el sitio web paytec.eu\" \/>\n<meta property=\"og:url\" content=\"https:\/\/www.paytec.eu\/fr\/prodotto\/plaque-frontale-lecteur-billets\/\" \/>\n<meta property=\"og:site_name\" content=\"Paytec\" \/>\n<meta property=\"article:modified_time\" content=\"2023-10-17T12:48:27+00:00\" \/>\n<meta property=\"og:image\" content=\"https:\/\/www.paytec.eu\/wp-content\/uploads\/2021\/12\/cornice-frontale-lettore-banconote-viteria-kit-5-pz.jpg\" \/>\n\t<meta property=\"og:image:width\" content=\"744\" \/>\n\t<meta property=\"og:image:height\" content=\"800\" \/>\n\t<meta property=\"og:image:type\" content=\"image\/jpeg\" \/>\n<meta name=\"twitter:card\" content=\"summary_large_image\" \/>\n<script type=\"application\/ld+json\" class=\"yoast-schema-graph\">{\"@context\":\"https:\/\/schema.org\",\"@graph\":[{\"@type\":\"WebPage\",\"@id\":\"https:\/\/www.paytec.eu\/fr\/prodotto\/plaque-frontale-lecteur-billets\/\",\"url\":\"https:\/\/www.paytec.eu\/fr\/prodotto\/plaque-frontale-lecteur-billets\/\",\"name\":\"Marco frontal para lector billetes Apex - Paytec\",\"isPartOf\":{\"@id\":\"https:\/\/www.paytec.eu\/#website\"},\"datePublished\":\"2022-01-03T22:10:04+00:00\",\"dateModified\":\"2023-10-17T12:48:27+00:00\",\"description\":\"Marco frontal para instalaci\u00f3n de lectores de billetes Apex en m\u00e1quinas expendedoras. Repuesto tambi\u00e9n disponible en el sitio web paytec.eu\",\"breadcrumb\":{\"@id\":\"https:\/\/www.paytec.eu\/fr\/prodotto\/plaque-frontale-lecteur-billets\/#breadcrumb\"},\"inLanguage\":\"es\",\"potentialAction\":[{\"@type\":\"ReadAction\",\"target\":[\"https:\/\/www.paytec.eu\/fr\/prodotto\/plaque-frontale-lecteur-billets\/\"]}]},{\"@type\":\"BreadcrumbList\",\"@id\":\"https:\/\/www.paytec.eu\/fr\/prodotto\/plaque-frontale-lecteur-billets\/#breadcrumb\",\"itemListElement\":[{\"@type\":\"ListItem\",\"position\":1,\"name\":\"Home\",\"item\":\"https:\/\/www.paytec.eu\/es\/\"},{\"@type\":\"ListItem\",\"position\":2,\"name\":\"Tienda\",\"item\":\"https:\/\/www.paytec.eu\/shop\/\"},{\"@type\":\"ListItem\",\"position\":3,\"name\":\"Accesorios y Repuestos\",\"item\":\"https:\/\/www.paytec.eu\/es\/categoria-prodotto\/accesorios-y-repuestos\/\"},{\"@type\":\"ListItem\",\"position\":4,\"name\":\"FRONTAL LECTOR BILLETES + TORNILLOS (KIT 5 PIEZAS)\"}]},{\"@type\":\"WebSite\",\"@id\":\"https:\/\/www.paytec.eu\/#website\",\"url\":\"https:\/\/www.paytec.eu\/\",\"name\":\"Paytec\",\"description\":\"Smart Payments for Vending\",\"potentialAction\":[{\"@type\":\"SearchAction\",\"target\":{\"@type\":\"EntryPoint\",\"urlTemplate\":\"https:\/\/www.paytec.eu\/?s={search_term_string}\"},\"query-input\":\"required name=search_term_string\"}],\"inLanguage\":\"es\"}]}<\/script>\n<!-- \/ Yoast SEO plugin. -->","yoast_head_json":{"title":"Marco frontal para lector billetes Apex - Paytec","description":"Marco frontal para instalaci\u00f3n de lectores de billetes Apex en m\u00e1quinas expendedoras. Repuesto tambi\u00e9n disponible en el sitio web paytec.eu","robots":{"index":"index","follow":"follow","max-snippet":"max-snippet:-1","max-image-preview":"max-image-preview:large","max-video-preview":"max-video-preview:-1"},"canonical":"https:\/\/www.paytec.eu\/fr\/prodotto\/plaque-frontale-lecteur-billets\/","og_locale":"es_ES","og_type":"article","og_title":"Marco frontal para lector billetes Apex - Paytec","og_description":"Marco frontal para instalaci\u00f3n de lectores de billetes Apex en m\u00e1quinas expendedoras. Repuesto tambi\u00e9n disponible en el sitio web paytec.eu","og_url":"https:\/\/www.paytec.eu\/fr\/prodotto\/plaque-frontale-lecteur-billets\/","og_site_name":"Paytec","article_modified_time":"2023-10-17T12:48:27+00:00","og_image":[{"width":744,"height":800,"url":"https:\/\/www.paytec.eu\/wp-content\/uploads\/2021\/12\/cornice-frontale-lettore-banconote-viteria-kit-5-pz.jpg","type":"image\/jpeg"}],"twitter_card":"summary_large_image","schema":{"@context":"https:\/\/schema.org","@graph":[{"@type":"WebPage","@id":"https:\/\/www.paytec.eu\/fr\/prodotto\/plaque-frontale-lecteur-billets\/","url":"https:\/\/www.paytec.eu\/fr\/prodotto\/plaque-frontale-lecteur-billets\/","name":"Marco frontal para lector billetes Apex - Paytec","isPartOf":{"@id":"https:\/\/www.paytec.eu\/#website"},"datePublished":"2022-01-03T22:10:04+00:00","dateModified":"2023-10-17T12:48:27+00:00","description":"Marco frontal para instalaci\u00f3n de lectores de billetes Apex en m\u00e1quinas expendedoras. Repuesto tambi\u00e9n disponible en el sitio web paytec.eu","breadcrumb":{"@id":"https:\/\/www.paytec.eu\/fr\/prodotto\/plaque-frontale-lecteur-billets\/#breadcrumb"},"inLanguage":"es","potentialAction":[{"@type":"ReadAction","target":["https:\/\/www.paytec.eu\/fr\/prodotto\/plaque-frontale-lecteur-billets\/"]}]},{"@type":"BreadcrumbList","@id":"https:\/\/www.paytec.eu\/fr\/prodotto\/plaque-frontale-lecteur-billets\/#breadcrumb","itemListElement":[{"@type":"ListItem","position":1,"name":"Home","item":"https:\/\/www.paytec.eu\/es\/"},{"@type":"ListItem","position":2,"name":"Tienda","item":"https:\/\/www.paytec.eu\/shop\/"},{"@type":"ListItem","position":3,"name":"Accesorios y Repuestos","item":"https:\/\/www.paytec.eu\/es\/categoria-prodotto\/accesorios-y-repuestos\/"},{"@type":"ListItem","position":4,"name":"FRONTAL LECTOR BILLETES + TORNILLOS (KIT 5 PIEZAS)"}]},{"@type":"WebSite","@id":"https:\/\/www.paytec.eu\/#website","url":"https:\/\/www.paytec.eu\/","name":"Paytec","description":"Smart Payments for Vending","potentialAction":[{"@type":"SearchAction","target":{"@type":"EntryPoint","urlTemplate":"https:\/\/www.paytec.eu\/?s={search_term_string}"},"query-input":"required name=search_term_string"}],"inLanguage":"es"}]}},"_links":{"self":[{"href":"https:\/\/www.paytec.eu\/es\/wp-json\/wp\/v2\/product\/6734","targetHints":{"allow":["GET"]}}],"collection":[{"href":"https:\/\/www.paytec.eu\/es\/wp-json\/wp\/v2\/product"}],"about":[{"href":"https:\/\/www.paytec.eu\/es\/wp-json\/wp\/v2\/types\/product"}],"wp:featuredmedia":[{"embeddable":true,"href":"https:\/\/www.paytec.eu\/es\/wp-json\/wp\/v2\/media\/6097"}],"wp:attachment":[{"href":"https:\/\/www.paytec.eu\/es\/wp-json\/wp\/v2\/media?parent=6734"}],"wp:term":[{"taxonomy":"product_cat","embeddable":true,"href":"https:\/\/www.paytec.eu\/es\/wp-json\/wp\/v2\/product_cat?post=6734"},{"taxonomy":"product_tag","embeddable":true,"href":"https:\/\/www.paytec.eu\/es\/wp-json\/wp\/v2\/product_tag?post=6734"}],"curies":[{"name":"wp","href":"https:\/\/api.w.org\/{rel}","templated":true}]}}