{"id":6738,"date":"2021-12-31T17:00:06","date_gmt":"2022-01-03T22:12:10","guid":{"rendered":"https:\/\/www.paytec.eu\/prodotto\/adaptator-rs232-cable-6000\/"},"modified":"2024-01-10T11:19:24","modified_gmt":"2024-01-10T11:19:24","slug":"adaptator-rs232-ltb2-cable-6000","status":"publish","type":"product","link":"https:\/\/www.paytec.eu\/es\/prodotto\/adaptator-rs232-ltb2-cable-6000\/","title":{"rendered":"Adaptator RS232 LTB2+ cable 6000"},"content":{"rendered":"<p>Adaptador RS232 LTB2 y cable de repuesto para permitir la configuraci\u00f3n de los sistemas de pago v\u00eda PC (el PC debe estar equipado con un puerto RS232)<\/p>\n","protected":false},"excerpt":{"rendered":"<p>Adaptador RS232 LTB2 y cable de repuesto para permitir la configuraci\u00f3n de los sistemas de pago v\u00eda PC (el PC debe estar equipado con un puerto RS232)<\/p>\n","protected":false},"featured_media":13584,"template":"","meta":[],"product_cat":[137],"product_tag":[],"class_list":["post-6738","product","type-product","status-publish","has-post-thumbnail","hentry","tipologia-recopilacion-datos-programacion-es","product_cat-accesorios-y-repuestos"],"acf":[],"yoast_head":"<!-- This site is optimized with the Yoast SEO plugin v21.1 - https:\/\/yoast.com\/wordpress\/plugins\/seo\/ -->\n<title>Adaptador RS232 LTB2 y cable de repuesto para conexi\u00f3n a PC<\/title>\n<meta name=\"description\" content=\"Adaptador RS232 LTB2 y cable 6000 para permitir la configuraci\u00f3n de los sistemas de pago Paytec a trav\u00e9s de PC - C\u00f3mpralo ahora en paytec.eu\" \/>\n<meta name=\"robots\" content=\"index, follow, max-snippet:-1, max-image-preview:large, max-video-preview:-1\" \/>\n<link rel=\"canonical\" href=\"https:\/\/www.paytec.eu\/prodotto\/adattatore-rs232-e-cavo-6000\/\" \/>\n<meta property=\"og:locale\" content=\"es_ES\" \/>\n<meta property=\"og:type\" content=\"article\" \/>\n<meta property=\"og:title\" content=\"Adaptador RS232 LTB2 y cable de repuesto para conexi\u00f3n a PC\" \/>\n<meta property=\"og:description\" content=\"Adaptador RS232 LTB2 y cable 6000 para permitir la configuraci\u00f3n de los sistemas de pago Paytec a trav\u00e9s de PC - C\u00f3mpralo ahora en paytec.eu\" \/>\n<meta property=\"og:url\" content=\"https:\/\/www.paytec.eu\/prodotto\/adattatore-rs232-e-cavo-6000\/\" \/>\n<meta property=\"og:site_name\" content=\"Paytec\" \/>\n<meta property=\"article:modified_time\" content=\"2024-01-10T11:19:24+00:00\" \/>\n<meta property=\"og:image\" content=\"https:\/\/www.paytec.eu\/wp-content\/uploads\/2021\/12\/adattatore-rs232-cavo-6000.jpg\" \/>\n\t<meta property=\"og:image:width\" content=\"744\" \/>\n\t<meta property=\"og:image:height\" content=\"800\" \/>\n\t<meta property=\"og:image:type\" content=\"image\/jpeg\" \/>\n<meta name=\"twitter:card\" content=\"summary_large_image\" \/>\n<script type=\"application\/ld+json\" class=\"yoast-schema-graph\">{\"@context\":\"https:\/\/schema.org\",\"@graph\":[{\"@type\":\"WebPage\",\"@id\":\"https:\/\/www.paytec.eu\/prodotto\/adattatore-rs232-e-cavo-6000\/\",\"url\":\"https:\/\/www.paytec.eu\/prodotto\/adattatore-rs232-e-cavo-6000\/\",\"name\":\"Adaptador RS232 LTB2 y cable de repuesto para conexi\u00f3n a PC\",\"isPartOf\":{\"@id\":\"https:\/\/www.paytec.eu\/#website\"},\"datePublished\":\"2022-01-03T22:12:10+00:00\",\"dateModified\":\"2024-01-10T11:19:24+00:00\",\"description\":\"Adaptador RS232 LTB2 y cable 6000 para permitir la configuraci\u00f3n de los sistemas de pago Paytec a trav\u00e9s de PC - C\u00f3mpralo ahora en paytec.eu\",\"breadcrumb\":{\"@id\":\"https:\/\/www.paytec.eu\/prodotto\/adattatore-rs232-e-cavo-6000\/#breadcrumb\"},\"inLanguage\":\"es\",\"potentialAction\":[{\"@type\":\"ReadAction\",\"target\":[\"https:\/\/www.paytec.eu\/prodotto\/adattatore-rs232-e-cavo-6000\/\"]}]},{\"@type\":\"BreadcrumbList\",\"@id\":\"https:\/\/www.paytec.eu\/prodotto\/adattatore-rs232-e-cavo-6000\/#breadcrumb\",\"itemListElement\":[{\"@type\":\"ListItem\",\"position\":1,\"name\":\"Home\",\"item\":\"https:\/\/www.paytec.eu\/es\/\"},{\"@type\":\"ListItem\",\"position\":2,\"name\":\"Tienda\",\"item\":\"https:\/\/www.paytec.eu\/shop\/\"},{\"@type\":\"ListItem\",\"position\":3,\"name\":\"Accesorios y Repuestos\",\"item\":\"https:\/\/www.paytec.eu\/es\/categoria-prodotto\/accesorios-y-repuestos\/\"},{\"@type\":\"ListItem\",\"position\":4,\"name\":\"Adaptator RS232 LTB2+ cable 6000\"}]},{\"@type\":\"WebSite\",\"@id\":\"https:\/\/www.paytec.eu\/#website\",\"url\":\"https:\/\/www.paytec.eu\/\",\"name\":\"Paytec\",\"description\":\"Smart Payments for Vending\",\"potentialAction\":[{\"@type\":\"SearchAction\",\"target\":{\"@type\":\"EntryPoint\",\"urlTemplate\":\"https:\/\/www.paytec.eu\/?s={search_term_string}\"},\"query-input\":\"required name=search_term_string\"}],\"inLanguage\":\"es\"}]}<\/script>\n<!-- \/ Yoast SEO plugin. -->","yoast_head_json":{"title":"Adaptador RS232 LTB2 y cable de repuesto para conexi\u00f3n a PC","description":"Adaptador RS232 LTB2 y cable 6000 para permitir la configuraci\u00f3n de los sistemas de pago Paytec a trav\u00e9s de PC - C\u00f3mpralo ahora en paytec.eu","robots":{"index":"index","follow":"follow","max-snippet":"max-snippet:-1","max-image-preview":"max-image-preview:large","max-video-preview":"max-video-preview:-1"},"canonical":"https:\/\/www.paytec.eu\/prodotto\/adattatore-rs232-e-cavo-6000\/","og_locale":"es_ES","og_type":"article","og_title":"Adaptador RS232 LTB2 y cable de repuesto para conexi\u00f3n a PC","og_description":"Adaptador RS232 LTB2 y cable 6000 para permitir la configuraci\u00f3n de los sistemas de pago Paytec a trav\u00e9s de PC - C\u00f3mpralo ahora en paytec.eu","og_url":"https:\/\/www.paytec.eu\/prodotto\/adattatore-rs232-e-cavo-6000\/","og_site_name":"Paytec","article_modified_time":"2024-01-10T11:19:24+00:00","og_image":[{"width":744,"height":800,"url":"https:\/\/www.paytec.eu\/wp-content\/uploads\/2021\/12\/adattatore-rs232-cavo-6000.jpg","type":"image\/jpeg"}],"twitter_card":"summary_large_image","schema":{"@context":"https:\/\/schema.org","@graph":[{"@type":"WebPage","@id":"https:\/\/www.paytec.eu\/prodotto\/adattatore-rs232-e-cavo-6000\/","url":"https:\/\/www.paytec.eu\/prodotto\/adattatore-rs232-e-cavo-6000\/","name":"Adaptador RS232 LTB2 y cable de repuesto para conexi\u00f3n a PC","isPartOf":{"@id":"https:\/\/www.paytec.eu\/#website"},"datePublished":"2022-01-03T22:12:10+00:00","dateModified":"2024-01-10T11:19:24+00:00","description":"Adaptador RS232 LTB2 y cable 6000 para permitir la configuraci\u00f3n de los sistemas de pago Paytec a trav\u00e9s de PC - C\u00f3mpralo ahora en paytec.eu","breadcrumb":{"@id":"https:\/\/www.paytec.eu\/prodotto\/adattatore-rs232-e-cavo-6000\/#breadcrumb"},"inLanguage":"es","potentialAction":[{"@type":"ReadAction","target":["https:\/\/www.paytec.eu\/prodotto\/adattatore-rs232-e-cavo-6000\/"]}]},{"@type":"BreadcrumbList","@id":"https:\/\/www.paytec.eu\/prodotto\/adattatore-rs232-e-cavo-6000\/#breadcrumb","itemListElement":[{"@type":"ListItem","position":1,"name":"Home","item":"https:\/\/www.paytec.eu\/es\/"},{"@type":"ListItem","position":2,"name":"Tienda","item":"https:\/\/www.paytec.eu\/shop\/"},{"@type":"ListItem","position":3,"name":"Accesorios y Repuestos","item":"https:\/\/www.paytec.eu\/es\/categoria-prodotto\/accesorios-y-repuestos\/"},{"@type":"ListItem","position":4,"name":"Adaptator RS232 LTB2+ cable 6000"}]},{"@type":"WebSite","@id":"https:\/\/www.paytec.eu\/#website","url":"https:\/\/www.paytec.eu\/","name":"Paytec","description":"Smart Payments for Vending","potentialAction":[{"@type":"SearchAction","target":{"@type":"EntryPoint","urlTemplate":"https:\/\/www.paytec.eu\/?s={search_term_string}"},"query-input":"required name=search_term_string"}],"inLanguage":"es"}]}},"_links":{"self":[{"href":"https:\/\/www.paytec.eu\/es\/wp-json\/wp\/v2\/product\/6738","targetHints":{"allow":["GET"]}}],"collection":[{"href":"https:\/\/www.paytec.eu\/es\/wp-json\/wp\/v2\/product"}],"about":[{"href":"https:\/\/www.paytec.eu\/es\/wp-json\/wp\/v2\/types\/product"}],"wp:featuredmedia":[{"embeddable":true,"href":"https:\/\/www.paytec.eu\/es\/wp-json\/wp\/v2\/media\/13584"}],"wp:attachment":[{"href":"https:\/\/www.paytec.eu\/es\/wp-json\/wp\/v2\/media?parent=6738"}],"wp:term":[{"taxonomy":"product_cat","embeddable":true,"href":"https:\/\/www.paytec.eu\/es\/wp-json\/wp\/v2\/product_cat?post=6738"},{"taxonomy":"product_tag","embeddable":true,"href":"https:\/\/www.paytec.eu\/es\/wp-json\/wp\/v2\/product_tag?post=6738"}],"curies":[{"name":"wp","href":"https:\/\/api.w.org\/{rel}","templated":true}]}}