{"id":6739,"date":"2021-12-31T17:01:56","date_gmt":"2022-01-03T22:13:21","guid":{"rendered":"https:\/\/www.paytec.eu\/prodotto\/bt6002-cable-6000\/"},"modified":"2023-10-17T12:45:10","modified_gmt":"2023-10-17T12:45:10","slug":"bt6002-cable-6000","status":"publish","type":"product","link":"https:\/\/www.paytec.eu\/es\/prodotto\/bt6002-cable-6000\/","title":{"rendered":"BT6002 + CABLE 6000"},"content":{"rendered":"<p>De esta manera terminales Bluetooth como PDA, m\u00f3viles o Tablet pueden conectarse sin tener que utilizar cables que complican el trabajo de los operadores. BT6002 se alimenta directamente por el sistema de pago y no necesita otros adaptadores. Se trata de una herramienta portable que acompa\u00f1a el operador en sus tareas de cada d\u00eda.<br \/>\nUtilizado con la App PayTools se transforma en un compa\u00f1ero de trabajo imprescindible.<\/p>\n","protected":false},"excerpt":{"rendered":"<p>BT6002 es un accesorio portable che permite establecer una comunicaci\u00f3n Bluetooth con los sistemas de pago.<\/p>\n","protected":false},"featured_media":6042,"template":"","meta":[],"product_cat":[137],"product_tag":[],"class_list":["post-6739","product","type-product","status-publish","has-post-thumbnail","hentry","tipologia-recopilacion-datos-programacion-es","product_cat-accesorios-y-repuestos"],"acf":[],"yoast_head":"<!-- This site is optimized with the Yoast SEO plugin v21.1 - https:\/\/yoast.com\/wordpress\/plugins\/seo\/ -->\n<title>BT6002 + CABLE 6000 - Paytec<\/title>\n<meta name=\"description\" content=\"BT6002 es el accesorio port\u00e1til que permite establecer comunicaci\u00f3n Bluetooth con sistemas de pago para m\u00e1quinas expendedoras.\" \/>\n<meta name=\"robots\" content=\"index, follow, max-snippet:-1, max-image-preview:large, max-video-preview:-1\" \/>\n<link rel=\"canonical\" href=\"https:\/\/www.paytec.eu\/es\/prodotto\/bt6002-cable-6000\/\" \/>\n<meta property=\"og:locale\" content=\"es_ES\" \/>\n<meta property=\"og:type\" content=\"article\" \/>\n<meta property=\"og:title\" content=\"BT6002 + CABLE 6000 - Paytec\" \/>\n<meta property=\"og:description\" content=\"BT6002 es el accesorio port\u00e1til que permite establecer comunicaci\u00f3n Bluetooth con sistemas de pago para m\u00e1quinas expendedoras.\" \/>\n<meta property=\"og:url\" content=\"https:\/\/www.paytec.eu\/es\/prodotto\/bt6002-cable-6000\/\" \/>\n<meta property=\"og:site_name\" content=\"Paytec\" \/>\n<meta property=\"article:modified_time\" content=\"2023-10-17T12:45:10+00:00\" \/>\n<meta property=\"og:image\" content=\"https:\/\/www.paytec.eu\/wp-content\/uploads\/2021\/12\/bt6002-cavo-6000.jpg\" \/>\n\t<meta property=\"og:image:width\" content=\"744\" \/>\n\t<meta property=\"og:image:height\" content=\"800\" \/>\n\t<meta property=\"og:image:type\" content=\"image\/jpeg\" \/>\n<meta name=\"twitter:card\" content=\"summary_large_image\" \/>\n<script type=\"application\/ld+json\" class=\"yoast-schema-graph\">{\"@context\":\"https:\/\/schema.org\",\"@graph\":[{\"@type\":\"WebPage\",\"@id\":\"https:\/\/www.paytec.eu\/es\/prodotto\/bt6002-cable-6000\/\",\"url\":\"https:\/\/www.paytec.eu\/es\/prodotto\/bt6002-cable-6000\/\",\"name\":\"BT6002 + CABLE 6000 - Paytec\",\"isPartOf\":{\"@id\":\"https:\/\/www.paytec.eu\/#website\"},\"datePublished\":\"2022-01-03T22:13:21+00:00\",\"dateModified\":\"2023-10-17T12:45:10+00:00\",\"description\":\"BT6002 es el accesorio port\u00e1til que permite establecer comunicaci\u00f3n Bluetooth con sistemas de pago para m\u00e1quinas expendedoras.\",\"breadcrumb\":{\"@id\":\"https:\/\/www.paytec.eu\/es\/prodotto\/bt6002-cable-6000\/#breadcrumb\"},\"inLanguage\":\"es\",\"potentialAction\":[{\"@type\":\"ReadAction\",\"target\":[\"https:\/\/www.paytec.eu\/es\/prodotto\/bt6002-cable-6000\/\"]}]},{\"@type\":\"BreadcrumbList\",\"@id\":\"https:\/\/www.paytec.eu\/es\/prodotto\/bt6002-cable-6000\/#breadcrumb\",\"itemListElement\":[{\"@type\":\"ListItem\",\"position\":1,\"name\":\"Home\",\"item\":\"https:\/\/www.paytec.eu\/es\/\"},{\"@type\":\"ListItem\",\"position\":2,\"name\":\"Tienda\",\"item\":\"https:\/\/www.paytec.eu\/shop\/\"},{\"@type\":\"ListItem\",\"position\":3,\"name\":\"Accessori e Ricambi\",\"item\":\"https:\/\/www.paytec.eu\/categoria-prodotto\/accessori-e-ricambi\/\"},{\"@type\":\"ListItem\",\"position\":4,\"name\":\"BT6002 + CABLE 6000\"}]},{\"@type\":\"WebSite\",\"@id\":\"https:\/\/www.paytec.eu\/#website\",\"url\":\"https:\/\/www.paytec.eu\/\",\"name\":\"Paytec\",\"description\":\"Smart Payments for Vending\",\"potentialAction\":[{\"@type\":\"SearchAction\",\"target\":{\"@type\":\"EntryPoint\",\"urlTemplate\":\"https:\/\/www.paytec.eu\/?s={search_term_string}\"},\"query-input\":\"required name=search_term_string\"}],\"inLanguage\":\"es\"}]}<\/script>\n<!-- \/ Yoast SEO plugin. -->","yoast_head_json":{"title":"BT6002 + CABLE 6000 - Paytec","description":"BT6002 es el accesorio port\u00e1til que permite establecer comunicaci\u00f3n Bluetooth con sistemas de pago para m\u00e1quinas expendedoras.","robots":{"index":"index","follow":"follow","max-snippet":"max-snippet:-1","max-image-preview":"max-image-preview:large","max-video-preview":"max-video-preview:-1"},"canonical":"https:\/\/www.paytec.eu\/es\/prodotto\/bt6002-cable-6000\/","og_locale":"es_ES","og_type":"article","og_title":"BT6002 + CABLE 6000 - Paytec","og_description":"BT6002 es el accesorio port\u00e1til que permite establecer comunicaci\u00f3n Bluetooth con sistemas de pago para m\u00e1quinas expendedoras.","og_url":"https:\/\/www.paytec.eu\/es\/prodotto\/bt6002-cable-6000\/","og_site_name":"Paytec","article_modified_time":"2023-10-17T12:45:10+00:00","og_image":[{"width":744,"height":800,"url":"https:\/\/www.paytec.eu\/wp-content\/uploads\/2021\/12\/bt6002-cavo-6000.jpg","type":"image\/jpeg"}],"twitter_card":"summary_large_image","schema":{"@context":"https:\/\/schema.org","@graph":[{"@type":"WebPage","@id":"https:\/\/www.paytec.eu\/es\/prodotto\/bt6002-cable-6000\/","url":"https:\/\/www.paytec.eu\/es\/prodotto\/bt6002-cable-6000\/","name":"BT6002 + CABLE 6000 - Paytec","isPartOf":{"@id":"https:\/\/www.paytec.eu\/#website"},"datePublished":"2022-01-03T22:13:21+00:00","dateModified":"2023-10-17T12:45:10+00:00","description":"BT6002 es el accesorio port\u00e1til que permite establecer comunicaci\u00f3n Bluetooth con sistemas de pago para m\u00e1quinas expendedoras.","breadcrumb":{"@id":"https:\/\/www.paytec.eu\/es\/prodotto\/bt6002-cable-6000\/#breadcrumb"},"inLanguage":"es","potentialAction":[{"@type":"ReadAction","target":["https:\/\/www.paytec.eu\/es\/prodotto\/bt6002-cable-6000\/"]}]},{"@type":"BreadcrumbList","@id":"https:\/\/www.paytec.eu\/es\/prodotto\/bt6002-cable-6000\/#breadcrumb","itemListElement":[{"@type":"ListItem","position":1,"name":"Home","item":"https:\/\/www.paytec.eu\/es\/"},{"@type":"ListItem","position":2,"name":"Tienda","item":"https:\/\/www.paytec.eu\/shop\/"},{"@type":"ListItem","position":3,"name":"Accessori e Ricambi","item":"https:\/\/www.paytec.eu\/categoria-prodotto\/accessori-e-ricambi\/"},{"@type":"ListItem","position":4,"name":"BT6002 + CABLE 6000"}]},{"@type":"WebSite","@id":"https:\/\/www.paytec.eu\/#website","url":"https:\/\/www.paytec.eu\/","name":"Paytec","description":"Smart Payments for Vending","potentialAction":[{"@type":"SearchAction","target":{"@type":"EntryPoint","urlTemplate":"https:\/\/www.paytec.eu\/?s={search_term_string}"},"query-input":"required name=search_term_string"}],"inLanguage":"es"}]}},"_links":{"self":[{"href":"https:\/\/www.paytec.eu\/es\/wp-json\/wp\/v2\/product\/6739","targetHints":{"allow":["GET"]}}],"collection":[{"href":"https:\/\/www.paytec.eu\/es\/wp-json\/wp\/v2\/product"}],"about":[{"href":"https:\/\/www.paytec.eu\/es\/wp-json\/wp\/v2\/types\/product"}],"wp:featuredmedia":[{"embeddable":true,"href":"https:\/\/www.paytec.eu\/es\/wp-json\/wp\/v2\/media\/6042"}],"wp:attachment":[{"href":"https:\/\/www.paytec.eu\/es\/wp-json\/wp\/v2\/media?parent=6739"}],"wp:term":[{"taxonomy":"product_cat","embeddable":true,"href":"https:\/\/www.paytec.eu\/es\/wp-json\/wp\/v2\/product_cat?post=6739"},{"taxonomy":"product_tag","embeddable":true,"href":"https:\/\/www.paytec.eu\/es\/wp-json\/wp\/v2\/product_tag?post=6739"}],"curies":[{"name":"wp","href":"https:\/\/api.w.org\/{rel}","templated":true}]}}