{"id":6744,"date":"2021-12-31T17:11:13","date_gmt":"2022-01-03T22:16:28","guid":{"rendered":"https:\/\/www.paytec.eu\/prodotto\/irda-6000-con-cable\/"},"modified":"2025-05-08T14:33:21","modified_gmt":"2025-05-08T14:33:21","slug":"irda-6000-con-cable","status":"publish","type":"product","link":"https:\/\/www.paytec.eu\/es\/prodotto\/irda-6000-con-cable\/","title":{"rendered":"IRDA 6000 CON CABLE"},"content":{"rendered":"<p>IrDA6000 es una herramienta port\u00e1til que el operador conecta a los distribuidores para realizar la recolecci\u00f3n de datos.<\/p>\n<p>Forma parte de la gama de soluciones pr\u00e1cticas y flexibles para la recopilaci\u00f3n de datos de auditor\u00eda que Paytec pone a disposici\u00f3n de aquellos productos que no tienen un puerto IrDA integrado.<\/p>\n","protected":false},"excerpt":{"rendered":"<p>IrDA6000 es una herramienta port\u00e1til que el operador conecta a los distribuidores para realizar la recolecci\u00f3n de datos. Forma parte de la gama de soluciones pr\u00e1cticas y flexibles para la recopilaci\u00f3n de datos de auditor\u00eda que Paytec pone a disposici\u00f3n de aquellos productos que no&#8230;<\/p>\n","protected":false},"featured_media":6066,"template":"","meta":[],"product_cat":[137],"product_tag":[],"class_list":["post-6744","product","type-product","status-publish","has-post-thumbnail","hentry","tipologia-recopilacion-datos-programacion-es","product_cat-accesorios-y-repuestos"],"acf":[],"yoast_head":"<!-- This site is optimized with the Yoast SEO plugin v21.1 - https:\/\/yoast.com\/wordpress\/plugins\/seo\/ -->\n<title>IrDA 6000 para recopilaci\u00f3n de datos de Vending - Paytec<\/title>\n<meta name=\"description\" content=\"IrDA 6000 de Paytec es una herramienta port\u00e1til muy pr\u00e1ctica para recopilar datos de sistemas de pago de m\u00e1quinas expendedoras.\" \/>\n<meta name=\"robots\" content=\"index, follow, max-snippet:-1, max-image-preview:large, max-video-preview:-1\" \/>\n<link rel=\"canonical\" href=\"https:\/\/www.paytec.eu\/es\/prodotto\/irda-6000-con-cable\/\" \/>\n<meta property=\"og:locale\" content=\"es_ES\" \/>\n<meta property=\"og:type\" content=\"article\" \/>\n<meta property=\"og:title\" content=\"IrDA 6000 para recopilaci\u00f3n de datos de Vending - Paytec\" \/>\n<meta property=\"og:description\" content=\"IrDA 6000 de Paytec es una herramienta port\u00e1til muy pr\u00e1ctica para recopilar datos de sistemas de pago de m\u00e1quinas expendedoras.\" \/>\n<meta property=\"og:url\" content=\"https:\/\/www.paytec.eu\/es\/prodotto\/irda-6000-con-cable\/\" \/>\n<meta property=\"og:site_name\" content=\"Paytec\" \/>\n<meta property=\"article:modified_time\" content=\"2025-05-08T14:33:21+00:00\" \/>\n<meta property=\"og:image\" content=\"https:\/\/www.paytec.eu\/wp-content\/uploads\/2021\/12\/irda-6000-con-cavo.jpg\" \/>\n\t<meta property=\"og:image:width\" content=\"744\" \/>\n\t<meta property=\"og:image:height\" content=\"800\" \/>\n\t<meta property=\"og:image:type\" content=\"image\/jpeg\" \/>\n<meta name=\"twitter:card\" content=\"summary_large_image\" \/>\n<meta name=\"twitter:label1\" content=\"Tiempo de lectura\" \/>\n\t<meta name=\"twitter:data1\" content=\"1 minuto\" \/>\n<script type=\"application\/ld+json\" class=\"yoast-schema-graph\">{\"@context\":\"https:\/\/schema.org\",\"@graph\":[{\"@type\":\"WebPage\",\"@id\":\"https:\/\/www.paytec.eu\/es\/prodotto\/irda-6000-con-cable\/\",\"url\":\"https:\/\/www.paytec.eu\/es\/prodotto\/irda-6000-con-cable\/\",\"name\":\"IrDA 6000 para recopilaci\u00f3n de datos de Vending - Paytec\",\"isPartOf\":{\"@id\":\"https:\/\/www.paytec.eu\/#website\"},\"datePublished\":\"2022-01-03T22:16:28+00:00\",\"dateModified\":\"2025-05-08T14:33:21+00:00\",\"description\":\"IrDA 6000 de Paytec es una herramienta port\u00e1til muy pr\u00e1ctica para recopilar datos de sistemas de pago de m\u00e1quinas expendedoras.\",\"breadcrumb\":{\"@id\":\"https:\/\/www.paytec.eu\/es\/prodotto\/irda-6000-con-cable\/#breadcrumb\"},\"inLanguage\":\"es\",\"potentialAction\":[{\"@type\":\"ReadAction\",\"target\":[\"https:\/\/www.paytec.eu\/es\/prodotto\/irda-6000-con-cable\/\"]}]},{\"@type\":\"BreadcrumbList\",\"@id\":\"https:\/\/www.paytec.eu\/es\/prodotto\/irda-6000-con-cable\/#breadcrumb\",\"itemListElement\":[{\"@type\":\"ListItem\",\"position\":1,\"name\":\"Home\",\"item\":\"https:\/\/www.paytec.eu\/es\/\"},{\"@type\":\"ListItem\",\"position\":2,\"name\":\"Tienda\",\"item\":\"https:\/\/www.paytec.eu\/shop\/\"},{\"@type\":\"ListItem\",\"position\":3,\"name\":\"Accesorios y Repuestos\",\"item\":\"https:\/\/www.paytec.eu\/es\/categoria-prodotto\/accesorios-y-repuestos\/\"},{\"@type\":\"ListItem\",\"position\":4,\"name\":\"IRDA 6000 CON CABLE\"}]},{\"@type\":\"WebSite\",\"@id\":\"https:\/\/www.paytec.eu\/#website\",\"url\":\"https:\/\/www.paytec.eu\/\",\"name\":\"Paytec\",\"description\":\"Smart Payments for Vending\",\"potentialAction\":[{\"@type\":\"SearchAction\",\"target\":{\"@type\":\"EntryPoint\",\"urlTemplate\":\"https:\/\/www.paytec.eu\/?s={search_term_string}\"},\"query-input\":\"required name=search_term_string\"}],\"inLanguage\":\"es\"}]}<\/script>\n<!-- \/ Yoast SEO plugin. -->","yoast_head_json":{"title":"IrDA 6000 para recopilaci\u00f3n de datos de Vending - Paytec","description":"IrDA 6000 de Paytec es una herramienta port\u00e1til muy pr\u00e1ctica para recopilar datos de sistemas de pago de m\u00e1quinas expendedoras.","robots":{"index":"index","follow":"follow","max-snippet":"max-snippet:-1","max-image-preview":"max-image-preview:large","max-video-preview":"max-video-preview:-1"},"canonical":"https:\/\/www.paytec.eu\/es\/prodotto\/irda-6000-con-cable\/","og_locale":"es_ES","og_type":"article","og_title":"IrDA 6000 para recopilaci\u00f3n de datos de Vending - Paytec","og_description":"IrDA 6000 de Paytec es una herramienta port\u00e1til muy pr\u00e1ctica para recopilar datos de sistemas de pago de m\u00e1quinas expendedoras.","og_url":"https:\/\/www.paytec.eu\/es\/prodotto\/irda-6000-con-cable\/","og_site_name":"Paytec","article_modified_time":"2025-05-08T14:33:21+00:00","og_image":[{"width":744,"height":800,"url":"https:\/\/www.paytec.eu\/wp-content\/uploads\/2021\/12\/irda-6000-con-cavo.jpg","type":"image\/jpeg"}],"twitter_card":"summary_large_image","twitter_misc":{"Tiempo de lectura":"1 minuto"},"schema":{"@context":"https:\/\/schema.org","@graph":[{"@type":"WebPage","@id":"https:\/\/www.paytec.eu\/es\/prodotto\/irda-6000-con-cable\/","url":"https:\/\/www.paytec.eu\/es\/prodotto\/irda-6000-con-cable\/","name":"IrDA 6000 para recopilaci\u00f3n de datos de Vending - Paytec","isPartOf":{"@id":"https:\/\/www.paytec.eu\/#website"},"datePublished":"2022-01-03T22:16:28+00:00","dateModified":"2025-05-08T14:33:21+00:00","description":"IrDA 6000 de Paytec es una herramienta port\u00e1til muy pr\u00e1ctica para recopilar datos de sistemas de pago de m\u00e1quinas expendedoras.","breadcrumb":{"@id":"https:\/\/www.paytec.eu\/es\/prodotto\/irda-6000-con-cable\/#breadcrumb"},"inLanguage":"es","potentialAction":[{"@type":"ReadAction","target":["https:\/\/www.paytec.eu\/es\/prodotto\/irda-6000-con-cable\/"]}]},{"@type":"BreadcrumbList","@id":"https:\/\/www.paytec.eu\/es\/prodotto\/irda-6000-con-cable\/#breadcrumb","itemListElement":[{"@type":"ListItem","position":1,"name":"Home","item":"https:\/\/www.paytec.eu\/es\/"},{"@type":"ListItem","position":2,"name":"Tienda","item":"https:\/\/www.paytec.eu\/shop\/"},{"@type":"ListItem","position":3,"name":"Accesorios y Repuestos","item":"https:\/\/www.paytec.eu\/es\/categoria-prodotto\/accesorios-y-repuestos\/"},{"@type":"ListItem","position":4,"name":"IRDA 6000 CON CABLE"}]},{"@type":"WebSite","@id":"https:\/\/www.paytec.eu\/#website","url":"https:\/\/www.paytec.eu\/","name":"Paytec","description":"Smart Payments for Vending","potentialAction":[{"@type":"SearchAction","target":{"@type":"EntryPoint","urlTemplate":"https:\/\/www.paytec.eu\/?s={search_term_string}"},"query-input":"required name=search_term_string"}],"inLanguage":"es"}]}},"_links":{"self":[{"href":"https:\/\/www.paytec.eu\/es\/wp-json\/wp\/v2\/product\/6744","targetHints":{"allow":["GET"]}}],"collection":[{"href":"https:\/\/www.paytec.eu\/es\/wp-json\/wp\/v2\/product"}],"about":[{"href":"https:\/\/www.paytec.eu\/es\/wp-json\/wp\/v2\/types\/product"}],"wp:featuredmedia":[{"embeddable":true,"href":"https:\/\/www.paytec.eu\/es\/wp-json\/wp\/v2\/media\/6066"}],"wp:attachment":[{"href":"https:\/\/www.paytec.eu\/es\/wp-json\/wp\/v2\/media?parent=6744"}],"wp:term":[{"taxonomy":"product_cat","embeddable":true,"href":"https:\/\/www.paytec.eu\/es\/wp-json\/wp\/v2\/product_cat?post=6744"},{"taxonomy":"product_tag","embeddable":true,"href":"https:\/\/www.paytec.eu\/es\/wp-json\/wp\/v2\/product_tag?post=6744"}],"curies":[{"name":"wp","href":"https:\/\/api.w.org\/{rel}","templated":true}]}}