{"id":6746,"date":"2021-12-31T17:14:35","date_gmt":"2022-01-03T22:18:28","guid":{"rendered":"https:\/\/www.paytec.eu\/prodotto\/programador-p6000\/"},"modified":"2025-05-08T14:31:00","modified_gmt":"2025-05-08T14:31:00","slug":"programmador-p6000","status":"publish","type":"product","link":"https:\/\/www.paytec.eu\/es\/prodotto\/programmador-p6000\/","title":{"rendered":"PROGRAMADOR P6000"},"content":{"rendered":"<p>El Programador P6000 destaca numerosas mejoras respecto a la versi\u00f3n \u00abhist\u00f3rica\u00bb, para hacerlo m\u00e1s compacto, robusto, r\u00e1pido, visible y ergon\u00f3mico. La programaci\u00f3n de los productos se realiza a trav\u00e9s de un cable conectado al puerto serial de los productos.<\/p>\n","protected":false},"excerpt":{"rendered":"<p>Se han llevado a cabo numerosas mejoras para hacerlo m\u00e1s compacto, robusto, r\u00e1pido, visible y ergon\u00f3mico. La programaci\u00f3n de los productos se realiza a trav\u00e9s de un cable conectado al puerto serial de los productos.<\/p>\n","protected":false},"featured_media":6072,"template":"","meta":[],"product_cat":[137],"product_tag":[],"class_list":["post-6746","product","type-product","status-publish","has-post-thumbnail","hentry","tipologia-recopilacion-datos-programacion-es","product_cat-accesorios-y-repuestos"],"acf":[],"yoast_head":"<!-- This site is optimized with the Yoast SEO plugin v21.1 - https:\/\/yoast.com\/wordpress\/plugins\/seo\/ -->\n<title>Programador P6000 para sistemas de pago Paytec<\/title>\n<meta name=\"description\" content=\"El Programador P6000 es el accesorio ideal para programar todos los sistemas de pago Paytec de forma pr\u00e1ctica y r\u00e1pida. Disponible en el sitio web paytec.eu\" \/>\n<meta name=\"robots\" content=\"index, follow, max-snippet:-1, max-image-preview:large, max-video-preview:-1\" \/>\n<link rel=\"canonical\" href=\"https:\/\/www.paytec.eu\/fr\/prodotto\/programmateur-p6000\/\" \/>\n<meta property=\"og:locale\" content=\"es_ES\" \/>\n<meta property=\"og:type\" content=\"article\" \/>\n<meta property=\"og:title\" content=\"Programador P6000 para sistemas de pago Paytec\" \/>\n<meta property=\"og:description\" content=\"El Programador P6000 es el accesorio ideal para programar todos los sistemas de pago Paytec de forma pr\u00e1ctica y r\u00e1pida. Disponible en el sitio web paytec.eu\" \/>\n<meta property=\"og:url\" content=\"https:\/\/www.paytec.eu\/fr\/prodotto\/programmateur-p6000\/\" \/>\n<meta property=\"og:site_name\" content=\"Paytec\" \/>\n<meta property=\"article:modified_time\" content=\"2025-05-08T14:31:00+00:00\" \/>\n<meta property=\"og:image\" content=\"https:\/\/www.paytec.eu\/wp-content\/uploads\/2021\/12\/programmatore-p6000.jpg\" \/>\n\t<meta property=\"og:image:width\" content=\"744\" \/>\n\t<meta property=\"og:image:height\" content=\"800\" \/>\n\t<meta property=\"og:image:type\" content=\"image\/jpeg\" \/>\n<meta name=\"twitter:card\" content=\"summary_large_image\" \/>\n<meta name=\"twitter:label1\" content=\"Tiempo de lectura\" \/>\n\t<meta name=\"twitter:data1\" content=\"1 minuto\" \/>\n<script type=\"application\/ld+json\" class=\"yoast-schema-graph\">{\"@context\":\"https:\/\/schema.org\",\"@graph\":[{\"@type\":\"WebPage\",\"@id\":\"https:\/\/www.paytec.eu\/fr\/prodotto\/programmateur-p6000\/\",\"url\":\"https:\/\/www.paytec.eu\/fr\/prodotto\/programmateur-p6000\/\",\"name\":\"Programador P6000 para sistemas de pago Paytec\",\"isPartOf\":{\"@id\":\"https:\/\/www.paytec.eu\/#website\"},\"datePublished\":\"2022-01-03T22:18:28+00:00\",\"dateModified\":\"2025-05-08T14:31:00+00:00\",\"description\":\"El Programador P6000 es el accesorio ideal para programar todos los sistemas de pago Paytec de forma pr\u00e1ctica y r\u00e1pida. Disponible en el sitio web paytec.eu\",\"breadcrumb\":{\"@id\":\"https:\/\/www.paytec.eu\/fr\/prodotto\/programmateur-p6000\/#breadcrumb\"},\"inLanguage\":\"es\",\"potentialAction\":[{\"@type\":\"ReadAction\",\"target\":[\"https:\/\/www.paytec.eu\/fr\/prodotto\/programmateur-p6000\/\"]}]},{\"@type\":\"BreadcrumbList\",\"@id\":\"https:\/\/www.paytec.eu\/fr\/prodotto\/programmateur-p6000\/#breadcrumb\",\"itemListElement\":[{\"@type\":\"ListItem\",\"position\":1,\"name\":\"Home\",\"item\":\"https:\/\/www.paytec.eu\/es\/\"},{\"@type\":\"ListItem\",\"position\":2,\"name\":\"Tienda\",\"item\":\"https:\/\/www.paytec.eu\/shop\/\"},{\"@type\":\"ListItem\",\"position\":3,\"name\":\"Accesorios y Repuestos\",\"item\":\"https:\/\/www.paytec.eu\/es\/categoria-prodotto\/accesorios-y-repuestos\/\"},{\"@type\":\"ListItem\",\"position\":4,\"name\":\"PROGRAMADOR P6000\"}]},{\"@type\":\"WebSite\",\"@id\":\"https:\/\/www.paytec.eu\/#website\",\"url\":\"https:\/\/www.paytec.eu\/\",\"name\":\"Paytec\",\"description\":\"Smart Payments for Vending\",\"potentialAction\":[{\"@type\":\"SearchAction\",\"target\":{\"@type\":\"EntryPoint\",\"urlTemplate\":\"https:\/\/www.paytec.eu\/?s={search_term_string}\"},\"query-input\":\"required name=search_term_string\"}],\"inLanguage\":\"es\"}]}<\/script>\n<!-- \/ Yoast SEO plugin. -->","yoast_head_json":{"title":"Programador P6000 para sistemas de pago Paytec","description":"El Programador P6000 es el accesorio ideal para programar todos los sistemas de pago Paytec de forma pr\u00e1ctica y r\u00e1pida. Disponible en el sitio web paytec.eu","robots":{"index":"index","follow":"follow","max-snippet":"max-snippet:-1","max-image-preview":"max-image-preview:large","max-video-preview":"max-video-preview:-1"},"canonical":"https:\/\/www.paytec.eu\/fr\/prodotto\/programmateur-p6000\/","og_locale":"es_ES","og_type":"article","og_title":"Programador P6000 para sistemas de pago Paytec","og_description":"El Programador P6000 es el accesorio ideal para programar todos los sistemas de pago Paytec de forma pr\u00e1ctica y r\u00e1pida. Disponible en el sitio web paytec.eu","og_url":"https:\/\/www.paytec.eu\/fr\/prodotto\/programmateur-p6000\/","og_site_name":"Paytec","article_modified_time":"2025-05-08T14:31:00+00:00","og_image":[{"width":744,"height":800,"url":"https:\/\/www.paytec.eu\/wp-content\/uploads\/2021\/12\/programmatore-p6000.jpg","type":"image\/jpeg"}],"twitter_card":"summary_large_image","twitter_misc":{"Tiempo de lectura":"1 minuto"},"schema":{"@context":"https:\/\/schema.org","@graph":[{"@type":"WebPage","@id":"https:\/\/www.paytec.eu\/fr\/prodotto\/programmateur-p6000\/","url":"https:\/\/www.paytec.eu\/fr\/prodotto\/programmateur-p6000\/","name":"Programador P6000 para sistemas de pago Paytec","isPartOf":{"@id":"https:\/\/www.paytec.eu\/#website"},"datePublished":"2022-01-03T22:18:28+00:00","dateModified":"2025-05-08T14:31:00+00:00","description":"El Programador P6000 es el accesorio ideal para programar todos los sistemas de pago Paytec de forma pr\u00e1ctica y r\u00e1pida. Disponible en el sitio web paytec.eu","breadcrumb":{"@id":"https:\/\/www.paytec.eu\/fr\/prodotto\/programmateur-p6000\/#breadcrumb"},"inLanguage":"es","potentialAction":[{"@type":"ReadAction","target":["https:\/\/www.paytec.eu\/fr\/prodotto\/programmateur-p6000\/"]}]},{"@type":"BreadcrumbList","@id":"https:\/\/www.paytec.eu\/fr\/prodotto\/programmateur-p6000\/#breadcrumb","itemListElement":[{"@type":"ListItem","position":1,"name":"Home","item":"https:\/\/www.paytec.eu\/es\/"},{"@type":"ListItem","position":2,"name":"Tienda","item":"https:\/\/www.paytec.eu\/shop\/"},{"@type":"ListItem","position":3,"name":"Accesorios y Repuestos","item":"https:\/\/www.paytec.eu\/es\/categoria-prodotto\/accesorios-y-repuestos\/"},{"@type":"ListItem","position":4,"name":"PROGRAMADOR P6000"}]},{"@type":"WebSite","@id":"https:\/\/www.paytec.eu\/#website","url":"https:\/\/www.paytec.eu\/","name":"Paytec","description":"Smart Payments for Vending","potentialAction":[{"@type":"SearchAction","target":{"@type":"EntryPoint","urlTemplate":"https:\/\/www.paytec.eu\/?s={search_term_string}"},"query-input":"required name=search_term_string"}],"inLanguage":"es"}]}},"_links":{"self":[{"href":"https:\/\/www.paytec.eu\/es\/wp-json\/wp\/v2\/product\/6746","targetHints":{"allow":["GET"]}}],"collection":[{"href":"https:\/\/www.paytec.eu\/es\/wp-json\/wp\/v2\/product"}],"about":[{"href":"https:\/\/www.paytec.eu\/es\/wp-json\/wp\/v2\/types\/product"}],"wp:featuredmedia":[{"embeddable":true,"href":"https:\/\/www.paytec.eu\/es\/wp-json\/wp\/v2\/media\/6072"}],"wp:attachment":[{"href":"https:\/\/www.paytec.eu\/es\/wp-json\/wp\/v2\/media?parent=6746"}],"wp:term":[{"taxonomy":"product_cat","embeddable":true,"href":"https:\/\/www.paytec.eu\/es\/wp-json\/wp\/v2\/product_cat?post=6746"},{"taxonomy":"product_tag","embeddable":true,"href":"https:\/\/www.paytec.eu\/es\/wp-json\/wp\/v2\/product_tag?post=6746"}],"curies":[{"name":"wp","href":"https:\/\/api.w.org\/{rel}","templated":true}]}}