{"id":6866,"date":"2022-01-05T09:10:43","date_gmt":"2022-01-05T12:05:41","guid":{"rendered":"https:\/\/www.paytec.eu\/prodotto\/opto\/"},"modified":"2025-05-08T13:30:53","modified_gmt":"2025-05-08T13:30:53","slug":"opto","status":"publish","type":"product","link":"https:\/\/www.paytec.eu\/es\/prodotto\/opto\/","title":{"rendered":"OPTO"},"content":{"rendered":"<p>La soluci\u00f3n de pago digital OPTO se compone de tres elementos<\/p>\n<ul>\n<li>El primero es el <strong>Lector OPTO<\/strong>, un peque\u00f1o dispositivo con Protocolos MDB que incluye un sensor \u00f3ptico y un modulo Bluetooth que permite la conexi\u00f3n con el m\u00f3vil. El lector OPTO no requiere ni modem ni tarjeta SIM. OPTO-PIT incluye tambi\u00e9n el <strong>sistema cashless tradicional con llaves Paytec<\/strong>, totalmente separado de la soluci\u00f3n digital (doble cashless).<\/li>\n<\/ul>\n<ul>\n<li>La <strong>APP OPTO<\/strong>, disponible para m\u00f3viles Android, iOS y Huawei, permite el pago en cualquier m\u00e1quina vending equipada con un lector OPTO, con independencia del operador o del pa\u00eds. La recarga se realiza con tarjeta de cr\u00e9dito y, si el operador lo considera oportuno, tambi\u00e9n con efectivo. En m\u00e1quinas expendedoras debidamente habilitadas, OPTO tambi\u00e9n puede reproducir el teclado de selecci\u00f3n de m\u00e1quina en la pantalla del tel\u00e9fono del usuario. Con un solo clic, el consumidor puede seleccionar el producto y pagar directamente desde su tel\u00e9fono. La experiencia de compra se vuelve as\u00ed a\u00fan m\u00e1s inmediata, sencilla y eficaz.<\/li>\n<\/ul>\n<ul>\n<li>El <strong>Portal OPTO<\/strong> (servidor) contiene los datos y la informaci\u00f3n cr\u00edticos utilizados por la soluci\u00f3n de pago digital OPTO. Los flujos de dinero y la informaci\u00f3n confidencial est\u00e1n albergados en servidores externos con nivel de seguridad de tipo bancario, en colaboraci\u00f3n con un instituto de moneda electr\u00f3nica autorizado para operar en toda Europa. El operador puede acceder al Portal para controlar las ventas, los flujos y la operativa, as\u00ed como para transferir fondos a su propia cuenta bancaria.<\/li>\n<\/ul>\n","protected":false},"excerpt":{"rendered":"<p><strong>OPTO<\/strong> es una soluci\u00f3n de pago digital universal, segura y sin contacto.<\/p>\n<p>La conexi\u00f3n con la m\u00e1quina expendedora se establece de forma autom\u00e1tica sin recurrir a c\u00f3digos NFC o QR, sino a trav\u00e9s de una <strong>tecnolog\u00eda patentada<\/strong> basada en la luz de la pantalla del tel\u00e9fono, garantizando los m\u00e1s altos est\u00e1ndares de seguridad.<\/p>\n","protected":false},"featured_media":5421,"template":"","meta":[],"product_cat":[171],"product_tag":[],"class_list":["post-6866","product","type-product","status-publish","has-post-thumbnail","hentry","protocollo-mdb-es","tipologia-app-es","pagamento-app-telefono-es","pagamento-chiave-es","product_cat-digital-es"],"acf":[],"yoast_head":"<!-- This site is optimized with the Yoast SEO plugin v21.1 - https:\/\/yoast.com\/wordpress\/plugins\/seo\/ -->\n<title>Pagao digital OPTO para el Vending - Paytec<\/title>\n<meta name=\"description\" content=\"OPTO es una soluci\u00f3n de pago digital sin contacto, segura y universal para Vending, con una innovadora tecnolog\u00eda patentada basada en la luz.\" \/>\n<meta name=\"robots\" content=\"index, follow, max-snippet:-1, max-image-preview:large, max-video-preview:-1\" \/>\n<link rel=\"canonical\" href=\"https:\/\/www.paytec.eu\/fr\/prodotto\/paiement-digital-opto-vending\/\" \/>\n<meta property=\"og:locale\" content=\"es_ES\" \/>\n<meta property=\"og:type\" content=\"article\" \/>\n<meta property=\"og:title\" content=\"Pagao digital OPTO para el Vending - Paytec\" \/>\n<meta property=\"og:description\" content=\"OPTO es una soluci\u00f3n de pago digital sin contacto, segura y universal para Vending, con una innovadora tecnolog\u00eda patentada basada en la luz.\" \/>\n<meta property=\"og:url\" content=\"https:\/\/www.paytec.eu\/fr\/prodotto\/paiement-digital-opto-vending\/\" \/>\n<meta property=\"og:site_name\" content=\"Paytec\" \/>\n<meta property=\"article:modified_time\" content=\"2025-05-08T13:30:53+00:00\" \/>\n<meta property=\"og:image\" content=\"https:\/\/www.paytec.eu\/wp-content\/uploads\/2021\/12\/lettore_opto.jpg\" \/>\n\t<meta property=\"og:image:width\" content=\"679\" \/>\n\t<meta property=\"og:image:height\" content=\"603\" \/>\n\t<meta property=\"og:image:type\" content=\"image\/jpeg\" \/>\n<meta name=\"twitter:card\" content=\"summary_large_image\" \/>\n<meta name=\"twitter:label1\" content=\"Tiempo de lectura\" \/>\n\t<meta name=\"twitter:data1\" content=\"2 minutos\" \/>\n<script type=\"application\/ld+json\" class=\"yoast-schema-graph\">{\"@context\":\"https:\/\/schema.org\",\"@graph\":[{\"@type\":\"WebPage\",\"@id\":\"https:\/\/www.paytec.eu\/fr\/prodotto\/paiement-digital-opto-vending\/\",\"url\":\"https:\/\/www.paytec.eu\/fr\/prodotto\/paiement-digital-opto-vending\/\",\"name\":\"Pagao digital OPTO para el Vending - Paytec\",\"isPartOf\":{\"@id\":\"https:\/\/www.paytec.eu\/#website\"},\"datePublished\":\"2022-01-05T12:05:41+00:00\",\"dateModified\":\"2025-05-08T13:30:53+00:00\",\"description\":\"OPTO es una soluci\u00f3n de pago digital sin contacto, segura y universal para Vending, con una innovadora tecnolog\u00eda patentada basada en la luz.\",\"breadcrumb\":{\"@id\":\"https:\/\/www.paytec.eu\/fr\/prodotto\/paiement-digital-opto-vending\/#breadcrumb\"},\"inLanguage\":\"es\",\"potentialAction\":[{\"@type\":\"ReadAction\",\"target\":[\"https:\/\/www.paytec.eu\/fr\/prodotto\/paiement-digital-opto-vending\/\"]}]},{\"@type\":\"BreadcrumbList\",\"@id\":\"https:\/\/www.paytec.eu\/fr\/prodotto\/paiement-digital-opto-vending\/#breadcrumb\",\"itemListElement\":[{\"@type\":\"ListItem\",\"position\":1,\"name\":\"Home\",\"item\":\"https:\/\/www.paytec.eu\/es\/\"},{\"@type\":\"ListItem\",\"position\":2,\"name\":\"Tienda\",\"item\":\"https:\/\/www.paytec.eu\/shop\/\"},{\"@type\":\"ListItem\",\"position\":3,\"name\":\"Digital\",\"item\":\"https:\/\/www.paytec.eu\/es\/categoria-prodotto\/digital-es\/\"},{\"@type\":\"ListItem\",\"position\":4,\"name\":\"OPTO\"}]},{\"@type\":\"WebSite\",\"@id\":\"https:\/\/www.paytec.eu\/#website\",\"url\":\"https:\/\/www.paytec.eu\/\",\"name\":\"Paytec\",\"description\":\"Smart Payments for Vending\",\"potentialAction\":[{\"@type\":\"SearchAction\",\"target\":{\"@type\":\"EntryPoint\",\"urlTemplate\":\"https:\/\/www.paytec.eu\/?s={search_term_string}\"},\"query-input\":\"required name=search_term_string\"}],\"inLanguage\":\"es\"}]}<\/script>\n<!-- \/ Yoast SEO plugin. -->","yoast_head_json":{"title":"Pagao digital OPTO para el Vending - Paytec","description":"OPTO es una soluci\u00f3n de pago digital sin contacto, segura y universal para Vending, con una innovadora tecnolog\u00eda patentada basada en la luz.","robots":{"index":"index","follow":"follow","max-snippet":"max-snippet:-1","max-image-preview":"max-image-preview:large","max-video-preview":"max-video-preview:-1"},"canonical":"https:\/\/www.paytec.eu\/fr\/prodotto\/paiement-digital-opto-vending\/","og_locale":"es_ES","og_type":"article","og_title":"Pagao digital OPTO para el Vending - Paytec","og_description":"OPTO es una soluci\u00f3n de pago digital sin contacto, segura y universal para Vending, con una innovadora tecnolog\u00eda patentada basada en la luz.","og_url":"https:\/\/www.paytec.eu\/fr\/prodotto\/paiement-digital-opto-vending\/","og_site_name":"Paytec","article_modified_time":"2025-05-08T13:30:53+00:00","og_image":[{"width":679,"height":603,"url":"https:\/\/www.paytec.eu\/wp-content\/uploads\/2021\/12\/lettore_opto.jpg","type":"image\/jpeg"}],"twitter_card":"summary_large_image","twitter_misc":{"Tiempo de lectura":"2 minutos"},"schema":{"@context":"https:\/\/schema.org","@graph":[{"@type":"WebPage","@id":"https:\/\/www.paytec.eu\/fr\/prodotto\/paiement-digital-opto-vending\/","url":"https:\/\/www.paytec.eu\/fr\/prodotto\/paiement-digital-opto-vending\/","name":"Pagao digital OPTO para el Vending - Paytec","isPartOf":{"@id":"https:\/\/www.paytec.eu\/#website"},"datePublished":"2022-01-05T12:05:41+00:00","dateModified":"2025-05-08T13:30:53+00:00","description":"OPTO es una soluci\u00f3n de pago digital sin contacto, segura y universal para Vending, con una innovadora tecnolog\u00eda patentada basada en la luz.","breadcrumb":{"@id":"https:\/\/www.paytec.eu\/fr\/prodotto\/paiement-digital-opto-vending\/#breadcrumb"},"inLanguage":"es","potentialAction":[{"@type":"ReadAction","target":["https:\/\/www.paytec.eu\/fr\/prodotto\/paiement-digital-opto-vending\/"]}]},{"@type":"BreadcrumbList","@id":"https:\/\/www.paytec.eu\/fr\/prodotto\/paiement-digital-opto-vending\/#breadcrumb","itemListElement":[{"@type":"ListItem","position":1,"name":"Home","item":"https:\/\/www.paytec.eu\/es\/"},{"@type":"ListItem","position":2,"name":"Tienda","item":"https:\/\/www.paytec.eu\/shop\/"},{"@type":"ListItem","position":3,"name":"Digital","item":"https:\/\/www.paytec.eu\/es\/categoria-prodotto\/digital-es\/"},{"@type":"ListItem","position":4,"name":"OPTO"}]},{"@type":"WebSite","@id":"https:\/\/www.paytec.eu\/#website","url":"https:\/\/www.paytec.eu\/","name":"Paytec","description":"Smart Payments for Vending","potentialAction":[{"@type":"SearchAction","target":{"@type":"EntryPoint","urlTemplate":"https:\/\/www.paytec.eu\/?s={search_term_string}"},"query-input":"required name=search_term_string"}],"inLanguage":"es"}]}},"_links":{"self":[{"href":"https:\/\/www.paytec.eu\/es\/wp-json\/wp\/v2\/product\/6866","targetHints":{"allow":["GET"]}}],"collection":[{"href":"https:\/\/www.paytec.eu\/es\/wp-json\/wp\/v2\/product"}],"about":[{"href":"https:\/\/www.paytec.eu\/es\/wp-json\/wp\/v2\/types\/product"}],"wp:featuredmedia":[{"embeddable":true,"href":"https:\/\/www.paytec.eu\/es\/wp-json\/wp\/v2\/media\/5421"}],"wp:attachment":[{"href":"https:\/\/www.paytec.eu\/es\/wp-json\/wp\/v2\/media?parent=6866"}],"wp:term":[{"taxonomy":"product_cat","embeddable":true,"href":"https:\/\/www.paytec.eu\/es\/wp-json\/wp\/v2\/product_cat?post=6866"},{"taxonomy":"product_tag","embeddable":true,"href":"https:\/\/www.paytec.eu\/es\/wp-json\/wp\/v2\/product_tag?post=6866"}],"curies":[{"name":"wp","href":"https:\/\/api.w.org\/{rel}","templated":true}]}}