{"id":8503,"date":"2022-03-31T12:29:30","date_gmt":"2022-03-31T12:29:34","guid":{"rendered":"https:\/\/www.paytec.eu\/?post_type=product&#038;p=8503"},"modified":"2025-05-08T13:05:29","modified_gmt":"2025-05-08T13:05:29","slug":"master-mdb-con-lector-mifare","status":"publish","type":"product","link":"https:\/\/www.paytec.eu\/es\/prodotto\/master-mdb-con-lector-mifare\/","title":{"rendered":"CAIMAN2 MIFARE\u00ae MDB-MDB EUR"},"content":{"rendered":"<p>La unidad master Caiman MDB-MDB con lector llave Mifare ha sido dise\u00f1ado para trabajar con la m\u00e1quina expendedora en modo MDB. El sistema no solo ofrece todas las funciones cashless, sino que tambi\u00e9n permite conectar y gestionar numerosos perif\u00e9ricos en MDB, como monederos, lectores de billetes, monedero 24V u otros sistemas cashless. Tambi\u00e9n permite la recuperaci\u00f3n de datos de Auditor\u00eda al comportarse como una unidad maestra.<br \/>\nAdem\u00e1s de la cl\u00e1sica gesti\u00f3n de cr\u00e9ditos presente en las llaves, las numerosas funciones que ofrece el sistema Caiman incluyen la gesti\u00f3n de precios y descuentos, la creaci\u00f3n de franjas horarias particulares, ventas y cr\u00e9ditos gratuitos, la creaci\u00f3n de sistemas de fidelizaci\u00f3n, la gesti\u00f3n de un Lista negra Para llaves perdidas o llaves para ser excluidas de la sistema.<br \/>\nLa instalaci\u00f3n de un sistema cashless Caiman aumenta el potencial del distribuidor, dot\u00e1ndolo de herramientas de marketing y promoci\u00f3n imprescindibles para aumentar las ventas y fidelizar a los clientes.<\/p>\n<p>&nbsp;<\/p>\n","protected":false},"excerpt":{"rendered":"<div id=\"product-description-short-105\">\n<p>Caiman MDB-MDB ofrece todas las funciones cashless, controla los perif\u00e9ricos y centraliza sus datos, ampliando las posibilidades de pago de los distribuidores MDB.<\/p>\n<\/div>\n<div class=\"product-actions\">\n<form id=\"add-to-cart-or-refresh\" action=\"https:\/\/shop.paytec.eu\/it\/carrello\" method=\"post\">\n<div class=\"product-variants\"><\/div>\n<section class=\"product-discounts\"><\/section>\n<\/form>\n<\/div>\n","protected":false},"featured_media":14603,"template":"","meta":[],"product_cat":[],"product_tag":[],"class_list":["post-8503","product","type-product","status-publish","has-post-thumbnail","hentry"],"acf":[],"yoast_head":"<!-- This site is optimized with the Yoast SEO plugin v21.1 - https:\/\/yoast.com\/wordpress\/plugins\/seo\/ -->\n<title>Master MDB con lector Mifare CAIMAN MDB-MDB - Paytec<\/title>\n<meta name=\"description\" content=\"El master MDB con lector Mifare CAIMAN MDB-MDB ofrece todas las funciones sin efectivo junto con una lectura\/escritura r\u00e1pida y segura de llaves Paytec.\" \/>\n<meta name=\"robots\" content=\"index, follow, max-snippet:-1, max-image-preview:large, max-video-preview:-1\" \/>\n<link rel=\"canonical\" href=\"https:\/\/www.paytec.eu\/fr\/prodotto\/maitre-mdb-avec-lecteur-mifare\/\" \/>\n<meta property=\"og:locale\" content=\"es_ES\" \/>\n<meta property=\"og:type\" content=\"article\" \/>\n<meta property=\"og:title\" content=\"Master MDB con lector Mifare CAIMAN MDB-MDB - Paytec\" \/>\n<meta property=\"og:description\" content=\"El master MDB con lector Mifare CAIMAN MDB-MDB ofrece todas las funciones sin efectivo junto con una lectura\/escritura r\u00e1pida y segura de llaves Paytec.\" \/>\n<meta property=\"og:url\" content=\"https:\/\/www.paytec.eu\/fr\/prodotto\/maitre-mdb-avec-lecteur-mifare\/\" \/>\n<meta property=\"og:site_name\" content=\"Paytec\" \/>\n<meta property=\"article:modified_time\" content=\"2025-05-08T13:05:29+00:00\" \/>\n<meta property=\"og:image\" content=\"https:\/\/www.paytec.eu\/wp-content\/uploads\/2022\/03\/caiman2-exe-eur-MiFare.jpg\" \/>\n\t<meta property=\"og:image:width\" content=\"744\" \/>\n\t<meta property=\"og:image:height\" content=\"800\" \/>\n\t<meta property=\"og:image:type\" content=\"image\/jpeg\" \/>\n<meta name=\"twitter:card\" content=\"summary_large_image\" \/>\n<meta name=\"twitter:label1\" content=\"Tiempo de lectura\" \/>\n\t<meta name=\"twitter:data1\" content=\"1 minuto\" \/>\n<script type=\"application\/ld+json\" class=\"yoast-schema-graph\">{\"@context\":\"https:\/\/schema.org\",\"@graph\":[{\"@type\":\"WebPage\",\"@id\":\"https:\/\/www.paytec.eu\/fr\/prodotto\/maitre-mdb-avec-lecteur-mifare\/\",\"url\":\"https:\/\/www.paytec.eu\/fr\/prodotto\/maitre-mdb-avec-lecteur-mifare\/\",\"name\":\"Master MDB con lector Mifare CAIMAN MDB-MDB - Paytec\",\"isPartOf\":{\"@id\":\"https:\/\/www.paytec.eu\/#website\"},\"datePublished\":\"2022-03-31T12:29:34+00:00\",\"dateModified\":\"2025-05-08T13:05:29+00:00\",\"description\":\"El master MDB con lector Mifare CAIMAN MDB-MDB ofrece todas las funciones sin efectivo junto con una lectura\/escritura r\u00e1pida y segura de llaves Paytec.\",\"breadcrumb\":{\"@id\":\"https:\/\/www.paytec.eu\/fr\/prodotto\/maitre-mdb-avec-lecteur-mifare\/#breadcrumb\"},\"inLanguage\":\"es\",\"potentialAction\":[{\"@type\":\"ReadAction\",\"target\":[\"https:\/\/www.paytec.eu\/fr\/prodotto\/maitre-mdb-avec-lecteur-mifare\/\"]}]},{\"@type\":\"BreadcrumbList\",\"@id\":\"https:\/\/www.paytec.eu\/fr\/prodotto\/maitre-mdb-avec-lecteur-mifare\/#breadcrumb\",\"itemListElement\":[{\"@type\":\"ListItem\",\"position\":1,\"name\":\"Home\",\"item\":\"https:\/\/www.paytec.eu\/es\/\"},{\"@type\":\"ListItem\",\"position\":2,\"name\":\"Tienda\",\"item\":\"https:\/\/www.paytec.eu\/shop\/\"},{\"@type\":\"ListItem\",\"position\":3,\"name\":\"Cashless\",\"item\":\"https:\/\/www.paytec.eu\/es\/categoria-prodotto\/cashless-es\/\"},{\"@type\":\"ListItem\",\"position\":4,\"name\":\"CAIMAN2 MIFARE\u00ae MDB-MDB EUR\"}]},{\"@type\":\"WebSite\",\"@id\":\"https:\/\/www.paytec.eu\/#website\",\"url\":\"https:\/\/www.paytec.eu\/\",\"name\":\"Paytec\",\"description\":\"Smart Payments for Vending\",\"potentialAction\":[{\"@type\":\"SearchAction\",\"target\":{\"@type\":\"EntryPoint\",\"urlTemplate\":\"https:\/\/www.paytec.eu\/?s={search_term_string}\"},\"query-input\":\"required name=search_term_string\"}],\"inLanguage\":\"es\"}]}<\/script>\n<!-- \/ Yoast SEO plugin. -->","yoast_head_json":{"title":"Master MDB con lector Mifare CAIMAN MDB-MDB - Paytec","description":"El master MDB con lector Mifare CAIMAN MDB-MDB ofrece todas las funciones sin efectivo junto con una lectura\/escritura r\u00e1pida y segura de llaves Paytec.","robots":{"index":"index","follow":"follow","max-snippet":"max-snippet:-1","max-image-preview":"max-image-preview:large","max-video-preview":"max-video-preview:-1"},"canonical":"https:\/\/www.paytec.eu\/fr\/prodotto\/maitre-mdb-avec-lecteur-mifare\/","og_locale":"es_ES","og_type":"article","og_title":"Master MDB con lector Mifare CAIMAN MDB-MDB - Paytec","og_description":"El master MDB con lector Mifare CAIMAN MDB-MDB ofrece todas las funciones sin efectivo junto con una lectura\/escritura r\u00e1pida y segura de llaves Paytec.","og_url":"https:\/\/www.paytec.eu\/fr\/prodotto\/maitre-mdb-avec-lecteur-mifare\/","og_site_name":"Paytec","article_modified_time":"2025-05-08T13:05:29+00:00","og_image":[{"width":744,"height":800,"url":"https:\/\/www.paytec.eu\/wp-content\/uploads\/2022\/03\/caiman2-exe-eur-MiFare.jpg","type":"image\/jpeg"}],"twitter_card":"summary_large_image","twitter_misc":{"Tiempo de lectura":"1 minuto"},"schema":{"@context":"https:\/\/schema.org","@graph":[{"@type":"WebPage","@id":"https:\/\/www.paytec.eu\/fr\/prodotto\/maitre-mdb-avec-lecteur-mifare\/","url":"https:\/\/www.paytec.eu\/fr\/prodotto\/maitre-mdb-avec-lecteur-mifare\/","name":"Master MDB con lector Mifare CAIMAN MDB-MDB - Paytec","isPartOf":{"@id":"https:\/\/www.paytec.eu\/#website"},"datePublished":"2022-03-31T12:29:34+00:00","dateModified":"2025-05-08T13:05:29+00:00","description":"El master MDB con lector Mifare CAIMAN MDB-MDB ofrece todas las funciones sin efectivo junto con una lectura\/escritura r\u00e1pida y segura de llaves Paytec.","breadcrumb":{"@id":"https:\/\/www.paytec.eu\/fr\/prodotto\/maitre-mdb-avec-lecteur-mifare\/#breadcrumb"},"inLanguage":"es","potentialAction":[{"@type":"ReadAction","target":["https:\/\/www.paytec.eu\/fr\/prodotto\/maitre-mdb-avec-lecteur-mifare\/"]}]},{"@type":"BreadcrumbList","@id":"https:\/\/www.paytec.eu\/fr\/prodotto\/maitre-mdb-avec-lecteur-mifare\/#breadcrumb","itemListElement":[{"@type":"ListItem","position":1,"name":"Home","item":"https:\/\/www.paytec.eu\/es\/"},{"@type":"ListItem","position":2,"name":"Tienda","item":"https:\/\/www.paytec.eu\/shop\/"},{"@type":"ListItem","position":3,"name":"Cashless","item":"https:\/\/www.paytec.eu\/es\/categoria-prodotto\/cashless-es\/"},{"@type":"ListItem","position":4,"name":"CAIMAN2 MIFARE\u00ae MDB-MDB EUR"}]},{"@type":"WebSite","@id":"https:\/\/www.paytec.eu\/#website","url":"https:\/\/www.paytec.eu\/","name":"Paytec","description":"Smart Payments for Vending","potentialAction":[{"@type":"SearchAction","target":{"@type":"EntryPoint","urlTemplate":"https:\/\/www.paytec.eu\/?s={search_term_string}"},"query-input":"required name=search_term_string"}],"inLanguage":"es"}]}},"_links":{"self":[{"href":"https:\/\/www.paytec.eu\/es\/wp-json\/wp\/v2\/product\/8503","targetHints":{"allow":["GET"]}}],"collection":[{"href":"https:\/\/www.paytec.eu\/es\/wp-json\/wp\/v2\/product"}],"about":[{"href":"https:\/\/www.paytec.eu\/es\/wp-json\/wp\/v2\/types\/product"}],"wp:featuredmedia":[{"embeddable":true,"href":"https:\/\/www.paytec.eu\/es\/wp-json\/wp\/v2\/media\/14603"}],"wp:attachment":[{"href":"https:\/\/www.paytec.eu\/es\/wp-json\/wp\/v2\/media?parent=8503"}],"wp:term":[{"taxonomy":"product_cat","embeddable":true,"href":"https:\/\/www.paytec.eu\/es\/wp-json\/wp\/v2\/product_cat?post=8503"},{"taxonomy":"product_tag","embeddable":true,"href":"https:\/\/www.paytec.eu\/es\/wp-json\/wp\/v2\/product_tag?post=8503"}],"curies":[{"name":"wp","href":"https:\/\/api.w.org\/{rel}","templated":true}]}}