{"id":8522,"date":"2022-03-31T13:08:05","date_gmt":"2022-03-31T13:08:09","guid":{"rendered":"https:\/\/www.paytec.eu\/?post_type=product&#038;p=8522"},"modified":"2025-05-08T13:07:09","modified_gmt":"2025-05-08T13:07:09","slug":"master-exe-con-lector","status":"publish","type":"product","link":"https:\/\/www.paytec.eu\/es\/prodotto\/master-exe-con-lector\/","title":{"rendered":"Caiman EXE EUR PIT"},"content":{"rendered":"<p>El master <strong>CAIMAN EXE<\/strong> con lector llaves PIT integrado es una soluci\u00f3n cashless concebida para trabajar con la m\u00e1quina vending en modalidad Ejecutivo. Como unidad \u201cmaestra\u201d, el sistema puede trabajar con 100 precios en modalidad Price Holding o bien demandar la gesti\u00f3n de los precios al distribuidor autom\u00e1tico.<br \/>\nEl sistema incluye una unidad de lectura que gestiona llaves PIT y puede gestionar simult\u00e1neamente otros dos MDB sin efectivo (lector de tarjetas de cr\u00e9dito, aplicaci\u00f3n de pago) as\u00ed como otros perif\u00e9ricos cash como un lector de billetes en modo impulsivo, un monedero MDB o validador de monedas de 24V.<br \/>\nAdem\u00e1s de la gesti\u00f3n cl\u00e1sica del cr\u00e9dito presente en las llaves, el sistema permite una flexibilidad extrema en la fijaci\u00f3n de precios y descuentos.<\/p>\n<p>Si configurado de manera oportuna, el master EXE con lector <strong>Caim\u00e1n EXE<\/strong> permite adem\u00e1s recargar cr\u00e9ditos de una tarjeta bancaria directamente a llaves Paytec, permitiendo as\u00ed la eliminaci\u00f3n del efectivo y reduciendo las comisiones bancarias.<\/p>\n<p>La configuraci\u00f3n y recopilaci\u00f3n de datos de auditor\u00eda se puede realizar utilizando una amplia variedad de herramientas y tecnolog\u00edas, incluida la aplicaci\u00f3n PayTools. La Auditor\u00eda tambi\u00e9n incluye toda la informaci\u00f3n del monedero MDB, incluida la cantidad de monedas en los tubos individuales.<\/p>\n","protected":false},"excerpt":{"rendered":"<div id=\"product-description-short-105\">\n<p>Gracias a su arquitectura vers\u00e1til y las numerosas funciones de gesti\u00f3n inteligente, la instalaci\u00f3n de un sistema cashless Caiman aumenta el potencial de la maquina expendedora, dot\u00e1ndolo de herramientas de an\u00e1lisis y promoci\u00f3n imprescindibles para incrementar las ventas y mejorar la fidelizaci\u00f3n de los clientes.<\/p>\n<\/div>\n<div class=\"product-actions\">\n<form id=\"add-to-cart-or-refresh\" action=\"https:\/\/shop.paytec.eu\/it\/carrello\" method=\"post\">\n<div class=\"product-variants\"><\/div>\n<section class=\"product-discounts\"><\/section>\n<\/form>\n<\/div>\n","protected":false},"featured_media":14598,"template":"","meta":[],"product_cat":[143],"product_tag":[],"class_list":["post-8522","product","type-product","status-publish","has-post-thumbnail","hentry","product_cat-cashless-es"],"acf":[],"yoast_head":"<!-- This site is optimized with the Yoast SEO plugin v21.1 - https:\/\/yoast.com\/wordpress\/plugins\/seo\/ -->\n<title>master EXE con lector llaves PIT - Paytec<\/title>\n<meta name=\"description\" content=\"El master EXE con lector de llaves PIT permite una gesti\u00f3n completa de los datos de cobros y ventas e integra un lector de llaves PIT Paytec.\" \/>\n<meta name=\"robots\" content=\"index, follow, max-snippet:-1, max-image-preview:large, max-video-preview:-1\" \/>\n<link rel=\"canonical\" href=\"https:\/\/www.paytec.eu\/fr\/prodotto\/maitre-exe-avec-lecteur\/\" \/>\n<meta property=\"og:locale\" content=\"es_ES\" \/>\n<meta property=\"og:type\" content=\"article\" \/>\n<meta property=\"og:title\" content=\"master EXE con lector llaves PIT - Paytec\" \/>\n<meta property=\"og:description\" content=\"El master EXE con lector de llaves PIT permite una gesti\u00f3n completa de los datos de cobros y ventas e integra un lector de llaves PIT Paytec.\" \/>\n<meta property=\"og:url\" content=\"https:\/\/www.paytec.eu\/fr\/prodotto\/maitre-exe-avec-lecteur\/\" \/>\n<meta property=\"og:site_name\" content=\"Paytec\" \/>\n<meta property=\"article:modified_time\" content=\"2025-05-08T13:07:09+00:00\" \/>\n<meta property=\"og:image\" content=\"https:\/\/www.paytec.eu\/wp-content\/uploads\/2022\/03\/caiman2-exe-eur-Pit.jpg\" \/>\n\t<meta property=\"og:image:width\" content=\"744\" \/>\n\t<meta property=\"og:image:height\" content=\"800\" \/>\n\t<meta property=\"og:image:type\" content=\"image\/jpeg\" \/>\n<meta name=\"twitter:card\" content=\"summary_large_image\" \/>\n<meta name=\"twitter:label1\" content=\"Tiempo de lectura\" \/>\n\t<meta name=\"twitter:data1\" content=\"2 minutos\" \/>\n<script type=\"application\/ld+json\" class=\"yoast-schema-graph\">{\"@context\":\"https:\/\/schema.org\",\"@graph\":[{\"@type\":\"WebPage\",\"@id\":\"https:\/\/www.paytec.eu\/fr\/prodotto\/maitre-exe-avec-lecteur\/\",\"url\":\"https:\/\/www.paytec.eu\/fr\/prodotto\/maitre-exe-avec-lecteur\/\",\"name\":\"master EXE con lector llaves PIT - Paytec\",\"isPartOf\":{\"@id\":\"https:\/\/www.paytec.eu\/#website\"},\"datePublished\":\"2022-03-31T13:08:09+00:00\",\"dateModified\":\"2025-05-08T13:07:09+00:00\",\"description\":\"El master EXE con lector de llaves PIT permite una gesti\u00f3n completa de los datos de cobros y ventas e integra un lector de llaves PIT Paytec.\",\"breadcrumb\":{\"@id\":\"https:\/\/www.paytec.eu\/fr\/prodotto\/maitre-exe-avec-lecteur\/#breadcrumb\"},\"inLanguage\":\"es\",\"potentialAction\":[{\"@type\":\"ReadAction\",\"target\":[\"https:\/\/www.paytec.eu\/fr\/prodotto\/maitre-exe-avec-lecteur\/\"]}]},{\"@type\":\"BreadcrumbList\",\"@id\":\"https:\/\/www.paytec.eu\/fr\/prodotto\/maitre-exe-avec-lecteur\/#breadcrumb\",\"itemListElement\":[{\"@type\":\"ListItem\",\"position\":1,\"name\":\"Home\",\"item\":\"https:\/\/www.paytec.eu\/es\/\"},{\"@type\":\"ListItem\",\"position\":2,\"name\":\"Tienda\",\"item\":\"https:\/\/www.paytec.eu\/shop\/\"},{\"@type\":\"ListItem\",\"position\":3,\"name\":\"Cashless\",\"item\":\"https:\/\/www.paytec.eu\/es\/categoria-prodotto\/cashless-es\/\"},{\"@type\":\"ListItem\",\"position\":4,\"name\":\"Caiman EXE EUR PIT\"}]},{\"@type\":\"WebSite\",\"@id\":\"https:\/\/www.paytec.eu\/#website\",\"url\":\"https:\/\/www.paytec.eu\/\",\"name\":\"Paytec\",\"description\":\"Smart Payments for Vending\",\"potentialAction\":[{\"@type\":\"SearchAction\",\"target\":{\"@type\":\"EntryPoint\",\"urlTemplate\":\"https:\/\/www.paytec.eu\/?s={search_term_string}\"},\"query-input\":\"required name=search_term_string\"}],\"inLanguage\":\"es\"}]}<\/script>\n<!-- \/ Yoast SEO plugin. -->","yoast_head_json":{"title":"master EXE con lector llaves PIT - Paytec","description":"El master EXE con lector de llaves PIT permite una gesti\u00f3n completa de los datos de cobros y ventas e integra un lector de llaves PIT Paytec.","robots":{"index":"index","follow":"follow","max-snippet":"max-snippet:-1","max-image-preview":"max-image-preview:large","max-video-preview":"max-video-preview:-1"},"canonical":"https:\/\/www.paytec.eu\/fr\/prodotto\/maitre-exe-avec-lecteur\/","og_locale":"es_ES","og_type":"article","og_title":"master EXE con lector llaves PIT - Paytec","og_description":"El master EXE con lector de llaves PIT permite una gesti\u00f3n completa de los datos de cobros y ventas e integra un lector de llaves PIT Paytec.","og_url":"https:\/\/www.paytec.eu\/fr\/prodotto\/maitre-exe-avec-lecteur\/","og_site_name":"Paytec","article_modified_time":"2025-05-08T13:07:09+00:00","og_image":[{"width":744,"height":800,"url":"https:\/\/www.paytec.eu\/wp-content\/uploads\/2022\/03\/caiman2-exe-eur-Pit.jpg","type":"image\/jpeg"}],"twitter_card":"summary_large_image","twitter_misc":{"Tiempo de lectura":"2 minutos"},"schema":{"@context":"https:\/\/schema.org","@graph":[{"@type":"WebPage","@id":"https:\/\/www.paytec.eu\/fr\/prodotto\/maitre-exe-avec-lecteur\/","url":"https:\/\/www.paytec.eu\/fr\/prodotto\/maitre-exe-avec-lecteur\/","name":"master EXE con lector llaves PIT - Paytec","isPartOf":{"@id":"https:\/\/www.paytec.eu\/#website"},"datePublished":"2022-03-31T13:08:09+00:00","dateModified":"2025-05-08T13:07:09+00:00","description":"El master EXE con lector de llaves PIT permite una gesti\u00f3n completa de los datos de cobros y ventas e integra un lector de llaves PIT Paytec.","breadcrumb":{"@id":"https:\/\/www.paytec.eu\/fr\/prodotto\/maitre-exe-avec-lecteur\/#breadcrumb"},"inLanguage":"es","potentialAction":[{"@type":"ReadAction","target":["https:\/\/www.paytec.eu\/fr\/prodotto\/maitre-exe-avec-lecteur\/"]}]},{"@type":"BreadcrumbList","@id":"https:\/\/www.paytec.eu\/fr\/prodotto\/maitre-exe-avec-lecteur\/#breadcrumb","itemListElement":[{"@type":"ListItem","position":1,"name":"Home","item":"https:\/\/www.paytec.eu\/es\/"},{"@type":"ListItem","position":2,"name":"Tienda","item":"https:\/\/www.paytec.eu\/shop\/"},{"@type":"ListItem","position":3,"name":"Cashless","item":"https:\/\/www.paytec.eu\/es\/categoria-prodotto\/cashless-es\/"},{"@type":"ListItem","position":4,"name":"Caiman EXE EUR PIT"}]},{"@type":"WebSite","@id":"https:\/\/www.paytec.eu\/#website","url":"https:\/\/www.paytec.eu\/","name":"Paytec","description":"Smart Payments for Vending","potentialAction":[{"@type":"SearchAction","target":{"@type":"EntryPoint","urlTemplate":"https:\/\/www.paytec.eu\/?s={search_term_string}"},"query-input":"required name=search_term_string"}],"inLanguage":"es"}]}},"_links":{"self":[{"href":"https:\/\/www.paytec.eu\/es\/wp-json\/wp\/v2\/product\/8522","targetHints":{"allow":["GET"]}}],"collection":[{"href":"https:\/\/www.paytec.eu\/es\/wp-json\/wp\/v2\/product"}],"about":[{"href":"https:\/\/www.paytec.eu\/es\/wp-json\/wp\/v2\/types\/product"}],"wp:featuredmedia":[{"embeddable":true,"href":"https:\/\/www.paytec.eu\/es\/wp-json\/wp\/v2\/media\/14598"}],"wp:attachment":[{"href":"https:\/\/www.paytec.eu\/es\/wp-json\/wp\/v2\/media?parent=8522"}],"wp:term":[{"taxonomy":"product_cat","embeddable":true,"href":"https:\/\/www.paytec.eu\/es\/wp-json\/wp\/v2\/product_cat?post=8522"},{"taxonomy":"product_tag","embeddable":true,"href":"https:\/\/www.paytec.eu\/es\/wp-json\/wp\/v2\/product_tag?post=8522"}],"curies":[{"name":"wp","href":"https:\/\/api.w.org\/{rel}","templated":true}]}}