{"id":13703,"date":"2024-03-12T07:12:45","date_gmt":"2024-03-12T07:12:45","guid":{"rendered":"https:\/\/www.paytec.eu\/demande-de-retour-produit\/"},"modified":"2024-03-12T10:36:17","modified_gmt":"2024-03-12T10:36:17","slug":"demande-de-retour-produit","status":"publish","type":"page","link":"https:\/\/www.paytec.eu\/fr\/demande-de-retour-produit\/","title":{"rendered":"Demande de retour produit"},"content":{"rendered":"<p>[vc_row css_animation=\u00a0\u00bb\u00a0\u00bb row_type=\u00a0\u00bbrow\u00a0\u00bb use_row_as_full_screen_section=\u00a0\u00bbno\u00a0\u00bb type=\u00a0\u00bbgrid\u00a0\u00bb angled_section=\u00a0\u00bbno\u00a0\u00bb text_align=\u00a0\u00bbleft\u00a0\u00bb background_image_as_pattern=\u00a0\u00bbwithout_pattern\u00a0\u00bb z_index=\u00a0\u00bb\u00a0\u00bb][vc_column][vc_column_text]<\/p>\n<h2 style=\"text-align: center;\">DEMANDE DE RETOUR PRODUIT<\/h2>\n<p>[\/vc_column_text][vc_column_text]<\/p>\n<p style=\"text-align: left;\">Vous avez fait une erreur dans votre commande et souhaitez retourner un produit ? Remplissez le formulaire ci-dessous pour demander une autorisation de retour et <strong>attendez la r\u00e9ponse<\/strong> de notre bureau commercial avant d&rsquo;exp\u00e9dier les produits.<\/p>\n<p>En attendant, nous vous rappelons les dispositions de l&rsquo;article 6 de nos Conditions G\u00e9n\u00e9rales de Vente :<\/p>\n<p><em>6.1 Pass\u00e9 12 (douze) mois \u00e0 compter de la date de livraison des Produits au Client, Paytec ne prendra en compte aucune proc\u00e9dure ou demande de retour.<\/em><br \/>\n<em>6.2 <strong>Les retours doivent \u00eatre pr\u00e9alablement v\u00e9rifi\u00e9s, accept\u00e9s et autoris\u00e9s par \u00e9crit par Paytec<\/strong> et doivent parvenir \u00e0 Paytec dans les 30 (trente) jours suivant l&rsquo;autorisation. Si ce d\u00e9lai expire inutilement, tout accord ou autorisation de retour deviendra caduque.<\/em><br \/>\n<em>6.3 Tous les frais de retour des Produits restent \u00e0 la seule charge du Client.<\/em><br \/>\n[\/vc_column_text][vc_separator type=\u00a0\u00bbnormal\u00a0\u00bb]<div role=\"form\" class=\"wpcf7\" id=\"wpcf7-f13725-o1\" lang=\"it-IT\" dir=\"ltr\">\n<div class=\"screen-reader-response\"><p role=\"status\" aria-live=\"polite\" aria-atomic=\"true\"><\/p> <ul><\/ul><\/div>\n<form action=\"\/fr\/wp-json\/wp\/v2\/pages\/13703#wpcf7-f13725-o1\" method=\"post\" class=\"wpcf7-form init cf7_custom_style_1\" novalidate=\"novalidate\" data-status=\"init\">\n<div style=\"display: none;\">\n<input type=\"hidden\" name=\"_wpcf7\" value=\"13725\" \/>\n<input type=\"hidden\" name=\"_wpcf7_version\" value=\"5.5.3\" \/>\n<input type=\"hidden\" name=\"_wpcf7_locale\" value=\"it_IT\" \/>\n<input type=\"hidden\" name=\"_wpcf7_unit_tag\" value=\"wpcf7-f13725-o1\" \/>\n<input type=\"hidden\" name=\"_wpcf7_container_post\" value=\"0\" \/>\n<input type=\"hidden\" name=\"_wpcf7_posted_data_hash\" value=\"\" \/>\n<input type=\"hidden\" name=\"_wpcf7_recaptcha_response\" value=\"\" \/>\n<\/div>\n<div class=\"vc_row\">\n<div class=\"vc_col-md-12\">\n<div class=\"wpcf7-response-output\" aria-hidden=\"true\"><\/div>\n<\/div>\n<\/div>\n<div class=\"vc_row\">\n<div class=\"vc_col-md-6\"><span class=\"wpcf7-form-control-wrap ragsoc\"><input type=\"text\" name=\"ragsoc\" value=\"\" size=\"40\" class=\"wpcf7-form-control wpcf7-text wpcf7-validates-as-required\" aria-required=\"true\" aria-invalid=\"false\" placeholder=\"Soci\u00e9t\u00e9*\" \/><\/span><\/div>\n<div class=\"vc_col-md-6\"><span class=\"wpcf7-form-control-wrap nome\"><input type=\"text\" name=\"nome\" value=\"\" size=\"40\" class=\"wpcf7-form-control wpcf7-text wpcf7-validates-as-required\" aria-required=\"true\" aria-invalid=\"false\" placeholder=\"Nom Personne de contact*\" \/><\/span><\/div>\n<\/div>\n<div class=\"vc_row\">\n<div class=\"vc_col-md-6\"><span class=\"wpcf7-form-control-wrap email\"><input type=\"email\" name=\"email\" value=\"\" size=\"40\" class=\"wpcf7-form-control wpcf7-text wpcf7-email wpcf7-validates-as-required wpcf7-validates-as-email\" aria-required=\"true\" aria-invalid=\"false\" placeholder=\"E-mail*\" \/><\/span><\/div>\n<div class=\"vc_col-md-6\"><span class=\"wpcf7-form-control-wrap tel\"><input type=\"tel\" name=\"tel\" value=\"\" size=\"40\" class=\"wpcf7-form-control wpcf7-text wpcf7-tel wpcf7-validates-as-required wpcf7-validates-as-tel\" aria-required=\"true\" aria-invalid=\"false\" placeholder=\"T\u00e9l\u00e9phone*\" \/><\/span><\/div>\n<\/div>\n<div class=\"vc_row\">\n<div class=\"vc_col-md-12\">\n<h4>Produit \u00e0 retourner<\/h4>\n<\/div>\n<\/div>\n<p><span class=\"wpcf7-form-control-wrap NomeProd\"><textarea name=\"NomeProd\" cols=\"40\" rows=\"10\" class=\"wpcf7-form-control wpcf7-textarea\" aria-invalid=\"false\" placeholder=\"Nom Produit\"><\/textarea><\/span><br \/>\nMotif du retour:<br \/>\n<span class=\"wpcf7-form-control-wrap breveDes\"><textarea name=\"breveDes\" cols=\"40\" rows=\"10\" class=\"wpcf7-form-control wpcf7-textarea\" aria-invalid=\"false\" placeholder=\"Br\u00e8ve description\"><\/textarea><\/span>\n<\/p><\/div>\n<\/div>\n<div class=\"vc_col-md-12\"><span class=\"wpcf7-form-control-wrap acceptance-475\"><span class=\"wpcf7-form-control wpcf7-acceptance\"><span class=\"wpcf7-list-item\"><input type=\"checkbox\" name=\"acceptance-475\" value=\"1\" aria-invalid=\"false\" \/><\/span><\/span><\/span> <span style=\"font-size:12px;\">J'ai lu la <a href=\"?page_id=20\">Privacy Policy<\/a> et j'accepte le traitement des donn\u00e9es personnelles.<\/span><\/div>\n<div class=\"vc_row\">\n<div class=\"vc_col-md-12\"><input type=\"submit\" value=\"Envoyer\" class=\"wpcf7-form-control has-spinner wpcf7-submit\" \/><\/div>\n<\/div>\n<input type='hidden' class='wpcf7-pum' value='{\"closepopup\":false,\"closedelay\":0,\"openpopup\":false,\"openpopup_id\":0}' \/><\/form><\/div>[\/vc_column][\/vc_row]<\/p>\n","protected":false},"excerpt":{"rendered":"<p>[vc_row css_animation=\u00a0\u00bb\u00a0\u00bb row_type=\u00a0\u00bbrow\u00a0\u00bb use_row_as_full_screen_section=\u00a0\u00bbno\u00a0\u00bb type=\u00a0\u00bbgrid\u00a0\u00bb angled_section=\u00a0\u00bbno\u00a0\u00bb text_align=\u00a0\u00bbleft\u00a0\u00bb background_image_as_pattern=\u00a0\u00bbwithout_pattern\u00a0\u00bb z_index=\u00a0\u00bb\u00a0\u00bb][vc_column][vc_column_text] DEMANDE DE RETOUR PRODUIT [\/vc_column_text][vc_column_text] Vous avez fait une erreur dans votre commande et souhaitez retourner un produit ? Remplissez le formulaire ci-dessous pour demander une autorisation de retour et attendez la r\u00e9ponse de notre bureau&#8230;<\/p>\n","protected":false},"author":3,"featured_media":0,"parent":0,"menu_order":0,"comment_status":"closed","ping_status":"closed","template":"full_width.php","meta":{"footnotes":""},"class_list":["post-13703","page","type-page","status-publish","hentry"],"acf":[],"yoast_head":"<!-- This site is optimized with the Yoast SEO plugin v21.1 - https:\/\/yoast.com\/wordpress\/plugins\/seo\/ -->\n<title>Demande de retour produit - Paytec<\/title>\n<meta name=\"robots\" content=\"index, follow, max-snippet:-1, max-image-preview:large, max-video-preview:-1\" \/>\n<link rel=\"canonical\" href=\"https:\/\/www.paytec.eu\/fr\/demande-de-retour-produit\/\" \/>\n<meta property=\"og:locale\" content=\"fr_FR\" \/>\n<meta property=\"og:type\" content=\"article\" \/>\n<meta property=\"og:title\" content=\"Demande de retour produit - Paytec\" \/>\n<meta property=\"og:description\" content=\"[vc_row css_animation=\u00a0\u00bb\u00a0\u00bb row_type=\u00a0\u00bbrow\u00a0\u00bb use_row_as_full_screen_section=\u00a0\u00bbno\u00a0\u00bb type=\u00a0\u00bbgrid\u00a0\u00bb angled_section=\u00a0\u00bbno\u00a0\u00bb text_align=\u00a0\u00bbleft\u00a0\u00bb background_image_as_pattern=\u00a0\u00bbwithout_pattern\u00a0\u00bb z_index=\u00a0\u00bb\u00a0\u00bb][vc_column][vc_column_text] DEMANDE DE RETOUR PRODUIT [\/vc_column_text][vc_column_text] Vous avez fait une erreur dans votre commande et souhaitez retourner un produit ? Remplissez le formulaire ci-dessous pour demander une autorisation de retour et attendez la r\u00e9ponse de notre bureau...\" \/>\n<meta property=\"og:url\" content=\"https:\/\/www.paytec.eu\/fr\/demande-de-retour-produit\/\" \/>\n<meta property=\"og:site_name\" content=\"Paytec\" \/>\n<meta property=\"article:modified_time\" content=\"2024-03-12T10:36:17+00:00\" \/>\n<meta name=\"twitter:card\" content=\"summary_large_image\" \/>\n<meta name=\"twitter:label1\" content=\"Dur\u00e9e de lecture estim\u00e9e\" \/>\n\t<meta name=\"twitter:data1\" content=\"1 minute\" \/>\n<script type=\"application\/ld+json\" class=\"yoast-schema-graph\">{\"@context\":\"https:\/\/schema.org\",\"@graph\":[{\"@type\":\"WebPage\",\"@id\":\"https:\/\/www.paytec.eu\/fr\/demande-de-retour-produit\/\",\"url\":\"https:\/\/www.paytec.eu\/fr\/demande-de-retour-produit\/\",\"name\":\"Demande de retour produit - Paytec\",\"isPartOf\":{\"@id\":\"https:\/\/www.paytec.eu\/#website\"},\"datePublished\":\"2024-03-12T07:12:45+00:00\",\"dateModified\":\"2024-03-12T10:36:17+00:00\",\"breadcrumb\":{\"@id\":\"https:\/\/www.paytec.eu\/fr\/demande-de-retour-produit\/#breadcrumb\"},\"inLanguage\":\"fr-FR\",\"potentialAction\":[{\"@type\":\"ReadAction\",\"target\":[\"https:\/\/www.paytec.eu\/fr\/demande-de-retour-produit\/\"]}]},{\"@type\":\"BreadcrumbList\",\"@id\":\"https:\/\/www.paytec.eu\/fr\/demande-de-retour-produit\/#breadcrumb\",\"itemListElement\":[{\"@type\":\"ListItem\",\"position\":1,\"name\":\"Home\",\"item\":\"https:\/\/www.paytec.eu\/fr\/\"},{\"@type\":\"ListItem\",\"position\":2,\"name\":\"Demande de retour produit\"}]},{\"@type\":\"WebSite\",\"@id\":\"https:\/\/www.paytec.eu\/#website\",\"url\":\"https:\/\/www.paytec.eu\/\",\"name\":\"Paytec\",\"description\":\"Smart Payments for Vending\",\"potentialAction\":[{\"@type\":\"SearchAction\",\"target\":{\"@type\":\"EntryPoint\",\"urlTemplate\":\"https:\/\/www.paytec.eu\/?s={search_term_string}\"},\"query-input\":\"required name=search_term_string\"}],\"inLanguage\":\"fr-FR\"}]}<\/script>\n<!-- \/ Yoast SEO plugin. -->","yoast_head_json":{"title":"Demande de retour produit - Paytec","robots":{"index":"index","follow":"follow","max-snippet":"max-snippet:-1","max-image-preview":"max-image-preview:large","max-video-preview":"max-video-preview:-1"},"canonical":"https:\/\/www.paytec.eu\/fr\/demande-de-retour-produit\/","og_locale":"fr_FR","og_type":"article","og_title":"Demande de retour produit - Paytec","og_description":"[vc_row css_animation=\u00a0\u00bb\u00a0\u00bb row_type=\u00a0\u00bbrow\u00a0\u00bb use_row_as_full_screen_section=\u00a0\u00bbno\u00a0\u00bb type=\u00a0\u00bbgrid\u00a0\u00bb angled_section=\u00a0\u00bbno\u00a0\u00bb text_align=\u00a0\u00bbleft\u00a0\u00bb background_image_as_pattern=\u00a0\u00bbwithout_pattern\u00a0\u00bb z_index=\u00a0\u00bb\u00a0\u00bb][vc_column][vc_column_text] DEMANDE DE RETOUR PRODUIT [\/vc_column_text][vc_column_text] Vous avez fait une erreur dans votre commande et souhaitez retourner un produit ? Remplissez le formulaire ci-dessous pour demander une autorisation de retour et attendez la r\u00e9ponse de notre bureau...","og_url":"https:\/\/www.paytec.eu\/fr\/demande-de-retour-produit\/","og_site_name":"Paytec","article_modified_time":"2024-03-12T10:36:17+00:00","twitter_card":"summary_large_image","twitter_misc":{"Dur\u00e9e de lecture estim\u00e9e":"1 minute"},"schema":{"@context":"https:\/\/schema.org","@graph":[{"@type":"WebPage","@id":"https:\/\/www.paytec.eu\/fr\/demande-de-retour-produit\/","url":"https:\/\/www.paytec.eu\/fr\/demande-de-retour-produit\/","name":"Demande de retour produit - Paytec","isPartOf":{"@id":"https:\/\/www.paytec.eu\/#website"},"datePublished":"2024-03-12T07:12:45+00:00","dateModified":"2024-03-12T10:36:17+00:00","breadcrumb":{"@id":"https:\/\/www.paytec.eu\/fr\/demande-de-retour-produit\/#breadcrumb"},"inLanguage":"fr-FR","potentialAction":[{"@type":"ReadAction","target":["https:\/\/www.paytec.eu\/fr\/demande-de-retour-produit\/"]}]},{"@type":"BreadcrumbList","@id":"https:\/\/www.paytec.eu\/fr\/demande-de-retour-produit\/#breadcrumb","itemListElement":[{"@type":"ListItem","position":1,"name":"Home","item":"https:\/\/www.paytec.eu\/fr\/"},{"@type":"ListItem","position":2,"name":"Demande de retour produit"}]},{"@type":"WebSite","@id":"https:\/\/www.paytec.eu\/#website","url":"https:\/\/www.paytec.eu\/","name":"Paytec","description":"Smart Payments for Vending","potentialAction":[{"@type":"SearchAction","target":{"@type":"EntryPoint","urlTemplate":"https:\/\/www.paytec.eu\/?s={search_term_string}"},"query-input":"required name=search_term_string"}],"inLanguage":"fr-FR"}]}},"_links":{"self":[{"href":"https:\/\/www.paytec.eu\/fr\/wp-json\/wp\/v2\/pages\/13703","targetHints":{"allow":["GET"]}}],"collection":[{"href":"https:\/\/www.paytec.eu\/fr\/wp-json\/wp\/v2\/pages"}],"about":[{"href":"https:\/\/www.paytec.eu\/fr\/wp-json\/wp\/v2\/types\/page"}],"author":[{"embeddable":true,"href":"https:\/\/www.paytec.eu\/fr\/wp-json\/wp\/v2\/users\/3"}],"replies":[{"embeddable":true,"href":"https:\/\/www.paytec.eu\/fr\/wp-json\/wp\/v2\/comments?post=13703"}],"version-history":[{"count":0,"href":"https:\/\/www.paytec.eu\/fr\/wp-json\/wp\/v2\/pages\/13703\/revisions"}],"wp:attachment":[{"href":"https:\/\/www.paytec.eu\/fr\/wp-json\/wp\/v2\/media?parent=13703"}],"curies":[{"name":"wp","href":"https:\/\/api.w.org\/{rel}","templated":true}]}}