{"id":6250,"date":"2022-01-02T10:24:16","date_gmt":"2022-01-02T10:24:16","guid":{"rendered":"https:\/\/www.paytec.eu\/a-propos-de-paytec\/"},"modified":"2023-10-25T08:19:56","modified_gmt":"2023-10-25T08:19:56","slug":"about-paytec","status":"publish","type":"page","link":"https:\/\/www.paytec.eu\/fr\/about-paytec\/","title":{"rendered":"\u00c0 propos de Paytec"},"content":{"rendered":"<p>[vc_row css_animation=\u00a0\u00bb\u00a0\u00bb row_type=\u00a0\u00bbrow\u00a0\u00bb use_row_as_full_screen_section=\u00a0\u00bbno\u00a0\u00bb type=\u00a0\u00bbgrid\u00a0\u00bb angled_section=\u00a0\u00bbno\u00a0\u00bb text_align=\u00a0\u00bbleft\u00a0\u00bb background_image_as_pattern=\u00a0\u00bbwithout_pattern\u00a0\u00bb z_index=\u00a0\u00bb\u00a0\u00bb][vc_column][qode_elements_holder number_of_columns=\u00a0\u00bbtwo_columns\u00a0\u00bb][qode_elements_holder_item vertical_alignment=\u00a0\u00bbmiddle\u00a0\u00bb advanced_animations=\u00a0\u00bbno\u00a0\u00bb][vc_column_text]Nous ne nous lassons jamais d\u2019\u00eatre \u00e0 l\u2019\u00e9coute de nos clients: conna\u00eetre leurs habitudes, leurs envies et leurs incertitudes nous permet de d\u00e9velopper des solutions toujours plus performantes et proches des besoins du vending d\u2019aujourd\u2019hui et de demain.<\/p>\n<p>Depuis <strong>plus de 40 ans<\/strong>, nous exp\u00e9rimentons et travaillons chaque jour pour accompagner les gestionnaires avec une gamme compl\u00e8te de solutions, en constante \u00e9volution, avec une attention particuli\u00e8re au digital et au paiement mobile.<\/p>\n<p>Chaque instant, du d\u00e9veloppement au service client, est caract\u00e9ris\u00e9 par une approche Lean. Toutes les activit\u00e9s \u00e0 forte valeur ajout\u00e9e telles que la conception, la production, les essais et l\u2019assistance avant et apr\u00e8s-vente sont g\u00e9r\u00e9es en interne, tandis que pr\u00e8s de 80% de la valeur des composants est achet\u00e9e \u00e0 des fournisseurs italiens.<\/p>\n<p>L\u2019\u00e9troite collaboration entre le d\u00e9partement <strong>R&amp;D<\/strong>et le <strong>service client<\/strong>permet un \u00e9change direct de comp\u00e9tences et d\u2019exp\u00e9riences, alimentant un cycle continu d\u2019innovation des produits et des services.<\/p>\n<p>Des normes \u00e9lev\u00e9es de qualit\u00e9, rapidit\u00e9, flexibilit\u00e9 et des prix comp\u00e9titifs font de notre entreprise un exemple vertueux du <strong>Made in Italy<\/strong>, reconnu par les clients du monde entier.[\/vc_column_text][\/qode_elements_holder_item][qode_elements_holder_item vertical_alignment=\u00a0\u00bbmiddle\u00a0\u00bb horizontal_alignment=\u00a0\u00bbcenter\u00a0\u00bb advanced_animations=\u00a0\u00bbno\u00a0\u00bb][vc_column_text css=\u00a0\u00bb.vc_custom_1626185077969{padding-bottom: 40px !important;}\u00a0\u00bb]<span style=\"color: #229892;\">NOUS AVONS L\u2019EXPERTISE POUR GUIDER VOS CHOIX<\/span><br \/>\n<span style=\"color: #229892;\">ET VOUS ORIENTER VERS DE NOUVEAUX OBJECTIFS,<\/span><br \/>\n<span style=\"color: #229892;\">EN VOUS OFFRANT DES SOLUTIONS INTELLIGENTES ET PRATIQUES<\/span><br \/>\n<span style=\"color: #229892;\">INSPIR\u00c9ES PAR VOS D\u00c9FIS QUOTIDIENS.<\/span>[\/vc_column_text][vc_single_image image=\u00a0\u00bb5275&Prime; img_size=\u00a0\u00bbfull\u00a0\u00bb alignment=\u00a0\u00bbcenter\u00a0\u00bb qode_css_animation=\u00a0\u00bb\u00a0\u00bb][\/qode_elements_holder_item][\/qode_elements_holder][\/vc_column][\/vc_row][vc_row css_animation=\u00a0\u00bb\u00a0\u00bb row_type=\u00a0\u00bbrow\u00a0\u00bb use_row_as_full_screen_section=\u00a0\u00bbno\u00a0\u00bb type=\u00a0\u00bbgrid\u00a0\u00bb angled_section=\u00a0\u00bbno\u00a0\u00bb text_align=\u00a0\u00bbleft\u00a0\u00bb background_image_as_pattern=\u00a0\u00bbwithout_pattern\u00a0\u00bb css=\u00a0\u00bb.vc_custom_1637921220804{background-image: url(https:\/\/www.paytec.eu\/wp-content\/uploads\/2018\/09\/bgRow2.jpg?id=93) !important;background-position: center !important;background-repeat: no-repeat !important;background-size: cover !important;}\u00a0\u00bb z_index=\u00a0\u00bb\u00a0\u00bb background_image=\u00a0\u00bb62&Prime;][vc_column]<div class=\"custom_font_holder\" style=\"font-family: Roboto; font-size: 32px; line-height: 40px; font-style: normal; font-weight: 600; color: #229892; text-decoration: none; text-align: center;\">VALEURS ET COMPORTEMENTS PARTAG\u00c9S<\/div>[vc_row_inner row_type=\u00a0\u00bbrow\u00a0\u00bb type=\u00a0\u00bbfull_width\u00a0\u00bb text_align=\u00a0\u00bbcenter\u00a0\u00bb css_animation=\u00a0\u00bb\u00a0\u00bb][vc_column_inner width=\u00a0\u00bb1\/4&Prime;]<div class=\"image_with_text\"><img decoding=\"async\" itemprop=\"image\" src=\"https:\/\/www.paytec.eu\/wp-content\/uploads\/2021\/11\/compIcon.png\" alt=\"SAVOIR-FAIRE\" \/><h3 >SAVOIR-FAIRE<\/h3><span style=\"margin: 6px 0px;\" class=\"separator transparent\"><\/span><\/p>\n<p style=\"text-align: center;\">Conna\u00eetre le march\u00e9, les technologies et les processus afin de pouvoir prendre les bonnes d\u00e9cisions.<\/p>\n<p><\/div>[\/vc_column_inner][vc_column_inner width=\u00a0\u00bb1\/4&Prime;]<div class=\"image_with_text\"><img decoding=\"async\" itemprop=\"image\" src=\"https:\/\/www.paytec.eu\/wp-content\/uploads\/2021\/11\/curIcon.png\" alt=\"CURIOSIT\u00c9\" \/><h3 >CURIOSIT\u00c9<\/h3><span style=\"margin: 6px 0px;\" class=\"separator transparent\"><\/span>Rechercher et exp\u00e9rimenter de nouvelles solutions innovantes.<\/div>[\/vc_column_inner][vc_column_inner width=\u00a0\u00bb1\/4&Prime;]<div class=\"image_with_text\"><img decoding=\"async\" itemprop=\"image\" src=\"https:\/\/www.paytec.eu\/wp-content\/uploads\/2021\/11\/comunIcon.png\" alt=\"COMMUNICATION\" \/><h3 >COMMUNICATION<\/h3><span style=\"margin: 6px 0px;\" class=\"separator transparent\"><\/span>Dialoguer avec les entreprises clientes, pour transf\u00e9rer nos id\u00e9es de mani\u00e8re utile et efficace.<\/div>[\/vc_column_inner][vc_column_inner width=\u00a0\u00bb1\/4&Prime;]<div class=\"image_with_text\"><img decoding=\"async\" itemprop=\"image\" src=\"https:\/\/www.paytec.eu\/wp-content\/uploads\/2021\/11\/apparIcon.png\" alt=\"SAVOIR-\u00caTRE\" \/><h3 >SAVOIR-\u00caTRE<\/h3><span style=\"margin: 6px 0px;\" class=\"separator transparent\"><\/span><\/p>\n<p style=\"text-align: center;\">Partager le pass\u00e9 et l\u2019avenir pour devenir aujourd\u2019hui une \u00e9quipe unie et gagnante.<\/p>\n<p><\/div>[\/vc_column_inner][\/vc_row_inner][\/vc_column][\/vc_row][vc_row css_animation=\u00a0\u00bb\u00a0\u00bb row_type=\u00a0\u00bbrow\u00a0\u00bb use_row_as_full_screen_section=\u00a0\u00bbno\u00a0\u00bb type=\u00a0\u00bbgrid\u00a0\u00bb angled_section=\u00a0\u00bbno\u00a0\u00bb text_align=\u00a0\u00bbleft\u00a0\u00bb background_image_as_pattern=\u00a0\u00bbwithout_pattern\u00a0\u00bb z_index=\u00a0\u00bb\u00a0\u00bb][vc_column]<div class=\"custom_font_holder\" style=\"font-family: Roboto; font-size: 32px; line-height: 40px; font-style: normal; font-weight: 600; color: #229892; text-decoration: none; text-align: center;\">PAYTEC, VOTRE GUIDE S\u00dbR DANS LE VENDING<\/div>[vc_column_text]Comp\u00e9tence, solidit\u00e9, proximit\u00e9 avec le client.<br \/>\n\u00catre pour nous votre point de r\u00e9f\u00e9rence dans la distribution, c&rsquo;est \u00eatre toujours \u00e0 vos c\u00f4t\u00e9s, avec les meilleurs produits mais surtout avec les solutions les plus indiqu\u00e9es pour vous.[\/vc_column_text][qode_elements_holder number_of_columns=\u00a0\u00bbtwo_columns\u00a0\u00bb][qode_elements_holder_item vertical_alignment=\u00a0\u00bbmiddle\u00a0\u00bb advanced_animations=\u00a0\u00bbno\u00a0\u00bb item_padding=\u00a0\u00bb20px\u00a0\u00bb][vc_column_text]<strong><span style=\"color: #229892;\">UN PHARE POUR PARLER DE NOUS<\/span><\/strong><\/p>\n<p>Pourquoi avons-nous choisi un phare pour nous repr\u00e9senter ?<br \/>\nParce qu&rsquo;il est solide et toujours pr\u00e9sent. Il montre la voie \u00e0 quiconque veut \u00ab voir loin \u00bb dans son entreprise.<\/p>\n<p><em>Un voyage de 40 ans dans un seul sens: le client<\/em><br \/>\nLe client est notre objectif. Sans pr\u00e9judice de la qualit\u00e9 des produits, en effet, ce qui nous caract\u00e9rise, c&rsquo;est d&rsquo;\u00eatre proche de vous. Vous pouvez nous parler, vous pouvez nous demander. Ensemble, nous trouverons le meilleur moyen pour votre entreprise.<\/p>\n<p><em>Solidit\u00e9 et s\u00e9curit\u00e9 reposent toujours sur une base stable<\/em><\/p>\n<p>La comp\u00e9tence ne signifie pas seulement \u00eatre pr\u00e9sent dans le m\u00eame secteur depuis de nombreuses ann\u00e9es, mais surtout cela signifie conna\u00eetre en profondeur son propre sujet et le march\u00e9 relatif, afin de faire face aux impr\u00e9vus et de faire des pr\u00e9visions fiables.<\/p>\n<p><em>Au-del\u00e0 des produits, nous voyons des personnes et des relations<\/em><\/p>\n<p>Au sommet du phare se trouve le gardien. C&rsquo;est lui qui le rend alerte, pr\u00e9sent, confiant. De la m\u00eame mani\u00e8re, nous sommes derri\u00e8re chacun de nos produits et proc\u00e9d\u00e9s. Des personnes que vous avez l&rsquo;habitude d&rsquo;appeler par leur nom.<\/p>\n<p>Des gens habitu\u00e9s \u00e0 vous r\u00e9pondre, toujours.[\/vc_column_text][\/qode_elements_holder_item][qode_elements_holder_item vertical_alignment=\u00a0\u00bbmiddle\u00a0\u00bb advanced_animations=\u00a0\u00bbno\u00a0\u00bb item_padding=\u00a0\u00bb40px\u00a0\u00bb][vc_gallery type=\u00a0\u00bbflexslider_slide\u00a0\u00bb interval=\u00a0\u00bb0&Prime; images=\u00a0\u00bb5327,5331,5335&Prime; img_size=\u00a0\u00bbfull\u00a0\u00bb][\/qode_elements_holder_item][\/qode_elements_holder][\/vc_column][\/vc_row][vc_row css_animation=\u00a0\u00bb\u00a0\u00bb row_type=\u00a0\u00bbrow\u00a0\u00bb use_row_as_full_screen_section=\u00a0\u00bbno\u00a0\u00bb type=\u00a0\u00bbgrid\u00a0\u00bb angled_section=\u00a0\u00bbno\u00a0\u00bb text_align=\u00a0\u00bbleft\u00a0\u00bb background_image_as_pattern=\u00a0\u00bbwithout_pattern\u00a0\u00bb css=\u00a0\u00bb.vc_custom_1637921246675{background-image: url(https:\/\/www.paytec.eu\/wp-content\/uploads\/2018\/09\/bgRow2.jpg?id=93) !important;background-position: center !important;background-repeat: no-repeat !important;background-size: cover !important;}\u00a0\u00bb z_index=\u00a0\u00bb\u00a0\u00bb el_id=\u00a0\u00bbqualitaecertificazioni\u00a0\u00bb background_image=\u00a0\u00bb62&Prime;][vc_column]<div class=\"custom_font_holder\" style=\"font-family: Roboto; font-size: 32px; line-height: 40px; font-style: normal; font-weight: 600; color: #229892; text-decoration: none; text-align: center;\">SYST\u00c8ME DE QUALIT\u00c9<\/div>[vc_row_inner row_type=\u00a0\u00bbrow\u00a0\u00bb type=\u00a0\u00bbfull_width\u00a0\u00bb text_align=\u00a0\u00bbcenter\u00a0\u00bb css_animation=\u00a0\u00bb\u00a0\u00bb][vc_column_inner][vc_column_text]<\/p>\n<p style=\"text-align: center;\">Nous accordons une attention toute particuli\u00e8re \u00e0 la qualit\u00e9 de nos produits et de nos proc\u00e8s.<\/p>\n<p style=\"text-align: center;\">Paytec est certifi\u00e9 ISO9001 et passe r\u00e9guli\u00e8rement des tests d\u2019\u00e9valuation par les organismes de certification.<\/p>\n<p>[\/vc_column_text][\/vc_column_inner][\/vc_row_inner][\/vc_column][\/vc_row][vc_row css_animation=\u00a0\u00bb\u00a0\u00bb row_type=\u00a0\u00bbrow\u00a0\u00bb use_row_as_full_screen_section=\u00a0\u00bbno\u00a0\u00bb type=\u00a0\u00bbgrid\u00a0\u00bb angled_section=\u00a0\u00bbno\u00a0\u00bb text_align=\u00a0\u00bbcenter\u00a0\u00bb background_image_as_pattern=\u00a0\u00bbwithout_pattern\u00a0\u00bb z_index=\u00a0\u00bb\u00a0\u00bb css=\u00a0\u00bb.vc_custom_1547544608247{margin-top: 0px !important;padding-top: 0px !important;}\u00a0\u00bb][vc_column][vc_empty_space]<div class=\"custom_font_holder\" style=\"font-family: Roboto; font-size: 32px; line-height: 40px; font-style: normal; font-weight: 600; color: #229892; text-decoration: none; text-align: center;\">CERTIFICATIONS<\/div>[vc_row_inner row_type=\u00a0\u00bbrow\u00a0\u00bb type=\u00a0\u00bbfull_width\u00a0\u00bb text_align=\u00a0\u00bbcenter\u00a0\u00bb css_animation=\u00a0\u00bb\u00a0\u00bb][vc_column_inner width=\u00a0\u00bb1\/3&Prime;]<div class=\"image_with_text\"><img decoding=\"async\" itemprop=\"image\" src=\"https:\/\/www.paytec.eu\/wp-content\/uploads\/2021\/11\/rohsLogo.jpg\" alt=\"\" \/><h3 ><\/h3><span style=\"margin: 6px 0px;\" class=\"separator transparent\"><\/span>D\u00e9claration de conformit\u00e9 RoHS<\/div>[\/vc_column_inner][vc_column_inner width=\u00a0\u00bb1\/3&Prime;]<div class=\"image_with_text\"><img decoding=\"async\" itemprop=\"image\" src=\"https:\/\/www.paytec.eu\/wp-content\/uploads\/2021\/11\/csqLogo.jpg\" alt=\"\" \/><h3 ><\/h3><span style=\"margin: 6px 0px;\" class=\"separator transparent\"><\/span>Certification CSQ<\/div>[\/vc_column_inner][vc_column_inner width=\u00a0\u00bb1\/3&Prime;]<div class=\"image_with_text\"><img decoding=\"async\" itemprop=\"image\" src=\"https:\/\/www.paytec.eu\/wp-content\/uploads\/2021\/11\/iqNetLogo.jpg\" alt=\"\" \/><h3 ><\/h3><span style=\"margin: 6px 0px;\" class=\"separator transparent\"><\/span>Certification IQNET<\/div>[\/vc_column_inner][\/vc_row_inner][\/vc_column][\/vc_row][vc_row css_animation=\u00a0\u00bb\u00a0\u00bb row_type=\u00a0\u00bbrow\u00a0\u00bb use_row_as_full_screen_section=\u00a0\u00bbno\u00a0\u00bb type=\u00a0\u00bbgrid\u00a0\u00bb angled_section=\u00a0\u00bbno\u00a0\u00bb text_align=\u00a0\u00bbleft\u00a0\u00bb background_image_as_pattern=\u00a0\u00bbwithout_pattern\u00a0\u00bb css=\u00a0\u00bb.vc_custom_1637921246675{background-image: url(https:\/\/www.paytec.eu\/wp-content\/uploads\/2018\/09\/bgRow2.jpg?id=93) !important;background-position: center !important;background-repeat: no-repeat !important;background-size: cover !important;}\u00a0\u00bb z_index=\u00a0\u00bb\u00a0\u00bb background_image=\u00a0\u00bb62&Prime;][vc_column]<div class=\"custom_font_holder\" style=\"font-family: Roboto; font-size: 32px; line-height: 40px; font-style: normal; font-weight: 600; color: #229892; text-decoration: none; text-align: center;\">.<\/div>[vc_row_inner row_type=\u00a0\u00bbrow\u00a0\u00bb type=\u00a0\u00bbfull_width\u00a0\u00bb text_align=\u00a0\u00bbcenter\u00a0\u00bb css_animation=\u00a0\u00bb\u00a0\u00bb][vc_column_inner][vc_column_text]<\/p>\n<p style=\"text-align: center;\">.<\/p>\n<p>[\/vc_column_text][\/vc_column_inner][\/vc_row_inner][\/vc_column][\/vc_row]<\/p>\n","protected":false},"excerpt":{"rendered":"<p>[vc_row css_animation=\u00a0\u00bb\u00a0\u00bb row_type=\u00a0\u00bbrow\u00a0\u00bb use_row_as_full_screen_section=\u00a0\u00bbno\u00a0\u00bb type=\u00a0\u00bbgrid\u00a0\u00bb angled_section=\u00a0\u00bbno\u00a0\u00bb text_align=\u00a0\u00bbleft\u00a0\u00bb background_image_as_pattern=\u00a0\u00bbwithout_pattern\u00a0\u00bb z_index=\u00a0\u00bb\u00a0\u00bb][vc_column][qode_elements_holder number_of_columns=\u00a0\u00bbtwo_columns\u00a0\u00bb][qode_elements_holder_item vertical_alignment=\u00a0\u00bbmiddle\u00a0\u00bb advanced_animations=\u00a0\u00bbno\u00a0\u00bb][vc_column_text]Nous ne nous lassons jamais d\u2019\u00eatre \u00e0 l\u2019\u00e9coute de nos clients: conna\u00eetre leurs habitudes, leurs envies et leurs incertitudes nous permet de d\u00e9velopper des solutions toujours plus performantes et proches des besoins du vending&#8230;<\/p>\n","protected":false},"author":1,"featured_media":0,"parent":0,"menu_order":0,"comment_status":"closed","ping_status":"closed","template":"full_width.php","meta":{"footnotes":""},"class_list":["post-6250","page","type-page","status-publish","hentry"],"acf":[],"yoast_head":"<!-- This site is optimized with the Yoast SEO plugin v21.1 - https:\/\/yoast.com\/wordpress\/plugins\/seo\/ -->\n<title>Paytec, votre guide s\u00fbr pour le Vending<\/title>\n<meta name=\"description\" content=\"Depuis plus de 40 ans, nous accompagnons les gestionnaires avec une gamme de solutions en constante \u00e9volution, avec une attention particuli\u00e8re au digital.\" \/>\n<meta name=\"robots\" content=\"index, follow, max-snippet:-1, max-image-preview:large, max-video-preview:-1\" \/>\n<link rel=\"canonical\" href=\"https:\/\/www.paytec.eu\/about-paytec\/\" \/>\n<meta property=\"og:locale\" content=\"fr_FR\" \/>\n<meta property=\"og:type\" content=\"article\" \/>\n<meta property=\"og:title\" content=\"Paytec, votre guide s\u00fbr pour le Vending\" \/>\n<meta property=\"og:description\" content=\"Depuis plus de 40 ans, nous accompagnons les gestionnaires avec une gamme de solutions en constante \u00e9volution, avec une attention particuli\u00e8re au digital.\" \/>\n<meta property=\"og:url\" content=\"https:\/\/www.paytec.eu\/about-paytec\/\" \/>\n<meta property=\"og:site_name\" content=\"Paytec\" \/>\n<meta property=\"article:modified_time\" content=\"2023-10-25T08:19:56+00:00\" \/>\n<meta name=\"twitter:card\" content=\"summary_large_image\" \/>\n<meta name=\"twitter:label1\" content=\"Dur\u00e9e de lecture estim\u00e9e\" \/>\n\t<meta name=\"twitter:data1\" content=\"7 minutes\" \/>\n<script type=\"application\/ld+json\" class=\"yoast-schema-graph\">{\"@context\":\"https:\/\/schema.org\",\"@graph\":[{\"@type\":\"WebPage\",\"@id\":\"https:\/\/www.paytec.eu\/about-paytec\/\",\"url\":\"https:\/\/www.paytec.eu\/about-paytec\/\",\"name\":\"Paytec, votre guide s\u00fbr pour le Vending\",\"isPartOf\":{\"@id\":\"https:\/\/www.paytec.eu\/#website\"},\"datePublished\":\"2022-01-02T10:24:16+00:00\",\"dateModified\":\"2023-10-25T08:19:56+00:00\",\"description\":\"Depuis plus de 40 ans, nous accompagnons les gestionnaires avec une gamme de solutions en constante \u00e9volution, avec une attention particuli\u00e8re au digital.\",\"breadcrumb\":{\"@id\":\"https:\/\/www.paytec.eu\/about-paytec\/#breadcrumb\"},\"inLanguage\":\"fr-FR\",\"potentialAction\":[{\"@type\":\"ReadAction\",\"target\":[\"https:\/\/www.paytec.eu\/about-paytec\/\"]}]},{\"@type\":\"BreadcrumbList\",\"@id\":\"https:\/\/www.paytec.eu\/about-paytec\/#breadcrumb\",\"itemListElement\":[{\"@type\":\"ListItem\",\"position\":1,\"name\":\"Home\",\"item\":\"https:\/\/www.paytec.eu\/fr\/\"},{\"@type\":\"ListItem\",\"position\":2,\"name\":\"\u00c0 propos de Paytec\"}]},{\"@type\":\"WebSite\",\"@id\":\"https:\/\/www.paytec.eu\/#website\",\"url\":\"https:\/\/www.paytec.eu\/\",\"name\":\"Paytec\",\"description\":\"Smart Payments for Vending\",\"potentialAction\":[{\"@type\":\"SearchAction\",\"target\":{\"@type\":\"EntryPoint\",\"urlTemplate\":\"https:\/\/www.paytec.eu\/?s={search_term_string}\"},\"query-input\":\"required name=search_term_string\"}],\"inLanguage\":\"fr-FR\"}]}<\/script>\n<!-- \/ Yoast SEO plugin. -->","yoast_head_json":{"title":"Paytec, votre guide s\u00fbr pour le Vending","description":"Depuis plus de 40 ans, nous accompagnons les gestionnaires avec une gamme de solutions en constante \u00e9volution, avec une attention particuli\u00e8re au digital.","robots":{"index":"index","follow":"follow","max-snippet":"max-snippet:-1","max-image-preview":"max-image-preview:large","max-video-preview":"max-video-preview:-1"},"canonical":"https:\/\/www.paytec.eu\/about-paytec\/","og_locale":"fr_FR","og_type":"article","og_title":"Paytec, votre guide s\u00fbr pour le Vending","og_description":"Depuis plus de 40 ans, nous accompagnons les gestionnaires avec une gamme de solutions en constante \u00e9volution, avec une attention particuli\u00e8re au digital.","og_url":"https:\/\/www.paytec.eu\/about-paytec\/","og_site_name":"Paytec","article_modified_time":"2023-10-25T08:19:56+00:00","twitter_card":"summary_large_image","twitter_misc":{"Dur\u00e9e de lecture estim\u00e9e":"7 minutes"},"schema":{"@context":"https:\/\/schema.org","@graph":[{"@type":"WebPage","@id":"https:\/\/www.paytec.eu\/about-paytec\/","url":"https:\/\/www.paytec.eu\/about-paytec\/","name":"Paytec, votre guide s\u00fbr pour le Vending","isPartOf":{"@id":"https:\/\/www.paytec.eu\/#website"},"datePublished":"2022-01-02T10:24:16+00:00","dateModified":"2023-10-25T08:19:56+00:00","description":"Depuis plus de 40 ans, nous accompagnons les gestionnaires avec une gamme de solutions en constante \u00e9volution, avec une attention particuli\u00e8re au digital.","breadcrumb":{"@id":"https:\/\/www.paytec.eu\/about-paytec\/#breadcrumb"},"inLanguage":"fr-FR","potentialAction":[{"@type":"ReadAction","target":["https:\/\/www.paytec.eu\/about-paytec\/"]}]},{"@type":"BreadcrumbList","@id":"https:\/\/www.paytec.eu\/about-paytec\/#breadcrumb","itemListElement":[{"@type":"ListItem","position":1,"name":"Home","item":"https:\/\/www.paytec.eu\/fr\/"},{"@type":"ListItem","position":2,"name":"\u00c0 propos de Paytec"}]},{"@type":"WebSite","@id":"https:\/\/www.paytec.eu\/#website","url":"https:\/\/www.paytec.eu\/","name":"Paytec","description":"Smart Payments for Vending","potentialAction":[{"@type":"SearchAction","target":{"@type":"EntryPoint","urlTemplate":"https:\/\/www.paytec.eu\/?s={search_term_string}"},"query-input":"required name=search_term_string"}],"inLanguage":"fr-FR"}]}},"_links":{"self":[{"href":"https:\/\/www.paytec.eu\/fr\/wp-json\/wp\/v2\/pages\/6250","targetHints":{"allow":["GET"]}}],"collection":[{"href":"https:\/\/www.paytec.eu\/fr\/wp-json\/wp\/v2\/pages"}],"about":[{"href":"https:\/\/www.paytec.eu\/fr\/wp-json\/wp\/v2\/types\/page"}],"author":[{"embeddable":true,"href":"https:\/\/www.paytec.eu\/fr\/wp-json\/wp\/v2\/users\/1"}],"replies":[{"embeddable":true,"href":"https:\/\/www.paytec.eu\/fr\/wp-json\/wp\/v2\/comments?post=6250"}],"version-history":[{"count":0,"href":"https:\/\/www.paytec.eu\/fr\/wp-json\/wp\/v2\/pages\/6250\/revisions"}],"wp:attachment":[{"href":"https:\/\/www.paytec.eu\/fr\/wp-json\/wp\/v2\/media?parent=6250"}],"curies":[{"name":"wp","href":"https:\/\/api.w.org\/{rel}","templated":true}]}}