{"id":7761,"date":"2022-02-16T15:36:07","date_gmt":"2022-02-16T15:36:07","guid":{"rendered":"https:\/\/www.paytec.eu\/riparazioni\/"},"modified":"2024-06-05T13:02:00","modified_gmt":"2024-06-05T13:02:00","slug":"riparazioni","status":"publish","type":"page","link":"https:\/\/www.paytec.eu\/fr\/riparazioni\/","title":{"rendered":"Riparazioni"},"content":{"rendered":"<p>[vc_row css_animation=\u00a0\u00bb\u00a0\u00bb row_type=\u00a0\u00bbrow\u00a0\u00bb use_row_as_full_screen_section=\u00a0\u00bbno\u00a0\u00bb type=\u00a0\u00bbgrid\u00a0\u00bb angled_section=\u00a0\u00bbno\u00a0\u00bb text_align=\u00a0\u00bbleft\u00a0\u00bb background_image_as_pattern=\u00a0\u00bbwithout_pattern\u00a0\u00bb z_index=\u00a0\u00bb\u00a0\u00bb][vc_column][vc_column_text]<\/p>\n<h2 style=\"text-align: center;\">DEMANDE D&rsquo;AUTORISATION DE RETOUR<\/h2>\n<p>[\/vc_column_text][vc_column_text]<\/p>\n<p style=\"text-align: left;\">Vous souhaitez nous envoyer un produit pour r\u00e9paration ?<\/p>\n<p style=\"text-align: left;\">Pas de probl\u00e8me : Paytec souhaite vous offrir un service apr\u00e8s-vente rapide et efficace.<\/p>\n<p style=\"text-align: left;\">Nous vous demandons donc de remplir le formulaire en indiquant le type de produit et la description du probl\u00e8me. Vous recevrez imm\u00e9diatement le num\u00e9ro d&rsquo;autorisation de retour par e-mail. Imprimez une copie de cet e-mail et ins\u00e9rez-la dans le colis avec lequel vous nous envoyez le produit.<\/p>\n<p style=\"text-align: left;\">Cela nous permettra de l&rsquo;identifier correctement et de vous apporter une r\u00e9ponse en peu de temps.<\/p>\n<p>[\/vc_column_text][vc_separator type=\u00a0\u00bbnormal\u00a0\u00bb]<div role=\"form\" class=\"wpcf7\" id=\"wpcf7-f7771-o1\" lang=\"it-IT\" dir=\"ltr\">\n<div class=\"screen-reader-response\"><p role=\"status\" aria-live=\"polite\" aria-atomic=\"true\"><\/p> <ul><\/ul><\/div>\n<form action=\"\/fr\/wp-json\/wp\/v2\/pages\/7761#wpcf7-f7771-o1\" method=\"post\" class=\"wpcf7-form init cf7_custom_style_1\" novalidate=\"novalidate\" data-status=\"init\">\n<div style=\"display: none;\">\n<input type=\"hidden\" name=\"_wpcf7\" value=\"7771\" \/>\n<input type=\"hidden\" name=\"_wpcf7_version\" value=\"5.5.3\" \/>\n<input type=\"hidden\" name=\"_wpcf7_locale\" value=\"it_IT\" \/>\n<input type=\"hidden\" name=\"_wpcf7_unit_tag\" value=\"wpcf7-f7771-o1\" \/>\n<input type=\"hidden\" name=\"_wpcf7_container_post\" value=\"0\" \/>\n<input type=\"hidden\" name=\"_wpcf7_posted_data_hash\" value=\"\" \/>\n<input type=\"hidden\" name=\"_wpcf7_recaptcha_response\" value=\"\" \/>\n<\/div>\n<div class=\"vc_row\">\n<div class=\"vc_col-md-12\">\n<div class=\"wpcf7-response-output\" aria-hidden=\"true\"><\/div>\n<\/div>\n<\/div>\n<div class=\"vc_row\">\n<div class=\"vc_col-md-6\"><span class=\"wpcf7-form-control-wrap ragsoc\"><input type=\"text\" name=\"ragsoc\" value=\"\" size=\"40\" class=\"wpcf7-form-control wpcf7-text wpcf7-validates-as-required\" aria-required=\"true\" aria-invalid=\"false\" placeholder=\"Soci\u00e9t\u00e9*\" \/><\/span><\/div>\n<div class=\"vc_col-md-6\"><span class=\"wpcf7-form-control-wrap nome\"><input type=\"text\" name=\"nome\" value=\"\" size=\"40\" class=\"wpcf7-form-control wpcf7-text wpcf7-validates-as-required\" aria-required=\"true\" aria-invalid=\"false\" placeholder=\"Contact\" \/><\/span><\/div>\n<\/div>\n<div class=\"vc_row\">\n<div class=\"vc_col-md-6\"><span class=\"wpcf7-form-control-wrap email\"><input type=\"email\" name=\"email\" value=\"\" size=\"40\" class=\"wpcf7-form-control wpcf7-text wpcf7-email wpcf7-validates-as-required wpcf7-validates-as-email\" aria-required=\"true\" aria-invalid=\"false\" placeholder=\"Email*\" \/><\/span><\/div>\n<div class=\"vc_col-md-6\"><span class=\"wpcf7-form-control-wrap tel\"><input type=\"tel\" name=\"tel\" value=\"\" size=\"40\" class=\"wpcf7-form-control wpcf7-text wpcf7-tel wpcf7-validates-as-required wpcf7-validates-as-tel\" aria-required=\"true\" aria-invalid=\"false\" placeholder=\"T\u00e9l\u00e9phone*\" \/><\/span><\/div>\n<\/div>\n<div class=\"vc_row\">\n<div class=\"vc_col-md-12\">\n<h4>Produits<\/h4>\n<\/div>\n<\/div>\n<div data-wpcf7-group-id=\"prodotti\" id=\"prodotti-groups\" tabindex=\"1\" class=\"wpcf7-field-groups \">\n<div class=\"wpcf7-field-group\">\n<div class=\"vc_row\">\n<div class=\"vc_col-md-6\"> <span class=\"wpcf7-form-control-wrap nomeprod\"><select name=\"nomeprod\" class=\"wpcf7-form-control wpcf7-select wpcf7-validates-as-required\" aria-required=\"true\" aria-invalid=\"false\"><option value=\"\">Produit* (s&#039;il n&#039;est pas dans la liste, il n&#039;est plus r\u00e9parable)<\/option><option value=\"Eagle syst\u00e8me complet\">Eagle syst\u00e8me complet<\/option><option value=\"Eagle Selettore\">Eagle Selettore<\/option><option value=\"Four 8900 syst\u00e8me complet\">Four 8900 syst\u00e8me complet<\/option><option value=\"Four 8900 Validateur\">Four 8900 Validateur<\/option><option value=\"Four 8400 syst\u00e8me complet\">Four 8400 syst\u00e8me complet<\/option><option value=\"Four 8400 Validateur\">Four 8400 Validateur<\/option><option value=\"Carcasse Monnayeur 6 Tubes\">Carcasse Monnayeur 6 Tubes<\/option><option value=\"Carcasse Monnayeur 4 Tubes\">Carcasse Monnayeur 4 Tubes<\/option><option value=\"CV2406\">CV2406<\/option><option value=\"CV3516\">CV3516<\/option><option value=\"Apex 7000\">Apex 7000<\/option><option value=\"Giody GF8900\">Giody GF8900<\/option><option value=\"Giody GF8900 Mise \u00e0 jour PIT2\">Giody GF8900 Mise \u00e0 jour PIT2<\/option><option value=\"Caiman Lite EXE\">Caiman Lite EXE<\/option><option value=\"Caiman Lite MDB\">Caiman Lite MDB<\/option><option value=\"Caiman Lite Mifare EXE\">Caiman Lite Mifare EXE<\/option><option value=\"Caiman Lite Mifare MDB\">Caiman Lite Mifare MDB<\/option><option value=\"Caiman CPU tous les mod\u00e8les\">Caiman CPU tous les mod\u00e8les<\/option><option value=\"Caiman lecteur PIT\">Caiman lecteur PIT<\/option><option value=\"Caiman lecteur Mifare\">Caiman lecteur Mifare<\/option><option value=\"Oscar Lite EXE\">Oscar Lite EXE<\/option><option value=\"Oscar Lite MDB\">Oscar Lite MDB<\/option><option value=\"Oscar Lite Mifare EXE\">Oscar Lite Mifare EXE<\/option><option value=\"Oscar Lite Mifare MDB\">Oscar Lite Mifare MDB<\/option><option value=\"Oscar CPU tous les mod\u00e8les\">Oscar CPU tous les mod\u00e8les<\/option><option value=\"Oscar lecteur PIT\">Oscar lecteur PIT<\/option><option value=\"Oscar lecteur Mifare\">Oscar lecteur Mifare<\/option><option value=\"Cl\u00e9s PIT\">Cl\u00e9s PIT<\/option><option value=\"Cl\u00e9s\/Cartes Mifare\">Cl\u00e9s\/Cartes Mifare<\/option><option value=\"Caiman Programmer\">Caiman Programmer<\/option><option value=\"Caiman Programmer Mifare\">Caiman Programmer Mifare<\/option><option value=\"Caiman Programmer Licences Mifare\">Caiman Programmer Licences Mifare<\/option><option value=\"Oscar Programmer\">Oscar Programmer<\/option><option value=\"Oscar Programmer Mifare\">Oscar Programmer Mifare<\/option><option value=\"Oscar Programmer Licences Mifare\">Oscar Programmer Licences Mifare<\/option><option value=\"Cl\u00e9 de Donn\u00e9es\">Cl\u00e9 de Donn\u00e9es<\/option><option value=\"SIB\">SIB<\/option><option value=\"P6000\">P6000<\/option><option value=\"WEB 6000\">WEB 6000<\/option><option value=\"Interface IrDA externe\">Interface IrDA externe<\/option><option value=\"Irda 6000\">Irda 6000<\/option><option value=\"BT6000\">BT6000<\/option><option value=\"Adaptateur RS232 pour BT6000\">Adaptateur RS232 pour BT6000<\/option><option value=\"Modulo RFT Smart\">Modulo RFT Smart<\/option><option value=\"Vendotek\">Vendotek<\/option><\/select><\/span><\/div>\n<div class=\"vc_col-md-6\"><span class=\"wpcf7-form-control-wrap serie\"><input type=\"text\" name=\"serie\" value=\"\" size=\"40\" class=\"wpcf7-form-control wpcf7-text wpcf7-validates-as-required\" aria-required=\"true\" aria-invalid=\"false\" placeholder=\"Num\u00e9ro de s\u00e9rie*\" \/><\/span><\/div>\n<\/div>\n<div class=\"vc_row\">\n<div class=\"vc_col-md-12\">\nProbl\u00e8me:<br \/>\n<span class=\"wpcf7-form-control-wrap problema\"><span class=\"wpcf7-form-control wpcf7-checkbox wpcf7-validates-as-required\"><span class=\"wpcf7-list-item first\"><label><input type=\"checkbox\" name=\"problema[]\" value=\"Syst\u00e8me \u00e9teint\" \/><span class=\"wpcf7-list-item-label\">Syst\u00e8me \u00e9teint<\/span><\/label><\/span><span class=\"wpcf7-list-item\"><label><input type=\"checkbox\" name=\"problema[]\" value=\"Pi\u00e8ces dans les mauvais tubes\" \/><span class=\"wpcf7-list-item-label\">Pi\u00e8ces dans les mauvais tubes<\/span><\/label><\/span><span class=\"wpcf7-list-item\"><label><input type=\"checkbox\" name=\"problema[]\" value=\"Il ne donne pas de monnaie\" \/><span class=\"wpcf7-list-item-label\">Il ne donne pas de monnaie<\/span><\/label><\/span><span class=\"wpcf7-list-item\"><label><input type=\"checkbox\" name=\"problema[]\" value=\"Il ne lit pas la cl\u00e9\" \/><span class=\"wpcf7-list-item-label\">Il ne lit pas la cl\u00e9<\/span><\/label><\/span><span class=\"wpcf7-list-item\"><label><input type=\"checkbox\" name=\"problema[]\" value=\"Porte cass\u00e9e\" \/><span class=\"wpcf7-list-item-label\">Porte cass\u00e9e<\/span><\/label><\/span><span class=\"wpcf7-list-item\"><label><input type=\"checkbox\" name=\"problema[]\" value=\"Connecteur cass\u00e9o\" \/><span class=\"wpcf7-list-item-label\">Connecteur cass\u00e9o<\/span><\/label><\/span><span class=\"wpcf7-list-item\"><label><input type=\"checkbox\" name=\"problema[]\" value=\"Il ne collecte pas de donn\u00e9es\" \/><span class=\"wpcf7-list-item-label\">Il ne collecte pas de donn\u00e9es<\/span><\/label><\/span><span class=\"wpcf7-list-item\"><label><input type=\"checkbox\" name=\"problema[]\" value=\"Il n&#039;accepte pas les pi\u00e8ces\" \/><span class=\"wpcf7-list-item-label\">Il n&#039;accepte pas les pi\u00e8ces<\/span><\/label><\/span><span class=\"wpcf7-list-item last\"><label><input type=\"checkbox\" name=\"problema[]\" value=\"Autre\" \/><span class=\"wpcf7-list-item-label\">Autre<\/span><\/label><\/span><\/span><\/span><br \/>\n<span class=\"wpcf7-form-control-wrap breveDes\"><textarea name=\"breveDes\" cols=\"40\" rows=\"10\" class=\"wpcf7-form-control wpcf7-textarea\" aria-invalid=\"false\" placeholder=\"Br\u00e8ve descriptione\"><\/textarea><\/span>\n<\/div>\n<\/div>\n<p><button type='button' class='wpcf7-field-group-remove '>Retirer le produit<\/button><button type='button' class='wpcf7-field-group-add '>Br\u00e8ve description<\/button><input type=\"hidden\" class=\"wpcf7-field-group-count\" name=\"_wpcf7_groups_count[prodotti]\" value=\"1\" \/><\/div>\n<\/div>\n<div class=\"vc_col-md-12\"><span class=\"wpcf7-form-control-wrap acceptance-475\"><span class=\"wpcf7-form-control wpcf7-acceptance\"><span class=\"wpcf7-list-item\"><input type=\"checkbox\" name=\"acceptance-475\" value=\"1\" aria-invalid=\"false\" \/><\/span><\/span><\/span> <span style=\"font-size:12px;\">J'ai lu la <a href=\"?page_id=20\">politique de confidentialit\u00e9<\/a> et je consens au traitement des donn\u00e9es personnelles.<\/span><\/div>\n<div class=\"vc_row\">\n<div class=\"vc_col-md-12\"><input type=\"submit\" value=\"ENVOYER\" class=\"wpcf7-form-control has-spinner wpcf7-submit\" \/><\/div>\n<\/div>\n<div class=\"hidden\">\n<span class=\"wpcf7-form-control-wrap uniquecode\"><input type=\"text\" name=\"uniquecode\" value=\"pay_2053_8797\" size=\"40\" class=\"wpcf7-form-control wpcf7dtx-dynamictext wpcf7-dynamictext\" aria-invalid=\"false\" \/><\/span><br \/>\n <span class=\"wpcf7-form-control-wrap slugpagina\"><input type=\"text\" name=\"slugpagina\" value=\"riparazioni\" size=\"40\" class=\"wpcf7-form-control wpcf7dtx-dynamictext wpcf7-dynamictext\" id=\"post_slug\" aria-invalid=\"false\" \/><\/span> <\/div>\n<input type='hidden' class='wpcf7-pum' value='{\"closepopup\":false,\"closedelay\":0,\"openpopup\":false,\"openpopup_id\":0}' \/><\/form><\/div>[\/vc_column][\/vc_row]<\/p>\n","protected":false},"excerpt":{"rendered":"<p>[vc_row css_animation=\u00a0\u00bb\u00a0\u00bb row_type=\u00a0\u00bbrow\u00a0\u00bb use_row_as_full_screen_section=\u00a0\u00bbno\u00a0\u00bb type=\u00a0\u00bbgrid\u00a0\u00bb angled_section=\u00a0\u00bbno\u00a0\u00bb text_align=\u00a0\u00bbleft\u00a0\u00bb background_image_as_pattern=\u00a0\u00bbwithout_pattern\u00a0\u00bb z_index=\u00a0\u00bb\u00a0\u00bb][vc_column][vc_column_text] DEMANDE D&rsquo;AUTORISATION DE RETOUR [\/vc_column_text][vc_column_text] Vous souhaitez nous envoyer un produit pour r\u00e9paration ? Pas de probl\u00e8me : Paytec souhaite vous offrir un service apr\u00e8s-vente rapide et efficace. Nous vous demandons donc de remplir le formulaire&#8230;<\/p>\n","protected":false},"author":1,"featured_media":0,"parent":0,"menu_order":0,"comment_status":"closed","ping_status":"closed","template":"full_width.php","meta":{"footnotes":""},"class_list":["post-7761","page","type-page","status-publish","hentry"],"acf":[],"yoast_head":"<!-- This site is optimized with the Yoast SEO plugin v21.1 - https:\/\/yoast.com\/wordpress\/plugins\/seo\/ -->\n<title>Riparazioni - Paytec<\/title>\n<meta name=\"robots\" content=\"index, follow, max-snippet:-1, max-image-preview:large, max-video-preview:-1\" \/>\n<link rel=\"canonical\" href=\"https:\/\/www.paytec.eu\/fr\/riparazioni\/\" \/>\n<meta property=\"og:locale\" content=\"fr_FR\" \/>\n<meta property=\"og:type\" content=\"article\" \/>\n<meta property=\"og:title\" content=\"Riparazioni - Paytec\" \/>\n<meta property=\"og:description\" content=\"[vc_row css_animation=\u00a0\u00bb\u00a0\u00bb row_type=\u00a0\u00bbrow\u00a0\u00bb use_row_as_full_screen_section=\u00a0\u00bbno\u00a0\u00bb type=\u00a0\u00bbgrid\u00a0\u00bb angled_section=\u00a0\u00bbno\u00a0\u00bb text_align=\u00a0\u00bbleft\u00a0\u00bb background_image_as_pattern=\u00a0\u00bbwithout_pattern\u00a0\u00bb z_index=\u00a0\u00bb\u00a0\u00bb][vc_column][vc_column_text] DEMANDE D&rsquo;AUTORISATION DE RETOUR [\/vc_column_text][vc_column_text] Vous souhaitez nous envoyer un produit pour r\u00e9paration ? Pas de probl\u00e8me : Paytec souhaite vous offrir un service apr\u00e8s-vente rapide et efficace. Nous vous demandons donc de remplir le formulaire...\" \/>\n<meta property=\"og:url\" content=\"https:\/\/www.paytec.eu\/fr\/riparazioni\/\" \/>\n<meta property=\"og:site_name\" content=\"Paytec\" \/>\n<meta property=\"article:modified_time\" content=\"2024-06-05T13:02:00+00:00\" \/>\n<meta name=\"twitter:card\" content=\"summary_large_image\" \/>\n<meta name=\"twitter:label1\" content=\"Dur\u00e9e de lecture estim\u00e9e\" \/>\n\t<meta name=\"twitter:data1\" content=\"1 minute\" \/>\n<script type=\"application\/ld+json\" class=\"yoast-schema-graph\">{\"@context\":\"https:\/\/schema.org\",\"@graph\":[{\"@type\":\"WebPage\",\"@id\":\"https:\/\/www.paytec.eu\/fr\/riparazioni\/\",\"url\":\"https:\/\/www.paytec.eu\/fr\/riparazioni\/\",\"name\":\"Riparazioni - Paytec\",\"isPartOf\":{\"@id\":\"https:\/\/www.paytec.eu\/#website\"},\"datePublished\":\"2022-02-16T15:36:07+00:00\",\"dateModified\":\"2024-06-05T13:02:00+00:00\",\"breadcrumb\":{\"@id\":\"https:\/\/www.paytec.eu\/fr\/riparazioni\/#breadcrumb\"},\"inLanguage\":\"fr-FR\",\"potentialAction\":[{\"@type\":\"ReadAction\",\"target\":[\"https:\/\/www.paytec.eu\/fr\/riparazioni\/\"]}]},{\"@type\":\"BreadcrumbList\",\"@id\":\"https:\/\/www.paytec.eu\/fr\/riparazioni\/#breadcrumb\",\"itemListElement\":[{\"@type\":\"ListItem\",\"position\":1,\"name\":\"Home\",\"item\":\"https:\/\/www.paytec.eu\/fr\/\"},{\"@type\":\"ListItem\",\"position\":2,\"name\":\"Riparazioni\"}]},{\"@type\":\"WebSite\",\"@id\":\"https:\/\/www.paytec.eu\/#website\",\"url\":\"https:\/\/www.paytec.eu\/\",\"name\":\"Paytec\",\"description\":\"Smart Payments for Vending\",\"potentialAction\":[{\"@type\":\"SearchAction\",\"target\":{\"@type\":\"EntryPoint\",\"urlTemplate\":\"https:\/\/www.paytec.eu\/?s={search_term_string}\"},\"query-input\":\"required name=search_term_string\"}],\"inLanguage\":\"fr-FR\"}]}<\/script>\n<!-- \/ Yoast SEO plugin. -->","yoast_head_json":{"title":"Riparazioni - Paytec","robots":{"index":"index","follow":"follow","max-snippet":"max-snippet:-1","max-image-preview":"max-image-preview:large","max-video-preview":"max-video-preview:-1"},"canonical":"https:\/\/www.paytec.eu\/fr\/riparazioni\/","og_locale":"fr_FR","og_type":"article","og_title":"Riparazioni - Paytec","og_description":"[vc_row css_animation=\u00a0\u00bb\u00a0\u00bb row_type=\u00a0\u00bbrow\u00a0\u00bb use_row_as_full_screen_section=\u00a0\u00bbno\u00a0\u00bb type=\u00a0\u00bbgrid\u00a0\u00bb angled_section=\u00a0\u00bbno\u00a0\u00bb text_align=\u00a0\u00bbleft\u00a0\u00bb background_image_as_pattern=\u00a0\u00bbwithout_pattern\u00a0\u00bb z_index=\u00a0\u00bb\u00a0\u00bb][vc_column][vc_column_text] DEMANDE D&rsquo;AUTORISATION DE RETOUR [\/vc_column_text][vc_column_text] Vous souhaitez nous envoyer un produit pour r\u00e9paration ? Pas de probl\u00e8me : Paytec souhaite vous offrir un service apr\u00e8s-vente rapide et efficace. Nous vous demandons donc de remplir le formulaire...","og_url":"https:\/\/www.paytec.eu\/fr\/riparazioni\/","og_site_name":"Paytec","article_modified_time":"2024-06-05T13:02:00+00:00","twitter_card":"summary_large_image","twitter_misc":{"Dur\u00e9e de lecture estim\u00e9e":"1 minute"},"schema":{"@context":"https:\/\/schema.org","@graph":[{"@type":"WebPage","@id":"https:\/\/www.paytec.eu\/fr\/riparazioni\/","url":"https:\/\/www.paytec.eu\/fr\/riparazioni\/","name":"Riparazioni - Paytec","isPartOf":{"@id":"https:\/\/www.paytec.eu\/#website"},"datePublished":"2022-02-16T15:36:07+00:00","dateModified":"2024-06-05T13:02:00+00:00","breadcrumb":{"@id":"https:\/\/www.paytec.eu\/fr\/riparazioni\/#breadcrumb"},"inLanguage":"fr-FR","potentialAction":[{"@type":"ReadAction","target":["https:\/\/www.paytec.eu\/fr\/riparazioni\/"]}]},{"@type":"BreadcrumbList","@id":"https:\/\/www.paytec.eu\/fr\/riparazioni\/#breadcrumb","itemListElement":[{"@type":"ListItem","position":1,"name":"Home","item":"https:\/\/www.paytec.eu\/fr\/"},{"@type":"ListItem","position":2,"name":"Riparazioni"}]},{"@type":"WebSite","@id":"https:\/\/www.paytec.eu\/#website","url":"https:\/\/www.paytec.eu\/","name":"Paytec","description":"Smart Payments for Vending","potentialAction":[{"@type":"SearchAction","target":{"@type":"EntryPoint","urlTemplate":"https:\/\/www.paytec.eu\/?s={search_term_string}"},"query-input":"required name=search_term_string"}],"inLanguage":"fr-FR"}]}},"_links":{"self":[{"href":"https:\/\/www.paytec.eu\/fr\/wp-json\/wp\/v2\/pages\/7761","targetHints":{"allow":["GET"]}}],"collection":[{"href":"https:\/\/www.paytec.eu\/fr\/wp-json\/wp\/v2\/pages"}],"about":[{"href":"https:\/\/www.paytec.eu\/fr\/wp-json\/wp\/v2\/types\/page"}],"author":[{"embeddable":true,"href":"https:\/\/www.paytec.eu\/fr\/wp-json\/wp\/v2\/users\/1"}],"replies":[{"embeddable":true,"href":"https:\/\/www.paytec.eu\/fr\/wp-json\/wp\/v2\/comments?post=7761"}],"version-history":[{"count":0,"href":"https:\/\/www.paytec.eu\/fr\/wp-json\/wp\/v2\/pages\/7761\/revisions"}],"wp:attachment":[{"href":"https:\/\/www.paytec.eu\/fr\/wp-json\/wp\/v2\/media?parent=7761"}],"curies":[{"name":"wp","href":"https:\/\/api.w.org\/{rel}","templated":true}]}}