{"id":8416,"date":"2022-03-30T13:23:59","date_gmt":"2022-03-30T13:23:59","guid":{"rendered":"https:\/\/www.paytec.eu\/systemes-de-paiement-digitaux\/"},"modified":"2023-10-25T08:22:51","modified_gmt":"2023-10-25T08:22:51","slug":"systemes-de-paiement-digitaux","status":"publish","type":"page","link":"https:\/\/www.paytec.eu\/fr\/systemes-de-paiement-digitaux\/","title":{"rendered":"Syst\u00e8mes de paiement digitaux"},"content":{"rendered":"<p>.[vc_row css_animation=\u00a0\u00bb\u00a0\u00bb row_type=\u00a0\u00bbrow\u00a0\u00bb use_row_as_full_screen_section=\u00a0\u00bbno\u00a0\u00bb type=\u00a0\u00bbgrid\u00a0\u00bb angled_section=\u00a0\u00bbno\u00a0\u00bb text_align=\u00a0\u00bbleft\u00a0\u00bb background_image_as_pattern=\u00a0\u00bbwithout_pattern\u00a0\u00bb z_index=\u00a0\u00bb\u00a0\u00bb][vc_column][qode_elements_holder number_of_columns=\u00a0\u00bbtwo_columns\u00a0\u00bb columns_proportion=\u00a0\u00bb33_66&Prime;][qode_elements_holder_item vertical_alignment=\u00a0\u00bbmiddle\u00a0\u00bb advanced_animations=\u00a0\u00bbno\u00a0\u00bb custom_class=\u00a0\u00bbbgBlue textwhite\u00a0\u00bb item_padding=\u00a0\u00bb15px 0 15px 15px\u00a0\u00bb][vc_column_text css=\u00a0\u00bb.vc_custom_1648111600163{padding-right: 20px !important;padding-left: 20px !important;}\u00a0\u00bb]<\/p>\n<h4>Explorer de nouvelles solutions<\/h4>\n<h4>pour faire face aux nouveaux d\u00e9fis du Vending<\/h4>\n<p>[\/vc_column_text][\/qode_elements_holder_item][qode_elements_holder_item vertical_alignment=\u00a0\u00bbmiddle\u00a0\u00bb advanced_animations=\u00a0\u00bbno\u00a0\u00bb item_padding=\u00a0\u00bb0px 0 0 15px\u00a0\u00bb][vc_single_image image=\u00a0\u00bb8099&Prime; img_size=\u00a0\u00bb1200&#215;550&Prime; qode_css_animation=\u00a0\u00bb\u00a0\u00bb][\/qode_elements_holder_item][\/qode_elements_holder][\/vc_column][\/vc_row][vc_row css_animation=\u00a0\u00bb\u00a0\u00bb row_type=\u00a0\u00bbrow\u00a0\u00bb use_row_as_full_screen_section=\u00a0\u00bbno\u00a0\u00bb type=\u00a0\u00bbgrid\u00a0\u00bb angled_section=\u00a0\u00bbno\u00a0\u00bb text_align=\u00a0\u00bbleft\u00a0\u00bb background_image_as_pattern=\u00a0\u00bbwithout_pattern\u00a0\u00bb z_index=\u00a0\u00bb\u00a0\u00bb padding_top=\u00a0\u00bb0&Prime; padding_bottom=\u00a0\u00bb0&Prime;][vc_column][vc_row_inner row_type=\u00a0\u00bbrow\u00a0\u00bb type=\u00a0\u00bbfull_width\u00a0\u00bb text_align=\u00a0\u00bbleft\u00a0\u00bb row_negative_margin=\u00a0\u00bbdisable_negative_margin\u00a0\u00bb css_animation=\u00a0\u00bb\u00a0\u00bb background_color=\u00a0\u00bb#f3f3f3&Prime;][vc_column_inner][vc_column_text css=\u00a0\u00bb.vc_custom_1648102585342{padding-right: 20px !important;padding-left: 20px !important;}\u00a0\u00bb]<\/p>\n<h5 class=\"custom_font_holder\">La gestion des esp\u00e8ces devient de plus en plus complexe et co\u00fbteuse.<\/h5>\n<h5 class=\"custom_font_holder\">Les consommateurs ont moins de pi\u00e8ces en poche et beaucoup souhaitent pouvoir faire leurs achats avec des modes de paiement utilis\u00e9s dans d&rsquo;autres contextes.<\/h5>\n<h5 class=\"custom_font_holder\">Tout plaide en faveur des solutions de paiement \u00e9lectronique, m\u00eame dans le Vending, un monde de microtransactions qui, jusqu&rsquo;\u00e0 pr\u00e9sent, a vu l&rsquo;argent liquide jouer un r\u00f4le pr\u00e9dominant.<\/h5>\n<p>[\/vc_column_text][\/vc_column_inner][\/vc_row_inner][\/vc_column][\/vc_row][vc_row css_animation=\u00a0\u00bb\u00a0\u00bb row_type=\u00a0\u00bbrow\u00a0\u00bb use_row_as_full_screen_section=\u00a0\u00bbno\u00a0\u00bb type=\u00a0\u00bbgrid\u00a0\u00bb angled_section=\u00a0\u00bbno\u00a0\u00bb text_align=\u00a0\u00bbleft\u00a0\u00bb background_image_as_pattern=\u00a0\u00bbwithout_pattern\u00a0\u00bb z_index=\u00a0\u00bb\u00a0\u00bb][vc_column][vc_column_text css=\u00a0\u00bb.vc_custom_1648037415232{padding-right: 20px !important;padding-left: 20px !important;}\u00a0\u00bb]<\/p>\n<h5>O\u00f9 commencer?<\/h5>\n<p>[\/vc_column_text][vc_column_text css=\u00a0\u00bb.vc_custom_1648068746725{padding-right: 20px !important;padding-left: 20px !important;}\u00a0\u00bb]Face \u00e0 ce chemin d\u00e9sormais balis\u00e9, le gestionnaire se trouve devant une myriade de solutions disponibles tr\u00e8s variables en termes de fonctionnalit\u00e9s, de s\u00e9curit\u00e9, de facilit\u00e9 d&rsquo;utilisation et de co\u00fbts.<\/p>\n<p><strong>\u00catre capable de faire des choix n\u00e9cessite non seulement des comp\u00e9tences technologiques, mais surtout une connaissance approfondie des consommateurs et des lieux dans lesquels on veut op\u00e9rer.<\/strong><\/p>\n<p>Il n&rsquo;y a pas de meilleures solutions \u00ab\u00a0toujours\u00a0\u00bb, mais davantage d&rsquo;\u00e9l\u00e9ments qui aident le gestionnaire \u00e0 s&rsquo;engager sur la voie d&rsquo;une r\u00e9duction progressive des esp\u00e8ces et des probl\u00e8mes qu&rsquo;elles engendrent. Il n&rsquo;y a pas qu&rsquo;une seule fa\u00e7on de fid\u00e9liser les consommateurs, mais de nombreuses approches et outils qui permettent d&rsquo;augmenter le montant moyen d&rsquo;achat et la fr\u00e9quence d&rsquo;utilisation des distributeurs.<\/p>\n<p>Paytec vuole assistere il gestore nell\u2019esplorazione del cammino e nella definizione del percorso, cos\u00ec come nella scelta e messa in campo degli strumenti pi\u00f9 idonei.<\/p>\n<p>Iniziamo da un breve confronto tra due dei sistemi di pagamento digitale pi\u00f9 in voga in questi ultimi tempi: il <b>LETTORE DI CARTA DI CREDITO <\/b>e l&rsquo;<strong>APP SU SMARTPHONE<\/strong>.[\/vc_column_text][\/vc_column][\/vc_row][vc_row css_animation=\u00a0\u00bb\u00a0\u00bb row_type=\u00a0\u00bbrow\u00a0\u00bb use_row_as_full_screen_section=\u00a0\u00bbno\u00a0\u00bb type=\u00a0\u00bbgrid\u00a0\u00bb angled_section=\u00a0\u00bbno\u00a0\u00bb text_align=\u00a0\u00bbleft\u00a0\u00bb background_image_as_pattern=\u00a0\u00bbwithout_pattern\u00a0\u00bb z_index=\u00a0\u00bb\u00a0\u00bb css=\u00a0\u00bb.vc_custom_1648807740647{margin-right: 20px !important;margin-left: 20px !important;background-position: center !important;background-repeat: no-repeat !important;background-size: cover !important;}\u00a0\u00bb padding_top=\u00a0\u00bb0&Prime; el_class=\u00a0\u00bbaccordionBlu\u00a0\u00bb][vc_column width=\u00a0\u00bb1\/2&Prime;][vc_row_inner row_type=\u00a0\u00bbrow\u00a0\u00bb type=\u00a0\u00bbfull_width\u00a0\u00bb text_align=\u00a0\u00bbleft\u00a0\u00bb row_negative_margin=\u00a0\u00bbdisable_negative_margin\u00a0\u00bb css_animation=\u00a0\u00bb\u00a0\u00bb background_color=\u00a0\u00bb#f3f3f3&Prime;][vc_column_inner][vc_column_text]<\/p>\n<h2 style=\"text-align: center;\">VENDOTEK<\/h2>\n<h5 style=\"text-align: center;\">Lecteur de carte de cr\u00e9dit<\/h5>\n<p>[\/vc_column_text][vc_empty_space height=\u00a0\u00bb30px\u00a0\u00bb][vc_gallery interval=\u00a0\u00bb0&Prime; images=\u00a0\u00bb6855,6840,5739&Prime; img_size=\u00a0\u00bb600&#215;400&Prime; css=\u00a0\u00bb.vc_custom_1648067860693{background-color: #144b8d !important;}\u00a0\u00bb][vc_column_text css=\u00a0\u00bb.vc_custom_1648068033236{padding-top: 15px !important;padding-right: 10px !important;padding-bottom: 15px !important;padding-left: 10px !important;}\u00a0\u00bb]<\/p>\n<ul>\n<li>rapide et universel<\/li>\n<li>imm\u00e9diatement op\u00e9rationnel<\/li>\n<li>id\u00e9al pour un public de passage<\/li>\n<\/ul>\n<p>[\/vc_column_text]<div class=\"qode-accordion-holder clearfix qode-toggle qode-initial \">\n\t<h6 class=\"clearfix qode-title-holder\">\n<span class=\"qode-tab-title\">\n\t\t\t<span class=\"qode-tab-title-icon\">\n\t\t\t<span aria-hidden=\"true\" class=\"qode_icon_font_elegant arrow_down \" ><\/span>\t\t<\/span>\n\t    <span class=\"qode-tab-title-inner\">\n        En savoir plus    <\/span>\n<\/span>\n<span class=\"qode-accordion-mark\">\n    <span class=\"qode-accordion-mark-icon\">\n        <span class=\"icon_plus\"><\/span>\n        <span class=\"icon_minus-06\"><\/span>\n    <\/span>\n<\/span>\n<\/h6>\n<div  class=\"qode-accordion-content qode-acc-title-with-icon\" >\n    <div class=\"qode-accordion-content-inner\">\n        [vc_column_text]<\/p>\n<h5>Rapide et universel<\/h5>\n<p>[\/vc_column_text][vc_column_text]Dans les lieux publics ou semi-publics, avec une client\u00e8le occasionnelle et un fort trafic &#8211; a\u00e9roports, gares, magasins automatiques, mais aussi piscines, h\u00f4pitaux, universit\u00e9s, etc. &#8211; le choix d&rsquo;un outil de paiement \u00e9lectronique rapide et universel est fondamental : le geste d&rsquo;approcher une carte ou un outil mobile (t\u00e9l\u00e9phone, smartwatch&#8230;) pour payer est d\u00e9sormais g\u00e9n\u00e9ralis\u00e9.[\/vc_column_text][vc_empty_space height=\u00a0\u00bb20px\u00a0\u00bb][vc_column_text]<\/p>\n<h5>Imm\u00e9diatement op\u00e9rationnel<\/h5>\n<p>[\/vc_column_text][vc_column_text]Le lecteur de carte <a href=\"https:\/\/www.paytec.eu\/fr\/vendotek-2\/\">VENDOTEK<\/a> peut \u00eatre un alli\u00e9 valable pour accepter les paiements des consommateurs non habituels. L&rsquo;appareil fonctionne en mode \u00ab\u00a0sans contact\u00a0\u00bb, acceptant les principales cartes de paiement comme Visa, MasterCard, Maestro, ainsi que les solutions mobiles comme ApplePay, GooglePay ou SamsungPay.<br \/>\nL&rsquo;offre a \u00e9t\u00e9 formul\u00e9e pour permettre au gestionnaire d&rsquo;op\u00e9rer imm\u00e9diatement gr\u00e2ce \u00e0 une installation facile, une carte SIM pr\u00e9-install\u00e9e et un contrat bancaire standard d\u00e9j\u00e0 n\u00e9goci\u00e9 et rapidement activ\u00e9.[\/vc_column_text]    <\/div>\n<\/div><\/div>[vc_empty_space][vc_column_text css=\u00a0\u00bb.vc_custom_1648068983394{padding-left: 20px !important;}\u00a0\u00bb]<\/p>\n<h5>Regardez la vid\u00e9o VENDOTEK<\/h5>\n<p>&nbsp;[\/vc_column_text][vc_empty_space height=\u00a0\u00bb15px\u00a0\u00bb][vc_column_text css=\u00a0\u00bb.vc_custom_1648818425227{padding-left: 20px !important;}\u00a0\u00bb]Permettez les achats imm\u00e9diats et impulsifs. Offrez un moyen facile de recharger une cl\u00e9 et de r\u00e9duire les flux de tr\u00e9sorerie. Et gardez le contr\u00f4le via le portail d\u00e9di\u00e9.[\/vc_column_text][vc_empty_space height=\u00a0\u00bb20px\u00a0\u00bb][vc_video link=\u00a0\u00bbhttps:\/\/youtu.be\/ocG0KPET134&Prime; el_width=\u00a0\u00bb80&Prime; align=\u00a0\u00bbcenter\u00a0\u00bb][\/vc_column_inner][\/vc_row_inner][\/vc_column][vc_column width=\u00a0\u00bb1\/2&Prime;][vc_row_inner row_type=\u00a0\u00bbrow\u00a0\u00bb type=\u00a0\u00bbfull_width\u00a0\u00bb text_align=\u00a0\u00bbleft\u00a0\u00bb row_negative_margin=\u00a0\u00bbdisable_negative_margin\u00a0\u00bb css_animation=\u00a0\u00bb\u00a0\u00bb background_color=\u00a0\u00bb#f3f3f3&Prime;][vc_column_inner][vc_column_text]<\/p>\n<h2 style=\"text-align: center;\">OPTO<\/h2>\n<h5 style=\"text-align: center;\">App sur Smartphone<\/h5>\n<p>[\/vc_column_text][vc_empty_space height=\u00a0\u00bb30px\u00a0\u00bb][vc_gallery interval=\u00a0\u00bb0&Prime; images=\u00a0\u00bb6850,6845,7870,7876&Prime; img_size=\u00a0\u00bb600&#215;400&Prime; onclick=\u00a0\u00bb\u00a0\u00bb css=\u00a0\u00bb.vc_custom_1648067875258{background-color: #144b8d !important;}\u00a0\u00bb][vc_column_text css=\u00a0\u00bb.vc_custom_1648068070639{padding-top: 15px !important;padding-right: 10px !important;padding-bottom: 15px !important;padding-left: 10px !important;}\u00a0\u00bb]<\/p>\n<ul>\n<li>passage progressif du cash au cashless<\/li>\n<li>augmente la fid\u00e9lit\u00e9 des utilisateurs<\/li>\n<li>id\u00e9al pour un public r\u00e9current<\/li>\n<\/ul>\n<p>[\/vc_column_text]<div class=\"qode-accordion-holder clearfix qode-toggle qode-initial \">\n\t<h6 class=\"clearfix qode-title-holder\">\n<span class=\"qode-tab-title\">\n\t\t\t<span class=\"qode-tab-title-icon\">\n\t\t\t<span aria-hidden=\"true\" class=\"qode_icon_font_elegant arrow_down \" ><\/span>\t\t<\/span>\n\t    <span class=\"qode-tab-title-inner\">\n        En savoir plus    <\/span>\n<\/span>\n<span class=\"qode-accordion-mark\">\n    <span class=\"qode-accordion-mark-icon\">\n        <span class=\"icon_plus\"><\/span>\n        <span class=\"icon_minus-06\"><\/span>\n    <\/span>\n<\/span>\n<\/h6>\n<div  class=\"qode-accordion-content qode-acc-title-with-icon\" >\n    <div class=\"qode-accordion-content-inner\">\n        [vc_column_text]<\/p>\n<h5>R\u00e9duire les esp\u00e8ces sans perdre de ventes<\/h5>\n<p>[\/vc_column_text][vc_column_text]Pour les localisations priv\u00e9es ou avec des clients r\u00e9currents, il est \u00e9galement possible de proposer le paiement par carte coupl\u00e9 \u00e0 l&rsquo;utilisation de cl\u00e9s, pour une solution hybride qui permet une recharge totalement cashless et une r\u00e9duction drastique de la monnaie.<\/p>\n<p>Dans des contextes priv\u00e9s o\u00f9 l&rsquo;utilisation des cl\u00e9s est plut\u00f4t probl\u00e9matique, par exemple en raison du roulement \u00e9lev\u00e9 des employ\u00e9s, l&rsquo;introduction d&rsquo;une application de paiement telle que <a href=\"https:\/\/www.paytec.eu\/fr\/prodotto\/opto-2\/\">OPTO<\/a> cela repr\u00e9sente souvent une solution gagnante. <strong>OPTO peut compl\u00e9ter ou m\u00eame remplacer l&rsquo;utilisation de la cl\u00e9 de mani\u00e8re s\u00fbre et \u00e9conomique.<\/strong>[\/vc_column_text][vc_empty_space height=\u00a0\u00bb20px\u00a0\u00bb][vc_column_text]<\/p>\n<h5>Fid\u00e9liser les utilisateurs pour augmenter les ventes<\/h5>\n<p>[\/vc_column_text][vc_column_text]En tant qu&rsquo;outil de paiement num\u00e9rique, la solution permet non seulement une r\u00e9duction significative de la monnaie, mais ouvre \u00e9galement \u00e0 l&rsquo;op\u00e9rateur un monde de <strong>nouvelles fonctionnalit\u00e9s et de services \u00e0 haute valeur ajout\u00e9e<\/strong>: profilage des utilisateurs, communication directe avec eux, informations en temps r\u00e9el sur l&rsquo;\u00e9tat des distributeurs, etc. Tout cela avec un outil extr\u00eamement simple et efficace.<\/p>\n<p>D\u00e9couvrez plus sur: <a href=\"https:\/\/www.optopayment.com\/\" target=\"_blank\" rel=\"noopener\">optopayment.com<\/a>[\/vc_column_text]    <\/div>\n<\/div><\/div>[vc_empty_space][vc_column_text css=\u00a0\u00bb.vc_custom_1648053172986{padding-left: 20px !important;}\u00a0\u00bb]<\/p>\n<h5>Regardez la vid\u00e9o OPTO<\/h5>\n<p>&nbsp;[\/vc_column_text][vc_empty_space height=\u00a0\u00bb15px\u00a0\u00bb][vc_column_text css=\u00a0\u00bb.vc_custom_1648069482073{padding-left: 20px !important;}\u00a0\u00bb]Voyez comme il est facile de faire des achats n&rsquo;importe o\u00f9, de recharger son <em>wallet<\/em>, de s\u00e9lectionner le produit sans toucher au clavier de la machine et de consulter les informations nutritionnelles.[\/vc_column_text][vc_empty_space height=\u00a0\u00bb20px\u00a0\u00bb][vc_video link=\u00a0\u00bbhttps:\/\/www.youtube.com\/watch?v=hUpiZ0QM5_E\u00a0\u00bb el_width=\u00a0\u00bb80&Prime; align=\u00a0\u00bbcenter\u00a0\u00bb][\/vc_column_inner][\/vc_row_inner][\/vc_column][\/vc_row][vc_row css_animation=\u00a0\u00bb\u00a0\u00bb row_type=\u00a0\u00bbrow\u00a0\u00bb use_row_as_full_screen_section=\u00a0\u00bbno\u00a0\u00bb type=\u00a0\u00bbgrid\u00a0\u00bb angled_section=\u00a0\u00bbno\u00a0\u00bb text_align=\u00a0\u00bbleft\u00a0\u00bb background_image_as_pattern=\u00a0\u00bbwithout_pattern\u00a0\u00bb z_index=\u00a0\u00bb\u00a0\u00bb el_class=\u00a0\u00bbbgLeft\u00a0\u00bb][vc_column][vc_row_inner row_type=\u00a0\u00bbrow\u00a0\u00bb type=\u00a0\u00bbfull_width\u00a0\u00bb text_align=\u00a0\u00bbleft\u00a0\u00bb css_animation=\u00a0\u00bb\u00a0\u00bb css=\u00a0\u00bb.vc_custom_1645797030104{background-image: url(https:\/\/www.paytec.eu\/wp-content\/uploads\/2022\/02\/assistenza-home-ok.png?id=7250) !important;background-position: center !important;background-repeat: no-repeat !important;background-size: cover !important;}\u00a0\u00bb][vc_column_inner width=\u00a0\u00bb5\/12&Prime;][vc_column_text]<\/p>\n<h3>Chaque localisation est toujours distincte et n\u00e9cessite \u00e0 chaque fois une approche bien cibl\u00e9e.<\/h3>\n<p>Paytec propose une gamme de solutions particuli\u00e8rement large et se veut aux c\u00f4t\u00e9s du gestionnaire dans le choix et la mise en place des outils digitaux les plus adapt\u00e9s pour atteindre ses objectifs.[\/vc_column_text][vc_empty_space]<a  itemprop=\"url\" href=\"https:\/\/www.paytec.eu\/contatti\/\" target=\"_self\"  class=\"qbutton  medium white default\" style=\"\">Contactez-nous pour une consultation gratuite<\/a>[vc_empty_space][\/vc_column_inner][vc_column_inner width=\u00a0\u00bb7\/12&Prime;][\/vc_column_inner][\/vc_row_inner][\/vc_column][\/vc_row].<\/p>\n","protected":false},"excerpt":{"rendered":"<p>.[vc_row css_animation=\u00a0\u00bb\u00a0\u00bb row_type=\u00a0\u00bbrow\u00a0\u00bb use_row_as_full_screen_section=\u00a0\u00bbno\u00a0\u00bb type=\u00a0\u00bbgrid\u00a0\u00bb angled_section=\u00a0\u00bbno\u00a0\u00bb text_align=\u00a0\u00bbleft\u00a0\u00bb background_image_as_pattern=\u00a0\u00bbwithout_pattern\u00a0\u00bb z_index=\u00a0\u00bb\u00a0\u00bb][vc_column][qode_elements_holder number_of_columns=\u00a0\u00bbtwo_columns\u00a0\u00bb columns_proportion=\u00a0\u00bb33_66&Prime;][qode_elements_holder_item vertical_alignment=\u00a0\u00bbmiddle\u00a0\u00bb advanced_animations=\u00a0\u00bbno\u00a0\u00bb custom_class=\u00a0\u00bbbgBlue textwhite\u00a0\u00bb item_padding=\u00a0\u00bb15px 0 15px 15px\u00a0\u00bb][vc_column_text css=\u00a0\u00bb.vc_custom_1648111600163{padding-right: 20px !important;padding-left: 20px !important;}\u00a0\u00bb] Explorer de nouvelles solutions pour faire face aux nouveaux d\u00e9fis du Vending [\/vc_column_text][\/qode_elements_holder_item][qode_elements_holder_item vertical_alignment=\u00a0\u00bbmiddle\u00a0\u00bb advanced_animations=\u00a0\u00bbno\u00a0\u00bb item_padding=\u00a0\u00bb0px 0 0 15px\u00a0\u00bb][vc_single_image image=\u00a0\u00bb8099&Prime; img_size=\u00a0\u00bb1200&#215;550&Prime;&#8230;<\/p>\n","protected":false},"author":3,"featured_media":0,"parent":0,"menu_order":0,"comment_status":"closed","ping_status":"closed","template":"full_width.php","meta":{"footnotes":""},"class_list":["post-8416","page","type-page","status-publish","hentry"],"acf":[],"yoast_head":"<!-- This site is optimized with the Yoast SEO plugin v21.1 - https:\/\/yoast.com\/wordpress\/plugins\/seo\/ -->\n<title>Syst\u00e8mes de paiement digitaux - Paytec<\/title>\n<meta name=\"robots\" content=\"index, follow, max-snippet:-1, max-image-preview:large, max-video-preview:-1\" \/>\n<link rel=\"canonical\" href=\"https:\/\/www.paytec.eu\/sistemi-di-pagamento-digitali\/\" \/>\n<meta property=\"og:locale\" content=\"fr_FR\" \/>\n<meta property=\"og:type\" content=\"article\" \/>\n<meta property=\"og:title\" content=\"Syst\u00e8mes de paiement digitaux - Paytec\" \/>\n<meta property=\"og:description\" content=\".[vc_row css_animation=\u00a0\u00bb\u00a0\u00bb row_type=\u00a0\u00bbrow\u00a0\u00bb use_row_as_full_screen_section=\u00a0\u00bbno\u00a0\u00bb type=\u00a0\u00bbgrid\u00a0\u00bb angled_section=\u00a0\u00bbno\u00a0\u00bb text_align=\u00a0\u00bbleft\u00a0\u00bb background_image_as_pattern=\u00a0\u00bbwithout_pattern\u00a0\u00bb z_index=\u00a0\u00bb\u00a0\u00bb][vc_column][qode_elements_holder number_of_columns=\u00a0\u00bbtwo_columns\u00a0\u00bb columns_proportion=\u00a0\u00bb33_66&Prime;][qode_elements_holder_item vertical_alignment=\u00a0\u00bbmiddle\u00a0\u00bb advanced_animations=\u00a0\u00bbno\u00a0\u00bb custom_class=\u00a0\u00bbbgBlue textwhite\u00a0\u00bb item_padding=\u00a0\u00bb15px 0 15px 15px\u00a0\u00bb][vc_column_text css=\u00a0\u00bb.vc_custom_1648111600163{padding-right: 20px !important;padding-left: 20px !important;}\u00a0\u00bb] Explorer de nouvelles solutions pour faire face aux nouveaux d\u00e9fis du Vending [\/vc_column_text][\/qode_elements_holder_item][qode_elements_holder_item vertical_alignment=\u00a0\u00bbmiddle\u00a0\u00bb advanced_animations=\u00a0\u00bbno\u00a0\u00bb item_padding=\u00a0\u00bb0px 0 0 15px\u00a0\u00bb][vc_single_image image=\u00a0\u00bb8099&Prime; img_size=\u00a0\u00bb1200&#215;550&Prime;...\" \/>\n<meta property=\"og:url\" content=\"https:\/\/www.paytec.eu\/sistemi-di-pagamento-digitali\/\" \/>\n<meta property=\"og:site_name\" content=\"Paytec\" \/>\n<meta property=\"article:modified_time\" content=\"2023-10-25T08:22:51+00:00\" \/>\n<meta name=\"twitter:card\" content=\"summary_large_image\" \/>\n<meta name=\"twitter:label1\" content=\"Dur\u00e9e de lecture estim\u00e9e\" \/>\n\t<meta name=\"twitter:data1\" content=\"5 minutes\" \/>\n<script type=\"application\/ld+json\" class=\"yoast-schema-graph\">{\"@context\":\"https:\/\/schema.org\",\"@graph\":[{\"@type\":\"WebPage\",\"@id\":\"https:\/\/www.paytec.eu\/sistemi-di-pagamento-digitali\/\",\"url\":\"https:\/\/www.paytec.eu\/sistemi-di-pagamento-digitali\/\",\"name\":\"Syst\u00e8mes de paiement digitaux - Paytec\",\"isPartOf\":{\"@id\":\"https:\/\/www.paytec.eu\/#website\"},\"datePublished\":\"2022-03-30T13:23:59+00:00\",\"dateModified\":\"2023-10-25T08:22:51+00:00\",\"breadcrumb\":{\"@id\":\"https:\/\/www.paytec.eu\/sistemi-di-pagamento-digitali\/#breadcrumb\"},\"inLanguage\":\"fr-FR\",\"potentialAction\":[{\"@type\":\"ReadAction\",\"target\":[\"https:\/\/www.paytec.eu\/sistemi-di-pagamento-digitali\/\"]}]},{\"@type\":\"BreadcrumbList\",\"@id\":\"https:\/\/www.paytec.eu\/sistemi-di-pagamento-digitali\/#breadcrumb\",\"itemListElement\":[{\"@type\":\"ListItem\",\"position\":1,\"name\":\"Home\",\"item\":\"https:\/\/www.paytec.eu\/fr\/\"},{\"@type\":\"ListItem\",\"position\":2,\"name\":\"Syst\u00e8mes de paiement digitaux\"}]},{\"@type\":\"WebSite\",\"@id\":\"https:\/\/www.paytec.eu\/#website\",\"url\":\"https:\/\/www.paytec.eu\/\",\"name\":\"Paytec\",\"description\":\"Smart Payments for Vending\",\"potentialAction\":[{\"@type\":\"SearchAction\",\"target\":{\"@type\":\"EntryPoint\",\"urlTemplate\":\"https:\/\/www.paytec.eu\/?s={search_term_string}\"},\"query-input\":\"required name=search_term_string\"}],\"inLanguage\":\"fr-FR\"}]}<\/script>\n<!-- \/ Yoast SEO plugin. -->","yoast_head_json":{"title":"Syst\u00e8mes de paiement digitaux - Paytec","robots":{"index":"index","follow":"follow","max-snippet":"max-snippet:-1","max-image-preview":"max-image-preview:large","max-video-preview":"max-video-preview:-1"},"canonical":"https:\/\/www.paytec.eu\/sistemi-di-pagamento-digitali\/","og_locale":"fr_FR","og_type":"article","og_title":"Syst\u00e8mes de paiement digitaux - Paytec","og_description":".[vc_row css_animation=\u00a0\u00bb\u00a0\u00bb row_type=\u00a0\u00bbrow\u00a0\u00bb use_row_as_full_screen_section=\u00a0\u00bbno\u00a0\u00bb type=\u00a0\u00bbgrid\u00a0\u00bb angled_section=\u00a0\u00bbno\u00a0\u00bb text_align=\u00a0\u00bbleft\u00a0\u00bb background_image_as_pattern=\u00a0\u00bbwithout_pattern\u00a0\u00bb z_index=\u00a0\u00bb\u00a0\u00bb][vc_column][qode_elements_holder number_of_columns=\u00a0\u00bbtwo_columns\u00a0\u00bb columns_proportion=\u00a0\u00bb33_66&Prime;][qode_elements_holder_item vertical_alignment=\u00a0\u00bbmiddle\u00a0\u00bb advanced_animations=\u00a0\u00bbno\u00a0\u00bb custom_class=\u00a0\u00bbbgBlue textwhite\u00a0\u00bb item_padding=\u00a0\u00bb15px 0 15px 15px\u00a0\u00bb][vc_column_text css=\u00a0\u00bb.vc_custom_1648111600163{padding-right: 20px !important;padding-left: 20px !important;}\u00a0\u00bb] Explorer de nouvelles solutions pour faire face aux nouveaux d\u00e9fis du Vending [\/vc_column_text][\/qode_elements_holder_item][qode_elements_holder_item vertical_alignment=\u00a0\u00bbmiddle\u00a0\u00bb advanced_animations=\u00a0\u00bbno\u00a0\u00bb item_padding=\u00a0\u00bb0px 0 0 15px\u00a0\u00bb][vc_single_image image=\u00a0\u00bb8099&Prime; img_size=\u00a0\u00bb1200&#215;550&Prime;...","og_url":"https:\/\/www.paytec.eu\/sistemi-di-pagamento-digitali\/","og_site_name":"Paytec","article_modified_time":"2023-10-25T08:22:51+00:00","twitter_card":"summary_large_image","twitter_misc":{"Dur\u00e9e de lecture estim\u00e9e":"5 minutes"},"schema":{"@context":"https:\/\/schema.org","@graph":[{"@type":"WebPage","@id":"https:\/\/www.paytec.eu\/sistemi-di-pagamento-digitali\/","url":"https:\/\/www.paytec.eu\/sistemi-di-pagamento-digitali\/","name":"Syst\u00e8mes de paiement digitaux - Paytec","isPartOf":{"@id":"https:\/\/www.paytec.eu\/#website"},"datePublished":"2022-03-30T13:23:59+00:00","dateModified":"2023-10-25T08:22:51+00:00","breadcrumb":{"@id":"https:\/\/www.paytec.eu\/sistemi-di-pagamento-digitali\/#breadcrumb"},"inLanguage":"fr-FR","potentialAction":[{"@type":"ReadAction","target":["https:\/\/www.paytec.eu\/sistemi-di-pagamento-digitali\/"]}]},{"@type":"BreadcrumbList","@id":"https:\/\/www.paytec.eu\/sistemi-di-pagamento-digitali\/#breadcrumb","itemListElement":[{"@type":"ListItem","position":1,"name":"Home","item":"https:\/\/www.paytec.eu\/fr\/"},{"@type":"ListItem","position":2,"name":"Syst\u00e8mes de paiement digitaux"}]},{"@type":"WebSite","@id":"https:\/\/www.paytec.eu\/#website","url":"https:\/\/www.paytec.eu\/","name":"Paytec","description":"Smart Payments for Vending","potentialAction":[{"@type":"SearchAction","target":{"@type":"EntryPoint","urlTemplate":"https:\/\/www.paytec.eu\/?s={search_term_string}"},"query-input":"required name=search_term_string"}],"inLanguage":"fr-FR"}]}},"_links":{"self":[{"href":"https:\/\/www.paytec.eu\/fr\/wp-json\/wp\/v2\/pages\/8416","targetHints":{"allow":["GET"]}}],"collection":[{"href":"https:\/\/www.paytec.eu\/fr\/wp-json\/wp\/v2\/pages"}],"about":[{"href":"https:\/\/www.paytec.eu\/fr\/wp-json\/wp\/v2\/types\/page"}],"author":[{"embeddable":true,"href":"https:\/\/www.paytec.eu\/fr\/wp-json\/wp\/v2\/users\/3"}],"replies":[{"embeddable":true,"href":"https:\/\/www.paytec.eu\/fr\/wp-json\/wp\/v2\/comments?post=8416"}],"version-history":[{"count":0,"href":"https:\/\/www.paytec.eu\/fr\/wp-json\/wp\/v2\/pages\/8416\/revisions"}],"wp:attachment":[{"href":"https:\/\/www.paytec.eu\/fr\/wp-json\/wp\/v2\/media?parent=8416"}],"curies":[{"name":"wp","href":"https:\/\/api.w.org\/{rel}","templated":true}]}}