{"id":11090,"date":"2023-06-01T12:17:06","date_gmt":"2023-06-01T12:17:18","guid":{"rendered":"https:\/\/www.paytec.eu\/?post_type=product&#038;p=11090"},"modified":"2025-05-08T08:30:14","modified_gmt":"2025-05-08T08:30:14","slug":"cartes-contactless-mifare","status":"publish","type":"product","link":"https:\/\/www.paytec.eu\/fr\/prodotto\/cartes-contactless-mifare\/","title":{"rendered":"CARTES MIFARE\u00ae Type 98"},"content":{"rendered":"<p>Le grand avantage des cartes contactless Mifare\u00ae r\u00e9side dans le fait qu&rsquo;un m\u00eame outil peut \u00eatre utilis\u00e9 comme <strong>moyen de paiement pour le Vending<\/strong>, pour des applications telles que le contr\u00f4le d&rsquo;acc\u00e8s et la <strong>d\u00e9tection de pr\u00e9sence<\/strong>, ou comme <strong>porte-monnaie \u00e9lectronique<\/strong> pour les cantines et caf\u00e9t\u00e9rias g\u00e9r\u00e9es par d&rsquo;autres op\u00e9rateurs.<\/p>\n<p>Gr\u00e2ce au Programmeur de licence d\u00e9di\u00e9, il est possible d\u2019acheter et d\u2019\u00e9crire l\u2019application d\u00e9velopp\u00e9e par Paytec sur le support Mifare\u00ae d\u00e9j\u00e0 en possession du client (cartes, porte-cl\u00e9s, etc.).<\/p>\n<p>Cette <strong>flexibilit\u00e9 <\/strong>permet aux gestionnaires de s\u2019int\u00e9grer facilement et rapidement dans les emplacements existants.<\/p>\n<p>La programmation des cartes contactless Mifare\u00ae peut \u00eatre effectu\u00e9e avec le programmateur Caiman Mifare\u00ae.<\/p>\n","protected":false},"excerpt":{"rendered":"<p>Tous les avantages de la multi-application de la plateforme Mifare\u00ae, int\u00e9gr\u00e9e et adapt\u00e9e par Paytec en fonction des besoins sp\u00e9cifiques du Vending.<\/p>\n","protected":false},"featured_media":12349,"template":"","meta":[],"product_cat":[405],"product_tag":[],"class_list":["post-11090","product","type-product","status-publish","has-post-thumbnail","hentry","product_cat-chiavi-carte-fr"],"acf":[],"yoast_head":"<!-- This site is optimized with the Yoast SEO plugin v21.1 - https:\/\/yoast.com\/wordpress\/plugins\/seo\/ -->\n<title>Cartes contactless Mifare\u00ae pour le Vending - Paytec<\/title>\n<meta name=\"description\" content=\"Les cartes contactless Mifare\u00ae Type98 de Paytec offrent tous les avantages de la plateforme Mifare\u00ae, int\u00e9gr\u00e9e et adapt\u00e9e aux besoins sp\u00e9cifiques du Vending.\" \/>\n<meta name=\"robots\" content=\"index, follow, max-snippet:-1, max-image-preview:large, max-video-preview:-1\" \/>\n<link rel=\"canonical\" href=\"https:\/\/www.paytec.eu\/fr\/prodotto\/cartes-contactless-mifare\/\" \/>\n<meta property=\"og:locale\" content=\"fr_FR\" \/>\n<meta property=\"og:type\" content=\"article\" \/>\n<meta property=\"og:title\" content=\"Cartes contactless Mifare\u00ae pour le Vending - Paytec\" \/>\n<meta property=\"og:description\" content=\"Les cartes contactless Mifare\u00ae Type98 de Paytec offrent tous les avantages de la plateforme Mifare\u00ae, int\u00e9gr\u00e9e et adapt\u00e9e aux besoins sp\u00e9cifiques du Vending.\" \/>\n<meta property=\"og:url\" content=\"https:\/\/www.paytec.eu\/fr\/prodotto\/cartes-contactless-mifare\/\" \/>\n<meta property=\"og:site_name\" content=\"Paytec\" \/>\n<meta property=\"article:modified_time\" content=\"2025-05-08T08:30:14+00:00\" \/>\n<meta property=\"og:image\" content=\"https:\/\/www.paytec.eu\/wp-content\/uploads\/2023\/06\/Mifare_carta_98.png\" \/>\n\t<meta property=\"og:image:width\" content=\"800\" \/>\n\t<meta property=\"og:image:height\" content=\"860\" \/>\n\t<meta property=\"og:image:type\" content=\"image\/png\" \/>\n<meta name=\"twitter:card\" content=\"summary_large_image\" \/>\n<meta name=\"twitter:label1\" content=\"Dur\u00e9e de lecture estim\u00e9e\" \/>\n\t<meta name=\"twitter:data1\" content=\"1 minute\" \/>\n<script type=\"application\/ld+json\" class=\"yoast-schema-graph\">{\"@context\":\"https:\/\/schema.org\",\"@graph\":[{\"@type\":\"WebPage\",\"@id\":\"https:\/\/www.paytec.eu\/fr\/prodotto\/cartes-contactless-mifare\/\",\"url\":\"https:\/\/www.paytec.eu\/fr\/prodotto\/cartes-contactless-mifare\/\",\"name\":\"Cartes contactless Mifare\u00ae pour le Vending - Paytec\",\"isPartOf\":{\"@id\":\"https:\/\/www.paytec.eu\/#website\"},\"datePublished\":\"2023-06-01T12:17:18+00:00\",\"dateModified\":\"2025-05-08T08:30:14+00:00\",\"description\":\"Les cartes contactless Mifare\u00ae Type98 de Paytec offrent tous les avantages de la plateforme Mifare\u00ae, int\u00e9gr\u00e9e et adapt\u00e9e aux besoins sp\u00e9cifiques du Vending.\",\"breadcrumb\":{\"@id\":\"https:\/\/www.paytec.eu\/fr\/prodotto\/cartes-contactless-mifare\/#breadcrumb\"},\"inLanguage\":\"fr-FR\",\"potentialAction\":[{\"@type\":\"ReadAction\",\"target\":[\"https:\/\/www.paytec.eu\/fr\/prodotto\/cartes-contactless-mifare\/\"]}]},{\"@type\":\"BreadcrumbList\",\"@id\":\"https:\/\/www.paytec.eu\/fr\/prodotto\/cartes-contactless-mifare\/#breadcrumb\",\"itemListElement\":[{\"@type\":\"ListItem\",\"position\":1,\"name\":\"Home\",\"item\":\"https:\/\/www.paytec.eu\/fr\/\"},{\"@type\":\"ListItem\",\"position\":2,\"name\":\"Boutique\",\"item\":\"https:\/\/www.paytec.eu\/shop\/\"},{\"@type\":\"ListItem\",\"position\":3,\"name\":\"Cl\u00e9s \/ Cartes\",\"item\":\"https:\/\/www.paytec.eu\/fr\/categoria-prodotto\/chiavi-carte-fr\/\"},{\"@type\":\"ListItem\",\"position\":4,\"name\":\"CARTES MIFARE\u00ae Type 98\"}]},{\"@type\":\"WebSite\",\"@id\":\"https:\/\/www.paytec.eu\/#website\",\"url\":\"https:\/\/www.paytec.eu\/\",\"name\":\"Paytec\",\"description\":\"Smart Payments for Vending\",\"potentialAction\":[{\"@type\":\"SearchAction\",\"target\":{\"@type\":\"EntryPoint\",\"urlTemplate\":\"https:\/\/www.paytec.eu\/?s={search_term_string}\"},\"query-input\":\"required name=search_term_string\"}],\"inLanguage\":\"fr-FR\"}]}<\/script>\n<!-- \/ Yoast SEO plugin. -->","yoast_head_json":{"title":"Cartes contactless Mifare\u00ae pour le Vending - Paytec","description":"Les cartes contactless Mifare\u00ae Type98 de Paytec offrent tous les avantages de la plateforme Mifare\u00ae, int\u00e9gr\u00e9e et adapt\u00e9e aux besoins sp\u00e9cifiques du Vending.","robots":{"index":"index","follow":"follow","max-snippet":"max-snippet:-1","max-image-preview":"max-image-preview:large","max-video-preview":"max-video-preview:-1"},"canonical":"https:\/\/www.paytec.eu\/fr\/prodotto\/cartes-contactless-mifare\/","og_locale":"fr_FR","og_type":"article","og_title":"Cartes contactless Mifare\u00ae pour le Vending - Paytec","og_description":"Les cartes contactless Mifare\u00ae Type98 de Paytec offrent tous les avantages de la plateforme Mifare\u00ae, int\u00e9gr\u00e9e et adapt\u00e9e aux besoins sp\u00e9cifiques du Vending.","og_url":"https:\/\/www.paytec.eu\/fr\/prodotto\/cartes-contactless-mifare\/","og_site_name":"Paytec","article_modified_time":"2025-05-08T08:30:14+00:00","og_image":[{"width":800,"height":860,"url":"https:\/\/www.paytec.eu\/wp-content\/uploads\/2023\/06\/Mifare_carta_98.png","type":"image\/png"}],"twitter_card":"summary_large_image","twitter_misc":{"Dur\u00e9e de lecture estim\u00e9e":"1 minute"},"schema":{"@context":"https:\/\/schema.org","@graph":[{"@type":"WebPage","@id":"https:\/\/www.paytec.eu\/fr\/prodotto\/cartes-contactless-mifare\/","url":"https:\/\/www.paytec.eu\/fr\/prodotto\/cartes-contactless-mifare\/","name":"Cartes contactless Mifare\u00ae pour le Vending - Paytec","isPartOf":{"@id":"https:\/\/www.paytec.eu\/#website"},"datePublished":"2023-06-01T12:17:18+00:00","dateModified":"2025-05-08T08:30:14+00:00","description":"Les cartes contactless Mifare\u00ae Type98 de Paytec offrent tous les avantages de la plateforme Mifare\u00ae, int\u00e9gr\u00e9e et adapt\u00e9e aux besoins sp\u00e9cifiques du Vending.","breadcrumb":{"@id":"https:\/\/www.paytec.eu\/fr\/prodotto\/cartes-contactless-mifare\/#breadcrumb"},"inLanguage":"fr-FR","potentialAction":[{"@type":"ReadAction","target":["https:\/\/www.paytec.eu\/fr\/prodotto\/cartes-contactless-mifare\/"]}]},{"@type":"BreadcrumbList","@id":"https:\/\/www.paytec.eu\/fr\/prodotto\/cartes-contactless-mifare\/#breadcrumb","itemListElement":[{"@type":"ListItem","position":1,"name":"Home","item":"https:\/\/www.paytec.eu\/fr\/"},{"@type":"ListItem","position":2,"name":"Boutique","item":"https:\/\/www.paytec.eu\/shop\/"},{"@type":"ListItem","position":3,"name":"Cl\u00e9s \/ Cartes","item":"https:\/\/www.paytec.eu\/fr\/categoria-prodotto\/chiavi-carte-fr\/"},{"@type":"ListItem","position":4,"name":"CARTES MIFARE\u00ae Type 98"}]},{"@type":"WebSite","@id":"https:\/\/www.paytec.eu\/#website","url":"https:\/\/www.paytec.eu\/","name":"Paytec","description":"Smart Payments for Vending","potentialAction":[{"@type":"SearchAction","target":{"@type":"EntryPoint","urlTemplate":"https:\/\/www.paytec.eu\/?s={search_term_string}"},"query-input":"required name=search_term_string"}],"inLanguage":"fr-FR"}]}},"_links":{"self":[{"href":"https:\/\/www.paytec.eu\/fr\/wp-json\/wp\/v2\/product\/11090","targetHints":{"allow":["GET"]}}],"collection":[{"href":"https:\/\/www.paytec.eu\/fr\/wp-json\/wp\/v2\/product"}],"about":[{"href":"https:\/\/www.paytec.eu\/fr\/wp-json\/wp\/v2\/types\/product"}],"wp:featuredmedia":[{"embeddable":true,"href":"https:\/\/www.paytec.eu\/fr\/wp-json\/wp\/v2\/media\/12349"}],"wp:attachment":[{"href":"https:\/\/www.paytec.eu\/fr\/wp-json\/wp\/v2\/media?parent=11090"}],"wp:term":[{"taxonomy":"product_cat","embeddable":true,"href":"https:\/\/www.paytec.eu\/fr\/wp-json\/wp\/v2\/product_cat?post=11090"},{"taxonomy":"product_tag","embeddable":true,"href":"https:\/\/www.paytec.eu\/fr\/wp-json\/wp\/v2\/product_tag?post=11090"}],"curies":[{"name":"wp","href":"https:\/\/api.w.org\/{rel}","templated":true}]}}