{"id":11124,"date":"2023-06-08T09:09:47","date_gmt":"2023-06-08T09:09:55","guid":{"rendered":"https:\/\/www.paytec.eu\/?post_type=product&#038;p=11124"},"modified":"2023-10-25T09:33:20","modified_gmt":"2023-10-25T09:33:20","slug":"cable-seriel-caiman2","status":"publish","type":"product","link":"https:\/\/www.paytec.eu\/fr\/prodotto\/cable-seriel-caiman2\/","title":{"rendered":"C\u00c2BLE S\u00c9RIE CPU CAIMAN2 pour P\u00c9RIPH\u00c9RIQUE MDB"},"content":{"rendered":"<p>C\u00e2ble s\u00e9riel de rechange pour connecter les p\u00e9riph\u00e9riques MDB \u00e0 l&rsquo;unit\u00e9 centrale Caiman2.<\/p>\n<p>Non compatible avec Caiman1. Pour Caiman1 voir le il code <a href=\"https:\/\/www.paytec.eu\/prodotto\/cavo-seriale-caiman2-cpu-per-periferica-mdb\/\">RKT.03105\u00a0<\/a> (kit 5 pcs)<\/p>\n","protected":false},"excerpt":{"rendered":"<p>C\u00e2ble s\u00e9riel de rechange pour connecter les p\u00e9riph\u00e9riques MDB \u00e0 l&rsquo;unit\u00e9 centrale Caiman2. Non compatible avec Caiman1. Pour Caiman1 voir le il code RKT.03105\u00a0 (kit 5 pcs)<\/p>\n","protected":false},"featured_media":11437,"template":"","meta":[],"product_cat":[122],"product_tag":[],"class_list":["post-11124","product","type-product","status-publish","has-post-thumbnail","hentry","tipologia-accessoires-cashless-fr","product_cat-accessoires-et-pieces-de-rechange"],"acf":[],"yoast_head":"<!-- This site is optimized with the Yoast SEO plugin v21.1 - https:\/\/yoast.com\/wordpress\/plugins\/seo\/ -->\n<title>c\u00e2ble s\u00e9riel Caiman2, rechange pour syst\u00e8mes de paiement Paytec<\/title>\n<meta name=\"description\" content=\"Le c\u00e2ble s\u00e9riel Caiman2 CPU pour p\u00e9riph\u00e9rique MDB permet la connexion de p\u00e9riph\u00e9riques MDB \u00e0 l&#039;unit\u00e9 centrale Caiman2. Disponible sur le site paytec.eu\" \/>\n<meta name=\"robots\" content=\"index, follow, max-snippet:-1, max-image-preview:large, max-video-preview:-1\" \/>\n<link rel=\"canonical\" href=\"https:\/\/www.paytec.eu\/fr\/prodotto\/cable-seriel-caiman2\/\" \/>\n<meta property=\"og:locale\" content=\"fr_FR\" \/>\n<meta property=\"og:type\" content=\"article\" \/>\n<meta property=\"og:title\" content=\"c\u00e2ble s\u00e9riel Caiman2, rechange pour syst\u00e8mes de paiement Paytec\" \/>\n<meta property=\"og:description\" content=\"Le c\u00e2ble s\u00e9riel Caiman2 CPU pour p\u00e9riph\u00e9rique MDB permet la connexion de p\u00e9riph\u00e9riques MDB \u00e0 l&#039;unit\u00e9 centrale Caiman2. Disponible sur le site paytec.eu\" \/>\n<meta property=\"og:url\" content=\"https:\/\/www.paytec.eu\/fr\/prodotto\/cable-seriel-caiman2\/\" \/>\n<meta property=\"og:site_name\" content=\"Paytec\" \/>\n<meta property=\"article:modified_time\" content=\"2023-10-25T09:33:20+00:00\" \/>\n<meta property=\"og:image\" content=\"https:\/\/www.paytec.eu\/wp-content\/uploads\/2023\/06\/AC200008510_cavo_seriale_mdb_caiman2.png\" \/>\n\t<meta property=\"og:image:width\" content=\"800\" \/>\n\t<meta property=\"og:image:height\" content=\"1101\" \/>\n\t<meta property=\"og:image:type\" content=\"image\/png\" \/>\n<meta name=\"twitter:card\" content=\"summary_large_image\" \/>\n<meta name=\"twitter:label1\" content=\"Dur\u00e9e de lecture estim\u00e9e\" \/>\n\t<meta name=\"twitter:data1\" content=\"1 minute\" \/>\n<script type=\"application\/ld+json\" class=\"yoast-schema-graph\">{\"@context\":\"https:\/\/schema.org\",\"@graph\":[{\"@type\":\"WebPage\",\"@id\":\"https:\/\/www.paytec.eu\/fr\/prodotto\/cable-seriel-caiman2\/\",\"url\":\"https:\/\/www.paytec.eu\/fr\/prodotto\/cable-seriel-caiman2\/\",\"name\":\"c\u00e2ble s\u00e9riel Caiman2, rechange pour syst\u00e8mes de paiement Paytec\",\"isPartOf\":{\"@id\":\"https:\/\/www.paytec.eu\/#website\"},\"datePublished\":\"2023-06-08T09:09:55+00:00\",\"dateModified\":\"2023-10-25T09:33:20+00:00\",\"description\":\"Le c\u00e2ble s\u00e9riel Caiman2 CPU pour p\u00e9riph\u00e9rique MDB permet la connexion de p\u00e9riph\u00e9riques MDB \u00e0 l'unit\u00e9 centrale Caiman2. Disponible sur le site paytec.eu\",\"breadcrumb\":{\"@id\":\"https:\/\/www.paytec.eu\/fr\/prodotto\/cable-seriel-caiman2\/#breadcrumb\"},\"inLanguage\":\"fr-FR\",\"potentialAction\":[{\"@type\":\"ReadAction\",\"target\":[\"https:\/\/www.paytec.eu\/fr\/prodotto\/cable-seriel-caiman2\/\"]}]},{\"@type\":\"BreadcrumbList\",\"@id\":\"https:\/\/www.paytec.eu\/fr\/prodotto\/cable-seriel-caiman2\/#breadcrumb\",\"itemListElement\":[{\"@type\":\"ListItem\",\"position\":1,\"name\":\"Home\",\"item\":\"https:\/\/www.paytec.eu\/fr\/\"},{\"@type\":\"ListItem\",\"position\":2,\"name\":\"Boutique\",\"item\":\"https:\/\/www.paytec.eu\/shop\/\"},{\"@type\":\"ListItem\",\"position\":3,\"name\":\"Accessoires et Pi\u00e8ces de rechange\",\"item\":\"https:\/\/www.paytec.eu\/fr\/categoria-prodotto\/accessoires-et-pieces-de-rechange\/\"},{\"@type\":\"ListItem\",\"position\":4,\"name\":\"C\u00c2BLE S\u00c9RIE CPU CAIMAN2 pour P\u00c9RIPH\u00c9RIQUE MDB\"}]},{\"@type\":\"WebSite\",\"@id\":\"https:\/\/www.paytec.eu\/#website\",\"url\":\"https:\/\/www.paytec.eu\/\",\"name\":\"Paytec\",\"description\":\"Smart Payments for Vending\",\"potentialAction\":[{\"@type\":\"SearchAction\",\"target\":{\"@type\":\"EntryPoint\",\"urlTemplate\":\"https:\/\/www.paytec.eu\/?s={search_term_string}\"},\"query-input\":\"required name=search_term_string\"}],\"inLanguage\":\"fr-FR\"}]}<\/script>\n<!-- \/ Yoast SEO plugin. -->","yoast_head_json":{"title":"c\u00e2ble s\u00e9riel Caiman2, rechange pour syst\u00e8mes de paiement Paytec","description":"Le c\u00e2ble s\u00e9riel Caiman2 CPU pour p\u00e9riph\u00e9rique MDB permet la connexion de p\u00e9riph\u00e9riques MDB \u00e0 l'unit\u00e9 centrale Caiman2. Disponible sur le site paytec.eu","robots":{"index":"index","follow":"follow","max-snippet":"max-snippet:-1","max-image-preview":"max-image-preview:large","max-video-preview":"max-video-preview:-1"},"canonical":"https:\/\/www.paytec.eu\/fr\/prodotto\/cable-seriel-caiman2\/","og_locale":"fr_FR","og_type":"article","og_title":"c\u00e2ble s\u00e9riel Caiman2, rechange pour syst\u00e8mes de paiement Paytec","og_description":"Le c\u00e2ble s\u00e9riel Caiman2 CPU pour p\u00e9riph\u00e9rique MDB permet la connexion de p\u00e9riph\u00e9riques MDB \u00e0 l'unit\u00e9 centrale Caiman2. Disponible sur le site paytec.eu","og_url":"https:\/\/www.paytec.eu\/fr\/prodotto\/cable-seriel-caiman2\/","og_site_name":"Paytec","article_modified_time":"2023-10-25T09:33:20+00:00","og_image":[{"width":800,"height":1101,"url":"https:\/\/www.paytec.eu\/wp-content\/uploads\/2023\/06\/AC200008510_cavo_seriale_mdb_caiman2.png","type":"image\/png"}],"twitter_card":"summary_large_image","twitter_misc":{"Dur\u00e9e de lecture estim\u00e9e":"1 minute"},"schema":{"@context":"https:\/\/schema.org","@graph":[{"@type":"WebPage","@id":"https:\/\/www.paytec.eu\/fr\/prodotto\/cable-seriel-caiman2\/","url":"https:\/\/www.paytec.eu\/fr\/prodotto\/cable-seriel-caiman2\/","name":"c\u00e2ble s\u00e9riel Caiman2, rechange pour syst\u00e8mes de paiement Paytec","isPartOf":{"@id":"https:\/\/www.paytec.eu\/#website"},"datePublished":"2023-06-08T09:09:55+00:00","dateModified":"2023-10-25T09:33:20+00:00","description":"Le c\u00e2ble s\u00e9riel Caiman2 CPU pour p\u00e9riph\u00e9rique MDB permet la connexion de p\u00e9riph\u00e9riques MDB \u00e0 l'unit\u00e9 centrale Caiman2. Disponible sur le site paytec.eu","breadcrumb":{"@id":"https:\/\/www.paytec.eu\/fr\/prodotto\/cable-seriel-caiman2\/#breadcrumb"},"inLanguage":"fr-FR","potentialAction":[{"@type":"ReadAction","target":["https:\/\/www.paytec.eu\/fr\/prodotto\/cable-seriel-caiman2\/"]}]},{"@type":"BreadcrumbList","@id":"https:\/\/www.paytec.eu\/fr\/prodotto\/cable-seriel-caiman2\/#breadcrumb","itemListElement":[{"@type":"ListItem","position":1,"name":"Home","item":"https:\/\/www.paytec.eu\/fr\/"},{"@type":"ListItem","position":2,"name":"Boutique","item":"https:\/\/www.paytec.eu\/shop\/"},{"@type":"ListItem","position":3,"name":"Accessoires et Pi\u00e8ces de rechange","item":"https:\/\/www.paytec.eu\/fr\/categoria-prodotto\/accessoires-et-pieces-de-rechange\/"},{"@type":"ListItem","position":4,"name":"C\u00c2BLE S\u00c9RIE CPU CAIMAN2 pour P\u00c9RIPH\u00c9RIQUE MDB"}]},{"@type":"WebSite","@id":"https:\/\/www.paytec.eu\/#website","url":"https:\/\/www.paytec.eu\/","name":"Paytec","description":"Smart Payments for Vending","potentialAction":[{"@type":"SearchAction","target":{"@type":"EntryPoint","urlTemplate":"https:\/\/www.paytec.eu\/?s={search_term_string}"},"query-input":"required name=search_term_string"}],"inLanguage":"fr-FR"}]}},"_links":{"self":[{"href":"https:\/\/www.paytec.eu\/fr\/wp-json\/wp\/v2\/product\/11124","targetHints":{"allow":["GET"]}}],"collection":[{"href":"https:\/\/www.paytec.eu\/fr\/wp-json\/wp\/v2\/product"}],"about":[{"href":"https:\/\/www.paytec.eu\/fr\/wp-json\/wp\/v2\/types\/product"}],"wp:featuredmedia":[{"embeddable":true,"href":"https:\/\/www.paytec.eu\/fr\/wp-json\/wp\/v2\/media\/11437"}],"wp:attachment":[{"href":"https:\/\/www.paytec.eu\/fr\/wp-json\/wp\/v2\/media?parent=11124"}],"wp:term":[{"taxonomy":"product_cat","embeddable":true,"href":"https:\/\/www.paytec.eu\/fr\/wp-json\/wp\/v2\/product_cat?post=11124"},{"taxonomy":"product_tag","embeddable":true,"href":"https:\/\/www.paytec.eu\/fr\/wp-json\/wp\/v2\/product_tag?post=11124"}],"curies":[{"name":"wp","href":"https:\/\/api.w.org\/{rel}","templated":true}]}}