{"id":11991,"date":"2023-02-24T08:03:09","date_gmt":"2023-10-23T15:50:45","guid":{"rendered":"https:\/\/www.paytec.eu\/prodotto\/cable-serie-mdb-kit-5-pc\/"},"modified":"2023-10-25T08:52:55","modified_gmt":"2023-10-25T08:52:55","slug":"cable-serie-caiman-mdb_kit-5-pcs","status":"publish","type":"product","link":"https:\/\/www.paytec.eu\/fr\/prodotto\/cable-serie-caiman-mdb_kit-5-pcs\/","title":{"rendered":"CABLE SERIE MDB \/ KIT 5 PC"},"content":{"rendered":"","protected":false},"excerpt":{"rendered":"","protected":false},"featured_media":0,"template":"","meta":[],"product_cat":[122],"product_tag":[],"class_list":["post-11991","product","type-product","status-publish","hentry","tipologia-pieces-de-rechange-caiman","product_cat-accessoires-et-pieces-de-rechange"],"acf":[],"yoast_head":"<!-- This site is optimized with the Yoast SEO plugin v21.1 - https:\/\/yoast.com\/wordpress\/plugins\/seo\/ -->\n<title>C\u00e2ble s\u00e9rie Caiman MDB - Paytec<\/title>\n<meta name=\"description\" content=\"Le c\u00e2ble de s\u00e9rie Caiman MDB de Paytec \u00e9tablit une connexion fiable entre les appareils MDB. Achetez-le directement sur notre site.\" \/>\n<meta name=\"robots\" content=\"index, follow, max-snippet:-1, max-image-preview:large, max-video-preview:-1\" \/>\n<link rel=\"canonical\" href=\"https:\/\/www.paytec.eu\/fr\/prodotto\/cable-serie-caiman-mdb_kit-5-pcs\/\" \/>\n<meta property=\"og:locale\" content=\"fr_FR\" \/>\n<meta property=\"og:type\" content=\"article\" \/>\n<meta property=\"og:title\" content=\"C\u00e2ble s\u00e9rie Caiman MDB - Paytec\" \/>\n<meta property=\"og:description\" content=\"Le c\u00e2ble de s\u00e9rie Caiman MDB de Paytec \u00e9tablit une connexion fiable entre les appareils MDB. Achetez-le directement sur notre site.\" \/>\n<meta property=\"og:url\" content=\"https:\/\/www.paytec.eu\/fr\/prodotto\/cable-serie-caiman-mdb_kit-5-pcs\/\" \/>\n<meta property=\"og:site_name\" content=\"Paytec\" \/>\n<meta property=\"article:modified_time\" content=\"2023-10-25T08:52:55+00:00\" \/>\n<meta name=\"twitter:card\" content=\"summary_large_image\" \/>\n<script type=\"application\/ld+json\" class=\"yoast-schema-graph\">{\"@context\":\"https:\/\/schema.org\",\"@graph\":[{\"@type\":\"WebPage\",\"@id\":\"https:\/\/www.paytec.eu\/fr\/prodotto\/cable-serie-caiman-mdb_kit-5-pcs\/\",\"url\":\"https:\/\/www.paytec.eu\/fr\/prodotto\/cable-serie-caiman-mdb_kit-5-pcs\/\",\"name\":\"C\u00e2ble s\u00e9rie Caiman MDB - Paytec\",\"isPartOf\":{\"@id\":\"https:\/\/www.paytec.eu\/#website\"},\"datePublished\":\"2023-10-23T15:50:45+00:00\",\"dateModified\":\"2023-10-25T08:52:55+00:00\",\"description\":\"Le c\u00e2ble de s\u00e9rie Caiman MDB de Paytec \u00e9tablit une connexion fiable entre les appareils MDB. Achetez-le directement sur notre site.\",\"breadcrumb\":{\"@id\":\"https:\/\/www.paytec.eu\/fr\/prodotto\/cable-serie-caiman-mdb_kit-5-pcs\/#breadcrumb\"},\"inLanguage\":\"fr-FR\",\"potentialAction\":[{\"@type\":\"ReadAction\",\"target\":[\"https:\/\/www.paytec.eu\/fr\/prodotto\/cable-serie-caiman-mdb_kit-5-pcs\/\"]}]},{\"@type\":\"BreadcrumbList\",\"@id\":\"https:\/\/www.paytec.eu\/fr\/prodotto\/cable-serie-caiman-mdb_kit-5-pcs\/#breadcrumb\",\"itemListElement\":[{\"@type\":\"ListItem\",\"position\":1,\"name\":\"Home\",\"item\":\"https:\/\/www.paytec.eu\/fr\/\"},{\"@type\":\"ListItem\",\"position\":2,\"name\":\"Boutique\",\"item\":\"https:\/\/www.paytec.eu\/shop\/\"},{\"@type\":\"ListItem\",\"position\":3,\"name\":\"Accessoires et Pi\u00e8ces de rechange\",\"item\":\"https:\/\/www.paytec.eu\/fr\/categoria-prodotto\/accessoires-et-pieces-de-rechange\/\"},{\"@type\":\"ListItem\",\"position\":4,\"name\":\"CABLE SERIE MDB \/ KIT 5 PC\"}]},{\"@type\":\"WebSite\",\"@id\":\"https:\/\/www.paytec.eu\/#website\",\"url\":\"https:\/\/www.paytec.eu\/\",\"name\":\"Paytec\",\"description\":\"Smart Payments for Vending\",\"potentialAction\":[{\"@type\":\"SearchAction\",\"target\":{\"@type\":\"EntryPoint\",\"urlTemplate\":\"https:\/\/www.paytec.eu\/?s={search_term_string}\"},\"query-input\":\"required name=search_term_string\"}],\"inLanguage\":\"fr-FR\"}]}<\/script>\n<!-- \/ Yoast SEO plugin. -->","yoast_head_json":{"title":"C\u00e2ble s\u00e9rie Caiman MDB - Paytec","description":"Le c\u00e2ble de s\u00e9rie Caiman MDB de Paytec \u00e9tablit une connexion fiable entre les appareils MDB. Achetez-le directement sur notre site.","robots":{"index":"index","follow":"follow","max-snippet":"max-snippet:-1","max-image-preview":"max-image-preview:large","max-video-preview":"max-video-preview:-1"},"canonical":"https:\/\/www.paytec.eu\/fr\/prodotto\/cable-serie-caiman-mdb_kit-5-pcs\/","og_locale":"fr_FR","og_type":"article","og_title":"C\u00e2ble s\u00e9rie Caiman MDB - Paytec","og_description":"Le c\u00e2ble de s\u00e9rie Caiman MDB de Paytec \u00e9tablit une connexion fiable entre les appareils MDB. Achetez-le directement sur notre site.","og_url":"https:\/\/www.paytec.eu\/fr\/prodotto\/cable-serie-caiman-mdb_kit-5-pcs\/","og_site_name":"Paytec","article_modified_time":"2023-10-25T08:52:55+00:00","twitter_card":"summary_large_image","schema":{"@context":"https:\/\/schema.org","@graph":[{"@type":"WebPage","@id":"https:\/\/www.paytec.eu\/fr\/prodotto\/cable-serie-caiman-mdb_kit-5-pcs\/","url":"https:\/\/www.paytec.eu\/fr\/prodotto\/cable-serie-caiman-mdb_kit-5-pcs\/","name":"C\u00e2ble s\u00e9rie Caiman MDB - Paytec","isPartOf":{"@id":"https:\/\/www.paytec.eu\/#website"},"datePublished":"2023-10-23T15:50:45+00:00","dateModified":"2023-10-25T08:52:55+00:00","description":"Le c\u00e2ble de s\u00e9rie Caiman MDB de Paytec \u00e9tablit une connexion fiable entre les appareils MDB. Achetez-le directement sur notre site.","breadcrumb":{"@id":"https:\/\/www.paytec.eu\/fr\/prodotto\/cable-serie-caiman-mdb_kit-5-pcs\/#breadcrumb"},"inLanguage":"fr-FR","potentialAction":[{"@type":"ReadAction","target":["https:\/\/www.paytec.eu\/fr\/prodotto\/cable-serie-caiman-mdb_kit-5-pcs\/"]}]},{"@type":"BreadcrumbList","@id":"https:\/\/www.paytec.eu\/fr\/prodotto\/cable-serie-caiman-mdb_kit-5-pcs\/#breadcrumb","itemListElement":[{"@type":"ListItem","position":1,"name":"Home","item":"https:\/\/www.paytec.eu\/fr\/"},{"@type":"ListItem","position":2,"name":"Boutique","item":"https:\/\/www.paytec.eu\/shop\/"},{"@type":"ListItem","position":3,"name":"Accessoires et Pi\u00e8ces de rechange","item":"https:\/\/www.paytec.eu\/fr\/categoria-prodotto\/accessoires-et-pieces-de-rechange\/"},{"@type":"ListItem","position":4,"name":"CABLE SERIE MDB \/ KIT 5 PC"}]},{"@type":"WebSite","@id":"https:\/\/www.paytec.eu\/#website","url":"https:\/\/www.paytec.eu\/","name":"Paytec","description":"Smart Payments for Vending","potentialAction":[{"@type":"SearchAction","target":{"@type":"EntryPoint","urlTemplate":"https:\/\/www.paytec.eu\/?s={search_term_string}"},"query-input":"required name=search_term_string"}],"inLanguage":"fr-FR"}]}},"_links":{"self":[{"href":"https:\/\/www.paytec.eu\/fr\/wp-json\/wp\/v2\/product\/11991","targetHints":{"allow":["GET"]}}],"collection":[{"href":"https:\/\/www.paytec.eu\/fr\/wp-json\/wp\/v2\/product"}],"about":[{"href":"https:\/\/www.paytec.eu\/fr\/wp-json\/wp\/v2\/types\/product"}],"wp:attachment":[{"href":"https:\/\/www.paytec.eu\/fr\/wp-json\/wp\/v2\/media?parent=11991"}],"wp:term":[{"taxonomy":"product_cat","embeddable":true,"href":"https:\/\/www.paytec.eu\/fr\/wp-json\/wp\/v2\/product_cat?post=11991"},{"taxonomy":"product_tag","embeddable":true,"href":"https:\/\/www.paytec.eu\/fr\/wp-json\/wp\/v2\/product_tag?post=11991"}],"curies":[{"name":"wp","href":"https:\/\/api.w.org\/{rel}","templated":true}]}}