{"id":11999,"date":"2022-05-31T15:06:28","date_gmt":"2023-10-23T15:52:15","guid":{"rendered":"https:\/\/www.paytec.eu\/prodotto\/cles-mifare-type-98\/"},"modified":"2025-05-08T08:43:15","modified_gmt":"2025-05-08T08:43:15","slug":"cles-mifare-euro98-type98","status":"publish","type":"product","link":"https:\/\/www.paytec.eu\/fr\/prodotto\/cles-mifare-euro98-type98\/","title":{"rendered":"CL\u00c9S MIFARE\u00ae Type 98"},"content":{"rendered":"<p>Le grand avantage des cl\u00e9s Mifare\u00ae Euro98\/Type98 pour le Vending r\u00e9side dans le fait que le m\u00eame support peut \u00eatre utilis\u00e9 comme <strong>instrument de paiement pour le Vending<\/strong>, pour des applications telles que le contr\u00f4le d&rsquo;acc\u00e8s et la <strong>d\u00e9tection de pr\u00e9sences<\/strong>, ou comme <strong>porte-monnaie \u00e9lectronique<\/strong> pour les cantines et caf\u00e9s g\u00e9r\u00e9s par d&rsquo;autres op\u00e9rateurs.<\/p>\n<p>Gr\u00e2ce au Programmateur de Licences, il est possible d&rsquo;acheter et d&rsquo;\u00e9crire l&rsquo;application d\u00e9velopp\u00e9e par Paytec sur les supports Mifare\u00ae d\u00e9j\u00e0 en possession du client (cartes, pendentifs, tags, etc.).<\/p>\n<p>Cette <strong>flexibilit\u00e9<\/strong> permet aux gestionnaires de s&rsquo;int\u00e9grer rapidement et pratiquement dans des contextes existants.<\/p>\n<p>Les cl\u00e9s Mifare\u00ae Euro98\/Type98 de Paytec se distinguent des cl\u00e9s PIT par la tige de couleur gris clair, tandis que la poign\u00e9e est disponible dans les m\u00eames couleurs : rouge, vert, jaune, bleu, noir, transparent, orange.<\/p>\n<p>Les cl\u00e9s Mifare\u00ae portent le suffixe \u00ab M \u00bb et un num\u00e9ro de s\u00e9rie grav\u00e9 au laser sur la tige afin de pouvoir les distinguer de mani\u00e8re unique. Sur demande, il est possible de <strong>personnaliser l&rsquo;\u00e9tiquette adh\u00e9sive avec le logo de la direction ou du client final<\/strong>, apportant ainsi des \u00e9l\u00e9ments de fid\u00e9lisation suppl\u00e9mentaires.<\/p>\n<p>La programmation peut \u00eatre effectu\u00e9e avec le programmateur Caiman Mifare\u00ae.<\/p>\n","protected":false},"excerpt":{"rendered":"<p>Tous les avantages de la multi-application de la plateforme Mifare\u00ae, int\u00e9gr\u00e9e et adapt\u00e9e par Paytec selon les besoins sp\u00e9cifiques du Vending.<\/p>\n","protected":false},"featured_media":12359,"template":"","meta":[],"product_cat":[405],"product_tag":[],"class_list":["post-11999","product","type-product","status-publish","has-post-thumbnail","hentry","tipologia-cles-mifare-fr","pagamento-chiave-fr","product_cat-chiavi-carte-fr"],"acf":[],"yoast_head":"<!-- This site is optimized with the Yoast SEO plugin v21.1 - https:\/\/yoast.com\/wordpress\/plugins\/seo\/ -->\n<title>Cl\u00e9s Mifare Euro98\/Type98 - Paytec<\/title>\n<meta name=\"description\" content=\"Les cl\u00e9s Paytec Mifare Euro98\/Type98 offrent tous les avantages de la plateforme Mifare\u00ae, int\u00e9gr\u00e9s et adapt\u00e9s aux besoins sp\u00e9cifiques du Vending.\" \/>\n<meta name=\"robots\" content=\"index, follow, max-snippet:-1, max-image-preview:large, max-video-preview:-1\" \/>\n<link rel=\"canonical\" href=\"https:\/\/www.paytec.eu\/fr\/prodotto\/cles-mifare-euro98-type98\/\" \/>\n<meta property=\"og:locale\" content=\"fr_FR\" \/>\n<meta property=\"og:type\" content=\"article\" \/>\n<meta property=\"og:title\" content=\"Cl\u00e9s Mifare Euro98\/Type98 - Paytec\" \/>\n<meta property=\"og:description\" content=\"Les cl\u00e9s Paytec Mifare Euro98\/Type98 offrent tous les avantages de la plateforme Mifare\u00ae, int\u00e9gr\u00e9s et adapt\u00e9s aux besoins sp\u00e9cifiques du Vending.\" \/>\n<meta property=\"og:url\" content=\"https:\/\/www.paytec.eu\/fr\/prodotto\/cles-mifare-euro98-type98\/\" \/>\n<meta property=\"og:site_name\" content=\"Paytec\" \/>\n<meta property=\"article:modified_time\" content=\"2025-05-08T08:43:15+00:00\" \/>\n<meta property=\"og:image\" content=\"https:\/\/www.paytec.eu\/wp-content\/uploads\/2022\/05\/Mifare_chiave-98.png\" \/>\n\t<meta property=\"og:image:width\" content=\"744\" \/>\n\t<meta property=\"og:image:height\" content=\"800\" \/>\n\t<meta property=\"og:image:type\" content=\"image\/png\" \/>\n<meta name=\"twitter:card\" content=\"summary_large_image\" \/>\n<meta name=\"twitter:label1\" content=\"Dur\u00e9e de lecture estim\u00e9e\" \/>\n\t<meta name=\"twitter:data1\" content=\"2 minutes\" \/>\n<script type=\"application\/ld+json\" class=\"yoast-schema-graph\">{\"@context\":\"https:\/\/schema.org\",\"@graph\":[{\"@type\":\"WebPage\",\"@id\":\"https:\/\/www.paytec.eu\/fr\/prodotto\/cles-mifare-euro98-type98\/\",\"url\":\"https:\/\/www.paytec.eu\/fr\/prodotto\/cles-mifare-euro98-type98\/\",\"name\":\"Cl\u00e9s Mifare Euro98\/Type98 - Paytec\",\"isPartOf\":{\"@id\":\"https:\/\/www.paytec.eu\/#website\"},\"datePublished\":\"2023-10-23T15:52:15+00:00\",\"dateModified\":\"2025-05-08T08:43:15+00:00\",\"description\":\"Les cl\u00e9s Paytec Mifare Euro98\/Type98 offrent tous les avantages de la plateforme Mifare\u00ae, int\u00e9gr\u00e9s et adapt\u00e9s aux besoins sp\u00e9cifiques du Vending.\",\"breadcrumb\":{\"@id\":\"https:\/\/www.paytec.eu\/fr\/prodotto\/cles-mifare-euro98-type98\/#breadcrumb\"},\"inLanguage\":\"fr-FR\",\"potentialAction\":[{\"@type\":\"ReadAction\",\"target\":[\"https:\/\/www.paytec.eu\/fr\/prodotto\/cles-mifare-euro98-type98\/\"]}]},{\"@type\":\"BreadcrumbList\",\"@id\":\"https:\/\/www.paytec.eu\/fr\/prodotto\/cles-mifare-euro98-type98\/#breadcrumb\",\"itemListElement\":[{\"@type\":\"ListItem\",\"position\":1,\"name\":\"Home\",\"item\":\"https:\/\/www.paytec.eu\/fr\/\"},{\"@type\":\"ListItem\",\"position\":2,\"name\":\"Boutique\",\"item\":\"https:\/\/www.paytec.eu\/shop\/\"},{\"@type\":\"ListItem\",\"position\":3,\"name\":\"Cl\u00e9s \/ Cartes\",\"item\":\"https:\/\/www.paytec.eu\/fr\/categoria-prodotto\/chiavi-carte-fr\/\"},{\"@type\":\"ListItem\",\"position\":4,\"name\":\"CL\u00c9S MIFARE\u00ae Type 98\"}]},{\"@type\":\"WebSite\",\"@id\":\"https:\/\/www.paytec.eu\/#website\",\"url\":\"https:\/\/www.paytec.eu\/\",\"name\":\"Paytec\",\"description\":\"Smart Payments for Vending\",\"potentialAction\":[{\"@type\":\"SearchAction\",\"target\":{\"@type\":\"EntryPoint\",\"urlTemplate\":\"https:\/\/www.paytec.eu\/?s={search_term_string}\"},\"query-input\":\"required name=search_term_string\"}],\"inLanguage\":\"fr-FR\"}]}<\/script>\n<!-- \/ Yoast SEO plugin. -->","yoast_head_json":{"title":"Cl\u00e9s Mifare Euro98\/Type98 - Paytec","description":"Les cl\u00e9s Paytec Mifare Euro98\/Type98 offrent tous les avantages de la plateforme Mifare\u00ae, int\u00e9gr\u00e9s et adapt\u00e9s aux besoins sp\u00e9cifiques du Vending.","robots":{"index":"index","follow":"follow","max-snippet":"max-snippet:-1","max-image-preview":"max-image-preview:large","max-video-preview":"max-video-preview:-1"},"canonical":"https:\/\/www.paytec.eu\/fr\/prodotto\/cles-mifare-euro98-type98\/","og_locale":"fr_FR","og_type":"article","og_title":"Cl\u00e9s Mifare Euro98\/Type98 - Paytec","og_description":"Les cl\u00e9s Paytec Mifare Euro98\/Type98 offrent tous les avantages de la plateforme Mifare\u00ae, int\u00e9gr\u00e9s et adapt\u00e9s aux besoins sp\u00e9cifiques du Vending.","og_url":"https:\/\/www.paytec.eu\/fr\/prodotto\/cles-mifare-euro98-type98\/","og_site_name":"Paytec","article_modified_time":"2025-05-08T08:43:15+00:00","og_image":[{"width":744,"height":800,"url":"https:\/\/www.paytec.eu\/wp-content\/uploads\/2022\/05\/Mifare_chiave-98.png","type":"image\/png"}],"twitter_card":"summary_large_image","twitter_misc":{"Dur\u00e9e de lecture estim\u00e9e":"2 minutes"},"schema":{"@context":"https:\/\/schema.org","@graph":[{"@type":"WebPage","@id":"https:\/\/www.paytec.eu\/fr\/prodotto\/cles-mifare-euro98-type98\/","url":"https:\/\/www.paytec.eu\/fr\/prodotto\/cles-mifare-euro98-type98\/","name":"Cl\u00e9s Mifare Euro98\/Type98 - Paytec","isPartOf":{"@id":"https:\/\/www.paytec.eu\/#website"},"datePublished":"2023-10-23T15:52:15+00:00","dateModified":"2025-05-08T08:43:15+00:00","description":"Les cl\u00e9s Paytec Mifare Euro98\/Type98 offrent tous les avantages de la plateforme Mifare\u00ae, int\u00e9gr\u00e9s et adapt\u00e9s aux besoins sp\u00e9cifiques du Vending.","breadcrumb":{"@id":"https:\/\/www.paytec.eu\/fr\/prodotto\/cles-mifare-euro98-type98\/#breadcrumb"},"inLanguage":"fr-FR","potentialAction":[{"@type":"ReadAction","target":["https:\/\/www.paytec.eu\/fr\/prodotto\/cles-mifare-euro98-type98\/"]}]},{"@type":"BreadcrumbList","@id":"https:\/\/www.paytec.eu\/fr\/prodotto\/cles-mifare-euro98-type98\/#breadcrumb","itemListElement":[{"@type":"ListItem","position":1,"name":"Home","item":"https:\/\/www.paytec.eu\/fr\/"},{"@type":"ListItem","position":2,"name":"Boutique","item":"https:\/\/www.paytec.eu\/shop\/"},{"@type":"ListItem","position":3,"name":"Cl\u00e9s \/ Cartes","item":"https:\/\/www.paytec.eu\/fr\/categoria-prodotto\/chiavi-carte-fr\/"},{"@type":"ListItem","position":4,"name":"CL\u00c9S MIFARE\u00ae Type 98"}]},{"@type":"WebSite","@id":"https:\/\/www.paytec.eu\/#website","url":"https:\/\/www.paytec.eu\/","name":"Paytec","description":"Smart Payments for Vending","potentialAction":[{"@type":"SearchAction","target":{"@type":"EntryPoint","urlTemplate":"https:\/\/www.paytec.eu\/?s={search_term_string}"},"query-input":"required name=search_term_string"}],"inLanguage":"fr-FR"}]}},"_links":{"self":[{"href":"https:\/\/www.paytec.eu\/fr\/wp-json\/wp\/v2\/product\/11999","targetHints":{"allow":["GET"]}}],"collection":[{"href":"https:\/\/www.paytec.eu\/fr\/wp-json\/wp\/v2\/product"}],"about":[{"href":"https:\/\/www.paytec.eu\/fr\/wp-json\/wp\/v2\/types\/product"}],"wp:featuredmedia":[{"embeddable":true,"href":"https:\/\/www.paytec.eu\/fr\/wp-json\/wp\/v2\/media\/12359"}],"wp:attachment":[{"href":"https:\/\/www.paytec.eu\/fr\/wp-json\/wp\/v2\/media?parent=11999"}],"wp:term":[{"taxonomy":"product_cat","embeddable":true,"href":"https:\/\/www.paytec.eu\/fr\/wp-json\/wp\/v2\/product_cat?post=11999"},{"taxonomy":"product_tag","embeddable":true,"href":"https:\/\/www.paytec.eu\/fr\/wp-json\/wp\/v2\/product_tag?post=11999"}],"curies":[{"name":"wp","href":"https:\/\/api.w.org\/{rel}","templated":true}]}}