{"id":13060,"date":"2021-12-23T16:14:00","date_gmt":"2021-12-23T16:14:00","guid":{"rendered":"https:\/\/www.paytec.eu\/prodotto\/maitre-avec-monnayeur\/"},"modified":"2025-05-05T14:06:58","modified_gmt":"2025-05-05T14:06:58","slug":"maitre-avec-monnayeur","status":"publish","type":"product","link":"https:\/\/www.paytec.eu\/fr\/prodotto\/maitre-avec-monnayeur\/","title":{"rendered":"FOUR PREMIUM PIT"},"content":{"rendered":"<p>FOUR Premium &#8211; compos\u00e9 d\u2019un ma\u00eetre avec monnayeur MDB \u00e0 4 tubes et un lecteur de cl\u00e9s PIT &#8211; simplifie le travail du gestionnaire par une approche efficace et polyvalente.<\/p>\n<p><strong>Le syst\u00e8me est contr\u00f4l\u00e9 et g\u00e9r\u00e9 par l\u2019unit\u00e9 ma\u00eetre Caiman<\/strong> qui, outre \u00e0 g\u00e9rer directement la partie cashless \u00e0 travers le lecteur Caiman, contr\u00f4le \u00e9galement le monnayeur FOUR-MDB-only. De cette mani\u00e8re, <strong>les donn\u00e9es d\u2019audit et de configuration sont stock\u00e9es et disponibles dans le Caiman et non pas dans le monnayeur<\/strong>.<\/p>\n<p>L&rsquo;unit\u00e9 Caiman peut \u00e9galement contr\u00f4ler d&rsquo;autres p\u00e9riph\u00e9riques MDB (ex : lecteur de billets, lecteur de carte bancaire ou application de paiement) pour obtenir un syst\u00e8me de paiement encore plus complet. Caiman permet de lire\/\u00e9crire les cl\u00e9s Paytec PIT en toute s\u00e9curit\u00e9 et rapidement.<\/p>\n<p>Le syst\u00e8me <strong>FOUR Premium PIT<\/strong> est une solution extr\u00eamement simple, fiable et surtout pratique pour la gestion des pi\u00e8ces.<\/p>\n","protected":false},"excerpt":{"rendered":"<p>Le ma\u00eetre avec monnayeur MDB FOUR PREMIUM de Paytec contr\u00f4le \u00e0 la fois la partie cashless et le monnayeur FOUR MDB-only et permet la lecture\/\u00e9criture des cl\u00e9s Paytec PIT.<\/p>\n","protected":false},"featured_media":5985,"template":"","meta":[],"product_cat":[128],"product_tag":[],"class_list":["post-13060","product","type-product","status-publish","has-post-thumbnail","hentry","protocollo-exe-fr","protocollo-mdb-fr","tipologia-lecteur-cle-fr","tipologia-master-fr","tipologia-monnayeur-fr","pagamento-chiave-fr","pagamento-moneta-fr","product_cat-cash-fr"],"acf":[],"yoast_head":"<!-- This site is optimized with the Yoast SEO plugin v21.1 - https:\/\/yoast.com\/wordpress\/plugins\/seo\/ -->\n<title>Ma\u00eetre avec monnayeur MDB FOUR PREMIUM PIT de Paytec<\/title>\n<meta name=\"description\" content=\"Le ma\u00eetre avec monnayeur MDB FOUR PREMIUM de Paytec contr\u00f4le \u00e0 la fois la partie cashless et le monnayeur FOUR MDB-only et permet la lecture\/\u00e9criture des cl\u00e9s Paytec PIT.\" \/>\n<meta name=\"robots\" content=\"index, follow, max-snippet:-1, max-image-preview:large, max-video-preview:-1\" \/>\n<link rel=\"canonical\" href=\"https:\/\/www.paytec.eu\/fr\/prodotto\/maitre-avec-monnayeur\/\" \/>\n<meta property=\"og:locale\" content=\"fr_FR\" \/>\n<meta property=\"og:type\" content=\"article\" \/>\n<meta property=\"og:title\" content=\"Ma\u00eetre avec monnayeur MDB FOUR PREMIUM PIT de Paytec\" \/>\n<meta property=\"og:description\" content=\"Le ma\u00eetre avec monnayeur MDB FOUR PREMIUM de Paytec contr\u00f4le \u00e0 la fois la partie cashless et le monnayeur FOUR MDB-only et permet la lecture\/\u00e9criture des cl\u00e9s Paytec PIT.\" \/>\n<meta property=\"og:url\" content=\"https:\/\/www.paytec.eu\/fr\/prodotto\/maitre-avec-monnayeur\/\" \/>\n<meta property=\"og:site_name\" content=\"Paytec\" \/>\n<meta property=\"article:modified_time\" content=\"2025-05-05T14:06:58+00:00\" \/>\n<meta property=\"og:image\" content=\"https:\/\/www.paytec.eu\/wp-content\/uploads\/2021\/12\/Four-Premium-PIT.png\" \/>\n\t<meta property=\"og:image:width\" content=\"580\" \/>\n\t<meta property=\"og:image:height\" content=\"580\" \/>\n\t<meta property=\"og:image:type\" content=\"image\/png\" \/>\n<meta name=\"twitter:card\" content=\"summary_large_image\" \/>\n<meta name=\"twitter:label1\" content=\"Dur\u00e9e de lecture estim\u00e9e\" \/>\n\t<meta name=\"twitter:data1\" content=\"1 minute\" \/>\n<script type=\"application\/ld+json\" class=\"yoast-schema-graph\">{\"@context\":\"https:\/\/schema.org\",\"@graph\":[{\"@type\":\"WebPage\",\"@id\":\"https:\/\/www.paytec.eu\/fr\/prodotto\/maitre-avec-monnayeur\/\",\"url\":\"https:\/\/www.paytec.eu\/fr\/prodotto\/maitre-avec-monnayeur\/\",\"name\":\"Ma\u00eetre avec monnayeur MDB FOUR PREMIUM PIT de Paytec\",\"isPartOf\":{\"@id\":\"https:\/\/www.paytec.eu\/#website\"},\"datePublished\":\"2021-12-23T16:14:00+00:00\",\"dateModified\":\"2025-05-05T14:06:58+00:00\",\"description\":\"Le ma\u00eetre avec monnayeur MDB FOUR PREMIUM de Paytec contr\u00f4le \u00e0 la fois la partie cashless et le monnayeur FOUR MDB-only et permet la lecture\/\u00e9criture des cl\u00e9s Paytec PIT.\",\"breadcrumb\":{\"@id\":\"https:\/\/www.paytec.eu\/fr\/prodotto\/maitre-avec-monnayeur\/#breadcrumb\"},\"inLanguage\":\"fr-FR\",\"potentialAction\":[{\"@type\":\"ReadAction\",\"target\":[\"https:\/\/www.paytec.eu\/fr\/prodotto\/maitre-avec-monnayeur\/\"]}]},{\"@type\":\"BreadcrumbList\",\"@id\":\"https:\/\/www.paytec.eu\/fr\/prodotto\/maitre-avec-monnayeur\/#breadcrumb\",\"itemListElement\":[{\"@type\":\"ListItem\",\"position\":1,\"name\":\"Home\",\"item\":\"https:\/\/www.paytec.eu\/fr\/\"},{\"@type\":\"ListItem\",\"position\":2,\"name\":\"Boutique\",\"item\":\"https:\/\/www.paytec.eu\/shop\/\"},{\"@type\":\"ListItem\",\"position\":3,\"name\":\"Cash\",\"item\":\"https:\/\/www.paytec.eu\/categoria-prodotto\/cash\/\"},{\"@type\":\"ListItem\",\"position\":4,\"name\":\"FOUR PREMIUM PIT\"}]},{\"@type\":\"WebSite\",\"@id\":\"https:\/\/www.paytec.eu\/#website\",\"url\":\"https:\/\/www.paytec.eu\/\",\"name\":\"Paytec\",\"description\":\"Smart Payments for Vending\",\"potentialAction\":[{\"@type\":\"SearchAction\",\"target\":{\"@type\":\"EntryPoint\",\"urlTemplate\":\"https:\/\/www.paytec.eu\/?s={search_term_string}\"},\"query-input\":\"required name=search_term_string\"}],\"inLanguage\":\"fr-FR\"}]}<\/script>\n<!-- \/ Yoast SEO plugin. -->","yoast_head_json":{"title":"Ma\u00eetre avec monnayeur MDB FOUR PREMIUM PIT de Paytec","description":"Le ma\u00eetre avec monnayeur MDB FOUR PREMIUM de Paytec contr\u00f4le \u00e0 la fois la partie cashless et le monnayeur FOUR MDB-only et permet la lecture\/\u00e9criture des cl\u00e9s Paytec PIT.","robots":{"index":"index","follow":"follow","max-snippet":"max-snippet:-1","max-image-preview":"max-image-preview:large","max-video-preview":"max-video-preview:-1"},"canonical":"https:\/\/www.paytec.eu\/fr\/prodotto\/maitre-avec-monnayeur\/","og_locale":"fr_FR","og_type":"article","og_title":"Ma\u00eetre avec monnayeur MDB FOUR PREMIUM PIT de Paytec","og_description":"Le ma\u00eetre avec monnayeur MDB FOUR PREMIUM de Paytec contr\u00f4le \u00e0 la fois la partie cashless et le monnayeur FOUR MDB-only et permet la lecture\/\u00e9criture des cl\u00e9s Paytec PIT.","og_url":"https:\/\/www.paytec.eu\/fr\/prodotto\/maitre-avec-monnayeur\/","og_site_name":"Paytec","article_modified_time":"2025-05-05T14:06:58+00:00","og_image":[{"width":580,"height":580,"url":"https:\/\/www.paytec.eu\/wp-content\/uploads\/2021\/12\/Four-Premium-PIT.png","type":"image\/png"}],"twitter_card":"summary_large_image","twitter_misc":{"Dur\u00e9e de lecture estim\u00e9e":"1 minute"},"schema":{"@context":"https:\/\/schema.org","@graph":[{"@type":"WebPage","@id":"https:\/\/www.paytec.eu\/fr\/prodotto\/maitre-avec-monnayeur\/","url":"https:\/\/www.paytec.eu\/fr\/prodotto\/maitre-avec-monnayeur\/","name":"Ma\u00eetre avec monnayeur MDB FOUR PREMIUM PIT de Paytec","isPartOf":{"@id":"https:\/\/www.paytec.eu\/#website"},"datePublished":"2021-12-23T16:14:00+00:00","dateModified":"2025-05-05T14:06:58+00:00","description":"Le ma\u00eetre avec monnayeur MDB FOUR PREMIUM de Paytec contr\u00f4le \u00e0 la fois la partie cashless et le monnayeur FOUR MDB-only et permet la lecture\/\u00e9criture des cl\u00e9s Paytec PIT.","breadcrumb":{"@id":"https:\/\/www.paytec.eu\/fr\/prodotto\/maitre-avec-monnayeur\/#breadcrumb"},"inLanguage":"fr-FR","potentialAction":[{"@type":"ReadAction","target":["https:\/\/www.paytec.eu\/fr\/prodotto\/maitre-avec-monnayeur\/"]}]},{"@type":"BreadcrumbList","@id":"https:\/\/www.paytec.eu\/fr\/prodotto\/maitre-avec-monnayeur\/#breadcrumb","itemListElement":[{"@type":"ListItem","position":1,"name":"Home","item":"https:\/\/www.paytec.eu\/fr\/"},{"@type":"ListItem","position":2,"name":"Boutique","item":"https:\/\/www.paytec.eu\/shop\/"},{"@type":"ListItem","position":3,"name":"Cash","item":"https:\/\/www.paytec.eu\/categoria-prodotto\/cash\/"},{"@type":"ListItem","position":4,"name":"FOUR PREMIUM PIT"}]},{"@type":"WebSite","@id":"https:\/\/www.paytec.eu\/#website","url":"https:\/\/www.paytec.eu\/","name":"Paytec","description":"Smart Payments for Vending","potentialAction":[{"@type":"SearchAction","target":{"@type":"EntryPoint","urlTemplate":"https:\/\/www.paytec.eu\/?s={search_term_string}"},"query-input":"required name=search_term_string"}],"inLanguage":"fr-FR"}]}},"_links":{"self":[{"href":"https:\/\/www.paytec.eu\/fr\/wp-json\/wp\/v2\/product\/13060","targetHints":{"allow":["GET"]}}],"collection":[{"href":"https:\/\/www.paytec.eu\/fr\/wp-json\/wp\/v2\/product"}],"about":[{"href":"https:\/\/www.paytec.eu\/fr\/wp-json\/wp\/v2\/types\/product"}],"wp:featuredmedia":[{"embeddable":true,"href":"https:\/\/www.paytec.eu\/fr\/wp-json\/wp\/v2\/media\/5985"}],"wp:attachment":[{"href":"https:\/\/www.paytec.eu\/fr\/wp-json\/wp\/v2\/media?parent=13060"}],"wp:term":[{"taxonomy":"product_cat","embeddable":true,"href":"https:\/\/www.paytec.eu\/fr\/wp-json\/wp\/v2\/product_cat?post=13060"},{"taxonomy":"product_tag","embeddable":true,"href":"https:\/\/www.paytec.eu\/fr\/wp-json\/wp\/v2\/product_tag?post=13060"}],"curies":[{"name":"wp","href":"https:\/\/api.w.org\/{rel}","templated":true}]}}