{"id":13349,"date":"2021-12-21T13:56:08","date_gmt":"2021-12-21T13:56:08","guid":{"rendered":"https:\/\/www.paytec.eu\/prodotto\/monnayeur-mdb-4-tubes-four-exe-mdb\/"},"modified":"2025-05-05T14:18:55","modified_gmt":"2025-05-05T14:18:55","slug":"monnayeur-mdb-4-tubes-four-exe-mdb","status":"publish","type":"product","link":"https:\/\/www.paytec.eu\/fr\/prodotto\/monnayeur-mdb-4-tubes-four-exe-mdb\/","title":{"rendered":"FOUR EXE-MDB"},"content":{"rendered":"<p>Le monnayeur MDB \u00e0 4 tubes FOUR offre une solution compl\u00e8te, fiable et pratique, id\u00e9ale pour les emplacements n\u00e9cessitant moins de vari\u00e9t\u00e9 de rendu monnaie. Le produit est fiable et robuste, et permet une optimisation pertinente en termes de co\u00fbts, d\u2019investissements et de fonds de roulement.<\/p>\n<p>Il est \u00e9galement possible de connecter directement un lecteur de billets ou d&rsquo;autres p\u00e9riph\u00e9riques MDB, comme des syst\u00e8mes cashless, un lecteur de carte de cr\u00e9dit ou des applications de paiement. <strong>En ajoutant un lecteur de cl\u00e9s Caiman (PIT ou Mifare\u00ae), le monnayeur<\/strong> <strong>FOUR devient un syst\u00e8me cashless \u00e0 part enti\u00e8re.<\/strong><\/p>\n<p>L\u2019<strong>afficheur standard<\/strong> sur le monnayeur facilite les t\u00e2ches de diagnostic.<\/p>\n","protected":false},"excerpt":{"rendered":"<p>Le monnayeur FOUR repr\u00e9sente l\u2019\u00e9quilibre id\u00e9al entre performance et \u00e9conomicit\u00e9, tout en assurant toujours la polyvalence et la flexibilit\u00e9 dans le temps.<\/p>\n","protected":false},"featured_media":5507,"template":"","meta":[],"product_cat":[128],"product_tag":[],"class_list":["post-13349","product","type-product","status-publish","has-post-thumbnail","hentry","protocollo-exe-fr","protocollo-mdb-fr","tipologia-master-fr","tipologia-monnayeur-fr","pagamento-moneta-fr","product_cat-cash-fr"],"acf":[],"yoast_head":"<!-- This site is optimized with the Yoast SEO plugin v21.1 - https:\/\/yoast.com\/wordpress\/plugins\/seo\/ -->\n<title>Monnayeur MDB \u00e0 4 tubes FOUR EXE MDB di Paytec<\/title>\n<meta name=\"description\" content=\"Le monnayeur MDB \u00e0 4 tubes FOUR de Paytec est le monnayeur id\u00e9al pour les installations o\u00f9 une plus petite vari\u00e9t\u00e9 de monnaie est requise.\" \/>\n<meta name=\"robots\" content=\"index, follow, max-snippet:-1, max-image-preview:large, max-video-preview:-1\" \/>\n<link rel=\"canonical\" href=\"https:\/\/www.paytec.eu\/fr\/prodotto\/monnayeur-mdb-4-tubes-four-exe-mdb\/\" \/>\n<meta property=\"og:locale\" content=\"fr_FR\" \/>\n<meta property=\"og:type\" content=\"article\" \/>\n<meta property=\"og:title\" content=\"Monnayeur MDB \u00e0 4 tubes FOUR EXE MDB di Paytec\" \/>\n<meta property=\"og:description\" content=\"Le monnayeur MDB \u00e0 4 tubes FOUR de Paytec est le monnayeur id\u00e9al pour les installations o\u00f9 une plus petite vari\u00e9t\u00e9 de monnaie est requise.\" \/>\n<meta property=\"og:url\" content=\"https:\/\/www.paytec.eu\/fr\/prodotto\/monnayeur-mdb-4-tubes-four-exe-mdb\/\" \/>\n<meta property=\"og:site_name\" content=\"Paytec\" \/>\n<meta property=\"article:modified_time\" content=\"2025-05-05T14:18:55+00:00\" \/>\n<meta property=\"og:image\" content=\"https:\/\/www.paytec.eu\/wp-content\/uploads\/2021\/12\/four-exe-mdb-eur-10-5-20-50.png\" \/>\n\t<meta property=\"og:image:width\" content=\"744\" \/>\n\t<meta property=\"og:image:height\" content=\"800\" \/>\n\t<meta property=\"og:image:type\" content=\"image\/png\" \/>\n<meta name=\"twitter:card\" content=\"summary_large_image\" \/>\n<meta name=\"twitter:label1\" content=\"Dur\u00e9e de lecture estim\u00e9e\" \/>\n\t<meta name=\"twitter:data1\" content=\"1 minute\" \/>\n<script type=\"application\/ld+json\" class=\"yoast-schema-graph\">{\"@context\":\"https:\/\/schema.org\",\"@graph\":[{\"@type\":\"WebPage\",\"@id\":\"https:\/\/www.paytec.eu\/fr\/prodotto\/monnayeur-mdb-4-tubes-four-exe-mdb\/\",\"url\":\"https:\/\/www.paytec.eu\/fr\/prodotto\/monnayeur-mdb-4-tubes-four-exe-mdb\/\",\"name\":\"Monnayeur MDB \u00e0 4 tubes FOUR EXE MDB di Paytec\",\"isPartOf\":{\"@id\":\"https:\/\/www.paytec.eu\/#website\"},\"datePublished\":\"2021-12-21T13:56:08+00:00\",\"dateModified\":\"2025-05-05T14:18:55+00:00\",\"description\":\"Le monnayeur MDB \u00e0 4 tubes FOUR de Paytec est le monnayeur id\u00e9al pour les installations o\u00f9 une plus petite vari\u00e9t\u00e9 de monnaie est requise.\",\"breadcrumb\":{\"@id\":\"https:\/\/www.paytec.eu\/fr\/prodotto\/monnayeur-mdb-4-tubes-four-exe-mdb\/#breadcrumb\"},\"inLanguage\":\"fr-FR\",\"potentialAction\":[{\"@type\":\"ReadAction\",\"target\":[\"https:\/\/www.paytec.eu\/fr\/prodotto\/monnayeur-mdb-4-tubes-four-exe-mdb\/\"]}]},{\"@type\":\"BreadcrumbList\",\"@id\":\"https:\/\/www.paytec.eu\/fr\/prodotto\/monnayeur-mdb-4-tubes-four-exe-mdb\/#breadcrumb\",\"itemListElement\":[{\"@type\":\"ListItem\",\"position\":1,\"name\":\"Home\",\"item\":\"https:\/\/www.paytec.eu\/fr\/\"},{\"@type\":\"ListItem\",\"position\":2,\"name\":\"Boutique\",\"item\":\"https:\/\/www.paytec.eu\/shop\/\"},{\"@type\":\"ListItem\",\"position\":3,\"name\":\"Cash\",\"item\":\"https:\/\/www.paytec.eu\/categoria-prodotto\/cash\/\"},{\"@type\":\"ListItem\",\"position\":4,\"name\":\"FOUR EXE-MDB\"}]},{\"@type\":\"WebSite\",\"@id\":\"https:\/\/www.paytec.eu\/#website\",\"url\":\"https:\/\/www.paytec.eu\/\",\"name\":\"Paytec\",\"description\":\"Smart Payments for Vending\",\"potentialAction\":[{\"@type\":\"SearchAction\",\"target\":{\"@type\":\"EntryPoint\",\"urlTemplate\":\"https:\/\/www.paytec.eu\/?s={search_term_string}\"},\"query-input\":\"required name=search_term_string\"}],\"inLanguage\":\"fr-FR\"}]}<\/script>\n<!-- \/ Yoast SEO plugin. -->","yoast_head_json":{"title":"Monnayeur MDB \u00e0 4 tubes FOUR EXE MDB di Paytec","description":"Le monnayeur MDB \u00e0 4 tubes FOUR de Paytec est le monnayeur id\u00e9al pour les installations o\u00f9 une plus petite vari\u00e9t\u00e9 de monnaie est requise.","robots":{"index":"index","follow":"follow","max-snippet":"max-snippet:-1","max-image-preview":"max-image-preview:large","max-video-preview":"max-video-preview:-1"},"canonical":"https:\/\/www.paytec.eu\/fr\/prodotto\/monnayeur-mdb-4-tubes-four-exe-mdb\/","og_locale":"fr_FR","og_type":"article","og_title":"Monnayeur MDB \u00e0 4 tubes FOUR EXE MDB di Paytec","og_description":"Le monnayeur MDB \u00e0 4 tubes FOUR de Paytec est le monnayeur id\u00e9al pour les installations o\u00f9 une plus petite vari\u00e9t\u00e9 de monnaie est requise.","og_url":"https:\/\/www.paytec.eu\/fr\/prodotto\/monnayeur-mdb-4-tubes-four-exe-mdb\/","og_site_name":"Paytec","article_modified_time":"2025-05-05T14:18:55+00:00","og_image":[{"width":744,"height":800,"url":"https:\/\/www.paytec.eu\/wp-content\/uploads\/2021\/12\/four-exe-mdb-eur-10-5-20-50.png","type":"image\/png"}],"twitter_card":"summary_large_image","twitter_misc":{"Dur\u00e9e de lecture estim\u00e9e":"1 minute"},"schema":{"@context":"https:\/\/schema.org","@graph":[{"@type":"WebPage","@id":"https:\/\/www.paytec.eu\/fr\/prodotto\/monnayeur-mdb-4-tubes-four-exe-mdb\/","url":"https:\/\/www.paytec.eu\/fr\/prodotto\/monnayeur-mdb-4-tubes-four-exe-mdb\/","name":"Monnayeur MDB \u00e0 4 tubes FOUR EXE MDB di Paytec","isPartOf":{"@id":"https:\/\/www.paytec.eu\/#website"},"datePublished":"2021-12-21T13:56:08+00:00","dateModified":"2025-05-05T14:18:55+00:00","description":"Le monnayeur MDB \u00e0 4 tubes FOUR de Paytec est le monnayeur id\u00e9al pour les installations o\u00f9 une plus petite vari\u00e9t\u00e9 de monnaie est requise.","breadcrumb":{"@id":"https:\/\/www.paytec.eu\/fr\/prodotto\/monnayeur-mdb-4-tubes-four-exe-mdb\/#breadcrumb"},"inLanguage":"fr-FR","potentialAction":[{"@type":"ReadAction","target":["https:\/\/www.paytec.eu\/fr\/prodotto\/monnayeur-mdb-4-tubes-four-exe-mdb\/"]}]},{"@type":"BreadcrumbList","@id":"https:\/\/www.paytec.eu\/fr\/prodotto\/monnayeur-mdb-4-tubes-four-exe-mdb\/#breadcrumb","itemListElement":[{"@type":"ListItem","position":1,"name":"Home","item":"https:\/\/www.paytec.eu\/fr\/"},{"@type":"ListItem","position":2,"name":"Boutique","item":"https:\/\/www.paytec.eu\/shop\/"},{"@type":"ListItem","position":3,"name":"Cash","item":"https:\/\/www.paytec.eu\/categoria-prodotto\/cash\/"},{"@type":"ListItem","position":4,"name":"FOUR EXE-MDB"}]},{"@type":"WebSite","@id":"https:\/\/www.paytec.eu\/#website","url":"https:\/\/www.paytec.eu\/","name":"Paytec","description":"Smart Payments for Vending","potentialAction":[{"@type":"SearchAction","target":{"@type":"EntryPoint","urlTemplate":"https:\/\/www.paytec.eu\/?s={search_term_string}"},"query-input":"required name=search_term_string"}],"inLanguage":"fr-FR"}]}},"_links":{"self":[{"href":"https:\/\/www.paytec.eu\/fr\/wp-json\/wp\/v2\/product\/13349","targetHints":{"allow":["GET"]}}],"collection":[{"href":"https:\/\/www.paytec.eu\/fr\/wp-json\/wp\/v2\/product"}],"about":[{"href":"https:\/\/www.paytec.eu\/fr\/wp-json\/wp\/v2\/types\/product"}],"wp:featuredmedia":[{"embeddable":true,"href":"https:\/\/www.paytec.eu\/fr\/wp-json\/wp\/v2\/media\/5507"}],"wp:attachment":[{"href":"https:\/\/www.paytec.eu\/fr\/wp-json\/wp\/v2\/media?parent=13349"}],"wp:term":[{"taxonomy":"product_cat","embeddable":true,"href":"https:\/\/www.paytec.eu\/fr\/wp-json\/wp\/v2\/product_cat?post=13349"},{"taxonomy":"product_tag","embeddable":true,"href":"https:\/\/www.paytec.eu\/fr\/wp-json\/wp\/v2\/product_tag?post=13349"}],"curies":[{"name":"wp","href":"https:\/\/api.w.org\/{rel}","templated":true}]}}