{"id":13525,"date":"2021-12-21T13:57:52","date_gmt":"2021-12-21T13:57:52","guid":{"rendered":"https:\/\/www.paytec.eu\/prodotto\/rendiresto-mdb-con-4-tubi\/"},"modified":"2025-05-05T14:19:10","modified_gmt":"2025-05-05T14:19:10","slug":"monnayeur-mdb-a-4-tubes","status":"publish","type":"product","link":"https:\/\/www.paytec.eu\/fr\/prodotto\/monnayeur-mdb-a-4-tubes\/","title":{"rendered":"FOUR MDB-ONLY"},"content":{"rendered":"<p>L&rsquo;utilisation du monnayeur MDB \u00e0 4 tubes FOUR MDB-only comme p\u00e9riph\u00e9rique permet donc une <strong>optimisation significative des co\u00fbts, des investissements et du fonds de roulement<\/strong>.<\/p>\n<p>Les donn\u00e9es d&rsquo;audit sont normalement g\u00e9r\u00e9es par le ma\u00eetre, mais si n\u00e9cessaire elles peuvent \u00eatre collect\u00e9es localement avec divers outils.<\/p>\n<p>Le monnayeur FOUR MDB-only est un p\u00e9riph\u00e9rique id\u00e9al pour ceux qui ne veulent pas renoncer \u00e0 proposer la monnaie \u00e0 leurs clients, mais restent attentifs aux implications \u00e9conomiques. FOUR MDB-only est la solution id\u00e9ale pour les configurations MDB et repr\u00e9sente le <strong>meilleur rapport qualit\u00e9 \/prix <\/strong>disponible sur le march\u00e9.<\/p>\n","protected":false},"excerpt":{"rendered":"<p>Le monnayeur FOUR MDB-only offre une solution compl\u00e8te, fiable et pratique, id\u00e9ale pour les emplacements n\u00e9cessitant moins de vari\u00e9t\u00e9 de rendu monnaie.<\/p>\n","protected":false},"featured_media":11947,"template":"","meta":[],"product_cat":[128],"product_tag":[],"class_list":["post-13525","product","type-product","status-publish","has-post-thumbnail","hentry","protocollo-mdb-fr","tipologia-monnayeur-fr","pagamento-moneta-fr","product_cat-cash-fr"],"acf":[],"yoast_head":"<!-- This site is optimized with the Yoast SEO plugin v21.1 - https:\/\/yoast.com\/wordpress\/plugins\/seo\/ -->\n<title>Monnayeur MDB \u00e0 4 tubes FOUR MDB-only de Paytec<\/title>\n<meta name=\"description\" content=\"Le monnayeur MDB \u00e0 4 tubes Four EXE MDB-only est une solution pratique et \u00e0 bon prix, id\u00e9ale l\u00e0 o\u00f9 moins de vari\u00e9t\u00e9 de reste est requis.\" \/>\n<meta name=\"robots\" content=\"index, follow, max-snippet:-1, max-image-preview:large, max-video-preview:-1\" \/>\n<link rel=\"canonical\" href=\"https:\/\/www.paytec.eu\/fr\/prodotto\/monnayeur-mdb-a-4-tubes\/\" \/>\n<meta property=\"og:locale\" content=\"fr_FR\" \/>\n<meta property=\"og:type\" content=\"article\" \/>\n<meta property=\"og:title\" content=\"Monnayeur MDB \u00e0 4 tubes FOUR MDB-only de Paytec\" \/>\n<meta property=\"og:description\" content=\"Le monnayeur MDB \u00e0 4 tubes Four EXE MDB-only est une solution pratique et \u00e0 bon prix, id\u00e9ale l\u00e0 o\u00f9 moins de vari\u00e9t\u00e9 de reste est requis.\" \/>\n<meta property=\"og:url\" content=\"https:\/\/www.paytec.eu\/fr\/prodotto\/monnayeur-mdb-a-4-tubes\/\" \/>\n<meta property=\"og:site_name\" content=\"Paytec\" \/>\n<meta property=\"article:modified_time\" content=\"2025-05-05T14:19:10+00:00\" \/>\n<meta property=\"og:image\" content=\"https:\/\/www.paytec.eu\/wp-content\/uploads\/2021\/12\/four-paytec.png\" \/>\n\t<meta property=\"og:image:width\" content=\"580\" \/>\n\t<meta property=\"og:image:height\" content=\"580\" \/>\n\t<meta property=\"og:image:type\" content=\"image\/png\" \/>\n<meta name=\"twitter:card\" content=\"summary_large_image\" \/>\n<meta name=\"twitter:label1\" content=\"Dur\u00e9e de lecture estim\u00e9e\" \/>\n\t<meta name=\"twitter:data1\" content=\"1 minute\" \/>\n<script type=\"application\/ld+json\" class=\"yoast-schema-graph\">{\"@context\":\"https:\/\/schema.org\",\"@graph\":[{\"@type\":\"WebPage\",\"@id\":\"https:\/\/www.paytec.eu\/fr\/prodotto\/monnayeur-mdb-a-4-tubes\/\",\"url\":\"https:\/\/www.paytec.eu\/fr\/prodotto\/monnayeur-mdb-a-4-tubes\/\",\"name\":\"Monnayeur MDB \u00e0 4 tubes FOUR MDB-only de Paytec\",\"isPartOf\":{\"@id\":\"https:\/\/www.paytec.eu\/#website\"},\"datePublished\":\"2021-12-21T13:57:52+00:00\",\"dateModified\":\"2025-05-05T14:19:10+00:00\",\"description\":\"Le monnayeur MDB \u00e0 4 tubes Four EXE MDB-only est une solution pratique et \u00e0 bon prix, id\u00e9ale l\u00e0 o\u00f9 moins de vari\u00e9t\u00e9 de reste est requis.\",\"breadcrumb\":{\"@id\":\"https:\/\/www.paytec.eu\/fr\/prodotto\/monnayeur-mdb-a-4-tubes\/#breadcrumb\"},\"inLanguage\":\"fr-FR\",\"potentialAction\":[{\"@type\":\"ReadAction\",\"target\":[\"https:\/\/www.paytec.eu\/fr\/prodotto\/monnayeur-mdb-a-4-tubes\/\"]}]},{\"@type\":\"BreadcrumbList\",\"@id\":\"https:\/\/www.paytec.eu\/fr\/prodotto\/monnayeur-mdb-a-4-tubes\/#breadcrumb\",\"itemListElement\":[{\"@type\":\"ListItem\",\"position\":1,\"name\":\"Home\",\"item\":\"https:\/\/www.paytec.eu\/fr\/\"},{\"@type\":\"ListItem\",\"position\":2,\"name\":\"Boutique\",\"item\":\"https:\/\/www.paytec.eu\/shop\/\"},{\"@type\":\"ListItem\",\"position\":3,\"name\":\"Cash\",\"item\":\"https:\/\/www.paytec.eu\/categoria-prodotto\/cash\/\"},{\"@type\":\"ListItem\",\"position\":4,\"name\":\"FOUR MDB-ONLY\"}]},{\"@type\":\"WebSite\",\"@id\":\"https:\/\/www.paytec.eu\/#website\",\"url\":\"https:\/\/www.paytec.eu\/\",\"name\":\"Paytec\",\"description\":\"Smart Payments for Vending\",\"potentialAction\":[{\"@type\":\"SearchAction\",\"target\":{\"@type\":\"EntryPoint\",\"urlTemplate\":\"https:\/\/www.paytec.eu\/?s={search_term_string}\"},\"query-input\":\"required name=search_term_string\"}],\"inLanguage\":\"fr-FR\"}]}<\/script>\n<!-- \/ Yoast SEO plugin. -->","yoast_head_json":{"title":"Monnayeur MDB \u00e0 4 tubes FOUR MDB-only de Paytec","description":"Le monnayeur MDB \u00e0 4 tubes Four EXE MDB-only est une solution pratique et \u00e0 bon prix, id\u00e9ale l\u00e0 o\u00f9 moins de vari\u00e9t\u00e9 de reste est requis.","robots":{"index":"index","follow":"follow","max-snippet":"max-snippet:-1","max-image-preview":"max-image-preview:large","max-video-preview":"max-video-preview:-1"},"canonical":"https:\/\/www.paytec.eu\/fr\/prodotto\/monnayeur-mdb-a-4-tubes\/","og_locale":"fr_FR","og_type":"article","og_title":"Monnayeur MDB \u00e0 4 tubes FOUR MDB-only de Paytec","og_description":"Le monnayeur MDB \u00e0 4 tubes Four EXE MDB-only est une solution pratique et \u00e0 bon prix, id\u00e9ale l\u00e0 o\u00f9 moins de vari\u00e9t\u00e9 de reste est requis.","og_url":"https:\/\/www.paytec.eu\/fr\/prodotto\/monnayeur-mdb-a-4-tubes\/","og_site_name":"Paytec","article_modified_time":"2025-05-05T14:19:10+00:00","og_image":[{"width":580,"height":580,"url":"https:\/\/www.paytec.eu\/wp-content\/uploads\/2021\/12\/four-paytec.png","type":"image\/png"}],"twitter_card":"summary_large_image","twitter_misc":{"Dur\u00e9e de lecture estim\u00e9e":"1 minute"},"schema":{"@context":"https:\/\/schema.org","@graph":[{"@type":"WebPage","@id":"https:\/\/www.paytec.eu\/fr\/prodotto\/monnayeur-mdb-a-4-tubes\/","url":"https:\/\/www.paytec.eu\/fr\/prodotto\/monnayeur-mdb-a-4-tubes\/","name":"Monnayeur MDB \u00e0 4 tubes FOUR MDB-only de Paytec","isPartOf":{"@id":"https:\/\/www.paytec.eu\/#website"},"datePublished":"2021-12-21T13:57:52+00:00","dateModified":"2025-05-05T14:19:10+00:00","description":"Le monnayeur MDB \u00e0 4 tubes Four EXE MDB-only est une solution pratique et \u00e0 bon prix, id\u00e9ale l\u00e0 o\u00f9 moins de vari\u00e9t\u00e9 de reste est requis.","breadcrumb":{"@id":"https:\/\/www.paytec.eu\/fr\/prodotto\/monnayeur-mdb-a-4-tubes\/#breadcrumb"},"inLanguage":"fr-FR","potentialAction":[{"@type":"ReadAction","target":["https:\/\/www.paytec.eu\/fr\/prodotto\/monnayeur-mdb-a-4-tubes\/"]}]},{"@type":"BreadcrumbList","@id":"https:\/\/www.paytec.eu\/fr\/prodotto\/monnayeur-mdb-a-4-tubes\/#breadcrumb","itemListElement":[{"@type":"ListItem","position":1,"name":"Home","item":"https:\/\/www.paytec.eu\/fr\/"},{"@type":"ListItem","position":2,"name":"Boutique","item":"https:\/\/www.paytec.eu\/shop\/"},{"@type":"ListItem","position":3,"name":"Cash","item":"https:\/\/www.paytec.eu\/categoria-prodotto\/cash\/"},{"@type":"ListItem","position":4,"name":"FOUR MDB-ONLY"}]},{"@type":"WebSite","@id":"https:\/\/www.paytec.eu\/#website","url":"https:\/\/www.paytec.eu\/","name":"Paytec","description":"Smart Payments for Vending","potentialAction":[{"@type":"SearchAction","target":{"@type":"EntryPoint","urlTemplate":"https:\/\/www.paytec.eu\/?s={search_term_string}"},"query-input":"required name=search_term_string"}],"inLanguage":"fr-FR"}]}},"_links":{"self":[{"href":"https:\/\/www.paytec.eu\/fr\/wp-json\/wp\/v2\/product\/13525","targetHints":{"allow":["GET"]}}],"collection":[{"href":"https:\/\/www.paytec.eu\/fr\/wp-json\/wp\/v2\/product"}],"about":[{"href":"https:\/\/www.paytec.eu\/fr\/wp-json\/wp\/v2\/types\/product"}],"wp:featuredmedia":[{"embeddable":true,"href":"https:\/\/www.paytec.eu\/fr\/wp-json\/wp\/v2\/media\/11947"}],"wp:attachment":[{"href":"https:\/\/www.paytec.eu\/fr\/wp-json\/wp\/v2\/media?parent=13525"}],"wp:term":[{"taxonomy":"product_cat","embeddable":true,"href":"https:\/\/www.paytec.eu\/fr\/wp-json\/wp\/v2\/product_cat?post=13525"},{"taxonomy":"product_tag","embeddable":true,"href":"https:\/\/www.paytec.eu\/fr\/wp-json\/wp\/v2\/product_tag?post=13525"}],"curies":[{"name":"wp","href":"https:\/\/api.w.org\/{rel}","templated":true}]}}