{"id":13614,"date":"2024-01-15T09:55:28","date_gmt":"2024-01-15T09:55:35","guid":{"rendered":"https:\/\/www.paytec.eu\/?post_type=product&#038;p=13614"},"modified":"2025-05-05T14:25:51","modified_gmt":"2025-05-05T14:25:51","slug":"fox-mdb-validateur","status":"publish","type":"product","link":"https:\/\/www.paytec.eu\/fr\/prodotto\/fox-mdb-validateur\/","title":{"rendered":"FOX MDB"},"content":{"rendered":"<p>Le validateur de pi\u00e8ces FOX MDB se distingue par sa fiabilit\u00e9 et sa pr\u00e9cision dans la discrimination des pi\u00e8ces. Les solutions anti-rep\u00e9rage et anti-brouillage rendent le syst\u00e8me extr\u00eamement s\u00fbr. Les pi\u00e8ces et les jetons peuvent \u00eatre programm\u00e9s via un commutateur DIP, sans outils suppl\u00e9mentaires.<br \/>\nLe syst\u00e8me est con\u00e7u pour \u00eatre install\u00e9 \u00e0 l\u2019int\u00e9rieur de tous les distributeurs automatiques.<\/p>\n<p>Dot\u00e9 d\u2019une technologie de reconnaissance avanc\u00e9e, il dispose \u00e9galement d\u2019une fonction d\u2019auto-apprentissage qui vous permet de programmer d\u2019autres pi\u00e8ces ou jetons. L\u2019autodiagnostic garantit des niveaux de performance optimaux, m\u00eame \u00e0 une vitesse de traitement \u00e9lev\u00e9e.<\/p>\n","protected":false},"excerpt":{"rendered":"<p>Le nouveau mod\u00e8le <strong>FOX MDB<\/strong> a \u00e9t\u00e9 sp\u00e9cialement d\u00e9velopp\u00e9 pour fonctionner en MDB et est compatible avec n\u2019importe quel master disponible sur le march\u00e9<\/p>\n","protected":false},"featured_media":13617,"template":"","meta":[],"product_cat":[128],"product_tag":[],"class_list":["post-13614","product","type-product","status-publish","has-post-thumbnail","hentry","protocollo-mdb-fr","tipologia-validateur-fr","pagamento-moneta-fr","product_cat-cash-fr"],"acf":[],"yoast_head":"<!-- This site is optimized with the Yoast SEO plugin v21.1 - https:\/\/yoast.com\/wordpress\/plugins\/seo\/ -->\n<title>Validateur de pi\u00e8ces FOX MDB - Paytec<\/title>\n<meta name=\"description\" content=\"Le validateur de pi\u00e8ces FOX MDB de Paytec garantit des niveaux de pr\u00e9cision maximaux dans l&#039;acceptation des pi\u00e8ces et le rejet des contrefa\u00e7ons. Maintenant sur paytec.eu!\" \/>\n<meta name=\"robots\" content=\"index, follow, max-snippet:-1, max-image-preview:large, max-video-preview:-1\" \/>\n<link rel=\"canonical\" href=\"https:\/\/www.paytec.eu\/fr\/prodotto\/fox-mdb-validateur\/\" \/>\n<meta property=\"og:locale\" content=\"fr_FR\" \/>\n<meta property=\"og:type\" content=\"article\" \/>\n<meta property=\"og:title\" content=\"Validateur de pi\u00e8ces FOX MDB - Paytec\" \/>\n<meta property=\"og:description\" content=\"Le validateur de pi\u00e8ces FOX MDB de Paytec garantit des niveaux de pr\u00e9cision maximaux dans l&#039;acceptation des pi\u00e8ces et le rejet des contrefa\u00e7ons. Maintenant sur paytec.eu!\" \/>\n<meta property=\"og:url\" content=\"https:\/\/www.paytec.eu\/fr\/prodotto\/fox-mdb-validateur\/\" \/>\n<meta property=\"og:site_name\" content=\"Paytec\" \/>\n<meta property=\"article:modified_time\" content=\"2025-05-05T14:25:51+00:00\" \/>\n<meta property=\"og:image\" content=\"https:\/\/www.paytec.eu\/wp-content\/uploads\/2024\/01\/FOXmdb.png\" \/>\n\t<meta property=\"og:image:width\" content=\"2220\" \/>\n\t<meta property=\"og:image:height\" content=\"2220\" \/>\n\t<meta property=\"og:image:type\" content=\"image\/png\" \/>\n<meta name=\"twitter:card\" content=\"summary_large_image\" \/>\n<meta name=\"twitter:label1\" content=\"Dur\u00e9e de lecture estim\u00e9e\" \/>\n\t<meta name=\"twitter:data1\" content=\"1 minute\" \/>\n<script type=\"application\/ld+json\" class=\"yoast-schema-graph\">{\"@context\":\"https:\/\/schema.org\",\"@graph\":[{\"@type\":\"WebPage\",\"@id\":\"https:\/\/www.paytec.eu\/fr\/prodotto\/fox-mdb-validateur\/\",\"url\":\"https:\/\/www.paytec.eu\/fr\/prodotto\/fox-mdb-validateur\/\",\"name\":\"Validateur de pi\u00e8ces FOX MDB - Paytec\",\"isPartOf\":{\"@id\":\"https:\/\/www.paytec.eu\/#website\"},\"datePublished\":\"2024-01-15T09:55:35+00:00\",\"dateModified\":\"2025-05-05T14:25:51+00:00\",\"description\":\"Le validateur de pi\u00e8ces FOX MDB de Paytec garantit des niveaux de pr\u00e9cision maximaux dans l'acceptation des pi\u00e8ces et le rejet des contrefa\u00e7ons. Maintenant sur paytec.eu!\",\"breadcrumb\":{\"@id\":\"https:\/\/www.paytec.eu\/fr\/prodotto\/fox-mdb-validateur\/#breadcrumb\"},\"inLanguage\":\"fr-FR\",\"potentialAction\":[{\"@type\":\"ReadAction\",\"target\":[\"https:\/\/www.paytec.eu\/fr\/prodotto\/fox-mdb-validateur\/\"]}]},{\"@type\":\"BreadcrumbList\",\"@id\":\"https:\/\/www.paytec.eu\/fr\/prodotto\/fox-mdb-validateur\/#breadcrumb\",\"itemListElement\":[{\"@type\":\"ListItem\",\"position\":1,\"name\":\"Home\",\"item\":\"https:\/\/www.paytec.eu\/fr\/\"},{\"@type\":\"ListItem\",\"position\":2,\"name\":\"Boutique\",\"item\":\"https:\/\/www.paytec.eu\/shop\/\"},{\"@type\":\"ListItem\",\"position\":3,\"name\":\"Cash\",\"item\":\"https:\/\/www.paytec.eu\/fr\/categoria-prodotto\/cash-fr\/\"},{\"@type\":\"ListItem\",\"position\":4,\"name\":\"FOX MDB\"}]},{\"@type\":\"WebSite\",\"@id\":\"https:\/\/www.paytec.eu\/#website\",\"url\":\"https:\/\/www.paytec.eu\/\",\"name\":\"Paytec\",\"description\":\"Smart Payments for Vending\",\"potentialAction\":[{\"@type\":\"SearchAction\",\"target\":{\"@type\":\"EntryPoint\",\"urlTemplate\":\"https:\/\/www.paytec.eu\/?s={search_term_string}\"},\"query-input\":\"required name=search_term_string\"}],\"inLanguage\":\"fr-FR\"}]}<\/script>\n<!-- \/ Yoast SEO plugin. -->","yoast_head_json":{"title":"Validateur de pi\u00e8ces FOX MDB - Paytec","description":"Le validateur de pi\u00e8ces FOX MDB de Paytec garantit des niveaux de pr\u00e9cision maximaux dans l'acceptation des pi\u00e8ces et le rejet des contrefa\u00e7ons. Maintenant sur paytec.eu!","robots":{"index":"index","follow":"follow","max-snippet":"max-snippet:-1","max-image-preview":"max-image-preview:large","max-video-preview":"max-video-preview:-1"},"canonical":"https:\/\/www.paytec.eu\/fr\/prodotto\/fox-mdb-validateur\/","og_locale":"fr_FR","og_type":"article","og_title":"Validateur de pi\u00e8ces FOX MDB - Paytec","og_description":"Le validateur de pi\u00e8ces FOX MDB de Paytec garantit des niveaux de pr\u00e9cision maximaux dans l'acceptation des pi\u00e8ces et le rejet des contrefa\u00e7ons. Maintenant sur paytec.eu!","og_url":"https:\/\/www.paytec.eu\/fr\/prodotto\/fox-mdb-validateur\/","og_site_name":"Paytec","article_modified_time":"2025-05-05T14:25:51+00:00","og_image":[{"width":2220,"height":2220,"url":"https:\/\/www.paytec.eu\/wp-content\/uploads\/2024\/01\/FOXmdb.png","type":"image\/png"}],"twitter_card":"summary_large_image","twitter_misc":{"Dur\u00e9e de lecture estim\u00e9e":"1 minute"},"schema":{"@context":"https:\/\/schema.org","@graph":[{"@type":"WebPage","@id":"https:\/\/www.paytec.eu\/fr\/prodotto\/fox-mdb-validateur\/","url":"https:\/\/www.paytec.eu\/fr\/prodotto\/fox-mdb-validateur\/","name":"Validateur de pi\u00e8ces FOX MDB - Paytec","isPartOf":{"@id":"https:\/\/www.paytec.eu\/#website"},"datePublished":"2024-01-15T09:55:35+00:00","dateModified":"2025-05-05T14:25:51+00:00","description":"Le validateur de pi\u00e8ces FOX MDB de Paytec garantit des niveaux de pr\u00e9cision maximaux dans l'acceptation des pi\u00e8ces et le rejet des contrefa\u00e7ons. Maintenant sur paytec.eu!","breadcrumb":{"@id":"https:\/\/www.paytec.eu\/fr\/prodotto\/fox-mdb-validateur\/#breadcrumb"},"inLanguage":"fr-FR","potentialAction":[{"@type":"ReadAction","target":["https:\/\/www.paytec.eu\/fr\/prodotto\/fox-mdb-validateur\/"]}]},{"@type":"BreadcrumbList","@id":"https:\/\/www.paytec.eu\/fr\/prodotto\/fox-mdb-validateur\/#breadcrumb","itemListElement":[{"@type":"ListItem","position":1,"name":"Home","item":"https:\/\/www.paytec.eu\/fr\/"},{"@type":"ListItem","position":2,"name":"Boutique","item":"https:\/\/www.paytec.eu\/shop\/"},{"@type":"ListItem","position":3,"name":"Cash","item":"https:\/\/www.paytec.eu\/fr\/categoria-prodotto\/cash-fr\/"},{"@type":"ListItem","position":4,"name":"FOX MDB"}]},{"@type":"WebSite","@id":"https:\/\/www.paytec.eu\/#website","url":"https:\/\/www.paytec.eu\/","name":"Paytec","description":"Smart Payments for Vending","potentialAction":[{"@type":"SearchAction","target":{"@type":"EntryPoint","urlTemplate":"https:\/\/www.paytec.eu\/?s={search_term_string}"},"query-input":"required name=search_term_string"}],"inLanguage":"fr-FR"}]}},"_links":{"self":[{"href":"https:\/\/www.paytec.eu\/fr\/wp-json\/wp\/v2\/product\/13614","targetHints":{"allow":["GET"]}}],"collection":[{"href":"https:\/\/www.paytec.eu\/fr\/wp-json\/wp\/v2\/product"}],"about":[{"href":"https:\/\/www.paytec.eu\/fr\/wp-json\/wp\/v2\/types\/product"}],"wp:featuredmedia":[{"embeddable":true,"href":"https:\/\/www.paytec.eu\/fr\/wp-json\/wp\/v2\/media\/13617"}],"wp:attachment":[{"href":"https:\/\/www.paytec.eu\/fr\/wp-json\/wp\/v2\/media?parent=13614"}],"wp:term":[{"taxonomy":"product_cat","embeddable":true,"href":"https:\/\/www.paytec.eu\/fr\/wp-json\/wp\/v2\/product_cat?post=13614"},{"taxonomy":"product_tag","embeddable":true,"href":"https:\/\/www.paytec.eu\/fr\/wp-json\/wp\/v2\/product_tag?post=13614"}],"curies":[{"name":"wp","href":"https:\/\/api.w.org\/{rel}","templated":true}]}}