{"id":15516,"date":"2024-07-08T08:57:03","date_gmt":"2024-07-08T08:57:26","guid":{"rendered":"https:\/\/www.paytec.eu\/?post_type=product&#038;p=15516"},"modified":"2025-05-06T11:55:55","modified_gmt":"2025-05-06T11:55:55","slug":"vendotek-copy","status":"publish","type":"product","link":"https:\/\/www.paytec.eu\/fr\/prodotto\/vendotek-copy\/","title":{"rendered":"VENDOTEK 3G"},"content":{"rendered":"<p>Le lecteur de cartes bancaires pour le Vending VENDOTEK fonctionne en mode sans contact en acceptant la plupart des cartes de cr\u00e9dit et de d\u00e9bit comme Visa, MasterCard, Maestro PayPass, ainsi que plusieurs solutions mobiles comme ApplePay, GooglePay ou SamsungPay.<\/p>\n<p>Le terminal est fourni avec une carte SIM int\u00e9gr\u00e9e et avec un contrat bancaire standard, ce qui le rend op\u00e9rationnel imm\u00e9diatement. En cas de mauvaise connectivit\u00e9, Vendotek peut \u00e9galement \u00eatre connect\u00e9 au <strong>r\u00e9seau Ethernet<\/strong>.<\/p>\n<p>Sa conception robuste et compacte permet son utilisation dans des environnements difficiles, m\u00eame en plein air. Facile \u00e0 installer (un c\u00e2ble et quatre vis), le lecteur prend en charge les niveaux MDB1 (\u00ab\u00a0cr\u00e9dit d&rsquo;abord\u00a0\u00bb) et MDB3 (\u00ab\u00a0premi\u00e8re s\u00e9lection\u00a0\u00bb), fonctionne sans discernement comme cashless # 1 ou # 2 et permet la r\u00e9cup\u00e9ration des donn\u00e9es d&rsquo;audit via c\u00e2ble et sous forme t\u00e9l\u00e9matique.<\/p>\n<p>En combinaison avec une centrale CAIMAN, le lecteur de cartes bancaires pour le Vending VENDOTEK peut \u00e9galement \u00eatre utilis\u00e9 pour <strong>charger un cr\u00e9dit directement sur une cl\u00e9 traditionnelle<\/strong>, r\u00e9duisant consid\u00e9rablement l&rsquo;impact des commissions bancaires.<\/p>\n<p>L\u2019afficheur int\u00e9gr\u00e9 permet une interaction imm\u00e9diate avec l\u2019utilisateur, ainsi que des contenus personnalis\u00e9s \u00e0 travers des images \u00e0 programmer et t\u00e9l\u00e9charger.<\/p>\n<p>Le <strong>Portail Gestionnaires<\/strong> permet de surveiller toutes les transactions qui ont lieu \u00e0 travers le terminal et peuvent \u00eatre int\u00e9gr\u00e9es dans les syst\u00e8mes ERP de l\u2019entreprise.<\/p>\n","protected":false},"excerpt":{"rendered":"<p>Le lecteur de cartes bancaires VENDOTEK 3G est un terminal POS, sp\u00e9cialement con\u00e7u pour le secteur de la distribution et imm\u00e9diatement op\u00e9rationnel.<\/p>\n<p><em>Attention: Version 3G!<\/em><\/p>\n<p><em>Le produit est enti\u00e8rement fonctionnel mais il pr\u00e9sente quelques signes mineurs d&rsquo;usure. Il est vendu avec une <strong>garantie de 6 mois<\/strong>.<\/em><\/p>\n","protected":false},"featured_media":8458,"template":"","meta":[],"product_cat":[123],"product_tag":[],"class_list":["post-15516","product","type-product","status-publish","has-post-thumbnail","hentry","product_cat-occasions"],"acf":[],"yoast_head":"<!-- This site is optimized with the Yoast SEO plugin v21.1 - https:\/\/yoast.com\/wordpress\/plugins\/seo\/ -->\n<title>Lecteur de cartes bancaires pour le Vending VENDOTEK- Paytec<\/title>\n<meta name=\"description\" content=\"Le lecteur de cartes bancaires VENDOTEK 3G est un terminal POS, sp\u00e9cialement con\u00e7u pour le secteur de la distribution et imm\u00e9diatement op\u00e9rationnel.\" \/>\n<meta name=\"robots\" content=\"index, follow, max-snippet:-1, max-image-preview:large, max-video-preview:-1\" \/>\n<link rel=\"canonical\" href=\"https:\/\/www.paytec.eu\/fr\/prodotto\/vendotek-copy\/\" \/>\n<meta property=\"og:locale\" content=\"fr_FR\" \/>\n<meta property=\"og:type\" content=\"article\" \/>\n<meta property=\"og:title\" content=\"Lecteur de cartes bancaires pour le Vending VENDOTEK- Paytec\" \/>\n<meta property=\"og:description\" content=\"Le lecteur de cartes bancaires VENDOTEK 3G est un terminal POS, sp\u00e9cialement con\u00e7u pour le secteur de la distribution et imm\u00e9diatement op\u00e9rationnel.\" \/>\n<meta property=\"og:url\" content=\"https:\/\/www.paytec.eu\/fr\/prodotto\/vendotek-copy\/\" \/>\n<meta property=\"og:site_name\" content=\"Paytec\" \/>\n<meta property=\"article:modified_time\" content=\"2025-05-06T11:55:55+00:00\" \/>\n<meta property=\"og:image\" content=\"https:\/\/www.paytec.eu\/wp-content\/uploads\/2022\/01\/vendotek-scaled.jpg\" \/>\n\t<meta property=\"og:image:width\" content=\"2289\" \/>\n\t<meta property=\"og:image:height\" content=\"2560\" \/>\n\t<meta property=\"og:image:type\" content=\"image\/jpeg\" \/>\n<meta name=\"twitter:card\" content=\"summary_large_image\" \/>\n<meta name=\"twitter:label1\" content=\"Dur\u00e9e de lecture estim\u00e9e\" \/>\n\t<meta name=\"twitter:data1\" content=\"2 minutes\" \/>\n<script type=\"application\/ld+json\" class=\"yoast-schema-graph\">{\"@context\":\"https:\/\/schema.org\",\"@graph\":[{\"@type\":\"WebPage\",\"@id\":\"https:\/\/www.paytec.eu\/fr\/prodotto\/vendotek-copy\/\",\"url\":\"https:\/\/www.paytec.eu\/fr\/prodotto\/vendotek-copy\/\",\"name\":\"Lecteur de cartes bancaires pour le Vending VENDOTEK- Paytec\",\"isPartOf\":{\"@id\":\"https:\/\/www.paytec.eu\/#website\"},\"datePublished\":\"2024-07-08T08:57:26+00:00\",\"dateModified\":\"2025-05-06T11:55:55+00:00\",\"description\":\"Le lecteur de cartes bancaires VENDOTEK 3G est un terminal POS, sp\u00e9cialement con\u00e7u pour le secteur de la distribution et imm\u00e9diatement op\u00e9rationnel.\",\"breadcrumb\":{\"@id\":\"https:\/\/www.paytec.eu\/fr\/prodotto\/vendotek-copy\/#breadcrumb\"},\"inLanguage\":\"fr-FR\",\"potentialAction\":[{\"@type\":\"ReadAction\",\"target\":[\"https:\/\/www.paytec.eu\/fr\/prodotto\/vendotek-copy\/\"]}]},{\"@type\":\"BreadcrumbList\",\"@id\":\"https:\/\/www.paytec.eu\/fr\/prodotto\/vendotek-copy\/#breadcrumb\",\"itemListElement\":[{\"@type\":\"ListItem\",\"position\":1,\"name\":\"Home\",\"item\":\"https:\/\/www.paytec.eu\/fr\/\"},{\"@type\":\"ListItem\",\"position\":2,\"name\":\"Boutique\",\"item\":\"https:\/\/www.paytec.eu\/shop\/\"},{\"@type\":\"ListItem\",\"position\":3,\"name\":\"Occasioni\",\"item\":\"https:\/\/www.paytec.eu\/categoria-prodotto\/occasioni\/\"},{\"@type\":\"ListItem\",\"position\":4,\"name\":\"VENDOTEK 3G\"}]},{\"@type\":\"WebSite\",\"@id\":\"https:\/\/www.paytec.eu\/#website\",\"url\":\"https:\/\/www.paytec.eu\/\",\"name\":\"Paytec\",\"description\":\"Smart Payments for Vending\",\"potentialAction\":[{\"@type\":\"SearchAction\",\"target\":{\"@type\":\"EntryPoint\",\"urlTemplate\":\"https:\/\/www.paytec.eu\/?s={search_term_string}\"},\"query-input\":\"required name=search_term_string\"}],\"inLanguage\":\"fr-FR\"}]}<\/script>\n<!-- \/ Yoast SEO plugin. -->","yoast_head_json":{"title":"Lecteur de cartes bancaires pour le Vending VENDOTEK- Paytec","description":"Le lecteur de cartes bancaires VENDOTEK 3G est un terminal POS, sp\u00e9cialement con\u00e7u pour le secteur de la distribution et imm\u00e9diatement op\u00e9rationnel.","robots":{"index":"index","follow":"follow","max-snippet":"max-snippet:-1","max-image-preview":"max-image-preview:large","max-video-preview":"max-video-preview:-1"},"canonical":"https:\/\/www.paytec.eu\/fr\/prodotto\/vendotek-copy\/","og_locale":"fr_FR","og_type":"article","og_title":"Lecteur de cartes bancaires pour le Vending VENDOTEK- Paytec","og_description":"Le lecteur de cartes bancaires VENDOTEK 3G est un terminal POS, sp\u00e9cialement con\u00e7u pour le secteur de la distribution et imm\u00e9diatement op\u00e9rationnel.","og_url":"https:\/\/www.paytec.eu\/fr\/prodotto\/vendotek-copy\/","og_site_name":"Paytec","article_modified_time":"2025-05-06T11:55:55+00:00","og_image":[{"width":2289,"height":2560,"url":"https:\/\/www.paytec.eu\/wp-content\/uploads\/2022\/01\/vendotek-scaled.jpg","type":"image\/jpeg"}],"twitter_card":"summary_large_image","twitter_misc":{"Dur\u00e9e de lecture estim\u00e9e":"2 minutes"},"schema":{"@context":"https:\/\/schema.org","@graph":[{"@type":"WebPage","@id":"https:\/\/www.paytec.eu\/fr\/prodotto\/vendotek-copy\/","url":"https:\/\/www.paytec.eu\/fr\/prodotto\/vendotek-copy\/","name":"Lecteur de cartes bancaires pour le Vending VENDOTEK- Paytec","isPartOf":{"@id":"https:\/\/www.paytec.eu\/#website"},"datePublished":"2024-07-08T08:57:26+00:00","dateModified":"2025-05-06T11:55:55+00:00","description":"Le lecteur de cartes bancaires VENDOTEK 3G est un terminal POS, sp\u00e9cialement con\u00e7u pour le secteur de la distribution et imm\u00e9diatement op\u00e9rationnel.","breadcrumb":{"@id":"https:\/\/www.paytec.eu\/fr\/prodotto\/vendotek-copy\/#breadcrumb"},"inLanguage":"fr-FR","potentialAction":[{"@type":"ReadAction","target":["https:\/\/www.paytec.eu\/fr\/prodotto\/vendotek-copy\/"]}]},{"@type":"BreadcrumbList","@id":"https:\/\/www.paytec.eu\/fr\/prodotto\/vendotek-copy\/#breadcrumb","itemListElement":[{"@type":"ListItem","position":1,"name":"Home","item":"https:\/\/www.paytec.eu\/fr\/"},{"@type":"ListItem","position":2,"name":"Boutique","item":"https:\/\/www.paytec.eu\/shop\/"},{"@type":"ListItem","position":3,"name":"Occasioni","item":"https:\/\/www.paytec.eu\/categoria-prodotto\/occasioni\/"},{"@type":"ListItem","position":4,"name":"VENDOTEK 3G"}]},{"@type":"WebSite","@id":"https:\/\/www.paytec.eu\/#website","url":"https:\/\/www.paytec.eu\/","name":"Paytec","description":"Smart Payments for Vending","potentialAction":[{"@type":"SearchAction","target":{"@type":"EntryPoint","urlTemplate":"https:\/\/www.paytec.eu\/?s={search_term_string}"},"query-input":"required name=search_term_string"}],"inLanguage":"fr-FR"}]}},"_links":{"self":[{"href":"https:\/\/www.paytec.eu\/fr\/wp-json\/wp\/v2\/product\/15516","targetHints":{"allow":["GET"]}}],"collection":[{"href":"https:\/\/www.paytec.eu\/fr\/wp-json\/wp\/v2\/product"}],"about":[{"href":"https:\/\/www.paytec.eu\/fr\/wp-json\/wp\/v2\/types\/product"}],"wp:featuredmedia":[{"embeddable":true,"href":"https:\/\/www.paytec.eu\/fr\/wp-json\/wp\/v2\/media\/8458"}],"wp:attachment":[{"href":"https:\/\/www.paytec.eu\/fr\/wp-json\/wp\/v2\/media?parent=15516"}],"wp:term":[{"taxonomy":"product_cat","embeddable":true,"href":"https:\/\/www.paytec.eu\/fr\/wp-json\/wp\/v2\/product_cat?post=15516"},{"taxonomy":"product_tag","embeddable":true,"href":"https:\/\/www.paytec.eu\/fr\/wp-json\/wp\/v2\/product_tag?post=15516"}],"curies":[{"name":"wp","href":"https:\/\/api.w.org\/{rel}","templated":true}]}}