{"id":16138,"date":"2024-10-31T08:17:46","date_gmt":"2024-10-17T09:41:35","guid":{"rendered":"https:\/\/www.paytec.eu\/prodotto\/audit-control\/"},"modified":"2025-05-08T09:15:52","modified_gmt":"2025-05-08T09:15:52","slug":"audit-control","status":"publish","type":"product","link":"https:\/\/www.paytec.eu\/fr\/prodotto\/audit-control\/","title":{"rendered":"Audit Control"},"content":{"rendered":"<p>Audit Control est une application logicielle compatible Windows\u00ae, d\u00e9velopp\u00e9e pour <strong>faciliter la gestion des donn\u00e9es collect\u00e9es<\/strong> et <strong>obtenir une visibilit\u00e9 compl\u00e8te sur les flux de paiement<\/strong> de chaque distributeur individuel, chaque mode de paiement, \u00e0 la fois en esp\u00e8ces et sans esp\u00e8ces.<\/p>\n<p>Acc\u00e9dez \u00e0 la Zone R\u00e9serv\u00e9e pour le t\u00e9l\u00e9charger imm\u00e9diatement et consultez les tutoriels en ligne pour r\u00e9soudre les doutes les plus courants ou contactez le service client pour plus d\u2019informations.<\/p>\n","protected":false},"excerpt":{"rendered":"<p>Obtenez une visibilit\u00e9 compl\u00e8te sur les flux de paiement<\/p>\n<p><a class=\"loginBtn\" href=\"https:\/\/paydoc.paytec.it\/it\/login\" target=\"_blank\" rel=\"noopener\">T\u00e9l\u00e9chargez le logiciel<\/a><\/p>\n<p>&nbsp;<\/p>\n","protected":false},"featured_media":16123,"template":"","meta":[],"product_cat":[1014],"product_tag":[],"class_list":["post-16138","product","type-product","status-publish","has-post-thumbnail","hentry","product_cat-software-fr"],"acf":[],"yoast_head":"<!-- This site is optimized with the Yoast SEO plugin v21.1 - https:\/\/yoast.com\/wordpress\/plugins\/seo\/ -->\n<title>Audit Control - Paytec<\/title>\n<meta name=\"robots\" content=\"index, follow, max-snippet:-1, max-image-preview:large, max-video-preview:-1\" \/>\n<link rel=\"canonical\" href=\"https:\/\/www.paytec.eu\/fr\/prodotto\/audit-control\/\" \/>\n<meta property=\"og:locale\" content=\"fr_FR\" \/>\n<meta property=\"og:type\" content=\"article\" \/>\n<meta property=\"og:title\" content=\"Audit Control - Paytec\" \/>\n<meta property=\"og:description\" content=\"Obtenez une visibilit\u00e9 compl\u00e8te sur les flux de paiement  T\u00e9l\u00e9chargez le logiciel  &nbsp;\" \/>\n<meta property=\"og:url\" content=\"https:\/\/www.paytec.eu\/fr\/prodotto\/audit-control\/\" \/>\n<meta property=\"og:site_name\" content=\"Paytec\" \/>\n<meta property=\"article:modified_time\" content=\"2025-05-08T09:15:52+00:00\" \/>\n<meta property=\"og:image\" content=\"https:\/\/www.paytec.eu\/wp-content\/uploads\/2024\/10\/auditcontrol.webp\" \/>\n\t<meta property=\"og:image:width\" content=\"445\" \/>\n\t<meta property=\"og:image:height\" content=\"270\" \/>\n\t<meta property=\"og:image:type\" content=\"image\/webp\" \/>\n<meta name=\"twitter:card\" content=\"summary_large_image\" \/>\n<meta name=\"twitter:label1\" content=\"Dur\u00e9e de lecture estim\u00e9e\" \/>\n\t<meta name=\"twitter:data1\" content=\"1 minute\" \/>\n<script type=\"application\/ld+json\" class=\"yoast-schema-graph\">{\"@context\":\"https:\/\/schema.org\",\"@graph\":[{\"@type\":\"WebPage\",\"@id\":\"https:\/\/www.paytec.eu\/fr\/prodotto\/audit-control\/\",\"url\":\"https:\/\/www.paytec.eu\/fr\/prodotto\/audit-control\/\",\"name\":\"Audit Control - Paytec\",\"isPartOf\":{\"@id\":\"https:\/\/www.paytec.eu\/#website\"},\"datePublished\":\"2024-10-17T09:41:35+00:00\",\"dateModified\":\"2025-05-08T09:15:52+00:00\",\"breadcrumb\":{\"@id\":\"https:\/\/www.paytec.eu\/fr\/prodotto\/audit-control\/#breadcrumb\"},\"inLanguage\":\"fr-FR\",\"potentialAction\":[{\"@type\":\"ReadAction\",\"target\":[\"https:\/\/www.paytec.eu\/fr\/prodotto\/audit-control\/\"]}]},{\"@type\":\"BreadcrumbList\",\"@id\":\"https:\/\/www.paytec.eu\/fr\/prodotto\/audit-control\/#breadcrumb\",\"itemListElement\":[{\"@type\":\"ListItem\",\"position\":1,\"name\":\"Home\",\"item\":\"https:\/\/www.paytec.eu\/fr\/\"},{\"@type\":\"ListItem\",\"position\":2,\"name\":\"Boutique\",\"item\":\"https:\/\/www.paytec.eu\/shop\/\"},{\"@type\":\"ListItem\",\"position\":3,\"name\":\"Software\",\"item\":\"https:\/\/www.paytec.eu\/fr\/categoria-prodotto\/software-fr\/\"},{\"@type\":\"ListItem\",\"position\":4,\"name\":\"Audit Control\"}]},{\"@type\":\"WebSite\",\"@id\":\"https:\/\/www.paytec.eu\/#website\",\"url\":\"https:\/\/www.paytec.eu\/\",\"name\":\"Paytec\",\"description\":\"Smart Payments for Vending\",\"potentialAction\":[{\"@type\":\"SearchAction\",\"target\":{\"@type\":\"EntryPoint\",\"urlTemplate\":\"https:\/\/www.paytec.eu\/?s={search_term_string}\"},\"query-input\":\"required name=search_term_string\"}],\"inLanguage\":\"fr-FR\"}]}<\/script>\n<!-- \/ Yoast SEO plugin. -->","yoast_head_json":{"title":"Audit Control - Paytec","robots":{"index":"index","follow":"follow","max-snippet":"max-snippet:-1","max-image-preview":"max-image-preview:large","max-video-preview":"max-video-preview:-1"},"canonical":"https:\/\/www.paytec.eu\/fr\/prodotto\/audit-control\/","og_locale":"fr_FR","og_type":"article","og_title":"Audit Control - Paytec","og_description":"Obtenez une visibilit\u00e9 compl\u00e8te sur les flux de paiement  T\u00e9l\u00e9chargez le logiciel  &nbsp;","og_url":"https:\/\/www.paytec.eu\/fr\/prodotto\/audit-control\/","og_site_name":"Paytec","article_modified_time":"2025-05-08T09:15:52+00:00","og_image":[{"width":445,"height":270,"url":"https:\/\/www.paytec.eu\/wp-content\/uploads\/2024\/10\/auditcontrol.webp","type":"image\/webp"}],"twitter_card":"summary_large_image","twitter_misc":{"Dur\u00e9e de lecture estim\u00e9e":"1 minute"},"schema":{"@context":"https:\/\/schema.org","@graph":[{"@type":"WebPage","@id":"https:\/\/www.paytec.eu\/fr\/prodotto\/audit-control\/","url":"https:\/\/www.paytec.eu\/fr\/prodotto\/audit-control\/","name":"Audit Control - Paytec","isPartOf":{"@id":"https:\/\/www.paytec.eu\/#website"},"datePublished":"2024-10-17T09:41:35+00:00","dateModified":"2025-05-08T09:15:52+00:00","breadcrumb":{"@id":"https:\/\/www.paytec.eu\/fr\/prodotto\/audit-control\/#breadcrumb"},"inLanguage":"fr-FR","potentialAction":[{"@type":"ReadAction","target":["https:\/\/www.paytec.eu\/fr\/prodotto\/audit-control\/"]}]},{"@type":"BreadcrumbList","@id":"https:\/\/www.paytec.eu\/fr\/prodotto\/audit-control\/#breadcrumb","itemListElement":[{"@type":"ListItem","position":1,"name":"Home","item":"https:\/\/www.paytec.eu\/fr\/"},{"@type":"ListItem","position":2,"name":"Boutique","item":"https:\/\/www.paytec.eu\/shop\/"},{"@type":"ListItem","position":3,"name":"Software","item":"https:\/\/www.paytec.eu\/fr\/categoria-prodotto\/software-fr\/"},{"@type":"ListItem","position":4,"name":"Audit Control"}]},{"@type":"WebSite","@id":"https:\/\/www.paytec.eu\/#website","url":"https:\/\/www.paytec.eu\/","name":"Paytec","description":"Smart Payments for Vending","potentialAction":[{"@type":"SearchAction","target":{"@type":"EntryPoint","urlTemplate":"https:\/\/www.paytec.eu\/?s={search_term_string}"},"query-input":"required name=search_term_string"}],"inLanguage":"fr-FR"}]}},"_links":{"self":[{"href":"https:\/\/www.paytec.eu\/fr\/wp-json\/wp\/v2\/product\/16138","targetHints":{"allow":["GET"]}}],"collection":[{"href":"https:\/\/www.paytec.eu\/fr\/wp-json\/wp\/v2\/product"}],"about":[{"href":"https:\/\/www.paytec.eu\/fr\/wp-json\/wp\/v2\/types\/product"}],"wp:featuredmedia":[{"embeddable":true,"href":"https:\/\/www.paytec.eu\/fr\/wp-json\/wp\/v2\/media\/16123"}],"wp:attachment":[{"href":"https:\/\/www.paytec.eu\/fr\/wp-json\/wp\/v2\/media?parent=16138"}],"wp:term":[{"taxonomy":"product_cat","embeddable":true,"href":"https:\/\/www.paytec.eu\/fr\/wp-json\/wp\/v2\/product_cat?post=16138"},{"taxonomy":"product_tag","embeddable":true,"href":"https:\/\/www.paytec.eu\/fr\/wp-json\/wp\/v2\/product_tag?post=16138"}],"curies":[{"name":"wp","href":"https:\/\/api.w.org\/{rel}","templated":true}]}}