{"id":16148,"date":"2024-10-31T08:17:41","date_gmt":"2024-10-17T10:14:08","guid":{"rendered":"https:\/\/www.paytec.eu\/prodotto\/pc-configurator\/"},"modified":"2025-05-08T09:16:28","modified_gmt":"2025-05-08T09:16:28","slug":"pc-configurator","status":"publish","type":"product","link":"https:\/\/www.paytec.eu\/fr\/prodotto\/pc-configurator\/","title":{"rendered":"PC Configurator"},"content":{"rendered":"<p>PC Configurator est une application logicielle compatible Windows\u00ae, d\u00e9velopp\u00e9e pour <strong>communiquer avec les syst\u00e8mes de paiement Paytec.<\/strong><\/p>\n<ul>\n<li>param\u00e8tres de configuration<\/li>\n<li>donn\u00e9es audit<\/li>\n<li>liste noire<\/li>\n<li>mises \u00e0 jour<\/li>\n<li>diagnostique<\/li>\n<li>programmation de pi\u00e8ces<\/li>\n<\/ul>\n<p>Acc\u00e9dez \u00e0 la Zone R\u00e9serv\u00e9e pour le t\u00e9l\u00e9charger imm\u00e9diatement et consultez les tutoriels en ligne pour r\u00e9soudre les doutes les plus courants ou contactez le service client pour plus d\u2019informations.<\/p>\n","protected":false},"excerpt":{"rendered":"<p>Communiquez avec les syst\u00e8mes de paiement Paytec<\/p>\n<p><a class=\"loginBtn\" href=\"https:\/\/paydoc.paytec.it\/it\/login\" target=\"_blank\" rel=\"noopener\">T\u00e9l\u00e9chargez le logiciel<\/a><\/p>\n","protected":false},"featured_media":16144,"template":"","meta":[],"product_cat":[1014],"product_tag":[],"class_list":["post-16148","product","type-product","status-publish","has-post-thumbnail","hentry","product_cat-software-fr"],"acf":[],"yoast_head":"<!-- This site is optimized with the Yoast SEO plugin v21.1 - https:\/\/yoast.com\/wordpress\/plugins\/seo\/ -->\n<title>PC Configurator - Paytec<\/title>\n<meta name=\"robots\" content=\"index, follow, max-snippet:-1, max-image-preview:large, max-video-preview:-1\" \/>\n<link rel=\"canonical\" href=\"https:\/\/www.paytec.eu\/fr\/prodotto\/pc-configurator\/\" \/>\n<meta property=\"og:locale\" content=\"fr_FR\" \/>\n<meta property=\"og:type\" content=\"article\" \/>\n<meta property=\"og:title\" content=\"PC Configurator - Paytec\" \/>\n<meta property=\"og:description\" content=\"Communiquez avec les syst\u00e8mes de paiement Paytec  T\u00e9l\u00e9chargez le logiciel\" \/>\n<meta property=\"og:url\" content=\"https:\/\/www.paytec.eu\/fr\/prodotto\/pc-configurator\/\" \/>\n<meta property=\"og:site_name\" content=\"Paytec\" \/>\n<meta property=\"article:modified_time\" content=\"2025-05-08T09:16:28+00:00\" \/>\n<meta property=\"og:image\" content=\"https:\/\/www.paytec.eu\/wp-content\/uploads\/2024\/10\/PCConfigurator.webp\" \/>\n\t<meta property=\"og:image:width\" content=\"445\" \/>\n\t<meta property=\"og:image:height\" content=\"270\" \/>\n\t<meta property=\"og:image:type\" content=\"image\/webp\" \/>\n<meta name=\"twitter:card\" content=\"summary_large_image\" \/>\n<meta name=\"twitter:label1\" content=\"Dur\u00e9e de lecture estim\u00e9e\" \/>\n\t<meta name=\"twitter:data1\" content=\"1 minute\" \/>\n<script type=\"application\/ld+json\" class=\"yoast-schema-graph\">{\"@context\":\"https:\/\/schema.org\",\"@graph\":[{\"@type\":\"WebPage\",\"@id\":\"https:\/\/www.paytec.eu\/fr\/prodotto\/pc-configurator\/\",\"url\":\"https:\/\/www.paytec.eu\/fr\/prodotto\/pc-configurator\/\",\"name\":\"PC Configurator - Paytec\",\"isPartOf\":{\"@id\":\"https:\/\/www.paytec.eu\/#website\"},\"datePublished\":\"2024-10-17T10:14:08+00:00\",\"dateModified\":\"2025-05-08T09:16:28+00:00\",\"breadcrumb\":{\"@id\":\"https:\/\/www.paytec.eu\/fr\/prodotto\/pc-configurator\/#breadcrumb\"},\"inLanguage\":\"fr-FR\",\"potentialAction\":[{\"@type\":\"ReadAction\",\"target\":[\"https:\/\/www.paytec.eu\/fr\/prodotto\/pc-configurator\/\"]}]},{\"@type\":\"BreadcrumbList\",\"@id\":\"https:\/\/www.paytec.eu\/fr\/prodotto\/pc-configurator\/#breadcrumb\",\"itemListElement\":[{\"@type\":\"ListItem\",\"position\":1,\"name\":\"Home\",\"item\":\"https:\/\/www.paytec.eu\/fr\/\"},{\"@type\":\"ListItem\",\"position\":2,\"name\":\"Boutique\",\"item\":\"https:\/\/www.paytec.eu\/shop\/\"},{\"@type\":\"ListItem\",\"position\":3,\"name\":\"Software\",\"item\":\"https:\/\/www.paytec.eu\/fr\/categoria-prodotto\/software-fr\/\"},{\"@type\":\"ListItem\",\"position\":4,\"name\":\"PC Configurator\"}]},{\"@type\":\"WebSite\",\"@id\":\"https:\/\/www.paytec.eu\/#website\",\"url\":\"https:\/\/www.paytec.eu\/\",\"name\":\"Paytec\",\"description\":\"Smart Payments for Vending\",\"potentialAction\":[{\"@type\":\"SearchAction\",\"target\":{\"@type\":\"EntryPoint\",\"urlTemplate\":\"https:\/\/www.paytec.eu\/?s={search_term_string}\"},\"query-input\":\"required name=search_term_string\"}],\"inLanguage\":\"fr-FR\"}]}<\/script>\n<!-- \/ Yoast SEO plugin. -->","yoast_head_json":{"title":"PC Configurator - Paytec","robots":{"index":"index","follow":"follow","max-snippet":"max-snippet:-1","max-image-preview":"max-image-preview:large","max-video-preview":"max-video-preview:-1"},"canonical":"https:\/\/www.paytec.eu\/fr\/prodotto\/pc-configurator\/","og_locale":"fr_FR","og_type":"article","og_title":"PC Configurator - Paytec","og_description":"Communiquez avec les syst\u00e8mes de paiement Paytec  T\u00e9l\u00e9chargez le logiciel","og_url":"https:\/\/www.paytec.eu\/fr\/prodotto\/pc-configurator\/","og_site_name":"Paytec","article_modified_time":"2025-05-08T09:16:28+00:00","og_image":[{"width":445,"height":270,"url":"https:\/\/www.paytec.eu\/wp-content\/uploads\/2024\/10\/PCConfigurator.webp","type":"image\/webp"}],"twitter_card":"summary_large_image","twitter_misc":{"Dur\u00e9e de lecture estim\u00e9e":"1 minute"},"schema":{"@context":"https:\/\/schema.org","@graph":[{"@type":"WebPage","@id":"https:\/\/www.paytec.eu\/fr\/prodotto\/pc-configurator\/","url":"https:\/\/www.paytec.eu\/fr\/prodotto\/pc-configurator\/","name":"PC Configurator - Paytec","isPartOf":{"@id":"https:\/\/www.paytec.eu\/#website"},"datePublished":"2024-10-17T10:14:08+00:00","dateModified":"2025-05-08T09:16:28+00:00","breadcrumb":{"@id":"https:\/\/www.paytec.eu\/fr\/prodotto\/pc-configurator\/#breadcrumb"},"inLanguage":"fr-FR","potentialAction":[{"@type":"ReadAction","target":["https:\/\/www.paytec.eu\/fr\/prodotto\/pc-configurator\/"]}]},{"@type":"BreadcrumbList","@id":"https:\/\/www.paytec.eu\/fr\/prodotto\/pc-configurator\/#breadcrumb","itemListElement":[{"@type":"ListItem","position":1,"name":"Home","item":"https:\/\/www.paytec.eu\/fr\/"},{"@type":"ListItem","position":2,"name":"Boutique","item":"https:\/\/www.paytec.eu\/shop\/"},{"@type":"ListItem","position":3,"name":"Software","item":"https:\/\/www.paytec.eu\/fr\/categoria-prodotto\/software-fr\/"},{"@type":"ListItem","position":4,"name":"PC Configurator"}]},{"@type":"WebSite","@id":"https:\/\/www.paytec.eu\/#website","url":"https:\/\/www.paytec.eu\/","name":"Paytec","description":"Smart Payments for Vending","potentialAction":[{"@type":"SearchAction","target":{"@type":"EntryPoint","urlTemplate":"https:\/\/www.paytec.eu\/?s={search_term_string}"},"query-input":"required name=search_term_string"}],"inLanguage":"fr-FR"}]}},"_links":{"self":[{"href":"https:\/\/www.paytec.eu\/fr\/wp-json\/wp\/v2\/product\/16148","targetHints":{"allow":["GET"]}}],"collection":[{"href":"https:\/\/www.paytec.eu\/fr\/wp-json\/wp\/v2\/product"}],"about":[{"href":"https:\/\/www.paytec.eu\/fr\/wp-json\/wp\/v2\/types\/product"}],"wp:featuredmedia":[{"embeddable":true,"href":"https:\/\/www.paytec.eu\/fr\/wp-json\/wp\/v2\/media\/16144"}],"wp:attachment":[{"href":"https:\/\/www.paytec.eu\/fr\/wp-json\/wp\/v2\/media?parent=16148"}],"wp:term":[{"taxonomy":"product_cat","embeddable":true,"href":"https:\/\/www.paytec.eu\/fr\/wp-json\/wp\/v2\/product_cat?post=16148"},{"taxonomy":"product_tag","embeddable":true,"href":"https:\/\/www.paytec.eu\/fr\/wp-json\/wp\/v2\/product_tag?post=16148"}],"curies":[{"name":"wp","href":"https:\/\/api.w.org\/{rel}","templated":true}]}}