{"id":16356,"date":"2024-10-31T08:17:44","date_gmt":"2024-10-30T14:47:15","guid":{"rendered":"https:\/\/www.paytec.eu\/prodotto\/paytools-2\/"},"modified":"2025-05-08T09:16:38","modified_gmt":"2025-05-08T09:16:38","slug":"paytools","status":"publish","type":"product","link":"https:\/\/www.paytec.eu\/fr\/prodotto\/paytools\/","title":{"rendered":"PayTools"},"content":{"rendered":"<p><strong>R\u00e9cup\u00e9ration des fichiers d\u2019audit via Bluetooth<\/strong>:<\/p>\n<p>avec PayTools, le smartphone de l\u2019ARD et du technicien se transforme en un programmateur portable, capable de prendre l\u2019audit via Bluetooth (pas d\u2019ADE) des syst\u00e8mes Paytec et des principaux mod\u00e8les de monnayeurs d\u2019autres fabricants<\/p>\n<p><strong>Programmation rapide et compl\u00e8te des produits Paytec:<\/strong><\/p>\n<p>PayTools permet \u00e9galement une programmation rapide et compl\u00e8te des produits Paytec, \u00e0 la fois en suivant la logique du programmateur portable P6000 et \u00e0 travers des pages de configuration intuitives, d\u00e9velopp\u00e9es sp\u00e9cifiquement pour les appareils portables de diff\u00e9rentes tailles. Enfin, PayTools permet \u00e9galement de r\u00e9aliser les diagnostics fonctionnels du rendu-monnaie<\/p>\n<p><strong>Mise \u00e0 jour du firmware OPTO et gestion de la liste noire des cl\u00e9s:<\/strong><\/p>\n<p>La derni\u00e8re version de PayTools permet d\u00e9sormais \u00e9galement la mise \u00e0 jour directe du firmware OPTO sans l\u2019utilisation d\u2019autres outils et la gestion des listes noires, en chargeant rapidement les num\u00e9ros des cl\u00e9s \u00e0 bloquer<\/p>\n<p><strong>Partage de fichiers t\u00e9l\u00e9charg\u00e9s:<\/strong><\/p>\n<p>Les fichiers t\u00e9l\u00e9charg\u00e9s peuvent \u00eatre partag\u00e9s avec l\u2019assistance Paytec pratiquement en temps r\u00e9el, pour v\u00e9rifier la configuration correcte des syst\u00e8mes directement sur le terrain.<br \/>\nGr\u00e2ce \u00e0 l\u2019application PayTools, les fichiers d\u2019audit et de configuration peuvent \u00e9galement \u00eatre t\u00e9l\u00e9charg\u00e9s sur la plateforme PayCloud pour contr\u00f4ler et mettre \u00e0 jour \u00e0 distance vos distributeurs de la m\u00eame mani\u00e8re que les solutions de t\u00e9l\u00e9m\u00e9trie, mais sans encourir les co\u00fbts typiques de ce type de service. Toutes les configurations et les audits sont stock\u00e9s en toute s\u00e9curit\u00e9, \u00e9liminant la possibilit\u00e9 d\u2019erreurs et assurant toujours une visibilit\u00e9 maximale sur la situation sur le terrain et sans \u00eatre oblig\u00e9 de connecter \u00e0 distance tous les distributeurs automatiques.<\/p>\n<p>&nbsp;<\/p>\n","protected":false},"excerpt":{"rendered":"<div class=\"wpb_text_column wpb_content_element vc_custom_1648211128330\">\n<div class=\"wpb_wrapper\">\n<div class=\"q_icon_list\">PayTools est une\u00a0<strong>application Android gratuite<\/strong>\u00a0qui permet d\u2019entrer dans une dimension plus pratique pour la gestion des syst\u00e8mes de paiement.<\/div>\n<\/div>\n<\/div>\n<div class=\"wpb_text_column wpb_content_element vc_custom_1648209810588\">\n<div class=\"wpb_wrapper\">\n<div class=\"q_icon_list\">Avec PayTools, les smartphones de l\u2019ARD et du technicien se transforment en\u00a0<strong>programmateur portable<\/strong>\u00a0et plus encore.<\/div>\n<\/div>\n<\/div>\n<p>&nbsp;<\/p>\n","protected":false},"featured_media":16077,"template":"","meta":[],"product_cat":[1014],"product_tag":[],"class_list":["post-16356","product","type-product","status-publish","has-post-thumbnail","hentry","product_cat-software-fr"],"acf":[],"yoast_head":"<!-- This site is optimized with the Yoast SEO plugin v21.1 - https:\/\/yoast.com\/wordpress\/plugins\/seo\/ -->\n<title>PayTools - Paytec<\/title>\n<meta name=\"robots\" content=\"index, follow, max-snippet:-1, max-image-preview:large, max-video-preview:-1\" \/>\n<link rel=\"canonical\" href=\"https:\/\/www.paytec.eu\/fr\/prodotto\/paytools\/\" \/>\n<meta property=\"og:locale\" content=\"fr_FR\" \/>\n<meta property=\"og:type\" content=\"article\" \/>\n<meta property=\"og:title\" content=\"PayTools - Paytec\" \/>\n<meta property=\"og:description\" content=\"PayTools est une\u00a0application Android gratuite\u00a0qui permet d\u2019entrer dans une dimension plus pratique pour la gestion des syst\u00e8mes de paiement.     Avec PayTools, les smartphones de l\u2019ARD et du technicien se transforment en\u00a0programmateur portable\u00a0et plus encore.   &nbsp;\" \/>\n<meta property=\"og:url\" content=\"https:\/\/www.paytec.eu\/fr\/prodotto\/paytools\/\" \/>\n<meta property=\"og:site_name\" content=\"Paytec\" \/>\n<meta property=\"article:modified_time\" content=\"2025-05-08T09:16:38+00:00\" \/>\n<meta property=\"og:image\" content=\"https:\/\/www.paytec.eu\/wp-content\/uploads\/2024\/10\/paytools-tel.webp\" \/>\n\t<meta property=\"og:image:width\" content=\"1275\" \/>\n\t<meta property=\"og:image:height\" content=\"1275\" \/>\n\t<meta property=\"og:image:type\" content=\"image\/webp\" \/>\n<meta name=\"twitter:card\" content=\"summary_large_image\" \/>\n<meta name=\"twitter:label1\" content=\"Dur\u00e9e de lecture estim\u00e9e\" \/>\n\t<meta name=\"twitter:data1\" content=\"2 minutes\" \/>\n<script type=\"application\/ld+json\" class=\"yoast-schema-graph\">{\"@context\":\"https:\/\/schema.org\",\"@graph\":[{\"@type\":\"WebPage\",\"@id\":\"https:\/\/www.paytec.eu\/fr\/prodotto\/paytools\/\",\"url\":\"https:\/\/www.paytec.eu\/fr\/prodotto\/paytools\/\",\"name\":\"PayTools - Paytec\",\"isPartOf\":{\"@id\":\"https:\/\/www.paytec.eu\/#website\"},\"datePublished\":\"2024-10-30T14:47:15+00:00\",\"dateModified\":\"2025-05-08T09:16:38+00:00\",\"breadcrumb\":{\"@id\":\"https:\/\/www.paytec.eu\/fr\/prodotto\/paytools\/#breadcrumb\"},\"inLanguage\":\"fr-FR\",\"potentialAction\":[{\"@type\":\"ReadAction\",\"target\":[\"https:\/\/www.paytec.eu\/fr\/prodotto\/paytools\/\"]}]},{\"@type\":\"BreadcrumbList\",\"@id\":\"https:\/\/www.paytec.eu\/fr\/prodotto\/paytools\/#breadcrumb\",\"itemListElement\":[{\"@type\":\"ListItem\",\"position\":1,\"name\":\"Home\",\"item\":\"https:\/\/www.paytec.eu\/fr\/\"},{\"@type\":\"ListItem\",\"position\":2,\"name\":\"Boutique\",\"item\":\"https:\/\/www.paytec.eu\/shop\/\"},{\"@type\":\"ListItem\",\"position\":3,\"name\":\"Software\",\"item\":\"https:\/\/www.paytec.eu\/fr\/categoria-prodotto\/software-fr\/\"},{\"@type\":\"ListItem\",\"position\":4,\"name\":\"PayTools\"}]},{\"@type\":\"WebSite\",\"@id\":\"https:\/\/www.paytec.eu\/#website\",\"url\":\"https:\/\/www.paytec.eu\/\",\"name\":\"Paytec\",\"description\":\"Smart Payments for Vending\",\"potentialAction\":[{\"@type\":\"SearchAction\",\"target\":{\"@type\":\"EntryPoint\",\"urlTemplate\":\"https:\/\/www.paytec.eu\/?s={search_term_string}\"},\"query-input\":\"required name=search_term_string\"}],\"inLanguage\":\"fr-FR\"}]}<\/script>\n<!-- \/ Yoast SEO plugin. -->","yoast_head_json":{"title":"PayTools - Paytec","robots":{"index":"index","follow":"follow","max-snippet":"max-snippet:-1","max-image-preview":"max-image-preview:large","max-video-preview":"max-video-preview:-1"},"canonical":"https:\/\/www.paytec.eu\/fr\/prodotto\/paytools\/","og_locale":"fr_FR","og_type":"article","og_title":"PayTools - Paytec","og_description":"PayTools est une\u00a0application Android gratuite\u00a0qui permet d\u2019entrer dans une dimension plus pratique pour la gestion des syst\u00e8mes de paiement.     Avec PayTools, les smartphones de l\u2019ARD et du technicien se transforment en\u00a0programmateur portable\u00a0et plus encore.   &nbsp;","og_url":"https:\/\/www.paytec.eu\/fr\/prodotto\/paytools\/","og_site_name":"Paytec","article_modified_time":"2025-05-08T09:16:38+00:00","og_image":[{"width":1275,"height":1275,"url":"https:\/\/www.paytec.eu\/wp-content\/uploads\/2024\/10\/paytools-tel.webp","type":"image\/webp"}],"twitter_card":"summary_large_image","twitter_misc":{"Dur\u00e9e de lecture estim\u00e9e":"2 minutes"},"schema":{"@context":"https:\/\/schema.org","@graph":[{"@type":"WebPage","@id":"https:\/\/www.paytec.eu\/fr\/prodotto\/paytools\/","url":"https:\/\/www.paytec.eu\/fr\/prodotto\/paytools\/","name":"PayTools - Paytec","isPartOf":{"@id":"https:\/\/www.paytec.eu\/#website"},"datePublished":"2024-10-30T14:47:15+00:00","dateModified":"2025-05-08T09:16:38+00:00","breadcrumb":{"@id":"https:\/\/www.paytec.eu\/fr\/prodotto\/paytools\/#breadcrumb"},"inLanguage":"fr-FR","potentialAction":[{"@type":"ReadAction","target":["https:\/\/www.paytec.eu\/fr\/prodotto\/paytools\/"]}]},{"@type":"BreadcrumbList","@id":"https:\/\/www.paytec.eu\/fr\/prodotto\/paytools\/#breadcrumb","itemListElement":[{"@type":"ListItem","position":1,"name":"Home","item":"https:\/\/www.paytec.eu\/fr\/"},{"@type":"ListItem","position":2,"name":"Boutique","item":"https:\/\/www.paytec.eu\/shop\/"},{"@type":"ListItem","position":3,"name":"Software","item":"https:\/\/www.paytec.eu\/fr\/categoria-prodotto\/software-fr\/"},{"@type":"ListItem","position":4,"name":"PayTools"}]},{"@type":"WebSite","@id":"https:\/\/www.paytec.eu\/#website","url":"https:\/\/www.paytec.eu\/","name":"Paytec","description":"Smart Payments for Vending","potentialAction":[{"@type":"SearchAction","target":{"@type":"EntryPoint","urlTemplate":"https:\/\/www.paytec.eu\/?s={search_term_string}"},"query-input":"required name=search_term_string"}],"inLanguage":"fr-FR"}]}},"_links":{"self":[{"href":"https:\/\/www.paytec.eu\/fr\/wp-json\/wp\/v2\/product\/16356","targetHints":{"allow":["GET"]}}],"collection":[{"href":"https:\/\/www.paytec.eu\/fr\/wp-json\/wp\/v2\/product"}],"about":[{"href":"https:\/\/www.paytec.eu\/fr\/wp-json\/wp\/v2\/types\/product"}],"wp:featuredmedia":[{"embeddable":true,"href":"https:\/\/www.paytec.eu\/fr\/wp-json\/wp\/v2\/media\/16077"}],"wp:attachment":[{"href":"https:\/\/www.paytec.eu\/fr\/wp-json\/wp\/v2\/media?parent=16356"}],"wp:term":[{"taxonomy":"product_cat","embeddable":true,"href":"https:\/\/www.paytec.eu\/fr\/wp-json\/wp\/v2\/product_cat?post=16356"},{"taxonomy":"product_tag","embeddable":true,"href":"https:\/\/www.paytec.eu\/fr\/wp-json\/wp\/v2\/product_tag?post=16356"}],"curies":[{"name":"wp","href":"https:\/\/api.w.org\/{rel}","templated":true}]}}