{"id":17727,"date":"2025-01-23T14:32:58","date_gmt":"2025-01-23T14:33:27","guid":{"rendered":"https:\/\/www.paytec.eu\/?post_type=product&#038;p=17727"},"modified":"2025-05-05T14:18:43","modified_gmt":"2025-05-05T14:18:43","slug":"eagle-2-mdb","status":"publish","type":"product","link":"https:\/\/www.paytec.eu\/fr\/prodotto\/eagle-2-mdb\/","title":{"rendered":"EAGLE2 MDB"},"content":{"rendered":"<p>Le monnayeur \u00e0 6 tubes EAGLE2 s\u2019appuie sur l\u2019exp\u00e9rience consolid\u00e9e de Paytec en termes de reconnaissance des pi\u00e8ces de monnaie. Le produit est bas\u00e9 sur la technologie inductive pour assurer une <strong>efficacit\u00e9 totale dans les conditions les plus difficiles<\/strong>.<br \/>\nIl offre une large gamme de configurations de pi\u00e8ces de monnaie pour garantir une <strong>flexibilit\u00e9 maximale dans la gestion du rendu monnaie<\/strong>. La gestion des tubes est contr\u00f4l\u00e9e par des algorithmes qui optimisent les rendus monnaies de fa\u00e7on continue afin d\u2019\u00e9tendre la disponibilit\u00e9 des ventes. La cassette et les tubes peuvent \u00eatre facilement remplac\u00e9s.<br \/>\nL\u2019<strong>afficheur standard<\/strong> sur le monnayeur \u00e0 6 tubes EAGLE2 facilite les t\u00e2ches de configuration et diagnostic. Un verrou \u00e0 cl\u00e9 en option pour la bo\u00eete \u00e0 tubes permet un niveau de s\u00e9curit\u00e9 plus \u00e9lev\u00e9, soutenu dans tous les cas par des capteurs pour d\u00e9tecter l\u2019ouverture de la bo\u00eete, m\u00eame quand le monnayeur est \u00e9teint.<\/p>\n","protected":false},"excerpt":{"rendered":"<p>Une v\u00e9ritable plateforme technologique sur laquelle int\u00e9grer une large gamme de syst\u00e8mes de paiement. Avec afficheur.<\/p>\n","protected":false},"featured_media":10712,"template":"","meta":[],"product_cat":[128],"product_tag":[],"class_list":["post-17727","product","type-product","status-publish","has-post-thumbnail","hentry","protocollo-mdb-fr","tipologia-monnayeur-fr","pagamento-moneta-fr","product_cat-cash-fr"],"acf":[],"yoast_head":"<!-- This site is optimized with the Yoast SEO plugin v21.1 - https:\/\/yoast.com\/wordpress\/plugins\/seo\/ -->\n<title>Monnayeur \u00e0 6 tubes EAGLE2 MDB<\/title>\n<meta name=\"description\" content=\"Le monnayeur \u00e0 6 tubes EAGLE2 de Paytec constitue une v\u00e9ritable plateforme technologique de gestion des paiements sur les distributeurs automatiques.\" \/>\n<meta name=\"robots\" content=\"index, follow, max-snippet:-1, max-image-preview:large, max-video-preview:-1\" \/>\n<link rel=\"canonical\" href=\"https:\/\/www.paytec.eu\/fr\/prodotto\/eagle-2-mdb\/\" \/>\n<meta property=\"og:locale\" content=\"fr_FR\" \/>\n<meta property=\"og:type\" content=\"article\" \/>\n<meta property=\"og:title\" content=\"Monnayeur \u00e0 6 tubes EAGLE2 MDB\" \/>\n<meta property=\"og:description\" content=\"Le monnayeur \u00e0 6 tubes EAGLE2 de Paytec constitue une v\u00e9ritable plateforme technologique de gestion des paiements sur les distributeurs automatiques.\" \/>\n<meta property=\"og:url\" content=\"https:\/\/www.paytec.eu\/fr\/prodotto\/eagle-2-mdb\/\" \/>\n<meta property=\"og:site_name\" content=\"Paytec\" \/>\n<meta property=\"article:modified_time\" content=\"2025-05-05T14:18:43+00:00\" \/>\n<meta property=\"og:image\" content=\"https:\/\/www.paytec.eu\/wp-content\/uploads\/2021\/12\/Eagle2.png\" \/>\n\t<meta property=\"og:image:width\" content=\"539\" \/>\n\t<meta property=\"og:image:height\" content=\"567\" \/>\n\t<meta property=\"og:image:type\" content=\"image\/png\" \/>\n<meta name=\"twitter:card\" content=\"summary_large_image\" \/>\n<meta name=\"twitter:label1\" content=\"Dur\u00e9e de lecture estim\u00e9e\" \/>\n\t<meta name=\"twitter:data1\" content=\"1 minute\" \/>\n<script type=\"application\/ld+json\" class=\"yoast-schema-graph\">{\"@context\":\"https:\/\/schema.org\",\"@graph\":[{\"@type\":\"WebPage\",\"@id\":\"https:\/\/www.paytec.eu\/fr\/prodotto\/eagle-2-mdb\/\",\"url\":\"https:\/\/www.paytec.eu\/fr\/prodotto\/eagle-2-mdb\/\",\"name\":\"Monnayeur \u00e0 6 tubes EAGLE2 MDB\",\"isPartOf\":{\"@id\":\"https:\/\/www.paytec.eu\/#website\"},\"datePublished\":\"2025-01-23T14:33:27+00:00\",\"dateModified\":\"2025-05-05T14:18:43+00:00\",\"description\":\"Le monnayeur \u00e0 6 tubes EAGLE2 de Paytec constitue une v\u00e9ritable plateforme technologique de gestion des paiements sur les distributeurs automatiques.\",\"breadcrumb\":{\"@id\":\"https:\/\/www.paytec.eu\/fr\/prodotto\/eagle-2-mdb\/#breadcrumb\"},\"inLanguage\":\"fr-FR\",\"potentialAction\":[{\"@type\":\"ReadAction\",\"target\":[\"https:\/\/www.paytec.eu\/fr\/prodotto\/eagle-2-mdb\/\"]}]},{\"@type\":\"BreadcrumbList\",\"@id\":\"https:\/\/www.paytec.eu\/fr\/prodotto\/eagle-2-mdb\/#breadcrumb\",\"itemListElement\":[{\"@type\":\"ListItem\",\"position\":1,\"name\":\"Home\",\"item\":\"https:\/\/www.paytec.eu\/fr\/\"},{\"@type\":\"ListItem\",\"position\":2,\"name\":\"Boutique\",\"item\":\"https:\/\/www.paytec.eu\/shop\/\"},{\"@type\":\"ListItem\",\"position\":3,\"name\":\"Cash\",\"item\":\"https:\/\/www.paytec.eu\/categoria-prodotto\/cash\/\"},{\"@type\":\"ListItem\",\"position\":4,\"name\":\"EAGLE2 MDB\"}]},{\"@type\":\"WebSite\",\"@id\":\"https:\/\/www.paytec.eu\/#website\",\"url\":\"https:\/\/www.paytec.eu\/\",\"name\":\"Paytec\",\"description\":\"Smart Payments for Vending\",\"potentialAction\":[{\"@type\":\"SearchAction\",\"target\":{\"@type\":\"EntryPoint\",\"urlTemplate\":\"https:\/\/www.paytec.eu\/?s={search_term_string}\"},\"query-input\":\"required name=search_term_string\"}],\"inLanguage\":\"fr-FR\"}]}<\/script>\n<!-- \/ Yoast SEO plugin. -->","yoast_head_json":{"title":"Monnayeur \u00e0 6 tubes EAGLE2 MDB","description":"Le monnayeur \u00e0 6 tubes EAGLE2 de Paytec constitue une v\u00e9ritable plateforme technologique de gestion des paiements sur les distributeurs automatiques.","robots":{"index":"index","follow":"follow","max-snippet":"max-snippet:-1","max-image-preview":"max-image-preview:large","max-video-preview":"max-video-preview:-1"},"canonical":"https:\/\/www.paytec.eu\/fr\/prodotto\/eagle-2-mdb\/","og_locale":"fr_FR","og_type":"article","og_title":"Monnayeur \u00e0 6 tubes EAGLE2 MDB","og_description":"Le monnayeur \u00e0 6 tubes EAGLE2 de Paytec constitue une v\u00e9ritable plateforme technologique de gestion des paiements sur les distributeurs automatiques.","og_url":"https:\/\/www.paytec.eu\/fr\/prodotto\/eagle-2-mdb\/","og_site_name":"Paytec","article_modified_time":"2025-05-05T14:18:43+00:00","og_image":[{"width":539,"height":567,"url":"https:\/\/www.paytec.eu\/wp-content\/uploads\/2021\/12\/Eagle2.png","type":"image\/png"}],"twitter_card":"summary_large_image","twitter_misc":{"Dur\u00e9e de lecture estim\u00e9e":"1 minute"},"schema":{"@context":"https:\/\/schema.org","@graph":[{"@type":"WebPage","@id":"https:\/\/www.paytec.eu\/fr\/prodotto\/eagle-2-mdb\/","url":"https:\/\/www.paytec.eu\/fr\/prodotto\/eagle-2-mdb\/","name":"Monnayeur \u00e0 6 tubes EAGLE2 MDB","isPartOf":{"@id":"https:\/\/www.paytec.eu\/#website"},"datePublished":"2025-01-23T14:33:27+00:00","dateModified":"2025-05-05T14:18:43+00:00","description":"Le monnayeur \u00e0 6 tubes EAGLE2 de Paytec constitue une v\u00e9ritable plateforme technologique de gestion des paiements sur les distributeurs automatiques.","breadcrumb":{"@id":"https:\/\/www.paytec.eu\/fr\/prodotto\/eagle-2-mdb\/#breadcrumb"},"inLanguage":"fr-FR","potentialAction":[{"@type":"ReadAction","target":["https:\/\/www.paytec.eu\/fr\/prodotto\/eagle-2-mdb\/"]}]},{"@type":"BreadcrumbList","@id":"https:\/\/www.paytec.eu\/fr\/prodotto\/eagle-2-mdb\/#breadcrumb","itemListElement":[{"@type":"ListItem","position":1,"name":"Home","item":"https:\/\/www.paytec.eu\/fr\/"},{"@type":"ListItem","position":2,"name":"Boutique","item":"https:\/\/www.paytec.eu\/shop\/"},{"@type":"ListItem","position":3,"name":"Cash","item":"https:\/\/www.paytec.eu\/categoria-prodotto\/cash\/"},{"@type":"ListItem","position":4,"name":"EAGLE2 MDB"}]},{"@type":"WebSite","@id":"https:\/\/www.paytec.eu\/#website","url":"https:\/\/www.paytec.eu\/","name":"Paytec","description":"Smart Payments for Vending","potentialAction":[{"@type":"SearchAction","target":{"@type":"EntryPoint","urlTemplate":"https:\/\/www.paytec.eu\/?s={search_term_string}"},"query-input":"required name=search_term_string"}],"inLanguage":"fr-FR"}]}},"_links":{"self":[{"href":"https:\/\/www.paytec.eu\/fr\/wp-json\/wp\/v2\/product\/17727","targetHints":{"allow":["GET"]}}],"collection":[{"href":"https:\/\/www.paytec.eu\/fr\/wp-json\/wp\/v2\/product"}],"about":[{"href":"https:\/\/www.paytec.eu\/fr\/wp-json\/wp\/v2\/types\/product"}],"wp:featuredmedia":[{"embeddable":true,"href":"https:\/\/www.paytec.eu\/fr\/wp-json\/wp\/v2\/media\/10712"}],"wp:attachment":[{"href":"https:\/\/www.paytec.eu\/fr\/wp-json\/wp\/v2\/media?parent=17727"}],"wp:term":[{"taxonomy":"product_cat","embeddable":true,"href":"https:\/\/www.paytec.eu\/fr\/wp-json\/wp\/v2\/product_cat?post=17727"},{"taxonomy":"product_tag","embeddable":true,"href":"https:\/\/www.paytec.eu\/fr\/wp-json\/wp\/v2\/product_tag?post=17727"}],"curies":[{"name":"wp","href":"https:\/\/api.w.org\/{rel}","templated":true}]}}