{"id":18879,"date":"2025-04-22T08:28:46","date_gmt":"2025-04-22T08:28:55","guid":{"rendered":"https:\/\/www.paytec.eu\/?post_type=product&#038;p=18879"},"modified":"2025-05-05T14:29:01","modified_gmt":"2025-05-05T14:29:01","slug":"accepteur-de-billets-apex7000-500","status":"publish","type":"product","link":"https:\/\/www.paytec.eu\/fr\/prodotto\/accepteur-de-billets-apex7000-500\/","title":{"rendered":"Accepteur de billets APEX7000 &#8211; stacker 500"},"content":{"rendered":"<p>La fiabilit\u00e9 de l&rsquo;acceptateur des billets pour distributeurs automatiques APEX7000 est attest\u00e9e par 10 ans d&rsquo;utilisation dans le monde et accord\u00e9e par une mise \u00e0 niveau constante.<\/p>\n<p>La <strong>fonction \u00ab Escrow \u00bb<\/strong> permet aux utilisateurs de r\u00e9cup\u00e9rer leur billet en cas de non vente ou lorsque le rendu monnaie n\u2019est pas disponible. Le lecteur de billet est fourni avec une cassette d\u2019une capacit\u00e9 de 500 billets.<\/p>\n<p>APEX 7000 est \u00e9quip\u00e9 d\u2019un syst\u00e8me de <strong>calibrage automatique<\/strong> et peut-\u00eatre configur\u00e9 facilement gr\u00e2ce aux commutateurs. Les diagnostics int\u00e9gr\u00e9s avec des voyants sur le panneau avant facilitent l&rsquo;interpr\u00e9tation des messages de diagnostic.<\/p>\n","protected":false},"excerpt":{"rendered":"<p>APEX 7000 est dot\u00e9 d\u2019un syst\u00e8me de d\u00e9tection optique anti-p\u00eache innovant \u00e0 deux niveaux avec 8 capteurs offre une s\u00e9curit\u00e9 maximale contre les manipulations ou les billets frauduleux.<\/p>\n","protected":false},"featured_media":5375,"template":"","meta":[],"product_cat":[128],"product_tag":[],"class_list":["post-18879","product","type-product","status-publish","has-post-thumbnail","hentry","tipologia-lecteur-billets-fr","pagamento-banconote-fr","product_cat-cash-fr"],"acf":[],"yoast_head":"<!-- This site is optimized with the Yoast SEO plugin v21.1 - https:\/\/yoast.com\/wordpress\/plugins\/seo\/ -->\n<title>Lecteur de billets APEX7000 pour distributeurs automatiques - Paytec<\/title>\n<meta name=\"description\" content=\"Le lecteur de billets APEX7000 de Paytec garantit une haute protection anti-fraude avec un syst\u00e8me anti-p\u00eache optique \u00e0 double niveau et 8 capteurs.\" \/>\n<meta name=\"robots\" content=\"index, follow, max-snippet:-1, max-image-preview:large, max-video-preview:-1\" \/>\n<link rel=\"canonical\" href=\"https:\/\/www.paytec.eu\/fr\/prodotto\/accepteur-de-billets-apex7000-500\/\" \/>\n<meta property=\"og:locale\" content=\"fr_FR\" \/>\n<meta property=\"og:type\" content=\"article\" \/>\n<meta property=\"og:title\" content=\"Lecteur de billets APEX7000 pour distributeurs automatiques - Paytec\" \/>\n<meta property=\"og:description\" content=\"Le lecteur de billets APEX7000 de Paytec garantit une haute protection anti-fraude avec un syst\u00e8me anti-p\u00eache optique \u00e0 double niveau et 8 capteurs.\" \/>\n<meta property=\"og:url\" content=\"https:\/\/www.paytec.eu\/fr\/prodotto\/accepteur-de-billets-apex7000-500\/\" \/>\n<meta property=\"og:site_name\" content=\"Paytec\" \/>\n<meta property=\"article:modified_time\" content=\"2025-05-05T14:29:01+00:00\" \/>\n<meta property=\"og:image\" content=\"https:\/\/www.paytec.eu\/wp-content\/uploads\/2021\/11\/lettoreApex7000.png\" \/>\n\t<meta property=\"og:image:width\" content=\"800\" \/>\n\t<meta property=\"og:image:height\" content=\"800\" \/>\n\t<meta property=\"og:image:type\" content=\"image\/png\" \/>\n<meta name=\"twitter:card\" content=\"summary_large_image\" \/>\n<meta name=\"twitter:label1\" content=\"Dur\u00e9e de lecture estim\u00e9e\" \/>\n\t<meta name=\"twitter:data1\" content=\"1 minute\" \/>\n<script type=\"application\/ld+json\" class=\"yoast-schema-graph\">{\"@context\":\"https:\/\/schema.org\",\"@graph\":[{\"@type\":\"WebPage\",\"@id\":\"https:\/\/www.paytec.eu\/fr\/prodotto\/accepteur-de-billets-apex7000-500\/\",\"url\":\"https:\/\/www.paytec.eu\/fr\/prodotto\/accepteur-de-billets-apex7000-500\/\",\"name\":\"Lecteur de billets APEX7000 pour distributeurs automatiques - Paytec\",\"isPartOf\":{\"@id\":\"https:\/\/www.paytec.eu\/#website\"},\"datePublished\":\"2025-04-22T08:28:55+00:00\",\"dateModified\":\"2025-05-05T14:29:01+00:00\",\"description\":\"Le lecteur de billets APEX7000 de Paytec garantit une haute protection anti-fraude avec un syst\u00e8me anti-p\u00eache optique \u00e0 double niveau et 8 capteurs.\",\"breadcrumb\":{\"@id\":\"https:\/\/www.paytec.eu\/fr\/prodotto\/accepteur-de-billets-apex7000-500\/#breadcrumb\"},\"inLanguage\":\"fr-FR\",\"potentialAction\":[{\"@type\":\"ReadAction\",\"target\":[\"https:\/\/www.paytec.eu\/fr\/prodotto\/accepteur-de-billets-apex7000-500\/\"]}]},{\"@type\":\"BreadcrumbList\",\"@id\":\"https:\/\/www.paytec.eu\/fr\/prodotto\/accepteur-de-billets-apex7000-500\/#breadcrumb\",\"itemListElement\":[{\"@type\":\"ListItem\",\"position\":1,\"name\":\"Home\",\"item\":\"https:\/\/www.paytec.eu\/fr\/\"},{\"@type\":\"ListItem\",\"position\":2,\"name\":\"Boutique\",\"item\":\"https:\/\/www.paytec.eu\/shop\/\"},{\"@type\":\"ListItem\",\"position\":3,\"name\":\"Cash\",\"item\":\"https:\/\/www.paytec.eu\/fr\/categoria-prodotto\/cash-fr\/\"},{\"@type\":\"ListItem\",\"position\":4,\"name\":\"Accepteur de billets APEX7000 &#8211; stacker 500\"}]},{\"@type\":\"WebSite\",\"@id\":\"https:\/\/www.paytec.eu\/#website\",\"url\":\"https:\/\/www.paytec.eu\/\",\"name\":\"Paytec\",\"description\":\"Smart Payments for Vending\",\"potentialAction\":[{\"@type\":\"SearchAction\",\"target\":{\"@type\":\"EntryPoint\",\"urlTemplate\":\"https:\/\/www.paytec.eu\/?s={search_term_string}\"},\"query-input\":\"required name=search_term_string\"}],\"inLanguage\":\"fr-FR\"}]}<\/script>\n<!-- \/ Yoast SEO plugin. -->","yoast_head_json":{"title":"Lecteur de billets APEX7000 pour distributeurs automatiques - Paytec","description":"Le lecteur de billets APEX7000 de Paytec garantit une haute protection anti-fraude avec un syst\u00e8me anti-p\u00eache optique \u00e0 double niveau et 8 capteurs.","robots":{"index":"index","follow":"follow","max-snippet":"max-snippet:-1","max-image-preview":"max-image-preview:large","max-video-preview":"max-video-preview:-1"},"canonical":"https:\/\/www.paytec.eu\/fr\/prodotto\/accepteur-de-billets-apex7000-500\/","og_locale":"fr_FR","og_type":"article","og_title":"Lecteur de billets APEX7000 pour distributeurs automatiques - Paytec","og_description":"Le lecteur de billets APEX7000 de Paytec garantit une haute protection anti-fraude avec un syst\u00e8me anti-p\u00eache optique \u00e0 double niveau et 8 capteurs.","og_url":"https:\/\/www.paytec.eu\/fr\/prodotto\/accepteur-de-billets-apex7000-500\/","og_site_name":"Paytec","article_modified_time":"2025-05-05T14:29:01+00:00","og_image":[{"width":800,"height":800,"url":"https:\/\/www.paytec.eu\/wp-content\/uploads\/2021\/11\/lettoreApex7000.png","type":"image\/png"}],"twitter_card":"summary_large_image","twitter_misc":{"Dur\u00e9e de lecture estim\u00e9e":"1 minute"},"schema":{"@context":"https:\/\/schema.org","@graph":[{"@type":"WebPage","@id":"https:\/\/www.paytec.eu\/fr\/prodotto\/accepteur-de-billets-apex7000-500\/","url":"https:\/\/www.paytec.eu\/fr\/prodotto\/accepteur-de-billets-apex7000-500\/","name":"Lecteur de billets APEX7000 pour distributeurs automatiques - Paytec","isPartOf":{"@id":"https:\/\/www.paytec.eu\/#website"},"datePublished":"2025-04-22T08:28:55+00:00","dateModified":"2025-05-05T14:29:01+00:00","description":"Le lecteur de billets APEX7000 de Paytec garantit une haute protection anti-fraude avec un syst\u00e8me anti-p\u00eache optique \u00e0 double niveau et 8 capteurs.","breadcrumb":{"@id":"https:\/\/www.paytec.eu\/fr\/prodotto\/accepteur-de-billets-apex7000-500\/#breadcrumb"},"inLanguage":"fr-FR","potentialAction":[{"@type":"ReadAction","target":["https:\/\/www.paytec.eu\/fr\/prodotto\/accepteur-de-billets-apex7000-500\/"]}]},{"@type":"BreadcrumbList","@id":"https:\/\/www.paytec.eu\/fr\/prodotto\/accepteur-de-billets-apex7000-500\/#breadcrumb","itemListElement":[{"@type":"ListItem","position":1,"name":"Home","item":"https:\/\/www.paytec.eu\/fr\/"},{"@type":"ListItem","position":2,"name":"Boutique","item":"https:\/\/www.paytec.eu\/shop\/"},{"@type":"ListItem","position":3,"name":"Cash","item":"https:\/\/www.paytec.eu\/fr\/categoria-prodotto\/cash-fr\/"},{"@type":"ListItem","position":4,"name":"Accepteur de billets APEX7000 &#8211; stacker 500"}]},{"@type":"WebSite","@id":"https:\/\/www.paytec.eu\/#website","url":"https:\/\/www.paytec.eu\/","name":"Paytec","description":"Smart Payments for Vending","potentialAction":[{"@type":"SearchAction","target":{"@type":"EntryPoint","urlTemplate":"https:\/\/www.paytec.eu\/?s={search_term_string}"},"query-input":"required name=search_term_string"}],"inLanguage":"fr-FR"}]}},"_links":{"self":[{"href":"https:\/\/www.paytec.eu\/fr\/wp-json\/wp\/v2\/product\/18879","targetHints":{"allow":["GET"]}}],"collection":[{"href":"https:\/\/www.paytec.eu\/fr\/wp-json\/wp\/v2\/product"}],"about":[{"href":"https:\/\/www.paytec.eu\/fr\/wp-json\/wp\/v2\/types\/product"}],"wp:featuredmedia":[{"embeddable":true,"href":"https:\/\/www.paytec.eu\/fr\/wp-json\/wp\/v2\/media\/5375"}],"wp:attachment":[{"href":"https:\/\/www.paytec.eu\/fr\/wp-json\/wp\/v2\/media?parent=18879"}],"wp:term":[{"taxonomy":"product_cat","embeddable":true,"href":"https:\/\/www.paytec.eu\/fr\/wp-json\/wp\/v2\/product_cat?post=18879"},{"taxonomy":"product_tag","embeddable":true,"href":"https:\/\/www.paytec.eu\/fr\/wp-json\/wp\/v2\/product_tag?post=18879"}],"curies":[{"name":"wp","href":"https:\/\/api.w.org\/{rel}","templated":true}]}}