{"id":19584,"date":"2025-05-23T10:08:37","date_gmt":"2025-05-23T10:09:04","guid":{"rendered":"https:\/\/www.paytec.eu\/?post_type=product&#038;p=19584"},"modified":"2025-05-26T08:59:38","modified_gmt":"2025-05-26T08:59:38","slug":"paybox-pos","status":"publish","type":"product","link":"https:\/\/www.paytec.eu\/fr\/prodotto\/paybox-pos\/","title":{"rendered":"PAYBOX POS"},"content":{"rendered":"<p>Construite en m\u00e9tal et dot\u00e9e d\u2019une serrure m\u00e9canique, PayBox est une solution \u00e0 la fois robuste et esth\u00e9tique, qui s\u2019adapte \u00e0 la grande majorit\u00e9 des machines disponibles sur le march\u00e9.<br \/>\nPayBox est disponible en trois versions selon le syst\u00e8me de paiement que vous souhaitez installer et dispose d\u2019un connecteur MDB pour la connexion \u00e0 la machine.<br \/>\nSa conception totalement modulaire permet de positionner le module soit \u00e0 droite, soit \u00e0 gauche de la machine \u00e0 caf\u00e9.<\/p>\n<p>Paybox POS est \u00e9quip\u00e9 d&rsquo;une plaque frontale con\u00e7ue pour l\u2019installation d\u2019un terminal de paiement \u00e9lectronique. Display facultatif pour visualiser le cr\u00e9dit sur le module.<\/p>\n<p><em>Note: Syst\u00e8mes de paiement non inclus<\/em><\/p>\n","protected":false},"excerpt":{"rendered":"<p>Les modules de paiement PayBox ont \u00e9t\u00e9 con\u00e7us pour offrir l\u2019option du paiement<br \/>\nsur des machines table-top et des machines \u00e0 caf\u00e9 enti\u00e8rement automatiques non<br \/>\n\u00e9quip\u00e9es d\u2019emplacements appropri\u00e9s pour les syst\u00e8mes de paiement.<\/p>\n","protected":false},"featured_media":19568,"template":"","meta":[],"product_cat":[122],"product_tag":[],"class_list":["post-19584","product","type-product","status-publish","has-post-thumbnail","hentry","product_cat-accessoires-et-pieces-de-rechange"],"acf":[],"yoast_head":"<!-- This site is optimized with the Yoast SEO plugin v21.1 - https:\/\/yoast.com\/wordpress\/plugins\/seo\/ -->\n<title>PAYBOX POS - Paytec<\/title>\n<meta name=\"robots\" content=\"index, follow, max-snippet:-1, max-image-preview:large, max-video-preview:-1\" \/>\n<link rel=\"canonical\" href=\"https:\/\/www.paytec.eu\/fr\/prodotto\/paybox-pos\/\" \/>\n<meta property=\"og:locale\" content=\"fr_FR\" \/>\n<meta property=\"og:type\" content=\"article\" \/>\n<meta property=\"og:title\" content=\"PAYBOX POS - Paytec\" \/>\n<meta property=\"og:description\" content=\"Les modules de paiement PayBox ont \u00e9t\u00e9 con\u00e7us pour offrir l\u2019option du paiement sur des machines table-top et des machines \u00e0 caf\u00e9 enti\u00e8rement automatiques non \u00e9quip\u00e9es d\u2019emplacements appropri\u00e9s pour les syst\u00e8mes de paiement.\" \/>\n<meta property=\"og:url\" content=\"https:\/\/www.paytec.eu\/fr\/prodotto\/paybox-pos\/\" \/>\n<meta property=\"og:site_name\" content=\"Paytec\" \/>\n<meta property=\"article:modified_time\" content=\"2025-05-26T08:59:38+00:00\" \/>\n<meta property=\"og:image\" content=\"https:\/\/www.paytec.eu\/wp-content\/uploads\/2025\/05\/paybox_sigma.png\" \/>\n\t<meta property=\"og:image:width\" content=\"330\" \/>\n\t<meta property=\"og:image:height\" content=\"460\" \/>\n\t<meta property=\"og:image:type\" content=\"image\/png\" \/>\n<meta name=\"twitter:card\" content=\"summary_large_image\" \/>\n<meta name=\"twitter:label1\" content=\"Dur\u00e9e de lecture estim\u00e9e\" \/>\n\t<meta name=\"twitter:data1\" content=\"1 minute\" \/>\n<script type=\"application\/ld+json\" class=\"yoast-schema-graph\">{\"@context\":\"https:\/\/schema.org\",\"@graph\":[{\"@type\":\"WebPage\",\"@id\":\"https:\/\/www.paytec.eu\/fr\/prodotto\/paybox-pos\/\",\"url\":\"https:\/\/www.paytec.eu\/fr\/prodotto\/paybox-pos\/\",\"name\":\"PAYBOX POS - Paytec\",\"isPartOf\":{\"@id\":\"https:\/\/www.paytec.eu\/#website\"},\"datePublished\":\"2025-05-23T10:09:04+00:00\",\"dateModified\":\"2025-05-26T08:59:38+00:00\",\"breadcrumb\":{\"@id\":\"https:\/\/www.paytec.eu\/fr\/prodotto\/paybox-pos\/#breadcrumb\"},\"inLanguage\":\"fr-FR\",\"potentialAction\":[{\"@type\":\"ReadAction\",\"target\":[\"https:\/\/www.paytec.eu\/fr\/prodotto\/paybox-pos\/\"]}]},{\"@type\":\"BreadcrumbList\",\"@id\":\"https:\/\/www.paytec.eu\/fr\/prodotto\/paybox-pos\/#breadcrumb\",\"itemListElement\":[{\"@type\":\"ListItem\",\"position\":1,\"name\":\"Home\",\"item\":\"https:\/\/www.paytec.eu\/fr\/\"},{\"@type\":\"ListItem\",\"position\":2,\"name\":\"Boutique\",\"item\":\"https:\/\/www.paytec.eu\/shop\/\"},{\"@type\":\"ListItem\",\"position\":3,\"name\":\"Accessoires et Pi\u00e8ces de rechange\",\"item\":\"https:\/\/www.paytec.eu\/fr\/categoria-prodotto\/accessoires-et-pieces-de-rechange\/\"},{\"@type\":\"ListItem\",\"position\":4,\"name\":\"PAYBOX POS\"}]},{\"@type\":\"WebSite\",\"@id\":\"https:\/\/www.paytec.eu\/#website\",\"url\":\"https:\/\/www.paytec.eu\/\",\"name\":\"Paytec\",\"description\":\"Smart Payments for Vending\",\"potentialAction\":[{\"@type\":\"SearchAction\",\"target\":{\"@type\":\"EntryPoint\",\"urlTemplate\":\"https:\/\/www.paytec.eu\/?s={search_term_string}\"},\"query-input\":\"required name=search_term_string\"}],\"inLanguage\":\"fr-FR\"}]}<\/script>\n<!-- \/ Yoast SEO plugin. -->","yoast_head_json":{"title":"PAYBOX POS - Paytec","robots":{"index":"index","follow":"follow","max-snippet":"max-snippet:-1","max-image-preview":"max-image-preview:large","max-video-preview":"max-video-preview:-1"},"canonical":"https:\/\/www.paytec.eu\/fr\/prodotto\/paybox-pos\/","og_locale":"fr_FR","og_type":"article","og_title":"PAYBOX POS - Paytec","og_description":"Les modules de paiement PayBox ont \u00e9t\u00e9 con\u00e7us pour offrir l\u2019option du paiement sur des machines table-top et des machines \u00e0 caf\u00e9 enti\u00e8rement automatiques non \u00e9quip\u00e9es d\u2019emplacements appropri\u00e9s pour les syst\u00e8mes de paiement.","og_url":"https:\/\/www.paytec.eu\/fr\/prodotto\/paybox-pos\/","og_site_name":"Paytec","article_modified_time":"2025-05-26T08:59:38+00:00","og_image":[{"width":330,"height":460,"url":"https:\/\/www.paytec.eu\/wp-content\/uploads\/2025\/05\/paybox_sigma.png","type":"image\/png"}],"twitter_card":"summary_large_image","twitter_misc":{"Dur\u00e9e de lecture estim\u00e9e":"1 minute"},"schema":{"@context":"https:\/\/schema.org","@graph":[{"@type":"WebPage","@id":"https:\/\/www.paytec.eu\/fr\/prodotto\/paybox-pos\/","url":"https:\/\/www.paytec.eu\/fr\/prodotto\/paybox-pos\/","name":"PAYBOX POS - Paytec","isPartOf":{"@id":"https:\/\/www.paytec.eu\/#website"},"datePublished":"2025-05-23T10:09:04+00:00","dateModified":"2025-05-26T08:59:38+00:00","breadcrumb":{"@id":"https:\/\/www.paytec.eu\/fr\/prodotto\/paybox-pos\/#breadcrumb"},"inLanguage":"fr-FR","potentialAction":[{"@type":"ReadAction","target":["https:\/\/www.paytec.eu\/fr\/prodotto\/paybox-pos\/"]}]},{"@type":"BreadcrumbList","@id":"https:\/\/www.paytec.eu\/fr\/prodotto\/paybox-pos\/#breadcrumb","itemListElement":[{"@type":"ListItem","position":1,"name":"Home","item":"https:\/\/www.paytec.eu\/fr\/"},{"@type":"ListItem","position":2,"name":"Boutique","item":"https:\/\/www.paytec.eu\/shop\/"},{"@type":"ListItem","position":3,"name":"Accessoires et Pi\u00e8ces de rechange","item":"https:\/\/www.paytec.eu\/fr\/categoria-prodotto\/accessoires-et-pieces-de-rechange\/"},{"@type":"ListItem","position":4,"name":"PAYBOX POS"}]},{"@type":"WebSite","@id":"https:\/\/www.paytec.eu\/#website","url":"https:\/\/www.paytec.eu\/","name":"Paytec","description":"Smart Payments for Vending","potentialAction":[{"@type":"SearchAction","target":{"@type":"EntryPoint","urlTemplate":"https:\/\/www.paytec.eu\/?s={search_term_string}"},"query-input":"required name=search_term_string"}],"inLanguage":"fr-FR"}]}},"_links":{"self":[{"href":"https:\/\/www.paytec.eu\/fr\/wp-json\/wp\/v2\/product\/19584","targetHints":{"allow":["GET"]}}],"collection":[{"href":"https:\/\/www.paytec.eu\/fr\/wp-json\/wp\/v2\/product"}],"about":[{"href":"https:\/\/www.paytec.eu\/fr\/wp-json\/wp\/v2\/types\/product"}],"wp:featuredmedia":[{"embeddable":true,"href":"https:\/\/www.paytec.eu\/fr\/wp-json\/wp\/v2\/media\/19568"}],"wp:attachment":[{"href":"https:\/\/www.paytec.eu\/fr\/wp-json\/wp\/v2\/media?parent=19584"}],"wp:term":[{"taxonomy":"product_cat","embeddable":true,"href":"https:\/\/www.paytec.eu\/fr\/wp-json\/wp\/v2\/product_cat?post=19584"},{"taxonomy":"product_tag","embeddable":true,"href":"https:\/\/www.paytec.eu\/fr\/wp-json\/wp\/v2\/product_tag?post=19584"}],"curies":[{"name":"wp","href":"https:\/\/api.w.org\/{rel}","templated":true}]}}