{"id":19807,"date":"2025-07-24T13:33:56","date_gmt":"2025-07-24T13:34:05","guid":{"rendered":"https:\/\/www.paytec.eu\/?post_type=product&#038;p=19807"},"modified":"2025-07-25T08:14:41","modified_gmt":"2025-07-25T08:14:41","slug":"sigma","status":"publish","type":"product","link":"https:\/\/www.paytec.eu\/fr\/prodotto\/sigma\/","title":{"rendered":"SIGMA"},"content":{"rendered":"<p>D\u00e9velopp\u00e9 sur la plateforme Android 11, SIGMA offre une exp\u00e9rience intuitive et est pr\u00eat pour de futures int\u00e9grations et applications. L\u2019\u00e9cran tactile de 5\u201d certifi\u00e9 IP65 et IK08 garantit la r\u00e9sistance aux agents atmosph\u00e9riques et \u00e0 l\u2019usure, le rendant id\u00e9al m\u00eame pour les environnements exigeants. Gr\u00e2ce \u00e0 la technologie PIN-on-screen, il permet des transactions rapides et s\u00e9curis\u00e9es, quelle que soit leur valeur.<br \/>\nSIGMA est \u00e9quip\u00e9 de connexions Wi-Fi, 4G et LAN, ainsi que d\u2019une carte SIM multi-op\u00e9rateur, garantissant une connectivit\u00e9 stable dans toutes les situations. Il supporte les niveaux MDB1 (\u201ccr\u00e9dit d\u2019abord\u201d) et MDB3 (\u201cs\u00e9lection d\u2019abord\u201d) et peut fonctionner comme cashless #1 ou #2, en s\u2019adaptant \u00e0 tout syst\u00e8me cashless. Associ\u00e9 \u00e0 une unit\u00e9 centrale Caiman, il permet \u00e9galement de charger du cr\u00e9dit sur des cl\u00e9s traditionnels, r\u00e9duisant consid\u00e9rablement l\u2019impact des frais bancaires.<br \/>\nLe terminal est pr\u00eat \u00e0 \u00eatre utilis\u00e9 en quelques jours, gr\u00e2ce \u00e0 un processus d\u2019inscription en ligne rapide. Il est livr\u00e9 avec un cadre de montage d\u00e9di\u00e9 et une antenne 4G pour garantir une flexibilit\u00e9 maximale. Un portail d\u00e9di\u00e9 permet une gestion compl\u00e8te des transactions, des rapports personnalis\u00e9s et des remboursements en un clic. Les fonds sont disponibles imm\u00e9diatement via une carte de d\u00e9bit connect\u00e9e au compte.<\/p>\n","protected":false},"excerpt":{"rendered":"<p>Le lecteur de cartes SIGMA est un terminal avanc\u00e9 pour les paiements \u00e9lectroniques avec cartes sans contact, cartes \u00e0 bande magn\u00e9tique, cartes \u00e0 puce et portefeuilles num\u00e9riques.<\/p>\n","protected":false},"featured_media":16629,"template":"","meta":[],"product_cat":[169],"product_tag":[],"class_list":["post-19807","product","type-product","status-publish","has-post-thumbnail","hentry","product_cat-numeriques"],"acf":[],"yoast_head":"<!-- This site is optimized with the Yoast SEO plugin v21.1 - https:\/\/yoast.com\/wordpress\/plugins\/seo\/ -->\n<title>Lecteur cartes bancaires pour le Vending SIGMA Paytec<\/title>\n<meta name=\"description\" content=\"Le lecteur de cartes bancaires SIGMA de Paytec est un POS d\u00e9velopp\u00e9 sp\u00e9cifiquement pour la vente automatique et imm\u00e9diatement op\u00e9rationnel.\" \/>\n<meta name=\"robots\" content=\"index, follow, max-snippet:-1, max-image-preview:large, max-video-preview:-1\" \/>\n<link rel=\"canonical\" href=\"https:\/\/www.paytec.eu\/fr\/prodotto\/sigma\/\" \/>\n<meta property=\"og:locale\" content=\"fr_FR\" \/>\n<meta property=\"og:type\" content=\"article\" \/>\n<meta property=\"og:title\" content=\"Lecteur cartes bancaires pour le Vending SIGMA Paytec\" \/>\n<meta property=\"og:description\" content=\"Le lecteur de cartes bancaires SIGMA de Paytec est un POS d\u00e9velopp\u00e9 sp\u00e9cifiquement pour la vente automatique et imm\u00e9diatement op\u00e9rationnel.\" \/>\n<meta property=\"og:url\" content=\"https:\/\/www.paytec.eu\/fr\/prodotto\/sigma\/\" \/>\n<meta property=\"og:site_name\" content=\"Paytec\" \/>\n<meta property=\"article:modified_time\" content=\"2025-07-25T08:14:41+00:00\" \/>\n<meta property=\"og:image\" content=\"https:\/\/www.paytec.eu\/wp-content\/uploads\/2024\/11\/SIGM_standby_EN-1024x817.png\" \/>\n\t<meta property=\"og:image:width\" content=\"1024\" \/>\n\t<meta property=\"og:image:height\" content=\"817\" \/>\n\t<meta property=\"og:image:type\" content=\"image\/png\" \/>\n<meta name=\"twitter:card\" content=\"summary_large_image\" \/>\n<meta name=\"twitter:label1\" content=\"Dur\u00e9e de lecture estim\u00e9e\" \/>\n\t<meta name=\"twitter:data1\" content=\"2 minutes\" \/>\n<script type=\"application\/ld+json\" class=\"yoast-schema-graph\">{\"@context\":\"https:\/\/schema.org\",\"@graph\":[{\"@type\":\"WebPage\",\"@id\":\"https:\/\/www.paytec.eu\/fr\/prodotto\/sigma\/\",\"url\":\"https:\/\/www.paytec.eu\/fr\/prodotto\/sigma\/\",\"name\":\"Lecteur cartes bancaires pour le Vending SIGMA Paytec\",\"isPartOf\":{\"@id\":\"https:\/\/www.paytec.eu\/#website\"},\"datePublished\":\"2025-07-24T13:34:05+00:00\",\"dateModified\":\"2025-07-25T08:14:41+00:00\",\"description\":\"Le lecteur de cartes bancaires SIGMA de Paytec est un POS d\u00e9velopp\u00e9 sp\u00e9cifiquement pour la vente automatique et imm\u00e9diatement op\u00e9rationnel.\",\"breadcrumb\":{\"@id\":\"https:\/\/www.paytec.eu\/fr\/prodotto\/sigma\/#breadcrumb\"},\"inLanguage\":\"fr-FR\",\"potentialAction\":[{\"@type\":\"ReadAction\",\"target\":[\"https:\/\/www.paytec.eu\/fr\/prodotto\/sigma\/\"]}]},{\"@type\":\"BreadcrumbList\",\"@id\":\"https:\/\/www.paytec.eu\/fr\/prodotto\/sigma\/#breadcrumb\",\"itemListElement\":[{\"@type\":\"ListItem\",\"position\":1,\"name\":\"Home\",\"item\":\"https:\/\/www.paytec.eu\/fr\/\"},{\"@type\":\"ListItem\",\"position\":2,\"name\":\"Boutique\",\"item\":\"https:\/\/www.paytec.eu\/shop\/\"},{\"@type\":\"ListItem\",\"position\":3,\"name\":\"Digitali\",\"item\":\"https:\/\/www.paytec.eu\/categoria-prodotto\/digitali\/\"},{\"@type\":\"ListItem\",\"position\":4,\"name\":\"SIGMA\"}]},{\"@type\":\"WebSite\",\"@id\":\"https:\/\/www.paytec.eu\/#website\",\"url\":\"https:\/\/www.paytec.eu\/\",\"name\":\"Paytec\",\"description\":\"Smart Payments for Vending\",\"potentialAction\":[{\"@type\":\"SearchAction\",\"target\":{\"@type\":\"EntryPoint\",\"urlTemplate\":\"https:\/\/www.paytec.eu\/?s={search_term_string}\"},\"query-input\":\"required name=search_term_string\"}],\"inLanguage\":\"fr-FR\"}]}<\/script>\n<!-- \/ Yoast SEO plugin. -->","yoast_head_json":{"title":"Lecteur cartes bancaires pour le Vending SIGMA Paytec","description":"Le lecteur de cartes bancaires SIGMA de Paytec est un POS d\u00e9velopp\u00e9 sp\u00e9cifiquement pour la vente automatique et imm\u00e9diatement op\u00e9rationnel.","robots":{"index":"index","follow":"follow","max-snippet":"max-snippet:-1","max-image-preview":"max-image-preview:large","max-video-preview":"max-video-preview:-1"},"canonical":"https:\/\/www.paytec.eu\/fr\/prodotto\/sigma\/","og_locale":"fr_FR","og_type":"article","og_title":"Lecteur cartes bancaires pour le Vending SIGMA Paytec","og_description":"Le lecteur de cartes bancaires SIGMA de Paytec est un POS d\u00e9velopp\u00e9 sp\u00e9cifiquement pour la vente automatique et imm\u00e9diatement op\u00e9rationnel.","og_url":"https:\/\/www.paytec.eu\/fr\/prodotto\/sigma\/","og_site_name":"Paytec","article_modified_time":"2025-07-25T08:14:41+00:00","og_image":[{"width":1024,"height":817,"url":"https:\/\/www.paytec.eu\/wp-content\/uploads\/2024\/11\/SIGM_standby_EN-1024x817.png","type":"image\/png"}],"twitter_card":"summary_large_image","twitter_misc":{"Dur\u00e9e de lecture estim\u00e9e":"2 minutes"},"schema":{"@context":"https:\/\/schema.org","@graph":[{"@type":"WebPage","@id":"https:\/\/www.paytec.eu\/fr\/prodotto\/sigma\/","url":"https:\/\/www.paytec.eu\/fr\/prodotto\/sigma\/","name":"Lecteur cartes bancaires pour le Vending SIGMA Paytec","isPartOf":{"@id":"https:\/\/www.paytec.eu\/#website"},"datePublished":"2025-07-24T13:34:05+00:00","dateModified":"2025-07-25T08:14:41+00:00","description":"Le lecteur de cartes bancaires SIGMA de Paytec est un POS d\u00e9velopp\u00e9 sp\u00e9cifiquement pour la vente automatique et imm\u00e9diatement op\u00e9rationnel.","breadcrumb":{"@id":"https:\/\/www.paytec.eu\/fr\/prodotto\/sigma\/#breadcrumb"},"inLanguage":"fr-FR","potentialAction":[{"@type":"ReadAction","target":["https:\/\/www.paytec.eu\/fr\/prodotto\/sigma\/"]}]},{"@type":"BreadcrumbList","@id":"https:\/\/www.paytec.eu\/fr\/prodotto\/sigma\/#breadcrumb","itemListElement":[{"@type":"ListItem","position":1,"name":"Home","item":"https:\/\/www.paytec.eu\/fr\/"},{"@type":"ListItem","position":2,"name":"Boutique","item":"https:\/\/www.paytec.eu\/shop\/"},{"@type":"ListItem","position":3,"name":"Digitali","item":"https:\/\/www.paytec.eu\/categoria-prodotto\/digitali\/"},{"@type":"ListItem","position":4,"name":"SIGMA"}]},{"@type":"WebSite","@id":"https:\/\/www.paytec.eu\/#website","url":"https:\/\/www.paytec.eu\/","name":"Paytec","description":"Smart Payments for Vending","potentialAction":[{"@type":"SearchAction","target":{"@type":"EntryPoint","urlTemplate":"https:\/\/www.paytec.eu\/?s={search_term_string}"},"query-input":"required name=search_term_string"}],"inLanguage":"fr-FR"}]}},"_links":{"self":[{"href":"https:\/\/www.paytec.eu\/fr\/wp-json\/wp\/v2\/product\/19807","targetHints":{"allow":["GET"]}}],"collection":[{"href":"https:\/\/www.paytec.eu\/fr\/wp-json\/wp\/v2\/product"}],"about":[{"href":"https:\/\/www.paytec.eu\/fr\/wp-json\/wp\/v2\/types\/product"}],"wp:featuredmedia":[{"embeddable":true,"href":"https:\/\/www.paytec.eu\/fr\/wp-json\/wp\/v2\/media\/16629"}],"wp:attachment":[{"href":"https:\/\/www.paytec.eu\/fr\/wp-json\/wp\/v2\/media?parent=19807"}],"wp:term":[{"taxonomy":"product_cat","embeddable":true,"href":"https:\/\/www.paytec.eu\/fr\/wp-json\/wp\/v2\/product_cat?post=19807"},{"taxonomy":"product_tag","embeddable":true,"href":"https:\/\/www.paytec.eu\/fr\/wp-json\/wp\/v2\/product_tag?post=19807"}],"curies":[{"name":"wp","href":"https:\/\/api.w.org\/{rel}","templated":true}]}}