{"id":6591,"date":"2021-12-31T17:41:51","date_gmt":"2022-01-03T14:16:02","guid":{"rendered":"https:\/\/www.paytec.eu\/prodotto\/cle-de-donnees-128k-noir\/"},"modified":"2025-05-08T09:05:21","modified_gmt":"2025-05-08T09:05:21","slug":"cle-donnees-vending","status":"publish","type":"product","link":"https:\/\/www.paytec.eu\/fr\/prodotto\/cle-donnees-vending\/","title":{"rendered":"CL\u00c9 DE DONN\u00c9ES 128K NOIR"},"content":{"rendered":"<p>Avec 128 Kb de m\u00e9moire et une batterie lithium int\u00e9gr\u00e9e, la Cl\u00e9 de Donn\u00e9es Paytec permet une grande praticit\u00e9 et autonomie sur le terrain.<br \/>\nLa cl\u00e9 de donn\u00e9es est ensuite lue par le programmeur sp\u00e9cial Caiman, qui transf\u00e8re les donn\u00e9es \u00e0 un PC pour leur traitement ult\u00e9rieur.<br \/>\nLa collecte de donn\u00e9es peut \u00e9galement avoir lieu en mode Audit \u00e9tendu.<br \/>\nLa Cl\u00e9 de Donn\u00e9es ainsi que la Carte de Donn\u00e9es permettent \u00e9galement la configuration des syst\u00e8mes Caiman sur le terrain.<\/p>\n","protected":false},"excerpt":{"rendered":"<p>Gr\u00e2ce \u00e0 la Cl\u00e9 de Donn\u00e9es, il est possible de r\u00e9cup\u00e9rer les donn\u00e9es d&rsquo;audit d&rsquo;un ou plusieurs syst\u00e8mes de paiement Caiman PIT.<\/p>\n","protected":false},"featured_media":6125,"template":"","meta":[],"product_cat":[122],"product_tag":[],"class_list":["post-6591","product","type-product","status-publish","has-post-thumbnail","hentry","tipologia-accessoires-cashless-fr","product_cat-accessoires-et-pieces-de-rechange"],"acf":[],"yoast_head":"<!-- This site is optimized with the Yoast SEO plugin v21.1 - https:\/\/yoast.com\/wordpress\/plugins\/seo\/ -->\n<title>Cl\u00e9 de Donn\u00e9es pour syst\u00e8mes de paiement Paytec<\/title>\n<meta name=\"description\" content=\"La Cl\u00e9 de Donn\u00e9es permet de r\u00e9cup\u00e9rer les donn\u00e9es d&#039;Audit des lecteurs de cl\u00e9s install\u00e9s dans les distributeurs automatiques. Disponible sur www.paytec.eu.\" \/>\n<meta name=\"robots\" content=\"index, follow, max-snippet:-1, max-image-preview:large, max-video-preview:-1\" \/>\n<link rel=\"canonical\" href=\"https:\/\/www.paytec.eu\/fr\/prodotto\/cle-donnees-vending\/\" \/>\n<meta property=\"og:locale\" content=\"fr_FR\" \/>\n<meta property=\"og:type\" content=\"article\" \/>\n<meta property=\"og:title\" content=\"Cl\u00e9 de Donn\u00e9es pour syst\u00e8mes de paiement Paytec\" \/>\n<meta property=\"og:description\" content=\"La Cl\u00e9 de Donn\u00e9es permet de r\u00e9cup\u00e9rer les donn\u00e9es d&#039;Audit des lecteurs de cl\u00e9s install\u00e9s dans les distributeurs automatiques. Disponible sur www.paytec.eu.\" \/>\n<meta property=\"og:url\" content=\"https:\/\/www.paytec.eu\/fr\/prodotto\/cle-donnees-vending\/\" \/>\n<meta property=\"og:site_name\" content=\"Paytec\" \/>\n<meta property=\"article:modified_time\" content=\"2025-05-08T09:05:21+00:00\" \/>\n<meta property=\"og:image\" content=\"https:\/\/www.paytec.eu\/wp-content\/uploads\/2021\/12\/data-key-128k-nera.jpg\" \/>\n\t<meta property=\"og:image:width\" content=\"744\" \/>\n\t<meta property=\"og:image:height\" content=\"800\" \/>\n\t<meta property=\"og:image:type\" content=\"image\/jpeg\" \/>\n<meta name=\"twitter:card\" content=\"summary_large_image\" \/>\n<meta name=\"twitter:label1\" content=\"Dur\u00e9e de lecture estim\u00e9e\" \/>\n\t<meta name=\"twitter:data1\" content=\"1 minute\" \/>\n<script type=\"application\/ld+json\" class=\"yoast-schema-graph\">{\"@context\":\"https:\/\/schema.org\",\"@graph\":[{\"@type\":\"WebPage\",\"@id\":\"https:\/\/www.paytec.eu\/fr\/prodotto\/cle-donnees-vending\/\",\"url\":\"https:\/\/www.paytec.eu\/fr\/prodotto\/cle-donnees-vending\/\",\"name\":\"Cl\u00e9 de Donn\u00e9es pour syst\u00e8mes de paiement Paytec\",\"isPartOf\":{\"@id\":\"https:\/\/www.paytec.eu\/#website\"},\"datePublished\":\"2022-01-03T14:16:02+00:00\",\"dateModified\":\"2025-05-08T09:05:21+00:00\",\"description\":\"La Cl\u00e9 de Donn\u00e9es permet de r\u00e9cup\u00e9rer les donn\u00e9es d'Audit des lecteurs de cl\u00e9s install\u00e9s dans les distributeurs automatiques. Disponible sur www.paytec.eu.\",\"breadcrumb\":{\"@id\":\"https:\/\/www.paytec.eu\/fr\/prodotto\/cle-donnees-vending\/#breadcrumb\"},\"inLanguage\":\"fr-FR\",\"potentialAction\":[{\"@type\":\"ReadAction\",\"target\":[\"https:\/\/www.paytec.eu\/fr\/prodotto\/cle-donnees-vending\/\"]}]},{\"@type\":\"BreadcrumbList\",\"@id\":\"https:\/\/www.paytec.eu\/fr\/prodotto\/cle-donnees-vending\/#breadcrumb\",\"itemListElement\":[{\"@type\":\"ListItem\",\"position\":1,\"name\":\"Home\",\"item\":\"https:\/\/www.paytec.eu\/fr\/\"},{\"@type\":\"ListItem\",\"position\":2,\"name\":\"Boutique\",\"item\":\"https:\/\/www.paytec.eu\/shop\/\"},{\"@type\":\"ListItem\",\"position\":3,\"name\":\"Accessoires et Pi\u00e8ces de rechange\",\"item\":\"https:\/\/www.paytec.eu\/fr\/categoria-prodotto\/accessoires-et-pieces-de-rechange\/\"},{\"@type\":\"ListItem\",\"position\":4,\"name\":\"CL\u00c9 DE DONN\u00c9ES 128K NOIR\"}]},{\"@type\":\"WebSite\",\"@id\":\"https:\/\/www.paytec.eu\/#website\",\"url\":\"https:\/\/www.paytec.eu\/\",\"name\":\"Paytec\",\"description\":\"Smart Payments for Vending\",\"potentialAction\":[{\"@type\":\"SearchAction\",\"target\":{\"@type\":\"EntryPoint\",\"urlTemplate\":\"https:\/\/www.paytec.eu\/?s={search_term_string}\"},\"query-input\":\"required name=search_term_string\"}],\"inLanguage\":\"fr-FR\"}]}<\/script>\n<!-- \/ Yoast SEO plugin. -->","yoast_head_json":{"title":"Cl\u00e9 de Donn\u00e9es pour syst\u00e8mes de paiement Paytec","description":"La Cl\u00e9 de Donn\u00e9es permet de r\u00e9cup\u00e9rer les donn\u00e9es d'Audit des lecteurs de cl\u00e9s install\u00e9s dans les distributeurs automatiques. Disponible sur www.paytec.eu.","robots":{"index":"index","follow":"follow","max-snippet":"max-snippet:-1","max-image-preview":"max-image-preview:large","max-video-preview":"max-video-preview:-1"},"canonical":"https:\/\/www.paytec.eu\/fr\/prodotto\/cle-donnees-vending\/","og_locale":"fr_FR","og_type":"article","og_title":"Cl\u00e9 de Donn\u00e9es pour syst\u00e8mes de paiement Paytec","og_description":"La Cl\u00e9 de Donn\u00e9es permet de r\u00e9cup\u00e9rer les donn\u00e9es d'Audit des lecteurs de cl\u00e9s install\u00e9s dans les distributeurs automatiques. Disponible sur www.paytec.eu.","og_url":"https:\/\/www.paytec.eu\/fr\/prodotto\/cle-donnees-vending\/","og_site_name":"Paytec","article_modified_time":"2025-05-08T09:05:21+00:00","og_image":[{"width":744,"height":800,"url":"https:\/\/www.paytec.eu\/wp-content\/uploads\/2021\/12\/data-key-128k-nera.jpg","type":"image\/jpeg"}],"twitter_card":"summary_large_image","twitter_misc":{"Dur\u00e9e de lecture estim\u00e9e":"1 minute"},"schema":{"@context":"https:\/\/schema.org","@graph":[{"@type":"WebPage","@id":"https:\/\/www.paytec.eu\/fr\/prodotto\/cle-donnees-vending\/","url":"https:\/\/www.paytec.eu\/fr\/prodotto\/cle-donnees-vending\/","name":"Cl\u00e9 de Donn\u00e9es pour syst\u00e8mes de paiement Paytec","isPartOf":{"@id":"https:\/\/www.paytec.eu\/#website"},"datePublished":"2022-01-03T14:16:02+00:00","dateModified":"2025-05-08T09:05:21+00:00","description":"La Cl\u00e9 de Donn\u00e9es permet de r\u00e9cup\u00e9rer les donn\u00e9es d'Audit des lecteurs de cl\u00e9s install\u00e9s dans les distributeurs automatiques. Disponible sur www.paytec.eu.","breadcrumb":{"@id":"https:\/\/www.paytec.eu\/fr\/prodotto\/cle-donnees-vending\/#breadcrumb"},"inLanguage":"fr-FR","potentialAction":[{"@type":"ReadAction","target":["https:\/\/www.paytec.eu\/fr\/prodotto\/cle-donnees-vending\/"]}]},{"@type":"BreadcrumbList","@id":"https:\/\/www.paytec.eu\/fr\/prodotto\/cle-donnees-vending\/#breadcrumb","itemListElement":[{"@type":"ListItem","position":1,"name":"Home","item":"https:\/\/www.paytec.eu\/fr\/"},{"@type":"ListItem","position":2,"name":"Boutique","item":"https:\/\/www.paytec.eu\/shop\/"},{"@type":"ListItem","position":3,"name":"Accessoires et Pi\u00e8ces de rechange","item":"https:\/\/www.paytec.eu\/fr\/categoria-prodotto\/accessoires-et-pieces-de-rechange\/"},{"@type":"ListItem","position":4,"name":"CL\u00c9 DE DONN\u00c9ES 128K NOIR"}]},{"@type":"WebSite","@id":"https:\/\/www.paytec.eu\/#website","url":"https:\/\/www.paytec.eu\/","name":"Paytec","description":"Smart Payments for Vending","potentialAction":[{"@type":"SearchAction","target":{"@type":"EntryPoint","urlTemplate":"https:\/\/www.paytec.eu\/?s={search_term_string}"},"query-input":"required name=search_term_string"}],"inLanguage":"fr-FR"}]}},"_links":{"self":[{"href":"https:\/\/www.paytec.eu\/fr\/wp-json\/wp\/v2\/product\/6591","targetHints":{"allow":["GET"]}}],"collection":[{"href":"https:\/\/www.paytec.eu\/fr\/wp-json\/wp\/v2\/product"}],"about":[{"href":"https:\/\/www.paytec.eu\/fr\/wp-json\/wp\/v2\/types\/product"}],"wp:featuredmedia":[{"embeddable":true,"href":"https:\/\/www.paytec.eu\/fr\/wp-json\/wp\/v2\/media\/6125"}],"wp:attachment":[{"href":"https:\/\/www.paytec.eu\/fr\/wp-json\/wp\/v2\/media?parent=6591"}],"wp:term":[{"taxonomy":"product_cat","embeddable":true,"href":"https:\/\/www.paytec.eu\/fr\/wp-json\/wp\/v2\/product_cat?post=6591"},{"taxonomy":"product_tag","embeddable":true,"href":"https:\/\/www.paytec.eu\/fr\/wp-json\/wp\/v2\/product_tag?post=6591"}],"curies":[{"name":"wp","href":"https:\/\/api.w.org\/{rel}","templated":true}]}}