{"id":6592,"date":"2021-12-31T17:40:03","date_gmt":"2022-01-03T14:16:50","guid":{"rendered":"https:\/\/www.paytec.eu\/prodotto\/cable-dinterface-tritech\/"},"modified":"2023-10-25T09:51:28","modified_gmt":"2023-10-25T09:51:28","slug":"cable-interface-tritech","status":"publish","type":"product","link":"https:\/\/www.paytec.eu\/fr\/prodotto\/cable-interface-tritech\/","title":{"rendered":"C\u00c2BLE D&rsquo;INTERFACE TRITECH"},"content":{"rendered":"<p>Le c\u00e2ble TriTech permet d&rsquo;interfacer les machines de la famille \u00ab\u00a0TriTech\u00a0\u00bb produites par FAS aux syst\u00e8mes cashless Caiman de Paytec. De cette fa\u00e7on, les cl\u00e9s sont charg\u00e9es de cr\u00e9dits sp\u00e9ciaux correspondant au d\u00e9chiquetage des verres, qui peuvent \u00eatre \u00e9chang\u00e9s ensuite.<\/p>\n","protected":false},"excerpt":{"rendered":"<p>Le c\u00e2ble TriTech permet d&rsquo;interfacer les machines de la famille \u00ab TriTech \u00bb produites par FAS aux syst\u00e8mes cashless Caiman de Paytec. De cette fa\u00e7on, les cl\u00e9s sont charg\u00e9es de cr\u00e9dits sp\u00e9ciaux correspondant au d\u00e9chiquetage des verres, qui peuvent \u00eatre \u00e9chang\u00e9s ensuite.<\/p>\n","protected":false},"featured_media":6119,"template":"","meta":[],"product_cat":[122],"product_tag":[],"class_list":["post-6592","product","type-product","status-publish","has-post-thumbnail","hentry","tipologia-accessoires-cashless-fr","product_cat-accessoires-et-pieces-de-rechange"],"acf":[],"yoast_head":"<!-- This site is optimized with the Yoast SEO plugin v21.1 - https:\/\/yoast.com\/wordpress\/plugins\/seo\/ -->\n<title>c\u00e2ble TriTech de Paytec pour distributeurs automatiques FAS<\/title>\n<meta name=\"description\" content=\"Le c\u00e2ble TriTech permet d&#039;interfacer les distributeurs automatiques de la famille FAS &quot;TriTech&quot; avec les syst\u00e8mes cashless Caiman de Paytec.\" \/>\n<meta name=\"robots\" content=\"index, follow, max-snippet:-1, max-image-preview:large, max-video-preview:-1\" \/>\n<link rel=\"canonical\" href=\"https:\/\/www.paytec.eu\/fr\/prodotto\/cable-interface-tritech\/\" \/>\n<meta property=\"og:locale\" content=\"fr_FR\" \/>\n<meta property=\"og:type\" content=\"article\" \/>\n<meta property=\"og:title\" content=\"c\u00e2ble TriTech de Paytec pour distributeurs automatiques FAS\" \/>\n<meta property=\"og:description\" content=\"Le c\u00e2ble TriTech permet d&#039;interfacer les distributeurs automatiques de la famille FAS &quot;TriTech&quot; avec les syst\u00e8mes cashless Caiman de Paytec.\" \/>\n<meta property=\"og:url\" content=\"https:\/\/www.paytec.eu\/fr\/prodotto\/cable-interface-tritech\/\" \/>\n<meta property=\"og:site_name\" content=\"Paytec\" \/>\n<meta property=\"article:modified_time\" content=\"2023-10-25T09:51:28+00:00\" \/>\n<meta property=\"og:image\" content=\"https:\/\/www.paytec.eu\/wp-content\/uploads\/2021\/12\/cavo-interfaccia-tritech.jpg\" \/>\n\t<meta property=\"og:image:width\" content=\"744\" \/>\n\t<meta property=\"og:image:height\" content=\"800\" \/>\n\t<meta property=\"og:image:type\" content=\"image\/jpeg\" \/>\n<meta name=\"twitter:card\" content=\"summary_large_image\" \/>\n<meta name=\"twitter:label1\" content=\"Dur\u00e9e de lecture estim\u00e9e\" \/>\n\t<meta name=\"twitter:data1\" content=\"1 minute\" \/>\n<script type=\"application\/ld+json\" class=\"yoast-schema-graph\">{\"@context\":\"https:\/\/schema.org\",\"@graph\":[{\"@type\":\"WebPage\",\"@id\":\"https:\/\/www.paytec.eu\/fr\/prodotto\/cable-interface-tritech\/\",\"url\":\"https:\/\/www.paytec.eu\/fr\/prodotto\/cable-interface-tritech\/\",\"name\":\"c\u00e2ble TriTech de Paytec pour distributeurs automatiques FAS\",\"isPartOf\":{\"@id\":\"https:\/\/www.paytec.eu\/#website\"},\"datePublished\":\"2022-01-03T14:16:50+00:00\",\"dateModified\":\"2023-10-25T09:51:28+00:00\",\"description\":\"Le c\u00e2ble TriTech permet d'interfacer les distributeurs automatiques de la famille FAS \\\"TriTech\\\" avec les syst\u00e8mes cashless Caiman de Paytec.\",\"breadcrumb\":{\"@id\":\"https:\/\/www.paytec.eu\/fr\/prodotto\/cable-interface-tritech\/#breadcrumb\"},\"inLanguage\":\"fr-FR\",\"potentialAction\":[{\"@type\":\"ReadAction\",\"target\":[\"https:\/\/www.paytec.eu\/fr\/prodotto\/cable-interface-tritech\/\"]}]},{\"@type\":\"BreadcrumbList\",\"@id\":\"https:\/\/www.paytec.eu\/fr\/prodotto\/cable-interface-tritech\/#breadcrumb\",\"itemListElement\":[{\"@type\":\"ListItem\",\"position\":1,\"name\":\"Home\",\"item\":\"https:\/\/www.paytec.eu\/fr\/\"},{\"@type\":\"ListItem\",\"position\":2,\"name\":\"Boutique\",\"item\":\"https:\/\/www.paytec.eu\/shop\/\"},{\"@type\":\"ListItem\",\"position\":3,\"name\":\"Accessoires et Pi\u00e8ces de rechange\",\"item\":\"https:\/\/www.paytec.eu\/fr\/categoria-prodotto\/accessoires-et-pieces-de-rechange\/\"},{\"@type\":\"ListItem\",\"position\":4,\"name\":\"C\u00c2BLE D&#8217;INTERFACE TRITECH\"}]},{\"@type\":\"WebSite\",\"@id\":\"https:\/\/www.paytec.eu\/#website\",\"url\":\"https:\/\/www.paytec.eu\/\",\"name\":\"Paytec\",\"description\":\"Smart Payments for Vending\",\"potentialAction\":[{\"@type\":\"SearchAction\",\"target\":{\"@type\":\"EntryPoint\",\"urlTemplate\":\"https:\/\/www.paytec.eu\/?s={search_term_string}\"},\"query-input\":\"required name=search_term_string\"}],\"inLanguage\":\"fr-FR\"}]}<\/script>\n<!-- \/ Yoast SEO plugin. -->","yoast_head_json":{"title":"c\u00e2ble TriTech de Paytec pour distributeurs automatiques FAS","description":"Le c\u00e2ble TriTech permet d'interfacer les distributeurs automatiques de la famille FAS \"TriTech\" avec les syst\u00e8mes cashless Caiman de Paytec.","robots":{"index":"index","follow":"follow","max-snippet":"max-snippet:-1","max-image-preview":"max-image-preview:large","max-video-preview":"max-video-preview:-1"},"canonical":"https:\/\/www.paytec.eu\/fr\/prodotto\/cable-interface-tritech\/","og_locale":"fr_FR","og_type":"article","og_title":"c\u00e2ble TriTech de Paytec pour distributeurs automatiques FAS","og_description":"Le c\u00e2ble TriTech permet d'interfacer les distributeurs automatiques de la famille FAS \"TriTech\" avec les syst\u00e8mes cashless Caiman de Paytec.","og_url":"https:\/\/www.paytec.eu\/fr\/prodotto\/cable-interface-tritech\/","og_site_name":"Paytec","article_modified_time":"2023-10-25T09:51:28+00:00","og_image":[{"width":744,"height":800,"url":"https:\/\/www.paytec.eu\/wp-content\/uploads\/2021\/12\/cavo-interfaccia-tritech.jpg","type":"image\/jpeg"}],"twitter_card":"summary_large_image","twitter_misc":{"Dur\u00e9e de lecture estim\u00e9e":"1 minute"},"schema":{"@context":"https:\/\/schema.org","@graph":[{"@type":"WebPage","@id":"https:\/\/www.paytec.eu\/fr\/prodotto\/cable-interface-tritech\/","url":"https:\/\/www.paytec.eu\/fr\/prodotto\/cable-interface-tritech\/","name":"c\u00e2ble TriTech de Paytec pour distributeurs automatiques FAS","isPartOf":{"@id":"https:\/\/www.paytec.eu\/#website"},"datePublished":"2022-01-03T14:16:50+00:00","dateModified":"2023-10-25T09:51:28+00:00","description":"Le c\u00e2ble TriTech permet d'interfacer les distributeurs automatiques de la famille FAS \"TriTech\" avec les syst\u00e8mes cashless Caiman de Paytec.","breadcrumb":{"@id":"https:\/\/www.paytec.eu\/fr\/prodotto\/cable-interface-tritech\/#breadcrumb"},"inLanguage":"fr-FR","potentialAction":[{"@type":"ReadAction","target":["https:\/\/www.paytec.eu\/fr\/prodotto\/cable-interface-tritech\/"]}]},{"@type":"BreadcrumbList","@id":"https:\/\/www.paytec.eu\/fr\/prodotto\/cable-interface-tritech\/#breadcrumb","itemListElement":[{"@type":"ListItem","position":1,"name":"Home","item":"https:\/\/www.paytec.eu\/fr\/"},{"@type":"ListItem","position":2,"name":"Boutique","item":"https:\/\/www.paytec.eu\/shop\/"},{"@type":"ListItem","position":3,"name":"Accessoires et Pi\u00e8ces de rechange","item":"https:\/\/www.paytec.eu\/fr\/categoria-prodotto\/accessoires-et-pieces-de-rechange\/"},{"@type":"ListItem","position":4,"name":"C\u00c2BLE D&#8217;INTERFACE TRITECH"}]},{"@type":"WebSite","@id":"https:\/\/www.paytec.eu\/#website","url":"https:\/\/www.paytec.eu\/","name":"Paytec","description":"Smart Payments for Vending","potentialAction":[{"@type":"SearchAction","target":{"@type":"EntryPoint","urlTemplate":"https:\/\/www.paytec.eu\/?s={search_term_string}"},"query-input":"required name=search_term_string"}],"inLanguage":"fr-FR"}]}},"_links":{"self":[{"href":"https:\/\/www.paytec.eu\/fr\/wp-json\/wp\/v2\/product\/6592","targetHints":{"allow":["GET"]}}],"collection":[{"href":"https:\/\/www.paytec.eu\/fr\/wp-json\/wp\/v2\/product"}],"about":[{"href":"https:\/\/www.paytec.eu\/fr\/wp-json\/wp\/v2\/types\/product"}],"wp:featuredmedia":[{"embeddable":true,"href":"https:\/\/www.paytec.eu\/fr\/wp-json\/wp\/v2\/media\/6119"}],"wp:attachment":[{"href":"https:\/\/www.paytec.eu\/fr\/wp-json\/wp\/v2\/media?parent=6592"}],"wp:term":[{"taxonomy":"product_cat","embeddable":true,"href":"https:\/\/www.paytec.eu\/fr\/wp-json\/wp\/v2\/product_cat?post=6592"},{"taxonomy":"product_tag","embeddable":true,"href":"https:\/\/www.paytec.eu\/fr\/wp-json\/wp\/v2\/product_tag?post=6592"}],"curies":[{"name":"wp","href":"https:\/\/api.w.org\/{rel}","templated":true}]}}