{"id":6596,"date":"2021-12-31T17:32:18","date_gmt":"2022-01-03T14:19:51","guid":{"rendered":"https:\/\/www.paytec.eu\/prodotto\/cable-serie-cpu-caiman-pour-peripherique-mdb\/"},"modified":"2023-10-25T09:32:00","modified_gmt":"2023-10-25T09:32:00","slug":"cable-seriel-caiman-cpu-pour-peripherique-mdb","status":"publish","type":"product","link":"https:\/\/www.paytec.eu\/fr\/prodotto\/cable-seriel-caiman-cpu-pour-peripherique-mdb\/","title":{"rendered":"C\u00c2BLE S\u00c9RIEL CPU CAIMAN pour P\u00c9RIPH\u00c9RIQUE MDB (5pz)"},"content":{"rendered":"<p>Cable s\u00e9riel MDB Caiman de rechange pour connecter les p\u00e9riph\u00e9riques MDB \u00e0 l&rsquo;unit\u00e9 centrale Caiman. Vendu en kits de 5 pi\u00e8ces.<\/p>\n<p>Non compatible avec le nouveau mod\u00e8le Caiman2.<\/p>\n","protected":false},"excerpt":{"rendered":"<p>Cable s\u00e9riel MDB Caiman de rechange pour connecter les p\u00e9riph\u00e9riques MDB \u00e0 l&rsquo;unit\u00e9 centrale Caiman. Vendu en kits de 5 pi\u00e8ces. Non compatible avec le nouveau mod\u00e8le Caiman2.<\/p>\n","protected":false},"featured_media":6101,"template":"","meta":[],"product_cat":[122],"product_tag":[],"class_list":["post-6596","product","type-product","status-publish","has-post-thumbnail","hentry","tipologia-accessoires-cashless-fr","product_cat-accessoires-et-pieces-de-rechange"],"acf":[],"yoast_head":"<!-- This site is optimized with the Yoast SEO plugin v21.1 - https:\/\/yoast.com\/wordpress\/plugins\/seo\/ -->\n<title>Cable s\u00e9riel MDB Caiman CPU - Paytec<\/title>\n<meta name=\"description\" content=\"Cable s\u00e9riel MDB Caiman de rechange pour connecter les p\u00e9riph\u00e9riques MDB \u00e0 l&#039;unit\u00e9 centrale Caiman - Achetez-le sur le site paytec.eu\" \/>\n<meta name=\"robots\" content=\"index, follow, max-snippet:-1, max-image-preview:large, max-video-preview:-1\" \/>\n<link rel=\"canonical\" href=\"https:\/\/www.paytec.eu\/fr\/prodotto\/cable-seriel-caiman-cpu-pour-peripherique-mdb\/\" \/>\n<meta property=\"og:locale\" content=\"fr_FR\" \/>\n<meta property=\"og:type\" content=\"article\" \/>\n<meta property=\"og:title\" content=\"Cable s\u00e9riel MDB Caiman CPU - Paytec\" \/>\n<meta property=\"og:description\" content=\"Cable s\u00e9riel MDB Caiman de rechange pour connecter les p\u00e9riph\u00e9riques MDB \u00e0 l&#039;unit\u00e9 centrale Caiman - Achetez-le sur le site paytec.eu\" \/>\n<meta property=\"og:url\" content=\"https:\/\/www.paytec.eu\/fr\/prodotto\/cable-seriel-caiman-cpu-pour-peripherique-mdb\/\" \/>\n<meta property=\"og:site_name\" content=\"Paytec\" \/>\n<meta property=\"article:modified_time\" content=\"2023-10-25T09:32:00+00:00\" \/>\n<meta property=\"og:image\" content=\"https:\/\/www.paytec.eu\/wp-content\/uploads\/2021\/12\/cavo-seriale-caiman-cpu-per-periferica-mdb.jpg\" \/>\n\t<meta property=\"og:image:width\" content=\"744\" \/>\n\t<meta property=\"og:image:height\" content=\"800\" \/>\n\t<meta property=\"og:image:type\" content=\"image\/jpeg\" \/>\n<meta name=\"twitter:card\" content=\"summary_large_image\" \/>\n<meta name=\"twitter:label1\" content=\"Dur\u00e9e de lecture estim\u00e9e\" \/>\n\t<meta name=\"twitter:data1\" content=\"1 minute\" \/>\n<script type=\"application\/ld+json\" class=\"yoast-schema-graph\">{\"@context\":\"https:\/\/schema.org\",\"@graph\":[{\"@type\":\"WebPage\",\"@id\":\"https:\/\/www.paytec.eu\/fr\/prodotto\/cable-seriel-caiman-cpu-pour-peripherique-mdb\/\",\"url\":\"https:\/\/www.paytec.eu\/fr\/prodotto\/cable-seriel-caiman-cpu-pour-peripherique-mdb\/\",\"name\":\"Cable s\u00e9riel MDB Caiman CPU - Paytec\",\"isPartOf\":{\"@id\":\"https:\/\/www.paytec.eu\/#website\"},\"datePublished\":\"2022-01-03T14:19:51+00:00\",\"dateModified\":\"2023-10-25T09:32:00+00:00\",\"description\":\"Cable s\u00e9riel MDB Caiman de rechange pour connecter les p\u00e9riph\u00e9riques MDB \u00e0 l'unit\u00e9 centrale Caiman - Achetez-le sur le site paytec.eu\",\"breadcrumb\":{\"@id\":\"https:\/\/www.paytec.eu\/fr\/prodotto\/cable-seriel-caiman-cpu-pour-peripherique-mdb\/#breadcrumb\"},\"inLanguage\":\"fr-FR\",\"potentialAction\":[{\"@type\":\"ReadAction\",\"target\":[\"https:\/\/www.paytec.eu\/fr\/prodotto\/cable-seriel-caiman-cpu-pour-peripherique-mdb\/\"]}]},{\"@type\":\"BreadcrumbList\",\"@id\":\"https:\/\/www.paytec.eu\/fr\/prodotto\/cable-seriel-caiman-cpu-pour-peripherique-mdb\/#breadcrumb\",\"itemListElement\":[{\"@type\":\"ListItem\",\"position\":1,\"name\":\"Home\",\"item\":\"https:\/\/www.paytec.eu\/fr\/\"},{\"@type\":\"ListItem\",\"position\":2,\"name\":\"Boutique\",\"item\":\"https:\/\/www.paytec.eu\/shop\/\"},{\"@type\":\"ListItem\",\"position\":3,\"name\":\"Accessoires et Pi\u00e8ces de rechange\",\"item\":\"https:\/\/www.paytec.eu\/fr\/categoria-prodotto\/accessoires-et-pieces-de-rechange\/\"},{\"@type\":\"ListItem\",\"position\":4,\"name\":\"C\u00c2BLE S\u00c9RIEL CPU CAIMAN pour P\u00c9RIPH\u00c9RIQUE MDB (5pz)\"}]},{\"@type\":\"WebSite\",\"@id\":\"https:\/\/www.paytec.eu\/#website\",\"url\":\"https:\/\/www.paytec.eu\/\",\"name\":\"Paytec\",\"description\":\"Smart Payments for Vending\",\"potentialAction\":[{\"@type\":\"SearchAction\",\"target\":{\"@type\":\"EntryPoint\",\"urlTemplate\":\"https:\/\/www.paytec.eu\/?s={search_term_string}\"},\"query-input\":\"required name=search_term_string\"}],\"inLanguage\":\"fr-FR\"}]}<\/script>\n<!-- \/ Yoast SEO plugin. -->","yoast_head_json":{"title":"Cable s\u00e9riel MDB Caiman CPU - Paytec","description":"Cable s\u00e9riel MDB Caiman de rechange pour connecter les p\u00e9riph\u00e9riques MDB \u00e0 l'unit\u00e9 centrale Caiman - Achetez-le sur le site paytec.eu","robots":{"index":"index","follow":"follow","max-snippet":"max-snippet:-1","max-image-preview":"max-image-preview:large","max-video-preview":"max-video-preview:-1"},"canonical":"https:\/\/www.paytec.eu\/fr\/prodotto\/cable-seriel-caiman-cpu-pour-peripherique-mdb\/","og_locale":"fr_FR","og_type":"article","og_title":"Cable s\u00e9riel MDB Caiman CPU - Paytec","og_description":"Cable s\u00e9riel MDB Caiman de rechange pour connecter les p\u00e9riph\u00e9riques MDB \u00e0 l'unit\u00e9 centrale Caiman - Achetez-le sur le site paytec.eu","og_url":"https:\/\/www.paytec.eu\/fr\/prodotto\/cable-seriel-caiman-cpu-pour-peripherique-mdb\/","og_site_name":"Paytec","article_modified_time":"2023-10-25T09:32:00+00:00","og_image":[{"width":744,"height":800,"url":"https:\/\/www.paytec.eu\/wp-content\/uploads\/2021\/12\/cavo-seriale-caiman-cpu-per-periferica-mdb.jpg","type":"image\/jpeg"}],"twitter_card":"summary_large_image","twitter_misc":{"Dur\u00e9e de lecture estim\u00e9e":"1 minute"},"schema":{"@context":"https:\/\/schema.org","@graph":[{"@type":"WebPage","@id":"https:\/\/www.paytec.eu\/fr\/prodotto\/cable-seriel-caiman-cpu-pour-peripherique-mdb\/","url":"https:\/\/www.paytec.eu\/fr\/prodotto\/cable-seriel-caiman-cpu-pour-peripherique-mdb\/","name":"Cable s\u00e9riel MDB Caiman CPU - Paytec","isPartOf":{"@id":"https:\/\/www.paytec.eu\/#website"},"datePublished":"2022-01-03T14:19:51+00:00","dateModified":"2023-10-25T09:32:00+00:00","description":"Cable s\u00e9riel MDB Caiman de rechange pour connecter les p\u00e9riph\u00e9riques MDB \u00e0 l'unit\u00e9 centrale Caiman - Achetez-le sur le site paytec.eu","breadcrumb":{"@id":"https:\/\/www.paytec.eu\/fr\/prodotto\/cable-seriel-caiman-cpu-pour-peripherique-mdb\/#breadcrumb"},"inLanguage":"fr-FR","potentialAction":[{"@type":"ReadAction","target":["https:\/\/www.paytec.eu\/fr\/prodotto\/cable-seriel-caiman-cpu-pour-peripherique-mdb\/"]}]},{"@type":"BreadcrumbList","@id":"https:\/\/www.paytec.eu\/fr\/prodotto\/cable-seriel-caiman-cpu-pour-peripherique-mdb\/#breadcrumb","itemListElement":[{"@type":"ListItem","position":1,"name":"Home","item":"https:\/\/www.paytec.eu\/fr\/"},{"@type":"ListItem","position":2,"name":"Boutique","item":"https:\/\/www.paytec.eu\/shop\/"},{"@type":"ListItem","position":3,"name":"Accessoires et Pi\u00e8ces de rechange","item":"https:\/\/www.paytec.eu\/fr\/categoria-prodotto\/accessoires-et-pieces-de-rechange\/"},{"@type":"ListItem","position":4,"name":"C\u00c2BLE S\u00c9RIEL CPU CAIMAN pour P\u00c9RIPH\u00c9RIQUE MDB (5pz)"}]},{"@type":"WebSite","@id":"https:\/\/www.paytec.eu\/#website","url":"https:\/\/www.paytec.eu\/","name":"Paytec","description":"Smart Payments for Vending","potentialAction":[{"@type":"SearchAction","target":{"@type":"EntryPoint","urlTemplate":"https:\/\/www.paytec.eu\/?s={search_term_string}"},"query-input":"required name=search_term_string"}],"inLanguage":"fr-FR"}]}},"_links":{"self":[{"href":"https:\/\/www.paytec.eu\/fr\/wp-json\/wp\/v2\/product\/6596","targetHints":{"allow":["GET"]}}],"collection":[{"href":"https:\/\/www.paytec.eu\/fr\/wp-json\/wp\/v2\/product"}],"about":[{"href":"https:\/\/www.paytec.eu\/fr\/wp-json\/wp\/v2\/types\/product"}],"wp:featuredmedia":[{"embeddable":true,"href":"https:\/\/www.paytec.eu\/fr\/wp-json\/wp\/v2\/media\/6101"}],"wp:attachment":[{"href":"https:\/\/www.paytec.eu\/fr\/wp-json\/wp\/v2\/media?parent=6596"}],"wp:term":[{"taxonomy":"product_cat","embeddable":true,"href":"https:\/\/www.paytec.eu\/fr\/wp-json\/wp\/v2\/product_cat?post=6596"},{"taxonomy":"product_tag","embeddable":true,"href":"https:\/\/www.paytec.eu\/fr\/wp-json\/wp\/v2\/product_tag?post=6596"}],"curies":[{"name":"wp","href":"https:\/\/api.w.org\/{rel}","templated":true}]}}