{"id":6602,"date":"2021-12-31T17:14:35","date_gmt":"2022-01-03T14:24:53","guid":{"rendered":"https:\/\/www.paytec.eu\/prodotto\/programmeur-p6000\/"},"modified":"2025-05-08T09:05:34","modified_gmt":"2025-05-08T09:05:34","slug":"programmateur-p6000","status":"publish","type":"product","link":"https:\/\/www.paytec.eu\/fr\/prodotto\/programmateur-p6000\/","title":{"rendered":"PROGRAMMATEUR P6000"},"content":{"rendered":"<p>Le Programmateur P6000 met en avent de nombreuses am\u00e9liorations par rapport \u00e0 la version \u00ab\u00a0historique\u00a0\u00bb en termes de compacit\u00e9, de capacit\u00e9, de vitesse, de visibilit\u00e9 et d&rsquo;ergonomie. La programmation des produits s&rsquo;effectue via un c\u00e2ble connect\u00e9 au port s\u00e9rie des produits.<\/p>\n","protected":false},"excerpt":{"rendered":"<p>De nombreuses am\u00e9liorations ont \u00e9t\u00e9 apport\u00e9es en termes de compacit\u00e9, de capacit\u00e9, de vitesse, de visibilit\u00e9 et d&rsquo;ergonomie. La programmation des produits s&rsquo;effectue via un c\u00e2ble connect\u00e9 au port s\u00e9rie des produits.<\/p>\n","protected":false},"featured_media":6070,"template":"","meta":[],"product_cat":[122],"product_tag":[],"class_list":["post-6602","product","type-product","status-publish","has-post-thumbnail","hentry","tipologia-collecte-de-donnees-et-programmation-fr","product_cat-accessoires-et-pieces-de-rechange"],"acf":[],"yoast_head":"<!-- This site is optimized with the Yoast SEO plugin v21.1 - https:\/\/yoast.com\/wordpress\/plugins\/seo\/ -->\n<title>Programmateur P6000 pour syst\u00e8mes de paiement Paytec<\/title>\n<meta name=\"description\" content=\"Le Programmateur P6000 est l&#039;accessoire id\u00e9al pour programmer les syst\u00e8mes de paiement Paytec de mani\u00e8re pratique et rapide. Disponible sur le paytec.eu\" \/>\n<meta name=\"robots\" content=\"index, follow, max-snippet:-1, max-image-preview:large, max-video-preview:-1\" \/>\n<link rel=\"canonical\" href=\"https:\/\/www.paytec.eu\/fr\/prodotto\/programmateur-p6000\/\" \/>\n<meta property=\"og:locale\" content=\"fr_FR\" \/>\n<meta property=\"og:type\" content=\"article\" \/>\n<meta property=\"og:title\" content=\"Programmateur P6000 pour syst\u00e8mes de paiement Paytec\" \/>\n<meta property=\"og:description\" content=\"Le Programmateur P6000 est l&#039;accessoire id\u00e9al pour programmer les syst\u00e8mes de paiement Paytec de mani\u00e8re pratique et rapide. Disponible sur le paytec.eu\" \/>\n<meta property=\"og:url\" content=\"https:\/\/www.paytec.eu\/fr\/prodotto\/programmateur-p6000\/\" \/>\n<meta property=\"og:site_name\" content=\"Paytec\" \/>\n<meta property=\"article:modified_time\" content=\"2025-05-08T09:05:34+00:00\" \/>\n<meta property=\"og:image\" content=\"https:\/\/www.paytec.eu\/wp-content\/uploads\/2021\/12\/programmatore-p6000.jpg\" \/>\n\t<meta property=\"og:image:width\" content=\"744\" \/>\n\t<meta property=\"og:image:height\" content=\"800\" \/>\n\t<meta property=\"og:image:type\" content=\"image\/jpeg\" \/>\n<meta name=\"twitter:card\" content=\"summary_large_image\" \/>\n<meta name=\"twitter:label1\" content=\"Dur\u00e9e de lecture estim\u00e9e\" \/>\n\t<meta name=\"twitter:data1\" content=\"1 minute\" \/>\n<script type=\"application\/ld+json\" class=\"yoast-schema-graph\">{\"@context\":\"https:\/\/schema.org\",\"@graph\":[{\"@type\":\"WebPage\",\"@id\":\"https:\/\/www.paytec.eu\/fr\/prodotto\/programmateur-p6000\/\",\"url\":\"https:\/\/www.paytec.eu\/fr\/prodotto\/programmateur-p6000\/\",\"name\":\"Programmateur P6000 pour syst\u00e8mes de paiement Paytec\",\"isPartOf\":{\"@id\":\"https:\/\/www.paytec.eu\/#website\"},\"datePublished\":\"2022-01-03T14:24:53+00:00\",\"dateModified\":\"2025-05-08T09:05:34+00:00\",\"description\":\"Le Programmateur P6000 est l'accessoire id\u00e9al pour programmer les syst\u00e8mes de paiement Paytec de mani\u00e8re pratique et rapide. Disponible sur le paytec.eu\",\"breadcrumb\":{\"@id\":\"https:\/\/www.paytec.eu\/fr\/prodotto\/programmateur-p6000\/#breadcrumb\"},\"inLanguage\":\"fr-FR\",\"potentialAction\":[{\"@type\":\"ReadAction\",\"target\":[\"https:\/\/www.paytec.eu\/fr\/prodotto\/programmateur-p6000\/\"]}]},{\"@type\":\"BreadcrumbList\",\"@id\":\"https:\/\/www.paytec.eu\/fr\/prodotto\/programmateur-p6000\/#breadcrumb\",\"itemListElement\":[{\"@type\":\"ListItem\",\"position\":1,\"name\":\"Home\",\"item\":\"https:\/\/www.paytec.eu\/fr\/\"},{\"@type\":\"ListItem\",\"position\":2,\"name\":\"Boutique\",\"item\":\"https:\/\/www.paytec.eu\/shop\/\"},{\"@type\":\"ListItem\",\"position\":3,\"name\":\"Accessoires et Pi\u00e8ces de rechange\",\"item\":\"https:\/\/www.paytec.eu\/fr\/categoria-prodotto\/accessoires-et-pieces-de-rechange\/\"},{\"@type\":\"ListItem\",\"position\":4,\"name\":\"PROGRAMMATEUR P6000\"}]},{\"@type\":\"WebSite\",\"@id\":\"https:\/\/www.paytec.eu\/#website\",\"url\":\"https:\/\/www.paytec.eu\/\",\"name\":\"Paytec\",\"description\":\"Smart Payments for Vending\",\"potentialAction\":[{\"@type\":\"SearchAction\",\"target\":{\"@type\":\"EntryPoint\",\"urlTemplate\":\"https:\/\/www.paytec.eu\/?s={search_term_string}\"},\"query-input\":\"required name=search_term_string\"}],\"inLanguage\":\"fr-FR\"}]}<\/script>\n<!-- \/ Yoast SEO plugin. -->","yoast_head_json":{"title":"Programmateur P6000 pour syst\u00e8mes de paiement Paytec","description":"Le Programmateur P6000 est l'accessoire id\u00e9al pour programmer les syst\u00e8mes de paiement Paytec de mani\u00e8re pratique et rapide. Disponible sur le paytec.eu","robots":{"index":"index","follow":"follow","max-snippet":"max-snippet:-1","max-image-preview":"max-image-preview:large","max-video-preview":"max-video-preview:-1"},"canonical":"https:\/\/www.paytec.eu\/fr\/prodotto\/programmateur-p6000\/","og_locale":"fr_FR","og_type":"article","og_title":"Programmateur P6000 pour syst\u00e8mes de paiement Paytec","og_description":"Le Programmateur P6000 est l'accessoire id\u00e9al pour programmer les syst\u00e8mes de paiement Paytec de mani\u00e8re pratique et rapide. Disponible sur le paytec.eu","og_url":"https:\/\/www.paytec.eu\/fr\/prodotto\/programmateur-p6000\/","og_site_name":"Paytec","article_modified_time":"2025-05-08T09:05:34+00:00","og_image":[{"width":744,"height":800,"url":"https:\/\/www.paytec.eu\/wp-content\/uploads\/2021\/12\/programmatore-p6000.jpg","type":"image\/jpeg"}],"twitter_card":"summary_large_image","twitter_misc":{"Dur\u00e9e de lecture estim\u00e9e":"1 minute"},"schema":{"@context":"https:\/\/schema.org","@graph":[{"@type":"WebPage","@id":"https:\/\/www.paytec.eu\/fr\/prodotto\/programmateur-p6000\/","url":"https:\/\/www.paytec.eu\/fr\/prodotto\/programmateur-p6000\/","name":"Programmateur P6000 pour syst\u00e8mes de paiement Paytec","isPartOf":{"@id":"https:\/\/www.paytec.eu\/#website"},"datePublished":"2022-01-03T14:24:53+00:00","dateModified":"2025-05-08T09:05:34+00:00","description":"Le Programmateur P6000 est l'accessoire id\u00e9al pour programmer les syst\u00e8mes de paiement Paytec de mani\u00e8re pratique et rapide. Disponible sur le paytec.eu","breadcrumb":{"@id":"https:\/\/www.paytec.eu\/fr\/prodotto\/programmateur-p6000\/#breadcrumb"},"inLanguage":"fr-FR","potentialAction":[{"@type":"ReadAction","target":["https:\/\/www.paytec.eu\/fr\/prodotto\/programmateur-p6000\/"]}]},{"@type":"BreadcrumbList","@id":"https:\/\/www.paytec.eu\/fr\/prodotto\/programmateur-p6000\/#breadcrumb","itemListElement":[{"@type":"ListItem","position":1,"name":"Home","item":"https:\/\/www.paytec.eu\/fr\/"},{"@type":"ListItem","position":2,"name":"Boutique","item":"https:\/\/www.paytec.eu\/shop\/"},{"@type":"ListItem","position":3,"name":"Accessoires et Pi\u00e8ces de rechange","item":"https:\/\/www.paytec.eu\/fr\/categoria-prodotto\/accessoires-et-pieces-de-rechange\/"},{"@type":"ListItem","position":4,"name":"PROGRAMMATEUR P6000"}]},{"@type":"WebSite","@id":"https:\/\/www.paytec.eu\/#website","url":"https:\/\/www.paytec.eu\/","name":"Paytec","description":"Smart Payments for Vending","potentialAction":[{"@type":"SearchAction","target":{"@type":"EntryPoint","urlTemplate":"https:\/\/www.paytec.eu\/?s={search_term_string}"},"query-input":"required name=search_term_string"}],"inLanguage":"fr-FR"}]}},"_links":{"self":[{"href":"https:\/\/www.paytec.eu\/fr\/wp-json\/wp\/v2\/product\/6602","targetHints":{"allow":["GET"]}}],"collection":[{"href":"https:\/\/www.paytec.eu\/fr\/wp-json\/wp\/v2\/product"}],"about":[{"href":"https:\/\/www.paytec.eu\/fr\/wp-json\/wp\/v2\/types\/product"}],"wp:featuredmedia":[{"embeddable":true,"href":"https:\/\/www.paytec.eu\/fr\/wp-json\/wp\/v2\/media\/6070"}],"wp:attachment":[{"href":"https:\/\/www.paytec.eu\/fr\/wp-json\/wp\/v2\/media?parent=6602"}],"wp:term":[{"taxonomy":"product_cat","embeddable":true,"href":"https:\/\/www.paytec.eu\/fr\/wp-json\/wp\/v2\/product_cat?post=6602"},{"taxonomy":"product_tag","embeddable":true,"href":"https:\/\/www.paytec.eu\/fr\/wp-json\/wp\/v2\/product_tag?post=6602"}],"curies":[{"name":"wp","href":"https:\/\/api.w.org\/{rel}","templated":true}]}}