{"id":6605,"date":"2021-12-31T17:07:30","date_gmt":"2022-01-03T14:27:25","guid":{"rendered":"https:\/\/www.paytec.eu\/prodotto\/outil-de-programmation-sib\/"},"modified":"2025-05-08T09:05:31","modified_gmt":"2025-05-08T09:05:31","slug":"outil-de-programmation-sib","status":"publish","type":"product","link":"https:\/\/www.paytec.eu\/fr\/prodotto\/outil-de-programmation-sib\/","title":{"rendered":"OUTIL DE PROGRAMMATION SIB"},"content":{"rendered":"<p>Le SIB est un outil de programmation utilis\u00e9 pour stocker et transf\u00e9rer le firmware vers les syst\u00e8mes de paiement Paytec sur le terrain. Le firmware est pr\u00e9alablement charg\u00e9 sur l&rsquo;appareil depuis un PC avec le logiciel PC Configurator. Avec Eagle, Four, Giody, Caiman et Caiman Lite, SIB est \u00e9galement utilis\u00e9 pour mettre \u00e0 jour leur configuration.<\/p>\n","protected":false},"excerpt":{"rendered":"<p>SIB (Serial Interface Board) est un outil utilis\u00e9 pour stocker et transf\u00e9rer le micrologiciel vers les syst\u00e8mes de paiement Paytec sur le terrain.<\/p>\n","protected":false},"featured_media":6052,"template":"","meta":[],"product_cat":[122],"product_tag":[],"class_list":["post-6605","product","type-product","status-publish","has-post-thumbnail","hentry","tipologia-collecte-de-donnees-et-programmation-fr","product_cat-accessoires-et-pieces-de-rechange"],"acf":[],"yoast_head":"<!-- This site is optimized with the Yoast SEO plugin v21.1 - https:\/\/yoast.com\/wordpress\/plugins\/seo\/ -->\n<title>Outil de programmation SIB pour syst\u00e8mes de paiement<\/title>\n<meta name=\"description\" content=\"L\u2019outil de programmation SIB permet de stocker et de transf\u00e9rer le firmware vers les syst\u00e8mes de paiement Paytec sur les distributeurs automatiques.\" \/>\n<meta name=\"robots\" content=\"index, follow, max-snippet:-1, max-image-preview:large, max-video-preview:-1\" \/>\n<link rel=\"canonical\" href=\"https:\/\/www.paytec.eu\/fr\/prodotto\/outil-de-programmation-sib\/\" \/>\n<meta property=\"og:locale\" content=\"fr_FR\" \/>\n<meta property=\"og:type\" content=\"article\" \/>\n<meta property=\"og:title\" content=\"Outil de programmation SIB pour syst\u00e8mes de paiement\" \/>\n<meta property=\"og:description\" content=\"L\u2019outil de programmation SIB permet de stocker et de transf\u00e9rer le firmware vers les syst\u00e8mes de paiement Paytec sur les distributeurs automatiques.\" \/>\n<meta property=\"og:url\" content=\"https:\/\/www.paytec.eu\/fr\/prodotto\/outil-de-programmation-sib\/\" \/>\n<meta property=\"og:site_name\" content=\"Paytec\" \/>\n<meta property=\"article:modified_time\" content=\"2025-05-08T09:05:31+00:00\" \/>\n<meta property=\"og:image\" content=\"https:\/\/www.paytec.eu\/wp-content\/uploads\/2021\/12\/dispositivo-di-programmazione-sib.jpg\" \/>\n\t<meta property=\"og:image:width\" content=\"744\" \/>\n\t<meta property=\"og:image:height\" content=\"800\" \/>\n\t<meta property=\"og:image:type\" content=\"image\/jpeg\" \/>\n<meta name=\"twitter:card\" content=\"summary_large_image\" \/>\n<meta name=\"twitter:label1\" content=\"Dur\u00e9e de lecture estim\u00e9e\" \/>\n\t<meta name=\"twitter:data1\" content=\"1 minute\" \/>\n<script type=\"application\/ld+json\" class=\"yoast-schema-graph\">{\"@context\":\"https:\/\/schema.org\",\"@graph\":[{\"@type\":\"WebPage\",\"@id\":\"https:\/\/www.paytec.eu\/fr\/prodotto\/outil-de-programmation-sib\/\",\"url\":\"https:\/\/www.paytec.eu\/fr\/prodotto\/outil-de-programmation-sib\/\",\"name\":\"Outil de programmation SIB pour syst\u00e8mes de paiement\",\"isPartOf\":{\"@id\":\"https:\/\/www.paytec.eu\/#website\"},\"datePublished\":\"2022-01-03T14:27:25+00:00\",\"dateModified\":\"2025-05-08T09:05:31+00:00\",\"description\":\"L\u2019outil de programmation SIB permet de stocker et de transf\u00e9rer le firmware vers les syst\u00e8mes de paiement Paytec sur les distributeurs automatiques.\",\"breadcrumb\":{\"@id\":\"https:\/\/www.paytec.eu\/fr\/prodotto\/outil-de-programmation-sib\/#breadcrumb\"},\"inLanguage\":\"fr-FR\",\"potentialAction\":[{\"@type\":\"ReadAction\",\"target\":[\"https:\/\/www.paytec.eu\/fr\/prodotto\/outil-de-programmation-sib\/\"]}]},{\"@type\":\"BreadcrumbList\",\"@id\":\"https:\/\/www.paytec.eu\/fr\/prodotto\/outil-de-programmation-sib\/#breadcrumb\",\"itemListElement\":[{\"@type\":\"ListItem\",\"position\":1,\"name\":\"Home\",\"item\":\"https:\/\/www.paytec.eu\/fr\/\"},{\"@type\":\"ListItem\",\"position\":2,\"name\":\"Boutique\",\"item\":\"https:\/\/www.paytec.eu\/shop\/\"},{\"@type\":\"ListItem\",\"position\":3,\"name\":\"Accessori e Ricambi\",\"item\":\"https:\/\/www.paytec.eu\/categoria-prodotto\/accessori-e-ricambi\/\"},{\"@type\":\"ListItem\",\"position\":4,\"name\":\"OUTIL DE PROGRAMMATION SIB\"}]},{\"@type\":\"WebSite\",\"@id\":\"https:\/\/www.paytec.eu\/#website\",\"url\":\"https:\/\/www.paytec.eu\/\",\"name\":\"Paytec\",\"description\":\"Smart Payments for Vending\",\"potentialAction\":[{\"@type\":\"SearchAction\",\"target\":{\"@type\":\"EntryPoint\",\"urlTemplate\":\"https:\/\/www.paytec.eu\/?s={search_term_string}\"},\"query-input\":\"required name=search_term_string\"}],\"inLanguage\":\"fr-FR\"}]}<\/script>\n<!-- \/ Yoast SEO plugin. -->","yoast_head_json":{"title":"Outil de programmation SIB pour syst\u00e8mes de paiement","description":"L\u2019outil de programmation SIB permet de stocker et de transf\u00e9rer le firmware vers les syst\u00e8mes de paiement Paytec sur les distributeurs automatiques.","robots":{"index":"index","follow":"follow","max-snippet":"max-snippet:-1","max-image-preview":"max-image-preview:large","max-video-preview":"max-video-preview:-1"},"canonical":"https:\/\/www.paytec.eu\/fr\/prodotto\/outil-de-programmation-sib\/","og_locale":"fr_FR","og_type":"article","og_title":"Outil de programmation SIB pour syst\u00e8mes de paiement","og_description":"L\u2019outil de programmation SIB permet de stocker et de transf\u00e9rer le firmware vers les syst\u00e8mes de paiement Paytec sur les distributeurs automatiques.","og_url":"https:\/\/www.paytec.eu\/fr\/prodotto\/outil-de-programmation-sib\/","og_site_name":"Paytec","article_modified_time":"2025-05-08T09:05:31+00:00","og_image":[{"width":744,"height":800,"url":"https:\/\/www.paytec.eu\/wp-content\/uploads\/2021\/12\/dispositivo-di-programmazione-sib.jpg","type":"image\/jpeg"}],"twitter_card":"summary_large_image","twitter_misc":{"Dur\u00e9e de lecture estim\u00e9e":"1 minute"},"schema":{"@context":"https:\/\/schema.org","@graph":[{"@type":"WebPage","@id":"https:\/\/www.paytec.eu\/fr\/prodotto\/outil-de-programmation-sib\/","url":"https:\/\/www.paytec.eu\/fr\/prodotto\/outil-de-programmation-sib\/","name":"Outil de programmation SIB pour syst\u00e8mes de paiement","isPartOf":{"@id":"https:\/\/www.paytec.eu\/#website"},"datePublished":"2022-01-03T14:27:25+00:00","dateModified":"2025-05-08T09:05:31+00:00","description":"L\u2019outil de programmation SIB permet de stocker et de transf\u00e9rer le firmware vers les syst\u00e8mes de paiement Paytec sur les distributeurs automatiques.","breadcrumb":{"@id":"https:\/\/www.paytec.eu\/fr\/prodotto\/outil-de-programmation-sib\/#breadcrumb"},"inLanguage":"fr-FR","potentialAction":[{"@type":"ReadAction","target":["https:\/\/www.paytec.eu\/fr\/prodotto\/outil-de-programmation-sib\/"]}]},{"@type":"BreadcrumbList","@id":"https:\/\/www.paytec.eu\/fr\/prodotto\/outil-de-programmation-sib\/#breadcrumb","itemListElement":[{"@type":"ListItem","position":1,"name":"Home","item":"https:\/\/www.paytec.eu\/fr\/"},{"@type":"ListItem","position":2,"name":"Boutique","item":"https:\/\/www.paytec.eu\/shop\/"},{"@type":"ListItem","position":3,"name":"Accessori e Ricambi","item":"https:\/\/www.paytec.eu\/categoria-prodotto\/accessori-e-ricambi\/"},{"@type":"ListItem","position":4,"name":"OUTIL DE PROGRAMMATION SIB"}]},{"@type":"WebSite","@id":"https:\/\/www.paytec.eu\/#website","url":"https:\/\/www.paytec.eu\/","name":"Paytec","description":"Smart Payments for Vending","potentialAction":[{"@type":"SearchAction","target":{"@type":"EntryPoint","urlTemplate":"https:\/\/www.paytec.eu\/?s={search_term_string}"},"query-input":"required name=search_term_string"}],"inLanguage":"fr-FR"}]}},"_links":{"self":[{"href":"https:\/\/www.paytec.eu\/fr\/wp-json\/wp\/v2\/product\/6605","targetHints":{"allow":["GET"]}}],"collection":[{"href":"https:\/\/www.paytec.eu\/fr\/wp-json\/wp\/v2\/product"}],"about":[{"href":"https:\/\/www.paytec.eu\/fr\/wp-json\/wp\/v2\/types\/product"}],"wp:featuredmedia":[{"embeddable":true,"href":"https:\/\/www.paytec.eu\/fr\/wp-json\/wp\/v2\/media\/6052"}],"wp:attachment":[{"href":"https:\/\/www.paytec.eu\/fr\/wp-json\/wp\/v2\/media?parent=6605"}],"wp:term":[{"taxonomy":"product_cat","embeddable":true,"href":"https:\/\/www.paytec.eu\/fr\/wp-json\/wp\/v2\/product_cat?post=6605"},{"taxonomy":"product_tag","embeddable":true,"href":"https:\/\/www.paytec.eu\/fr\/wp-json\/wp\/v2\/product_tag?post=6605"}],"curies":[{"name":"wp","href":"https:\/\/api.w.org\/{rel}","templated":true}]}}