{"id":6606,"date":"2021-12-31T17:03:52","date_gmt":"2022-01-03T14:28:06","guid":{"rendered":"https:\/\/www.paytec.eu\/prodotto\/cable-6000-kit-5-pcs\/"},"modified":"2023-10-25T09:36:47","modified_gmt":"2023-10-25T09:36:47","slug":"cable-6000-kit-5-pcs","status":"publish","type":"product","link":"https:\/\/www.paytec.eu\/fr\/prodotto\/cable-6000-kit-5-pcs\/","title":{"rendered":"CABLE 6000 \/ KIT 5 PC"},"content":{"rendered":"<p>C\u00e2ble 6000 de rechange pour connecter les syst\u00e8mes de paiement Paytec \u00e0 l&rsquo;interface externe Irda6000 ou au p\u00e9riph\u00e9rique Bluetooth portable BT6002.<\/p>\n<p>Vendu en kit de 5 pi\u00e8ces<\/p>\n","protected":false},"excerpt":{"rendered":"<p>C\u00e2ble pour IRDA6000\/BT6000\/BT6002<\/p>\n","protected":false},"featured_media":6046,"template":"","meta":[],"product_cat":[122],"product_tag":[],"class_list":["post-6606","product","type-product","status-publish","has-post-thumbnail","hentry","tipologia-collecte-de-donnees-et-programmation-fr","product_cat-accessoires-et-pieces-de-rechange"],"acf":[],"yoast_head":"<!-- This site is optimized with the Yoast SEO plugin v21.1 - https:\/\/yoast.com\/wordpress\/plugins\/seo\/ -->\n<title>C\u00e2ble 6000 de rechange pour syst\u00e8mes de paiement Paytec<\/title>\n<meta name=\"description\" content=\"C\u00e2ble 6000 de rechange pour connecter les syst\u00e8mes de paiement Paytec \u00e0 l&#039;interface externe Irda6000 ou au p\u00e9riph\u00e9rique Bluetooth portable BT6002.\" \/>\n<meta name=\"robots\" content=\"index, follow, max-snippet:-1, max-image-preview:large, max-video-preview:-1\" \/>\n<link rel=\"canonical\" href=\"https:\/\/www.paytec.eu\/fr\/prodotto\/cable-6000-kit-5-pcs\/\" \/>\n<meta property=\"og:locale\" content=\"fr_FR\" \/>\n<meta property=\"og:type\" content=\"article\" \/>\n<meta property=\"og:title\" content=\"C\u00e2ble 6000 de rechange pour syst\u00e8mes de paiement Paytec\" \/>\n<meta property=\"og:description\" content=\"C\u00e2ble 6000 de rechange pour connecter les syst\u00e8mes de paiement Paytec \u00e0 l&#039;interface externe Irda6000 ou au p\u00e9riph\u00e9rique Bluetooth portable BT6002.\" \/>\n<meta property=\"og:url\" content=\"https:\/\/www.paytec.eu\/fr\/prodotto\/cable-6000-kit-5-pcs\/\" \/>\n<meta property=\"og:site_name\" content=\"Paytec\" \/>\n<meta property=\"article:modified_time\" content=\"2023-10-25T09:36:47+00:00\" \/>\n<meta property=\"og:image\" content=\"https:\/\/www.paytec.eu\/wp-content\/uploads\/2021\/12\/cavo-6000kit-5-pz.jpg\" \/>\n\t<meta property=\"og:image:width\" content=\"744\" \/>\n\t<meta property=\"og:image:height\" content=\"800\" \/>\n\t<meta property=\"og:image:type\" content=\"image\/jpeg\" \/>\n<meta name=\"twitter:card\" content=\"summary_large_image\" \/>\n<meta name=\"twitter:label1\" content=\"Dur\u00e9e de lecture estim\u00e9e\" \/>\n\t<meta name=\"twitter:data1\" content=\"1 minute\" \/>\n<script type=\"application\/ld+json\" class=\"yoast-schema-graph\">{\"@context\":\"https:\/\/schema.org\",\"@graph\":[{\"@type\":\"WebPage\",\"@id\":\"https:\/\/www.paytec.eu\/fr\/prodotto\/cable-6000-kit-5-pcs\/\",\"url\":\"https:\/\/www.paytec.eu\/fr\/prodotto\/cable-6000-kit-5-pcs\/\",\"name\":\"C\u00e2ble 6000 de rechange pour syst\u00e8mes de paiement Paytec\",\"isPartOf\":{\"@id\":\"https:\/\/www.paytec.eu\/#website\"},\"datePublished\":\"2022-01-03T14:28:06+00:00\",\"dateModified\":\"2023-10-25T09:36:47+00:00\",\"description\":\"C\u00e2ble 6000 de rechange pour connecter les syst\u00e8mes de paiement Paytec \u00e0 l'interface externe Irda6000 ou au p\u00e9riph\u00e9rique Bluetooth portable BT6002.\",\"breadcrumb\":{\"@id\":\"https:\/\/www.paytec.eu\/fr\/prodotto\/cable-6000-kit-5-pcs\/#breadcrumb\"},\"inLanguage\":\"fr-FR\",\"potentialAction\":[{\"@type\":\"ReadAction\",\"target\":[\"https:\/\/www.paytec.eu\/fr\/prodotto\/cable-6000-kit-5-pcs\/\"]}]},{\"@type\":\"BreadcrumbList\",\"@id\":\"https:\/\/www.paytec.eu\/fr\/prodotto\/cable-6000-kit-5-pcs\/#breadcrumb\",\"itemListElement\":[{\"@type\":\"ListItem\",\"position\":1,\"name\":\"Home\",\"item\":\"https:\/\/www.paytec.eu\/fr\/\"},{\"@type\":\"ListItem\",\"position\":2,\"name\":\"Boutique\",\"item\":\"https:\/\/www.paytec.eu\/shop\/\"},{\"@type\":\"ListItem\",\"position\":3,\"name\":\"Accessoires et Pi\u00e8ces de rechange\",\"item\":\"https:\/\/www.paytec.eu\/fr\/categoria-prodotto\/accessoires-et-pieces-de-rechange\/\"},{\"@type\":\"ListItem\",\"position\":4,\"name\":\"CABLE 6000 \/ KIT 5 PC\"}]},{\"@type\":\"WebSite\",\"@id\":\"https:\/\/www.paytec.eu\/#website\",\"url\":\"https:\/\/www.paytec.eu\/\",\"name\":\"Paytec\",\"description\":\"Smart Payments for Vending\",\"potentialAction\":[{\"@type\":\"SearchAction\",\"target\":{\"@type\":\"EntryPoint\",\"urlTemplate\":\"https:\/\/www.paytec.eu\/?s={search_term_string}\"},\"query-input\":\"required name=search_term_string\"}],\"inLanguage\":\"fr-FR\"}]}<\/script>\n<!-- \/ Yoast SEO plugin. -->","yoast_head_json":{"title":"C\u00e2ble 6000 de rechange pour syst\u00e8mes de paiement Paytec","description":"C\u00e2ble 6000 de rechange pour connecter les syst\u00e8mes de paiement Paytec \u00e0 l'interface externe Irda6000 ou au p\u00e9riph\u00e9rique Bluetooth portable BT6002.","robots":{"index":"index","follow":"follow","max-snippet":"max-snippet:-1","max-image-preview":"max-image-preview:large","max-video-preview":"max-video-preview:-1"},"canonical":"https:\/\/www.paytec.eu\/fr\/prodotto\/cable-6000-kit-5-pcs\/","og_locale":"fr_FR","og_type":"article","og_title":"C\u00e2ble 6000 de rechange pour syst\u00e8mes de paiement Paytec","og_description":"C\u00e2ble 6000 de rechange pour connecter les syst\u00e8mes de paiement Paytec \u00e0 l'interface externe Irda6000 ou au p\u00e9riph\u00e9rique Bluetooth portable BT6002.","og_url":"https:\/\/www.paytec.eu\/fr\/prodotto\/cable-6000-kit-5-pcs\/","og_site_name":"Paytec","article_modified_time":"2023-10-25T09:36:47+00:00","og_image":[{"width":744,"height":800,"url":"https:\/\/www.paytec.eu\/wp-content\/uploads\/2021\/12\/cavo-6000kit-5-pz.jpg","type":"image\/jpeg"}],"twitter_card":"summary_large_image","twitter_misc":{"Dur\u00e9e de lecture estim\u00e9e":"1 minute"},"schema":{"@context":"https:\/\/schema.org","@graph":[{"@type":"WebPage","@id":"https:\/\/www.paytec.eu\/fr\/prodotto\/cable-6000-kit-5-pcs\/","url":"https:\/\/www.paytec.eu\/fr\/prodotto\/cable-6000-kit-5-pcs\/","name":"C\u00e2ble 6000 de rechange pour syst\u00e8mes de paiement Paytec","isPartOf":{"@id":"https:\/\/www.paytec.eu\/#website"},"datePublished":"2022-01-03T14:28:06+00:00","dateModified":"2023-10-25T09:36:47+00:00","description":"C\u00e2ble 6000 de rechange pour connecter les syst\u00e8mes de paiement Paytec \u00e0 l'interface externe Irda6000 ou au p\u00e9riph\u00e9rique Bluetooth portable BT6002.","breadcrumb":{"@id":"https:\/\/www.paytec.eu\/fr\/prodotto\/cable-6000-kit-5-pcs\/#breadcrumb"},"inLanguage":"fr-FR","potentialAction":[{"@type":"ReadAction","target":["https:\/\/www.paytec.eu\/fr\/prodotto\/cable-6000-kit-5-pcs\/"]}]},{"@type":"BreadcrumbList","@id":"https:\/\/www.paytec.eu\/fr\/prodotto\/cable-6000-kit-5-pcs\/#breadcrumb","itemListElement":[{"@type":"ListItem","position":1,"name":"Home","item":"https:\/\/www.paytec.eu\/fr\/"},{"@type":"ListItem","position":2,"name":"Boutique","item":"https:\/\/www.paytec.eu\/shop\/"},{"@type":"ListItem","position":3,"name":"Accessoires et Pi\u00e8ces de rechange","item":"https:\/\/www.paytec.eu\/fr\/categoria-prodotto\/accessoires-et-pieces-de-rechange\/"},{"@type":"ListItem","position":4,"name":"CABLE 6000 \/ KIT 5 PC"}]},{"@type":"WebSite","@id":"https:\/\/www.paytec.eu\/#website","url":"https:\/\/www.paytec.eu\/","name":"Paytec","description":"Smart Payments for Vending","potentialAction":[{"@type":"SearchAction","target":{"@type":"EntryPoint","urlTemplate":"https:\/\/www.paytec.eu\/?s={search_term_string}"},"query-input":"required name=search_term_string"}],"inLanguage":"fr-FR"}]}},"_links":{"self":[{"href":"https:\/\/www.paytec.eu\/fr\/wp-json\/wp\/v2\/product\/6606","targetHints":{"allow":["GET"]}}],"collection":[{"href":"https:\/\/www.paytec.eu\/fr\/wp-json\/wp\/v2\/product"}],"about":[{"href":"https:\/\/www.paytec.eu\/fr\/wp-json\/wp\/v2\/types\/product"}],"wp:featuredmedia":[{"embeddable":true,"href":"https:\/\/www.paytec.eu\/fr\/wp-json\/wp\/v2\/media\/6046"}],"wp:attachment":[{"href":"https:\/\/www.paytec.eu\/fr\/wp-json\/wp\/v2\/media?parent=6606"}],"wp:term":[{"taxonomy":"product_cat","embeddable":true,"href":"https:\/\/www.paytec.eu\/fr\/wp-json\/wp\/v2\/product_cat?post=6606"},{"taxonomy":"product_tag","embeddable":true,"href":"https:\/\/www.paytec.eu\/fr\/wp-json\/wp\/v2\/product_tag?post=6606"}],"curies":[{"name":"wp","href":"https:\/\/api.w.org\/{rel}","templated":true}]}}