{"id":6608,"date":"2021-12-31T17:00:06","date_gmt":"2022-01-03T14:30:08","guid":{"rendered":"https:\/\/www.paytec.eu\/prodotto\/adaptateur-rs232-cable-6000\/"},"modified":"2024-01-10T11:15:20","modified_gmt":"2024-01-10T11:15:20","slug":"adaptateur-rs232-ltb2-et-cable-6000","status":"publish","type":"product","link":"https:\/\/www.paytec.eu\/fr\/prodotto\/adaptateur-rs232-ltb2-et-cable-6000\/","title":{"rendered":"Adaptateur RS232 LTB2 + c\u00e2ble 6000"},"content":{"rendered":"<p>Adaptateur RS232 LTB2 et c\u00e2ble de rechange pour permettre la configuration des syst\u00e8mes de paiement via PC (le PC doit \u00eatre \u00e9quip\u00e9 d&rsquo;un port RS232)<\/p>\n","protected":false},"excerpt":{"rendered":"<p>Adaptateur RS232 LTB2 et c\u00e2ble de rechange pour permettre la configuration des syst\u00e8mes de paiement via PC (le PC doit \u00eatre \u00e9quip\u00e9 d&rsquo;un port RS232)<\/p>\n","protected":false},"featured_media":13582,"template":"","meta":[],"product_cat":[122],"product_tag":[],"class_list":["post-6608","product","type-product","status-publish","has-post-thumbnail","hentry","tipologia-collecte-de-donnees-et-programmation-fr","product_cat-accessoires-et-pieces-de-rechange"],"acf":[],"yoast_head":"<!-- This site is optimized with the Yoast SEO plugin v21.1 - https:\/\/yoast.com\/wordpress\/plugins\/seo\/ -->\n<title>Adaptateur RS232 LTB2 et c\u00e2ble de rechange pour connexion au PC<\/title>\n<meta name=\"description\" content=\"Adaptateur RS232 LTB2 et c\u00e2ble 6000 pour permettre la configuration des syst\u00e8mes de paiement Paytec via PC - Achetez-le maintenant sur paytec.eu\" \/>\n<meta name=\"robots\" content=\"index, follow, max-snippet:-1, max-image-preview:large, max-video-preview:-1\" \/>\n<link rel=\"canonical\" href=\"https:\/\/www.paytec.eu\/prodotto\/adattatore-rs232-e-cavo-6000\/\" \/>\n<meta property=\"og:locale\" content=\"fr_FR\" \/>\n<meta property=\"og:type\" content=\"article\" \/>\n<meta property=\"og:title\" content=\"Adaptateur RS232 LTB2 et c\u00e2ble de rechange pour connexion au PC\" \/>\n<meta property=\"og:description\" content=\"Adaptateur RS232 LTB2 et c\u00e2ble 6000 pour permettre la configuration des syst\u00e8mes de paiement Paytec via PC - Achetez-le maintenant sur paytec.eu\" \/>\n<meta property=\"og:url\" content=\"https:\/\/www.paytec.eu\/prodotto\/adattatore-rs232-e-cavo-6000\/\" \/>\n<meta property=\"og:site_name\" content=\"Paytec\" \/>\n<meta property=\"article:modified_time\" content=\"2024-01-10T11:15:20+00:00\" \/>\n<meta property=\"og:image\" content=\"https:\/\/www.paytec.eu\/wp-content\/uploads\/2021\/12\/adattatore-rs232-cavo-6000.jpg\" \/>\n\t<meta property=\"og:image:width\" content=\"744\" \/>\n\t<meta property=\"og:image:height\" content=\"800\" \/>\n\t<meta property=\"og:image:type\" content=\"image\/jpeg\" \/>\n<meta name=\"twitter:card\" content=\"summary_large_image\" \/>\n<meta name=\"twitter:label1\" content=\"Dur\u00e9e de lecture estim\u00e9e\" \/>\n\t<meta name=\"twitter:data1\" content=\"1 minute\" \/>\n<script type=\"application\/ld+json\" class=\"yoast-schema-graph\">{\"@context\":\"https:\/\/schema.org\",\"@graph\":[{\"@type\":\"WebPage\",\"@id\":\"https:\/\/www.paytec.eu\/prodotto\/adattatore-rs232-e-cavo-6000\/\",\"url\":\"https:\/\/www.paytec.eu\/prodotto\/adattatore-rs232-e-cavo-6000\/\",\"name\":\"Adaptateur RS232 LTB2 et c\u00e2ble de rechange pour connexion au PC\",\"isPartOf\":{\"@id\":\"https:\/\/www.paytec.eu\/#website\"},\"datePublished\":\"2022-01-03T14:30:08+00:00\",\"dateModified\":\"2024-01-10T11:15:20+00:00\",\"description\":\"Adaptateur RS232 LTB2 et c\u00e2ble 6000 pour permettre la configuration des syst\u00e8mes de paiement Paytec via PC - Achetez-le maintenant sur paytec.eu\",\"breadcrumb\":{\"@id\":\"https:\/\/www.paytec.eu\/prodotto\/adattatore-rs232-e-cavo-6000\/#breadcrumb\"},\"inLanguage\":\"fr-FR\",\"potentialAction\":[{\"@type\":\"ReadAction\",\"target\":[\"https:\/\/www.paytec.eu\/prodotto\/adattatore-rs232-e-cavo-6000\/\"]}]},{\"@type\":\"BreadcrumbList\",\"@id\":\"https:\/\/www.paytec.eu\/prodotto\/adattatore-rs232-e-cavo-6000\/#breadcrumb\",\"itemListElement\":[{\"@type\":\"ListItem\",\"position\":1,\"name\":\"Home\",\"item\":\"https:\/\/www.paytec.eu\/fr\/\"},{\"@type\":\"ListItem\",\"position\":2,\"name\":\"Boutique\",\"item\":\"https:\/\/www.paytec.eu\/shop\/\"},{\"@type\":\"ListItem\",\"position\":3,\"name\":\"Accessoires et Pi\u00e8ces de rechange\",\"item\":\"https:\/\/www.paytec.eu\/fr\/categoria-prodotto\/accessoires-et-pieces-de-rechange\/\"},{\"@type\":\"ListItem\",\"position\":4,\"name\":\"Adaptateur RS232 LTB2 + c\u00e2ble 6000\"}]},{\"@type\":\"WebSite\",\"@id\":\"https:\/\/www.paytec.eu\/#website\",\"url\":\"https:\/\/www.paytec.eu\/\",\"name\":\"Paytec\",\"description\":\"Smart Payments for Vending\",\"potentialAction\":[{\"@type\":\"SearchAction\",\"target\":{\"@type\":\"EntryPoint\",\"urlTemplate\":\"https:\/\/www.paytec.eu\/?s={search_term_string}\"},\"query-input\":\"required name=search_term_string\"}],\"inLanguage\":\"fr-FR\"}]}<\/script>\n<!-- \/ Yoast SEO plugin. -->","yoast_head_json":{"title":"Adaptateur RS232 LTB2 et c\u00e2ble de rechange pour connexion au PC","description":"Adaptateur RS232 LTB2 et c\u00e2ble 6000 pour permettre la configuration des syst\u00e8mes de paiement Paytec via PC - Achetez-le maintenant sur paytec.eu","robots":{"index":"index","follow":"follow","max-snippet":"max-snippet:-1","max-image-preview":"max-image-preview:large","max-video-preview":"max-video-preview:-1"},"canonical":"https:\/\/www.paytec.eu\/prodotto\/adattatore-rs232-e-cavo-6000\/","og_locale":"fr_FR","og_type":"article","og_title":"Adaptateur RS232 LTB2 et c\u00e2ble de rechange pour connexion au PC","og_description":"Adaptateur RS232 LTB2 et c\u00e2ble 6000 pour permettre la configuration des syst\u00e8mes de paiement Paytec via PC - Achetez-le maintenant sur paytec.eu","og_url":"https:\/\/www.paytec.eu\/prodotto\/adattatore-rs232-e-cavo-6000\/","og_site_name":"Paytec","article_modified_time":"2024-01-10T11:15:20+00:00","og_image":[{"width":744,"height":800,"url":"https:\/\/www.paytec.eu\/wp-content\/uploads\/2021\/12\/adattatore-rs232-cavo-6000.jpg","type":"image\/jpeg"}],"twitter_card":"summary_large_image","twitter_misc":{"Dur\u00e9e de lecture estim\u00e9e":"1 minute"},"schema":{"@context":"https:\/\/schema.org","@graph":[{"@type":"WebPage","@id":"https:\/\/www.paytec.eu\/prodotto\/adattatore-rs232-e-cavo-6000\/","url":"https:\/\/www.paytec.eu\/prodotto\/adattatore-rs232-e-cavo-6000\/","name":"Adaptateur RS232 LTB2 et c\u00e2ble de rechange pour connexion au PC","isPartOf":{"@id":"https:\/\/www.paytec.eu\/#website"},"datePublished":"2022-01-03T14:30:08+00:00","dateModified":"2024-01-10T11:15:20+00:00","description":"Adaptateur RS232 LTB2 et c\u00e2ble 6000 pour permettre la configuration des syst\u00e8mes de paiement Paytec via PC - Achetez-le maintenant sur paytec.eu","breadcrumb":{"@id":"https:\/\/www.paytec.eu\/prodotto\/adattatore-rs232-e-cavo-6000\/#breadcrumb"},"inLanguage":"fr-FR","potentialAction":[{"@type":"ReadAction","target":["https:\/\/www.paytec.eu\/prodotto\/adattatore-rs232-e-cavo-6000\/"]}]},{"@type":"BreadcrumbList","@id":"https:\/\/www.paytec.eu\/prodotto\/adattatore-rs232-e-cavo-6000\/#breadcrumb","itemListElement":[{"@type":"ListItem","position":1,"name":"Home","item":"https:\/\/www.paytec.eu\/fr\/"},{"@type":"ListItem","position":2,"name":"Boutique","item":"https:\/\/www.paytec.eu\/shop\/"},{"@type":"ListItem","position":3,"name":"Accessoires et Pi\u00e8ces de rechange","item":"https:\/\/www.paytec.eu\/fr\/categoria-prodotto\/accessoires-et-pieces-de-rechange\/"},{"@type":"ListItem","position":4,"name":"Adaptateur RS232 LTB2 + c\u00e2ble 6000"}]},{"@type":"WebSite","@id":"https:\/\/www.paytec.eu\/#website","url":"https:\/\/www.paytec.eu\/","name":"Paytec","description":"Smart Payments for Vending","potentialAction":[{"@type":"SearchAction","target":{"@type":"EntryPoint","urlTemplate":"https:\/\/www.paytec.eu\/?s={search_term_string}"},"query-input":"required name=search_term_string"}],"inLanguage":"fr-FR"}]}},"_links":{"self":[{"href":"https:\/\/www.paytec.eu\/fr\/wp-json\/wp\/v2\/product\/6608","targetHints":{"allow":["GET"]}}],"collection":[{"href":"https:\/\/www.paytec.eu\/fr\/wp-json\/wp\/v2\/product"}],"about":[{"href":"https:\/\/www.paytec.eu\/fr\/wp-json\/wp\/v2\/types\/product"}],"wp:featuredmedia":[{"embeddable":true,"href":"https:\/\/www.paytec.eu\/fr\/wp-json\/wp\/v2\/media\/13582"}],"wp:attachment":[{"href":"https:\/\/www.paytec.eu\/fr\/wp-json\/wp\/v2\/media?parent=6608"}],"wp:term":[{"taxonomy":"product_cat","embeddable":true,"href":"https:\/\/www.paytec.eu\/fr\/wp-json\/wp\/v2\/product_cat?post=6608"},{"taxonomy":"product_tag","embeddable":true,"href":"https:\/\/www.paytec.eu\/fr\/wp-json\/wp\/v2\/product_tag?post=6608"}],"curies":[{"name":"wp","href":"https:\/\/api.w.org\/{rel}","templated":true}]}}