{"id":6612,"date":"2021-12-31T16:40:37","date_gmt":"2022-01-03T14:32:20","guid":{"rendered":"https:\/\/www.paytec.eu\/prodotto\/oscar-cpu\/"},"modified":"2023-10-23T15:54:25","modified_gmt":"2023-10-23T15:54:25","slug":"oscar-cpu","status":"publish","type":"product","link":"https:\/\/www.paytec.eu\/fr\/prodotto\/oscar-cpu\/","title":{"rendered":"OSCAR CPU"},"content":{"rendered":"","protected":false},"excerpt":{"rendered":"<p>Oscar CPU incl. c\u00e2blage d&rsquo;alimentation <\/p>\n","protected":false},"featured_media":6013,"template":"","meta":[],"product_cat":[123],"product_tag":[],"class_list":["post-6612","product","type-product","status-publish","has-post-thumbnail","hentry","product_cat-occasions"],"acf":[],"yoast_head":"<!-- This site is optimized with the Yoast SEO plugin v21.1 - https:\/\/yoast.com\/wordpress\/plugins\/seo\/ -->\n<title>OSCAR CPU - Paytec<\/title>\n<meta name=\"description\" content=\"Le processeur Oscar de Paytec est un processeur puissant qui offre des performances et une fiabilit\u00e9 exceptionnelles pour r\u00e9pondre \u00e0 vos besoins informatiques.\" \/>\n<meta name=\"robots\" content=\"index, follow, max-snippet:-1, max-image-preview:large, max-video-preview:-1\" \/>\n<link rel=\"canonical\" href=\"https:\/\/www.paytec.eu\/fr\/prodotto\/oscar-cpu\/\" \/>\n<meta property=\"og:locale\" content=\"fr_FR\" \/>\n<meta property=\"og:type\" content=\"article\" \/>\n<meta property=\"og:title\" content=\"OSCAR CPU - Paytec\" \/>\n<meta property=\"og:description\" content=\"Le processeur Oscar de Paytec est un processeur puissant qui offre des performances et une fiabilit\u00e9 exceptionnelles pour r\u00e9pondre \u00e0 vos besoins informatiques.\" \/>\n<meta property=\"og:url\" content=\"https:\/\/www.paytec.eu\/fr\/prodotto\/oscar-cpu\/\" \/>\n<meta property=\"og:site_name\" content=\"Paytec\" \/>\n<meta property=\"article:modified_time\" content=\"2023-10-23T15:54:25+00:00\" \/>\n<meta property=\"og:image\" content=\"https:\/\/www.paytec.eu\/wp-content\/uploads\/2021\/12\/oscar-cpu.jpg\" \/>\n\t<meta property=\"og:image:width\" content=\"744\" \/>\n\t<meta property=\"og:image:height\" content=\"800\" \/>\n\t<meta property=\"og:image:type\" content=\"image\/jpeg\" \/>\n<meta name=\"twitter:card\" content=\"summary_large_image\" \/>\n<script type=\"application\/ld+json\" class=\"yoast-schema-graph\">{\"@context\":\"https:\/\/schema.org\",\"@graph\":[{\"@type\":\"WebPage\",\"@id\":\"https:\/\/www.paytec.eu\/fr\/prodotto\/oscar-cpu\/\",\"url\":\"https:\/\/www.paytec.eu\/fr\/prodotto\/oscar-cpu\/\",\"name\":\"OSCAR CPU - Paytec\",\"isPartOf\":{\"@id\":\"https:\/\/www.paytec.eu\/#website\"},\"datePublished\":\"2022-01-03T14:32:20+00:00\",\"dateModified\":\"2023-10-23T15:54:25+00:00\",\"description\":\"Le processeur Oscar de Paytec est un processeur puissant qui offre des performances et une fiabilit\u00e9 exceptionnelles pour r\u00e9pondre \u00e0 vos besoins informatiques.\",\"breadcrumb\":{\"@id\":\"https:\/\/www.paytec.eu\/fr\/prodotto\/oscar-cpu\/#breadcrumb\"},\"inLanguage\":\"fr-FR\",\"potentialAction\":[{\"@type\":\"ReadAction\",\"target\":[\"https:\/\/www.paytec.eu\/fr\/prodotto\/oscar-cpu\/\"]}]},{\"@type\":\"BreadcrumbList\",\"@id\":\"https:\/\/www.paytec.eu\/fr\/prodotto\/oscar-cpu\/#breadcrumb\",\"itemListElement\":[{\"@type\":\"ListItem\",\"position\":1,\"name\":\"Home\",\"item\":\"https:\/\/www.paytec.eu\/fr\/\"},{\"@type\":\"ListItem\",\"position\":2,\"name\":\"Boutique\",\"item\":\"https:\/\/www.paytec.eu\/shop\/\"},{\"@type\":\"ListItem\",\"position\":3,\"name\":\"Occasions\",\"item\":\"https:\/\/www.paytec.eu\/fr\/categoria-prodotto\/occasions\/\"},{\"@type\":\"ListItem\",\"position\":4,\"name\":\"OSCAR CPU\"}]},{\"@type\":\"WebSite\",\"@id\":\"https:\/\/www.paytec.eu\/#website\",\"url\":\"https:\/\/www.paytec.eu\/\",\"name\":\"Paytec\",\"description\":\"Smart Payments for Vending\",\"potentialAction\":[{\"@type\":\"SearchAction\",\"target\":{\"@type\":\"EntryPoint\",\"urlTemplate\":\"https:\/\/www.paytec.eu\/?s={search_term_string}\"},\"query-input\":\"required name=search_term_string\"}],\"inLanguage\":\"fr-FR\"}]}<\/script>\n<!-- \/ Yoast SEO plugin. -->","yoast_head_json":{"title":"OSCAR CPU - Paytec","description":"Le processeur Oscar de Paytec est un processeur puissant qui offre des performances et une fiabilit\u00e9 exceptionnelles pour r\u00e9pondre \u00e0 vos besoins informatiques.","robots":{"index":"index","follow":"follow","max-snippet":"max-snippet:-1","max-image-preview":"max-image-preview:large","max-video-preview":"max-video-preview:-1"},"canonical":"https:\/\/www.paytec.eu\/fr\/prodotto\/oscar-cpu\/","og_locale":"fr_FR","og_type":"article","og_title":"OSCAR CPU - Paytec","og_description":"Le processeur Oscar de Paytec est un processeur puissant qui offre des performances et une fiabilit\u00e9 exceptionnelles pour r\u00e9pondre \u00e0 vos besoins informatiques.","og_url":"https:\/\/www.paytec.eu\/fr\/prodotto\/oscar-cpu\/","og_site_name":"Paytec","article_modified_time":"2023-10-23T15:54:25+00:00","og_image":[{"width":744,"height":800,"url":"https:\/\/www.paytec.eu\/wp-content\/uploads\/2021\/12\/oscar-cpu.jpg","type":"image\/jpeg"}],"twitter_card":"summary_large_image","schema":{"@context":"https:\/\/schema.org","@graph":[{"@type":"WebPage","@id":"https:\/\/www.paytec.eu\/fr\/prodotto\/oscar-cpu\/","url":"https:\/\/www.paytec.eu\/fr\/prodotto\/oscar-cpu\/","name":"OSCAR CPU - Paytec","isPartOf":{"@id":"https:\/\/www.paytec.eu\/#website"},"datePublished":"2022-01-03T14:32:20+00:00","dateModified":"2023-10-23T15:54:25+00:00","description":"Le processeur Oscar de Paytec est un processeur puissant qui offre des performances et une fiabilit\u00e9 exceptionnelles pour r\u00e9pondre \u00e0 vos besoins informatiques.","breadcrumb":{"@id":"https:\/\/www.paytec.eu\/fr\/prodotto\/oscar-cpu\/#breadcrumb"},"inLanguage":"fr-FR","potentialAction":[{"@type":"ReadAction","target":["https:\/\/www.paytec.eu\/fr\/prodotto\/oscar-cpu\/"]}]},{"@type":"BreadcrumbList","@id":"https:\/\/www.paytec.eu\/fr\/prodotto\/oscar-cpu\/#breadcrumb","itemListElement":[{"@type":"ListItem","position":1,"name":"Home","item":"https:\/\/www.paytec.eu\/fr\/"},{"@type":"ListItem","position":2,"name":"Boutique","item":"https:\/\/www.paytec.eu\/shop\/"},{"@type":"ListItem","position":3,"name":"Occasions","item":"https:\/\/www.paytec.eu\/fr\/categoria-prodotto\/occasions\/"},{"@type":"ListItem","position":4,"name":"OSCAR CPU"}]},{"@type":"WebSite","@id":"https:\/\/www.paytec.eu\/#website","url":"https:\/\/www.paytec.eu\/","name":"Paytec","description":"Smart Payments for Vending","potentialAction":[{"@type":"SearchAction","target":{"@type":"EntryPoint","urlTemplate":"https:\/\/www.paytec.eu\/?s={search_term_string}"},"query-input":"required name=search_term_string"}],"inLanguage":"fr-FR"}]}},"_links":{"self":[{"href":"https:\/\/www.paytec.eu\/fr\/wp-json\/wp\/v2\/product\/6612","targetHints":{"allow":["GET"]}}],"collection":[{"href":"https:\/\/www.paytec.eu\/fr\/wp-json\/wp\/v2\/product"}],"about":[{"href":"https:\/\/www.paytec.eu\/fr\/wp-json\/wp\/v2\/types\/product"}],"wp:featuredmedia":[{"embeddable":true,"href":"https:\/\/www.paytec.eu\/fr\/wp-json\/wp\/v2\/media\/6013"}],"wp:attachment":[{"href":"https:\/\/www.paytec.eu\/fr\/wp-json\/wp\/v2\/media?parent=6612"}],"wp:term":[{"taxonomy":"product_cat","embeddable":true,"href":"https:\/\/www.paytec.eu\/fr\/wp-json\/wp\/v2\/product_cat?post=6612"},{"taxonomy":"product_tag","embeddable":true,"href":"https:\/\/www.paytec.eu\/fr\/wp-json\/wp\/v2\/product_tag?post=6612"}],"curies":[{"name":"wp","href":"https:\/\/api.w.org\/{rel}","templated":true}]}}