{"id":6615,"date":"2021-12-23T16:09:02","date_gmt":"2022-01-03T14:44:06","guid":{"rendered":"https:\/\/www.paytec.eu\/prodotto\/four-premium-mifare\/"},"modified":"2025-05-05T14:07:35","modified_gmt":"2025-05-05T14:07:35","slug":"maitre-avec-monnayeur-mdb","status":"publish","type":"product","link":"https:\/\/www.paytec.eu\/fr\/prodotto\/maitre-avec-monnayeur-mdb\/","title":{"rendered":"FOUR PREMIUM MIFARE"},"content":{"rendered":"<p>Le syst\u00e8me ma\u00eetre avec monnayeur MDB FOUR PREMIUM simplifie le travail du gestionnaire par une approche efficace et polyvalente.<\/p>\n<p><strong>Le syst\u00e8me est contr\u00f4l\u00e9 et g\u00e9r\u00e9 par l\u2019unit\u00e9 Caiman <\/strong>qui, en plus de g\u00e9rer directement la partie cashless \u00e0 travers le lecteur Caiman, contr\u00f4le \u00e9galement le monnayeur FOUR-MDB-only. De cette mani\u00e8re, <strong>les donn\u00e9es d\u2019audit et de configuration sont stock\u00e9es et disponibles dans le Caiman et non pas dans le monnayeur<\/strong>.<\/p>\n<p>L&rsquo;unit\u00e9 Caiman peut \u00e9galement contr\u00f4ler d&rsquo;autres p\u00e9riph\u00e9riques MDB (ex : lecteur de billets, lecteur de carte bancaire ou application de paiement) pour obtenir un syst\u00e8me de paiement encore plus complet. Caiman permet de lire\/\u00e9crire les cl\u00e9s Paytec Mifare\u00ae en toute s\u00e9curit\u00e9 et rapidement.<\/p>\n<p>Le syst\u00e8me ma\u00eetre avec monnayeur MDB FOUR PREMIUM est une solution extr\u00eamement simple, fiable et surtout pratique pour la gestion des pi\u00e8ces.<\/p>\n","protected":false},"excerpt":{"rendered":"<p>Le syst\u00e8me Paytec FOUR Premium est la solution int\u00e9gr\u00e9e \u00e0 faible co\u00fbt qui permet en m\u00eame temps \u00e0 l&rsquo;op\u00e9rateur de s&rsquo;adapter progressivement aux demandes du march\u00e9 de mani\u00e8re toujours efficace.<\/p>\n","protected":false},"featured_media":14611,"template":"","meta":[],"product_cat":[128],"product_tag":[],"class_list":["post-6615","product","type-product","status-publish","has-post-thumbnail","hentry","protocollo-exe-fr","protocollo-mdb-fr","tipologia-lecteur-cle-fr","tipologia-master-fr","tipologia-monnayeur-fr","pagamento-chiave-fr","pagamento-moneta-fr","product_cat-cash-fr"],"acf":[],"yoast_head":"<!-- This site is optimized with the Yoast SEO plugin v21.1 - https:\/\/yoast.com\/wordpress\/plugins\/seo\/ -->\n<title>Ma\u00eetre avec monnayeur MDB FOUR PREMIUM Mifare - Paytec<\/title>\n<meta name=\"description\" content=\"Le syst\u00e8me ma\u00eetre avec monnayeur MDB FOUR PREMIUM Mifare offre toutes les fonctions cash et cashless et permet la lecture\/\u00e9criture rapide des cl\u00e9s Mifare\u00ae\" \/>\n<meta name=\"robots\" content=\"index, follow, max-snippet:-1, max-image-preview:large, max-video-preview:-1\" \/>\n<link rel=\"canonical\" href=\"https:\/\/www.paytec.eu\/fr\/prodotto\/maitre-avec-monnayeur-mdb\/\" \/>\n<meta property=\"og:locale\" content=\"fr_FR\" \/>\n<meta property=\"og:type\" content=\"article\" \/>\n<meta property=\"og:title\" content=\"Ma\u00eetre avec monnayeur MDB FOUR PREMIUM Mifare - Paytec\" \/>\n<meta property=\"og:description\" content=\"Le syst\u00e8me ma\u00eetre avec monnayeur MDB FOUR PREMIUM Mifare offre toutes les fonctions cash et cashless et permet la lecture\/\u00e9criture rapide des cl\u00e9s Mifare\u00ae\" \/>\n<meta property=\"og:url\" content=\"https:\/\/www.paytec.eu\/fr\/prodotto\/maitre-avec-monnayeur-mdb\/\" \/>\n<meta property=\"og:site_name\" content=\"Paytec\" \/>\n<meta property=\"article:modified_time\" content=\"2025-05-05T14:07:35+00:00\" \/>\n<meta property=\"og:image\" content=\"https:\/\/www.paytec.eu\/wp-content\/uploads\/2021\/12\/Four-Premium-Mifare2.jpg\" \/>\n\t<meta property=\"og:image:width\" content=\"580\" \/>\n\t<meta property=\"og:image:height\" content=\"580\" \/>\n\t<meta property=\"og:image:type\" content=\"image\/jpeg\" \/>\n<meta name=\"twitter:card\" content=\"summary_large_image\" \/>\n<meta name=\"twitter:label1\" content=\"Dur\u00e9e de lecture estim\u00e9e\" \/>\n\t<meta name=\"twitter:data1\" content=\"1 minute\" \/>\n<script type=\"application\/ld+json\" class=\"yoast-schema-graph\">{\"@context\":\"https:\/\/schema.org\",\"@graph\":[{\"@type\":\"WebPage\",\"@id\":\"https:\/\/www.paytec.eu\/fr\/prodotto\/maitre-avec-monnayeur-mdb\/\",\"url\":\"https:\/\/www.paytec.eu\/fr\/prodotto\/maitre-avec-monnayeur-mdb\/\",\"name\":\"Ma\u00eetre avec monnayeur MDB FOUR PREMIUM Mifare - Paytec\",\"isPartOf\":{\"@id\":\"https:\/\/www.paytec.eu\/#website\"},\"datePublished\":\"2022-01-03T14:44:06+00:00\",\"dateModified\":\"2025-05-05T14:07:35+00:00\",\"description\":\"Le syst\u00e8me ma\u00eetre avec monnayeur MDB FOUR PREMIUM Mifare offre toutes les fonctions cash et cashless et permet la lecture\/\u00e9criture rapide des cl\u00e9s Mifare\u00ae\",\"breadcrumb\":{\"@id\":\"https:\/\/www.paytec.eu\/fr\/prodotto\/maitre-avec-monnayeur-mdb\/#breadcrumb\"},\"inLanguage\":\"fr-FR\",\"potentialAction\":[{\"@type\":\"ReadAction\",\"target\":[\"https:\/\/www.paytec.eu\/fr\/prodotto\/maitre-avec-monnayeur-mdb\/\"]}]},{\"@type\":\"BreadcrumbList\",\"@id\":\"https:\/\/www.paytec.eu\/fr\/prodotto\/maitre-avec-monnayeur-mdb\/#breadcrumb\",\"itemListElement\":[{\"@type\":\"ListItem\",\"position\":1,\"name\":\"Home\",\"item\":\"https:\/\/www.paytec.eu\/fr\/\"},{\"@type\":\"ListItem\",\"position\":2,\"name\":\"Boutique\",\"item\":\"https:\/\/www.paytec.eu\/shop\/\"},{\"@type\":\"ListItem\",\"position\":3,\"name\":\"Cash\",\"item\":\"https:\/\/www.paytec.eu\/categoria-prodotto\/cash\/\"},{\"@type\":\"ListItem\",\"position\":4,\"name\":\"FOUR PREMIUM MIFARE\"}]},{\"@type\":\"WebSite\",\"@id\":\"https:\/\/www.paytec.eu\/#website\",\"url\":\"https:\/\/www.paytec.eu\/\",\"name\":\"Paytec\",\"description\":\"Smart Payments for Vending\",\"potentialAction\":[{\"@type\":\"SearchAction\",\"target\":{\"@type\":\"EntryPoint\",\"urlTemplate\":\"https:\/\/www.paytec.eu\/?s={search_term_string}\"},\"query-input\":\"required name=search_term_string\"}],\"inLanguage\":\"fr-FR\"}]}<\/script>\n<!-- \/ Yoast SEO plugin. -->","yoast_head_json":{"title":"Ma\u00eetre avec monnayeur MDB FOUR PREMIUM Mifare - Paytec","description":"Le syst\u00e8me ma\u00eetre avec monnayeur MDB FOUR PREMIUM Mifare offre toutes les fonctions cash et cashless et permet la lecture\/\u00e9criture rapide des cl\u00e9s Mifare\u00ae","robots":{"index":"index","follow":"follow","max-snippet":"max-snippet:-1","max-image-preview":"max-image-preview:large","max-video-preview":"max-video-preview:-1"},"canonical":"https:\/\/www.paytec.eu\/fr\/prodotto\/maitre-avec-monnayeur-mdb\/","og_locale":"fr_FR","og_type":"article","og_title":"Ma\u00eetre avec monnayeur MDB FOUR PREMIUM Mifare - Paytec","og_description":"Le syst\u00e8me ma\u00eetre avec monnayeur MDB FOUR PREMIUM Mifare offre toutes les fonctions cash et cashless et permet la lecture\/\u00e9criture rapide des cl\u00e9s Mifare\u00ae","og_url":"https:\/\/www.paytec.eu\/fr\/prodotto\/maitre-avec-monnayeur-mdb\/","og_site_name":"Paytec","article_modified_time":"2025-05-05T14:07:35+00:00","og_image":[{"width":580,"height":580,"url":"https:\/\/www.paytec.eu\/wp-content\/uploads\/2021\/12\/Four-Premium-Mifare2.jpg","type":"image\/jpeg"}],"twitter_card":"summary_large_image","twitter_misc":{"Dur\u00e9e de lecture estim\u00e9e":"1 minute"},"schema":{"@context":"https:\/\/schema.org","@graph":[{"@type":"WebPage","@id":"https:\/\/www.paytec.eu\/fr\/prodotto\/maitre-avec-monnayeur-mdb\/","url":"https:\/\/www.paytec.eu\/fr\/prodotto\/maitre-avec-monnayeur-mdb\/","name":"Ma\u00eetre avec monnayeur MDB FOUR PREMIUM Mifare - Paytec","isPartOf":{"@id":"https:\/\/www.paytec.eu\/#website"},"datePublished":"2022-01-03T14:44:06+00:00","dateModified":"2025-05-05T14:07:35+00:00","description":"Le syst\u00e8me ma\u00eetre avec monnayeur MDB FOUR PREMIUM Mifare offre toutes les fonctions cash et cashless et permet la lecture\/\u00e9criture rapide des cl\u00e9s Mifare\u00ae","breadcrumb":{"@id":"https:\/\/www.paytec.eu\/fr\/prodotto\/maitre-avec-monnayeur-mdb\/#breadcrumb"},"inLanguage":"fr-FR","potentialAction":[{"@type":"ReadAction","target":["https:\/\/www.paytec.eu\/fr\/prodotto\/maitre-avec-monnayeur-mdb\/"]}]},{"@type":"BreadcrumbList","@id":"https:\/\/www.paytec.eu\/fr\/prodotto\/maitre-avec-monnayeur-mdb\/#breadcrumb","itemListElement":[{"@type":"ListItem","position":1,"name":"Home","item":"https:\/\/www.paytec.eu\/fr\/"},{"@type":"ListItem","position":2,"name":"Boutique","item":"https:\/\/www.paytec.eu\/shop\/"},{"@type":"ListItem","position":3,"name":"Cash","item":"https:\/\/www.paytec.eu\/categoria-prodotto\/cash\/"},{"@type":"ListItem","position":4,"name":"FOUR PREMIUM MIFARE"}]},{"@type":"WebSite","@id":"https:\/\/www.paytec.eu\/#website","url":"https:\/\/www.paytec.eu\/","name":"Paytec","description":"Smart Payments for Vending","potentialAction":[{"@type":"SearchAction","target":{"@type":"EntryPoint","urlTemplate":"https:\/\/www.paytec.eu\/?s={search_term_string}"},"query-input":"required name=search_term_string"}],"inLanguage":"fr-FR"}]}},"_links":{"self":[{"href":"https:\/\/www.paytec.eu\/fr\/wp-json\/wp\/v2\/product\/6615","targetHints":{"allow":["GET"]}}],"collection":[{"href":"https:\/\/www.paytec.eu\/fr\/wp-json\/wp\/v2\/product"}],"about":[{"href":"https:\/\/www.paytec.eu\/fr\/wp-json\/wp\/v2\/types\/product"}],"wp:featuredmedia":[{"embeddable":true,"href":"https:\/\/www.paytec.eu\/fr\/wp-json\/wp\/v2\/media\/14611"}],"wp:attachment":[{"href":"https:\/\/www.paytec.eu\/fr\/wp-json\/wp\/v2\/media?parent=6615"}],"wp:term":[{"taxonomy":"product_cat","embeddable":true,"href":"https:\/\/www.paytec.eu\/fr\/wp-json\/wp\/v2\/product_cat?post=6615"},{"taxonomy":"product_tag","embeddable":true,"href":"https:\/\/www.paytec.eu\/fr\/wp-json\/wp\/v2\/product_tag?post=6615"}],"curies":[{"name":"wp","href":"https:\/\/api.w.org\/{rel}","templated":true}]}}